{"id":41065,"date":"2026-02-19T18:32:42","date_gmt":"2026-02-19T23:32:42","guid":{"rendered":"https:\/\/carolinesavoiejoaillerie.com\/?post_type=product&#038;p=41065"},"modified":"2026-02-19T18:46:39","modified_gmt":"2026-02-19T23:46:39","slug":"tahitian-pearl-bracelet","status":"publish","type":"product","link":"https:\/\/carolinesavoiejoaillerie.com\/en\/produit\/tahitian-pearl-bracelet\/","title":{"rendered":"Tahitian Pearl Bracelet"},"content":{"rendered":"<p>The majestic Tahitian Pearl Bracelet will gracefully harmonize with all your evening outfits. Paired with earrings, rings or simply its own on the wrist, this luxurious bracelet is synonymous with elegance and gleesome. This exceptional jewel will captivate on all occasions. Succumb to its charm !<\/p>\n<p>Entirely hand sculpted and handmade by a passionate Montreal based jeweller.<\/p>\n<p>Dimensions<\/p>\n<ul>\n<li>The necklace is 6 1\/2 inches long<\/li>\n<li>The width of the clasp is 22 mm<\/li>\n<li>It weighs about 40 grams ( including the pearls and the clasp )<\/li>\n<li>Price on request<\/li>\n<\/ul>\n","protected":false},"excerpt":{"rendered":"<p>The <em>Tahitian Pearl Bracelet<\/em>\u00a0is inspired by the roundness and the spectacular color of its irresistible pearls that remind you of the feathers of the flamboyant peacock. This delicious, sensual and sophisticated blue-purple green combines lovingly with the richness of the 18k yellow gold, you will certainly be seduced. Its shimmering clasp with colored pav\u00e9 offers a dazzling combination of the most refined to this exquisite unique and timeless piece of jewelry.<\/p>\n<p>The bracelet is adorned with 12 sublime AAA round Tahitian pearls slightly degraded from 13 mm to 120mm. The bracelet has a toggle-style clasp entirely handmade in 18k yellow gold. The clasp is embellished with magnificent colored pav\u00e9s composed of 68 diamonds totaling 1.03 carat, 53 green diamonds totaling 0.87 carat and 42 purple sapphires totaling 1.54 carat. A sumptuous custom made clasp totaling 163 sparkling stones !<\/p>\n<p>Diamond quality : VS1 &#8211; VS2 Color EF Cut Excellent. Green Diamonds : Quality SI Cut Excellent. Purple Sapphires : Quality Excellent Color-tone Medium.<\/p>\n<p>Do not hesitate to contact me for your dream jewel !<\/p>\n","protected":false},"featured_media":41066,"template":"","meta":[],"product_brand":[],"product_cat":[367,369],"product_tag":[],"class_list":{"0":"post-41065","1":"product","2":"type-product","3":"status-publish","4":"has-post-thumbnail","6":"product_cat-bracelets-en","7":"product_cat-private-collection","9":"first","10":"instock","11":"taxable","12":"shipping-taxable","13":"product-type-simple"},"yoast_head":"<!-- This site is optimized with the Yoast SEO plugin v27.3 - https:\/\/yoast.com\/product\/yoast-seo-wordpress\/ -->\n<title>Tahitian Pearl Bracelet &#8211; Caroline Savoie Joaillerie<\/title>\n<meta name=\"description\" content=\"The Tahitian Pearl Bracelet, a majestic, sophisticated and refined jewel. An exclusive and timeless piece of jewelry, an unique and colorful piece of art.\" \/>\n<meta name=\"robots\" content=\"index, follow, max-snippet:-1, max-image-preview:large, max-video-preview:-1\" \/>\n<link rel=\"canonical\" href=\"https:\/\/carolinesavoiejoaillerie.com\/en\/produit\/tahitian-pearl-bracelet\/\" \/>\n<meta property=\"og:locale\" content=\"en_US\" \/>\n<meta property=\"og:type\" content=\"article\" \/>\n<meta property=\"og:title\" content=\"Tahitian Pearl Bracelet &#8211; Caroline Savoie Joaillerie\" \/>\n<meta property=\"og:description\" content=\"The Tahitian Pearl Bracelet, a majestic, sophisticated and refined jewel. An exclusive and timeless piece of jewelry, an unique and colorful piece of art.\" \/>\n<meta property=\"og:url\" content=\"https:\/\/carolinesavoiejoaillerie.com\/en\/produit\/tahitian-pearl-bracelet\/\" \/>\n<meta property=\"og:site_name\" content=\"Caroline Savoie Joaillerie\" \/>\n<meta property=\"article:publisher\" content=\"https:\/\/www.facebook.com\/carolinesavoiejoaillerie\/\" \/>\n<meta property=\"article:modified_time\" content=\"2026-02-19T23:46:39+00:00\" \/>\n<meta property=\"og:image\" content=\"https:\/\/carolinesavoiejoaillerie.com\/wp-content\/uploads\/2026\/02\/Caroline-Savoie-Joaillerie-Bracelet-Perle-De-Tahiti-Diamant-18k-Yellow-Gold-Purple-Sapphire-Peacock-Montreal-Quebec-1.jpg\" \/>\n\t<meta property=\"og:image:width\" content=\"1961\" \/>\n\t<meta property=\"og:image:height\" content=\"1959\" \/>\n\t<meta property=\"og:image:type\" content=\"image\/jpeg\" \/>\n<meta name=\"twitter:card\" content=\"summary_large_image\" \/>\n<meta name=\"twitter:label1\" content=\"Est. reading time\" \/>\n\t<meta name=\"twitter:data1\" content=\"1 minute\" \/>\n<script type=\"application\/ld+json\" class=\"yoast-schema-graph\">{\"@context\":\"https:\\\/\\\/schema.org\",\"@graph\":[{\"@type\":\"WebPage\",\"@id\":\"https:\\\/\\\/carolinesavoiejoaillerie.com\\\/en\\\/produit\\\/tahitian-pearl-bracelet\\\/\",\"url\":\"https:\\\/\\\/carolinesavoiejoaillerie.com\\\/en\\\/produit\\\/tahitian-pearl-bracelet\\\/\",\"name\":\"Tahitian Pearl Bracelet &#8211; Caroline Savoie Joaillerie\",\"isPartOf\":{\"@id\":\"https:\\\/\\\/carolinesavoiejoaillerie.com\\\/en\\\/#website\"},\"primaryImageOfPage\":{\"@id\":\"https:\\\/\\\/carolinesavoiejoaillerie.com\\\/en\\\/produit\\\/tahitian-pearl-bracelet\\\/#primaryimage\"},\"image\":{\"@id\":\"https:\\\/\\\/carolinesavoiejoaillerie.com\\\/en\\\/produit\\\/tahitian-pearl-bracelet\\\/#primaryimage\"},\"thumbnailUrl\":\"https:\\\/\\\/carolinesavoiejoaillerie.com\\\/wp-content\\\/uploads\\\/2026\\\/02\\\/Caroline-Savoie-Joaillerie-Bracelet-Perle-De-Tahiti-Diamant-18k-Yellow-Gold-Purple-Sapphire-Peacock-Montreal-Quebec-1.jpg\",\"datePublished\":\"2026-02-19T23:32:42+00:00\",\"dateModified\":\"2026-02-19T23:46:39+00:00\",\"description\":\"The Tahitian Pearl Bracelet, a majestic, sophisticated and refined jewel. An exclusive and timeless piece of jewelry, an unique and colorful piece of art.\",\"breadcrumb\":{\"@id\":\"https:\\\/\\\/carolinesavoiejoaillerie.com\\\/en\\\/produit\\\/tahitian-pearl-bracelet\\\/#breadcrumb\"},\"inLanguage\":\"en-CA\",\"potentialAction\":[{\"@type\":\"ReadAction\",\"target\":[\"https:\\\/\\\/carolinesavoiejoaillerie.com\\\/en\\\/produit\\\/tahitian-pearl-bracelet\\\/\"]}]},{\"@type\":\"ImageObject\",\"inLanguage\":\"en-CA\",\"@id\":\"https:\\\/\\\/carolinesavoiejoaillerie.com\\\/en\\\/produit\\\/tahitian-pearl-bracelet\\\/#primaryimage\",\"url\":\"https:\\\/\\\/carolinesavoiejoaillerie.com\\\/wp-content\\\/uploads\\\/2026\\\/02\\\/Caroline-Savoie-Joaillerie-Bracelet-Perle-De-Tahiti-Diamant-18k-Yellow-Gold-Purple-Sapphire-Peacock-Montreal-Quebec-1.jpg\",\"contentUrl\":\"https:\\\/\\\/carolinesavoiejoaillerie.com\\\/wp-content\\\/uploads\\\/2026\\\/02\\\/Caroline-Savoie-Joaillerie-Bracelet-Perle-De-Tahiti-Diamant-18k-Yellow-Gold-Purple-Sapphire-Peacock-Montreal-Quebec-1.jpg\",\"width\":1961,\"height\":1959,\"caption\":\"Caroline Savoie Joaillerie Bracelet Perle De Tahiti Diamant 18k Yellow Gold Purple Sapphire Peacock Montreal Quebec (1)\"},{\"@type\":\"BreadcrumbList\",\"@id\":\"https:\\\/\\\/carolinesavoiejoaillerie.com\\\/en\\\/produit\\\/tahitian-pearl-bracelet\\\/#breadcrumb\",\"itemListElement\":[{\"@type\":\"ListItem\",\"position\":1,\"name\":\"Accueil\",\"item\":\"https:\\\/\\\/carolinesavoiejoaillerie.com\\\/en\\\/\"},{\"@type\":\"ListItem\",\"position\":2,\"name\":\"Shop\",\"item\":\"https:\\\/\\\/carolinesavoiejoaillerie.com\\\/en\\\/shop\\\/\"},{\"@type\":\"ListItem\",\"position\":3,\"name\":\"Tahitian Pearl Bracelet\"}]},{\"@type\":\"WebSite\",\"@id\":\"https:\\\/\\\/carolinesavoiejoaillerie.com\\\/en\\\/#website\",\"url\":\"https:\\\/\\\/carolinesavoiejoaillerie.com\\\/en\\\/\",\"name\":\"Caroline Savoie Joaillerie\",\"description\":\"Bijoux fabriqu\u00e9s \u00e0 la main, au Qu\u00e9bec\",\"publisher\":{\"@id\":\"https:\\\/\\\/carolinesavoiejoaillerie.com\\\/en\\\/#organization\"},\"potentialAction\":[{\"@type\":\"SearchAction\",\"target\":{\"@type\":\"EntryPoint\",\"urlTemplate\":\"https:\\\/\\\/carolinesavoiejoaillerie.com\\\/en\\\/?s={search_term_string}\"},\"query-input\":{\"@type\":\"PropertyValueSpecification\",\"valueRequired\":true,\"valueName\":\"search_term_string\"}}],\"inLanguage\":\"en-CA\"},{\"@type\":\"Organization\",\"@id\":\"https:\\\/\\\/carolinesavoiejoaillerie.com\\\/en\\\/#organization\",\"name\":\"Caroline Savoie\",\"url\":\"https:\\\/\\\/carolinesavoiejoaillerie.com\\\/en\\\/\",\"logo\":{\"@type\":\"ImageObject\",\"inLanguage\":\"en-CA\",\"@id\":\"https:\\\/\\\/carolinesavoiejoaillerie.com\\\/en\\\/#\\\/schema\\\/logo\\\/image\\\/\",\"url\":\"https:\\\/\\\/carolinesavoiejoaillerie.com\\\/wp-content\\\/uploads\\\/2017\\\/10\\\/CarolineSavoieLogoBlancSurNoirSquare-e1508601602913.png\",\"contentUrl\":\"https:\\\/\\\/carolinesavoiejoaillerie.com\\\/wp-content\\\/uploads\\\/2017\\\/10\\\/CarolineSavoieLogoBlancSurNoirSquare-e1508601602913.png\",\"width\":600,\"height\":599,\"caption\":\"Caroline Savoie\"},\"image\":{\"@id\":\"https:\\\/\\\/carolinesavoiejoaillerie.com\\\/en\\\/#\\\/schema\\\/logo\\\/image\\\/\"},\"sameAs\":[\"https:\\\/\\\/www.facebook.com\\\/carolinesavoiejoaillerie\\\/\",\"https:\\\/\\\/www.instagram.com\\\/caroline_savoie_joaillerie\\\/\",\"https:\\\/\\\/www.pinterest.com\\\/CSjoaillerie\\\/?eq=caroline savoie&amp;amp;amp;amp;amp;amp;etslf=NaN\"]}]}<\/script>\n<!-- \/ Yoast SEO plugin. -->","yoast_head_json":{"title":"Tahitian Pearl Bracelet &#8211; Caroline Savoie Joaillerie","description":"The Tahitian Pearl Bracelet, a majestic, sophisticated and refined jewel. An exclusive and timeless piece of jewelry, an unique and colorful piece of art.","robots":{"index":"index","follow":"follow","max-snippet":"max-snippet:-1","max-image-preview":"max-image-preview:large","max-video-preview":"max-video-preview:-1"},"canonical":"https:\/\/carolinesavoiejoaillerie.com\/en\/produit\/tahitian-pearl-bracelet\/","og_locale":"en_US","og_type":"article","og_title":"Tahitian Pearl Bracelet &#8211; Caroline Savoie Joaillerie","og_description":"The Tahitian Pearl Bracelet, a majestic, sophisticated and refined jewel. An exclusive and timeless piece of jewelry, an unique and colorful piece of art.","og_url":"https:\/\/carolinesavoiejoaillerie.com\/en\/produit\/tahitian-pearl-bracelet\/","og_site_name":"Caroline Savoie Joaillerie","article_publisher":"https:\/\/www.facebook.com\/carolinesavoiejoaillerie\/","article_modified_time":"2026-02-19T23:46:39+00:00","og_image":[{"width":1961,"height":1959,"url":"https:\/\/carolinesavoiejoaillerie.com\/wp-content\/uploads\/2026\/02\/Caroline-Savoie-Joaillerie-Bracelet-Perle-De-Tahiti-Diamant-18k-Yellow-Gold-Purple-Sapphire-Peacock-Montreal-Quebec-1.jpg","type":"image\/jpeg"}],"twitter_card":"summary_large_image","twitter_misc":{"Est. reading time":"1 minute"},"schema":{"@context":"https:\/\/schema.org","@graph":[{"@type":"WebPage","@id":"https:\/\/carolinesavoiejoaillerie.com\/en\/produit\/tahitian-pearl-bracelet\/","url":"https:\/\/carolinesavoiejoaillerie.com\/en\/produit\/tahitian-pearl-bracelet\/","name":"Tahitian Pearl Bracelet &#8211; Caroline Savoie Joaillerie","isPartOf":{"@id":"https:\/\/carolinesavoiejoaillerie.com\/en\/#website"},"primaryImageOfPage":{"@id":"https:\/\/carolinesavoiejoaillerie.com\/en\/produit\/tahitian-pearl-bracelet\/#primaryimage"},"image":{"@id":"https:\/\/carolinesavoiejoaillerie.com\/en\/produit\/tahitian-pearl-bracelet\/#primaryimage"},"thumbnailUrl":"https:\/\/carolinesavoiejoaillerie.com\/wp-content\/uploads\/2026\/02\/Caroline-Savoie-Joaillerie-Bracelet-Perle-De-Tahiti-Diamant-18k-Yellow-Gold-Purple-Sapphire-Peacock-Montreal-Quebec-1.jpg","datePublished":"2026-02-19T23:32:42+00:00","dateModified":"2026-02-19T23:46:39+00:00","description":"The Tahitian Pearl Bracelet, a majestic, sophisticated and refined jewel. An exclusive and timeless piece of jewelry, an unique and colorful piece of art.","breadcrumb":{"@id":"https:\/\/carolinesavoiejoaillerie.com\/en\/produit\/tahitian-pearl-bracelet\/#breadcrumb"},"inLanguage":"en-CA","potentialAction":[{"@type":"ReadAction","target":["https:\/\/carolinesavoiejoaillerie.com\/en\/produit\/tahitian-pearl-bracelet\/"]}]},{"@type":"ImageObject","inLanguage":"en-CA","@id":"https:\/\/carolinesavoiejoaillerie.com\/en\/produit\/tahitian-pearl-bracelet\/#primaryimage","url":"https:\/\/carolinesavoiejoaillerie.com\/wp-content\/uploads\/2026\/02\/Caroline-Savoie-Joaillerie-Bracelet-Perle-De-Tahiti-Diamant-18k-Yellow-Gold-Purple-Sapphire-Peacock-Montreal-Quebec-1.jpg","contentUrl":"https:\/\/carolinesavoiejoaillerie.com\/wp-content\/uploads\/2026\/02\/Caroline-Savoie-Joaillerie-Bracelet-Perle-De-Tahiti-Diamant-18k-Yellow-Gold-Purple-Sapphire-Peacock-Montreal-Quebec-1.jpg","width":1961,"height":1959,"caption":"Caroline Savoie Joaillerie Bracelet Perle De Tahiti Diamant 18k Yellow Gold Purple Sapphire Peacock Montreal Quebec (1)"},{"@type":"BreadcrumbList","@id":"https:\/\/carolinesavoiejoaillerie.com\/en\/produit\/tahitian-pearl-bracelet\/#breadcrumb","itemListElement":[{"@type":"ListItem","position":1,"name":"Accueil","item":"https:\/\/carolinesavoiejoaillerie.com\/en\/"},{"@type":"ListItem","position":2,"name":"Shop","item":"https:\/\/carolinesavoiejoaillerie.com\/en\/shop\/"},{"@type":"ListItem","position":3,"name":"Tahitian Pearl Bracelet"}]},{"@type":"WebSite","@id":"https:\/\/carolinesavoiejoaillerie.com\/en\/#website","url":"https:\/\/carolinesavoiejoaillerie.com\/en\/","name":"Caroline Savoie Joaillerie","description":"Bijoux fabriqu\u00e9s \u00e0 la main, au Qu\u00e9bec","publisher":{"@id":"https:\/\/carolinesavoiejoaillerie.com\/en\/#organization"},"potentialAction":[{"@type":"SearchAction","target":{"@type":"EntryPoint","urlTemplate":"https:\/\/carolinesavoiejoaillerie.com\/en\/?s={search_term_string}"},"query-input":{"@type":"PropertyValueSpecification","valueRequired":true,"valueName":"search_term_string"}}],"inLanguage":"en-CA"},{"@type":"Organization","@id":"https:\/\/carolinesavoiejoaillerie.com\/en\/#organization","name":"Caroline Savoie","url":"https:\/\/carolinesavoiejoaillerie.com\/en\/","logo":{"@type":"ImageObject","inLanguage":"en-CA","@id":"https:\/\/carolinesavoiejoaillerie.com\/en\/#\/schema\/logo\/image\/","url":"https:\/\/carolinesavoiejoaillerie.com\/wp-content\/uploads\/2017\/10\/CarolineSavoieLogoBlancSurNoirSquare-e1508601602913.png","contentUrl":"https:\/\/carolinesavoiejoaillerie.com\/wp-content\/uploads\/2017\/10\/CarolineSavoieLogoBlancSurNoirSquare-e1508601602913.png","width":600,"height":599,"caption":"Caroline Savoie"},"image":{"@id":"https:\/\/carolinesavoiejoaillerie.com\/en\/#\/schema\/logo\/image\/"},"sameAs":["https:\/\/www.facebook.com\/carolinesavoiejoaillerie\/","https:\/\/www.instagram.com\/caroline_savoie_joaillerie\/","https:\/\/www.pinterest.com\/CSjoaillerie\/?eq=caroline savoie&amp;amp;amp;amp;amp;amp;etslf=NaN"]}]}},"_links":{"self":[{"href":"https:\/\/carolinesavoiejoaillerie.com\/en\/wp-json\/wp\/v2\/product\/41065","targetHints":{"allow":["GET"]}}],"collection":[{"href":"https:\/\/carolinesavoiejoaillerie.com\/en\/wp-json\/wp\/v2\/product"}],"about":[{"href":"https:\/\/carolinesavoiejoaillerie.com\/en\/wp-json\/wp\/v2\/types\/product"}],"wp:featuredmedia":[{"embeddable":true,"href":"https:\/\/carolinesavoiejoaillerie.com\/en\/wp-json\/wp\/v2\/media\/41066"}],"wp:attachment":[{"href":"https:\/\/carolinesavoiejoaillerie.com\/en\/wp-json\/wp\/v2\/media?parent=41065"}],"wp:term":[{"taxonomy":"product_brand","embeddable":true,"href":"https:\/\/carolinesavoiejoaillerie.com\/en\/wp-json\/wp\/v2\/product_brand?post=41065"},{"taxonomy":"product_cat","embeddable":true,"href":"https:\/\/carolinesavoiejoaillerie.com\/en\/wp-json\/wp\/v2\/product_cat?post=41065"},{"taxonomy":"product_tag","embeddable":true,"href":"https:\/\/carolinesavoiejoaillerie.com\/en\/wp-json\/wp\/v2\/product_tag?post=41065"}],"curies":[{"name":"wp","href":"https:\/\/api.w.org\/{rel}","templated":true}]}}