{"id":40999,"date":"2025-12-22T15:26:50","date_gmt":"2025-12-22T20:26:50","guid":{"rendered":"https:\/\/carolinesavoiejoaillerie.com\/?post_type=product&#038;p=40999"},"modified":"2026-03-18T13:01:02","modified_gmt":"2026-03-18T17:01:02","slug":"teal-sapphire-polkadot-earrings","status":"publish","type":"product","link":"https:\/\/carolinesavoiejoaillerie.com\/en\/produit\/teal-sapphire-polkadot-earrings\/","title":{"rendered":"Teal Sapphire Polka Dot Earrings"},"content":{"rendered":"<p>These Teal Sapphire Polka Dot earrings, with their rich and inviting shapes in sea-inspired colors, are perfect for everyday wear. Comfortable and vibrant, they&#8217;ll make you shine brightly. Let yourself be seduced by the tranquility and the serenity of the waves.<\/p>\n<p>Entirely hand sculpted and handmade by a passionate Montreal based jeweller.<\/p>\n<p>Dimensions<\/p>\n<ul>\n<li>The width of the earrings is 7 mm and their outside diameter is 17mm<\/li>\n<li>Each earrings weighs about 7 grams, for a total of 14 grams for the pair<\/li>\n<li>Price on request<\/li>\n<\/ul>\n","protected":false},"excerpt":{"rendered":"<p>The <em>Teal Sapphire Polka Dot<\/em> earrings are inspired by the magnificent splendor and sumptuous beauty of turquoise waters. These abundant oceans offer us extraordinary spectacles. Chic, refined, and unique, these earrings captivate with their luxurious elegance and inspire a desire to reconnect with Mother Nature, who provides us with comfort and tranquility. The combination of the teal turquoise of the sapphires with the richness of 18k yellow gold is simply irresistible !<\/p>\n<p>The earrings are made in 18k yellow gold and set with 14 magnificent teal-colored sapphires totaling 3.42 carats. The earring posts are made of 18k white gold.<\/p>\n","protected":false},"featured_media":41103,"template":"","meta":[],"product_brand":[],"product_cat":[361],"product_tag":[],"class_list":{"0":"post-40999","1":"product","2":"type-product","3":"status-publish","4":"has-post-thumbnail","6":"product_cat-earrings-en","8":"first","9":"instock","10":"taxable","11":"shipping-taxable","12":"product-type-simple"},"yoast_head":"<!-- This site is optimized with the Yoast SEO plugin v27.3 - https:\/\/yoast.com\/product\/yoast-seo-wordpress\/ -->\n<title>Teal Sapphire Polka Dot Earrings &#8211; Caroline Savoie Joaillerie<\/title>\n<meta name=\"description\" content=\"The Teal Sapphire Polka Dot Earrings are luxurious, stylishness, and unique ! A teal jewel reminiscent of turquoise waters. A touch of understated elegance\" \/>\n<meta name=\"robots\" content=\"index, follow, max-snippet:-1, max-image-preview:large, max-video-preview:-1\" \/>\n<link rel=\"canonical\" href=\"https:\/\/carolinesavoiejoaillerie.com\/en\/produit\/teal-sapphire-polkadot-earrings\/\" \/>\n<meta property=\"og:locale\" content=\"en_US\" \/>\n<meta property=\"og:type\" content=\"article\" \/>\n<meta property=\"og:title\" content=\"Teal Sapphire Polka Dot Earrings &#8211; Caroline Savoie Joaillerie\" \/>\n<meta property=\"og:description\" content=\"The Teal Sapphire Polka Dot Earrings are luxurious, stylishness, and unique ! A teal jewel reminiscent of turquoise waters. A touch of understated elegance\" \/>\n<meta property=\"og:url\" content=\"https:\/\/carolinesavoiejoaillerie.com\/en\/produit\/teal-sapphire-polkadot-earrings\/\" \/>\n<meta property=\"og:site_name\" content=\"Caroline Savoie Joaillerie\" \/>\n<meta property=\"article:publisher\" content=\"https:\/\/www.facebook.com\/carolinesavoiejoaillerie\/\" \/>\n<meta property=\"article:modified_time\" content=\"2026-03-18T17:01:02+00:00\" \/>\n<meta property=\"og:image\" content=\"https:\/\/carolinesavoiejoaillerie.com\/wp-content\/uploads\/2026\/03\/Caroline-Savoie-Joaillerie-Teal-Sapphire-Earrings-Bijoux-Sur-Mesure-Montreal-Quebec-Or-Jaune-18k-Hoops-4.jpg\" \/>\n\t<meta property=\"og:image:width\" content=\"1122\" \/>\n\t<meta property=\"og:image:height\" content=\"1122\" \/>\n\t<meta property=\"og:image:type\" content=\"image\/jpeg\" \/>\n<meta name=\"twitter:card\" content=\"summary_large_image\" \/>\n<meta name=\"twitter:label1\" content=\"Est. reading time\" \/>\n\t<meta name=\"twitter:data1\" content=\"1 minute\" \/>\n<script type=\"application\/ld+json\" class=\"yoast-schema-graph\">{\"@context\":\"https:\\\/\\\/schema.org\",\"@graph\":[{\"@type\":\"WebPage\",\"@id\":\"https:\\\/\\\/carolinesavoiejoaillerie.com\\\/en\\\/produit\\\/teal-sapphire-polkadot-earrings\\\/\",\"url\":\"https:\\\/\\\/carolinesavoiejoaillerie.com\\\/en\\\/produit\\\/teal-sapphire-polkadot-earrings\\\/\",\"name\":\"Teal Sapphire Polka Dot Earrings &#8211; Caroline Savoie Joaillerie\",\"isPartOf\":{\"@id\":\"https:\\\/\\\/carolinesavoiejoaillerie.com\\\/en\\\/#website\"},\"primaryImageOfPage\":{\"@id\":\"https:\\\/\\\/carolinesavoiejoaillerie.com\\\/en\\\/produit\\\/teal-sapphire-polkadot-earrings\\\/#primaryimage\"},\"image\":{\"@id\":\"https:\\\/\\\/carolinesavoiejoaillerie.com\\\/en\\\/produit\\\/teal-sapphire-polkadot-earrings\\\/#primaryimage\"},\"thumbnailUrl\":\"https:\\\/\\\/carolinesavoiejoaillerie.com\\\/wp-content\\\/uploads\\\/2026\\\/03\\\/Caroline-Savoie-Joaillerie-Teal-Sapphire-Earrings-Bijoux-Sur-Mesure-Montreal-Quebec-Or-Jaune-18k-Hoops-4.jpg\",\"datePublished\":\"2025-12-22T20:26:50+00:00\",\"dateModified\":\"2026-03-18T17:01:02+00:00\",\"description\":\"The Teal Sapphire Polka Dot Earrings are luxurious, stylishness, and unique ! A teal jewel reminiscent of turquoise waters. A touch of understated elegance\",\"breadcrumb\":{\"@id\":\"https:\\\/\\\/carolinesavoiejoaillerie.com\\\/en\\\/produit\\\/teal-sapphire-polkadot-earrings\\\/#breadcrumb\"},\"inLanguage\":\"en-CA\",\"potentialAction\":[{\"@type\":\"ReadAction\",\"target\":[\"https:\\\/\\\/carolinesavoiejoaillerie.com\\\/en\\\/produit\\\/teal-sapphire-polkadot-earrings\\\/\"]}]},{\"@type\":\"ImageObject\",\"inLanguage\":\"en-CA\",\"@id\":\"https:\\\/\\\/carolinesavoiejoaillerie.com\\\/en\\\/produit\\\/teal-sapphire-polkadot-earrings\\\/#primaryimage\",\"url\":\"https:\\\/\\\/carolinesavoiejoaillerie.com\\\/wp-content\\\/uploads\\\/2026\\\/03\\\/Caroline-Savoie-Joaillerie-Teal-Sapphire-Earrings-Bijoux-Sur-Mesure-Montreal-Quebec-Or-Jaune-18k-Hoops-4.jpg\",\"contentUrl\":\"https:\\\/\\\/carolinesavoiejoaillerie.com\\\/wp-content\\\/uploads\\\/2026\\\/03\\\/Caroline-Savoie-Joaillerie-Teal-Sapphire-Earrings-Bijoux-Sur-Mesure-Montreal-Quebec-Or-Jaune-18k-Hoops-4.jpg\",\"width\":1122,\"height\":1122,\"caption\":\"Caroline Savoie Joaillerie Teal Sapphire Earrings Bijoux Sur Mesure Montreal Quebec Or Jaune 18k Hoops (4)\"},{\"@type\":\"BreadcrumbList\",\"@id\":\"https:\\\/\\\/carolinesavoiejoaillerie.com\\\/en\\\/produit\\\/teal-sapphire-polkadot-earrings\\\/#breadcrumb\",\"itemListElement\":[{\"@type\":\"ListItem\",\"position\":1,\"name\":\"Accueil\",\"item\":\"https:\\\/\\\/carolinesavoiejoaillerie.com\\\/en\\\/\"},{\"@type\":\"ListItem\",\"position\":2,\"name\":\"Shop\",\"item\":\"https:\\\/\\\/carolinesavoiejoaillerie.com\\\/en\\\/shop\\\/\"},{\"@type\":\"ListItem\",\"position\":3,\"name\":\"Teal Sapphire Polka Dot Earrings\"}]},{\"@type\":\"WebSite\",\"@id\":\"https:\\\/\\\/carolinesavoiejoaillerie.com\\\/en\\\/#website\",\"url\":\"https:\\\/\\\/carolinesavoiejoaillerie.com\\\/en\\\/\",\"name\":\"Caroline Savoie Joaillerie\",\"description\":\"Bijoux fabriqu\u00e9s \u00e0 la main, au Qu\u00e9bec\",\"publisher\":{\"@id\":\"https:\\\/\\\/carolinesavoiejoaillerie.com\\\/en\\\/#organization\"},\"potentialAction\":[{\"@type\":\"SearchAction\",\"target\":{\"@type\":\"EntryPoint\",\"urlTemplate\":\"https:\\\/\\\/carolinesavoiejoaillerie.com\\\/en\\\/?s={search_term_string}\"},\"query-input\":{\"@type\":\"PropertyValueSpecification\",\"valueRequired\":true,\"valueName\":\"search_term_string\"}}],\"inLanguage\":\"en-CA\"},{\"@type\":\"Organization\",\"@id\":\"https:\\\/\\\/carolinesavoiejoaillerie.com\\\/en\\\/#organization\",\"name\":\"Caroline Savoie\",\"url\":\"https:\\\/\\\/carolinesavoiejoaillerie.com\\\/en\\\/\",\"logo\":{\"@type\":\"ImageObject\",\"inLanguage\":\"en-CA\",\"@id\":\"https:\\\/\\\/carolinesavoiejoaillerie.com\\\/en\\\/#\\\/schema\\\/logo\\\/image\\\/\",\"url\":\"https:\\\/\\\/carolinesavoiejoaillerie.com\\\/wp-content\\\/uploads\\\/2017\\\/10\\\/CarolineSavoieLogoBlancSurNoirSquare-e1508601602913.png\",\"contentUrl\":\"https:\\\/\\\/carolinesavoiejoaillerie.com\\\/wp-content\\\/uploads\\\/2017\\\/10\\\/CarolineSavoieLogoBlancSurNoirSquare-e1508601602913.png\",\"width\":600,\"height\":599,\"caption\":\"Caroline Savoie\"},\"image\":{\"@id\":\"https:\\\/\\\/carolinesavoiejoaillerie.com\\\/en\\\/#\\\/schema\\\/logo\\\/image\\\/\"},\"sameAs\":[\"https:\\\/\\\/www.facebook.com\\\/carolinesavoiejoaillerie\\\/\",\"https:\\\/\\\/www.instagram.com\\\/caroline_savoie_joaillerie\\\/\",\"https:\\\/\\\/www.pinterest.com\\\/CSjoaillerie\\\/?eq=caroline savoie&amp;amp;amp;amp;amp;amp;etslf=NaN\"]}]}<\/script>\n<!-- \/ Yoast SEO plugin. -->","yoast_head_json":{"title":"Teal Sapphire Polka Dot Earrings &#8211; Caroline Savoie Joaillerie","description":"The Teal Sapphire Polka Dot Earrings are luxurious, stylishness, and unique ! A teal jewel reminiscent of turquoise waters. A touch of understated elegance","robots":{"index":"index","follow":"follow","max-snippet":"max-snippet:-1","max-image-preview":"max-image-preview:large","max-video-preview":"max-video-preview:-1"},"canonical":"https:\/\/carolinesavoiejoaillerie.com\/en\/produit\/teal-sapphire-polkadot-earrings\/","og_locale":"en_US","og_type":"article","og_title":"Teal Sapphire Polka Dot Earrings &#8211; Caroline Savoie Joaillerie","og_description":"The Teal Sapphire Polka Dot Earrings are luxurious, stylishness, and unique ! A teal jewel reminiscent of turquoise waters. A touch of understated elegance","og_url":"https:\/\/carolinesavoiejoaillerie.com\/en\/produit\/teal-sapphire-polkadot-earrings\/","og_site_name":"Caroline Savoie Joaillerie","article_publisher":"https:\/\/www.facebook.com\/carolinesavoiejoaillerie\/","article_modified_time":"2026-03-18T17:01:02+00:00","og_image":[{"width":1122,"height":1122,"url":"https:\/\/carolinesavoiejoaillerie.com\/wp-content\/uploads\/2026\/03\/Caroline-Savoie-Joaillerie-Teal-Sapphire-Earrings-Bijoux-Sur-Mesure-Montreal-Quebec-Or-Jaune-18k-Hoops-4.jpg","type":"image\/jpeg"}],"twitter_card":"summary_large_image","twitter_misc":{"Est. reading time":"1 minute"},"schema":{"@context":"https:\/\/schema.org","@graph":[{"@type":"WebPage","@id":"https:\/\/carolinesavoiejoaillerie.com\/en\/produit\/teal-sapphire-polkadot-earrings\/","url":"https:\/\/carolinesavoiejoaillerie.com\/en\/produit\/teal-sapphire-polkadot-earrings\/","name":"Teal Sapphire Polka Dot Earrings &#8211; Caroline Savoie Joaillerie","isPartOf":{"@id":"https:\/\/carolinesavoiejoaillerie.com\/en\/#website"},"primaryImageOfPage":{"@id":"https:\/\/carolinesavoiejoaillerie.com\/en\/produit\/teal-sapphire-polkadot-earrings\/#primaryimage"},"image":{"@id":"https:\/\/carolinesavoiejoaillerie.com\/en\/produit\/teal-sapphire-polkadot-earrings\/#primaryimage"},"thumbnailUrl":"https:\/\/carolinesavoiejoaillerie.com\/wp-content\/uploads\/2026\/03\/Caroline-Savoie-Joaillerie-Teal-Sapphire-Earrings-Bijoux-Sur-Mesure-Montreal-Quebec-Or-Jaune-18k-Hoops-4.jpg","datePublished":"2025-12-22T20:26:50+00:00","dateModified":"2026-03-18T17:01:02+00:00","description":"The Teal Sapphire Polka Dot Earrings are luxurious, stylishness, and unique ! A teal jewel reminiscent of turquoise waters. A touch of understated elegance","breadcrumb":{"@id":"https:\/\/carolinesavoiejoaillerie.com\/en\/produit\/teal-sapphire-polkadot-earrings\/#breadcrumb"},"inLanguage":"en-CA","potentialAction":[{"@type":"ReadAction","target":["https:\/\/carolinesavoiejoaillerie.com\/en\/produit\/teal-sapphire-polkadot-earrings\/"]}]},{"@type":"ImageObject","inLanguage":"en-CA","@id":"https:\/\/carolinesavoiejoaillerie.com\/en\/produit\/teal-sapphire-polkadot-earrings\/#primaryimage","url":"https:\/\/carolinesavoiejoaillerie.com\/wp-content\/uploads\/2026\/03\/Caroline-Savoie-Joaillerie-Teal-Sapphire-Earrings-Bijoux-Sur-Mesure-Montreal-Quebec-Or-Jaune-18k-Hoops-4.jpg","contentUrl":"https:\/\/carolinesavoiejoaillerie.com\/wp-content\/uploads\/2026\/03\/Caroline-Savoie-Joaillerie-Teal-Sapphire-Earrings-Bijoux-Sur-Mesure-Montreal-Quebec-Or-Jaune-18k-Hoops-4.jpg","width":1122,"height":1122,"caption":"Caroline Savoie Joaillerie Teal Sapphire Earrings Bijoux Sur Mesure Montreal Quebec Or Jaune 18k Hoops (4)"},{"@type":"BreadcrumbList","@id":"https:\/\/carolinesavoiejoaillerie.com\/en\/produit\/teal-sapphire-polkadot-earrings\/#breadcrumb","itemListElement":[{"@type":"ListItem","position":1,"name":"Accueil","item":"https:\/\/carolinesavoiejoaillerie.com\/en\/"},{"@type":"ListItem","position":2,"name":"Shop","item":"https:\/\/carolinesavoiejoaillerie.com\/en\/shop\/"},{"@type":"ListItem","position":3,"name":"Teal Sapphire Polka Dot Earrings"}]},{"@type":"WebSite","@id":"https:\/\/carolinesavoiejoaillerie.com\/en\/#website","url":"https:\/\/carolinesavoiejoaillerie.com\/en\/","name":"Caroline Savoie Joaillerie","description":"Bijoux fabriqu\u00e9s \u00e0 la main, au Qu\u00e9bec","publisher":{"@id":"https:\/\/carolinesavoiejoaillerie.com\/en\/#organization"},"potentialAction":[{"@type":"SearchAction","target":{"@type":"EntryPoint","urlTemplate":"https:\/\/carolinesavoiejoaillerie.com\/en\/?s={search_term_string}"},"query-input":{"@type":"PropertyValueSpecification","valueRequired":true,"valueName":"search_term_string"}}],"inLanguage":"en-CA"},{"@type":"Organization","@id":"https:\/\/carolinesavoiejoaillerie.com\/en\/#organization","name":"Caroline Savoie","url":"https:\/\/carolinesavoiejoaillerie.com\/en\/","logo":{"@type":"ImageObject","inLanguage":"en-CA","@id":"https:\/\/carolinesavoiejoaillerie.com\/en\/#\/schema\/logo\/image\/","url":"https:\/\/carolinesavoiejoaillerie.com\/wp-content\/uploads\/2017\/10\/CarolineSavoieLogoBlancSurNoirSquare-e1508601602913.png","contentUrl":"https:\/\/carolinesavoiejoaillerie.com\/wp-content\/uploads\/2017\/10\/CarolineSavoieLogoBlancSurNoirSquare-e1508601602913.png","width":600,"height":599,"caption":"Caroline Savoie"},"image":{"@id":"https:\/\/carolinesavoiejoaillerie.com\/en\/#\/schema\/logo\/image\/"},"sameAs":["https:\/\/www.facebook.com\/carolinesavoiejoaillerie\/","https:\/\/www.instagram.com\/caroline_savoie_joaillerie\/","https:\/\/www.pinterest.com\/CSjoaillerie\/?eq=caroline savoie&amp;amp;amp;amp;amp;amp;etslf=NaN"]}]}},"_links":{"self":[{"href":"https:\/\/carolinesavoiejoaillerie.com\/en\/wp-json\/wp\/v2\/product\/40999","targetHints":{"allow":["GET"]}}],"collection":[{"href":"https:\/\/carolinesavoiejoaillerie.com\/en\/wp-json\/wp\/v2\/product"}],"about":[{"href":"https:\/\/carolinesavoiejoaillerie.com\/en\/wp-json\/wp\/v2\/types\/product"}],"wp:featuredmedia":[{"embeddable":true,"href":"https:\/\/carolinesavoiejoaillerie.com\/en\/wp-json\/wp\/v2\/media\/41103"}],"wp:attachment":[{"href":"https:\/\/carolinesavoiejoaillerie.com\/en\/wp-json\/wp\/v2\/media?parent=40999"}],"wp:term":[{"taxonomy":"product_brand","embeddable":true,"href":"https:\/\/carolinesavoiejoaillerie.com\/en\/wp-json\/wp\/v2\/product_brand?post=40999"},{"taxonomy":"product_cat","embeddable":true,"href":"https:\/\/carolinesavoiejoaillerie.com\/en\/wp-json\/wp\/v2\/product_cat?post=40999"},{"taxonomy":"product_tag","embeddable":true,"href":"https:\/\/carolinesavoiejoaillerie.com\/en\/wp-json\/wp\/v2\/product_tag?post=40999"}],"curies":[{"name":"wp","href":"https:\/\/api.w.org\/{rel}","templated":true}]}}