{"id":40453,"date":"2025-06-13T17:45:22","date_gmt":"2025-06-13T21:45:22","guid":{"rendered":"https:\/\/carolinesavoiejoaillerie.com\/?post_type=product&#038;p=40453"},"modified":"2025-11-12T18:37:58","modified_gmt":"2025-11-12T23:37:58","slug":"golden-diamond-eternity-ring","status":"publish","type":"product","link":"https:\/\/carolinesavoiejoaillerie.com\/en\/produit\/golden-diamond-eternity-ring\/","title":{"rendered":"Golden Diamond Eternity Ring"},"content":{"rendered":"<p>This Golden Diamond Eternity Ring, with its exquisite pav\u00e9 yellow setting, is perfect for everyday wear. Delicate and comfortable, it will make you shine brightly. Be captivated by its dazzling composition.*In the photo, the Golden Diamond Eternity Ring is combined in a trio with the Diamond Queen Ring and the <a href=\"https:\/\/carolinesavoiejoaillerie.com\/en\/produit\/golden-bistoury-ring\/\">Golden Bistoury Ring<\/a>, and\/or with the <a href=\"https:\/\/carolinesavoiejoaillerie.com\/en\/produit\/golden-pineapple-perfume-ring\/\">Golden Pineapple Perfume Ring<\/a>.<\/p>\n<p>Entirely hand sculpted and handmade by a passionate Montreal based jeweller.<\/p>\n<p>Dimensions<\/p>\n<ul>\n<li>The width of the ring is 2.50 mm<\/li>\n<li>Each ring is adjusted according to the size of your finger<\/li>\n<li>It weighs about 4 grams<\/li>\n<\/ul>\n","protected":false},"excerpt":{"rendered":"<p>The <em>Golden Diamond Eternity<\/em> ring is inspired by the simplicity of the line and its boundless power. This refreshingly delicate piece, with its sublime linear shimmer, is majestically refined. Whether worn alone or stacked, this ring is simply exquisite. A classic jewel with a touch of boldness ! Succumb to the sparkle of the stars !<\/p>\n<p>The ring is made of 18k yellow gold and set with 30 canary yellow diamonds totaling 0.31 carat. Quality SI1. Cut Excellent.<\/p>\n<p><a href=\"http:\/\/carolinesavoiejoaillerie.com\/wp-content\/uploads\/2017\/11\/E\u0301chelle-et-baguier.pdf\" target=\"blank\" rel=\"noopener noreferrer\"><u>Consult the size chart<\/u><\/a><\/p>\n","protected":false},"featured_media":40915,"template":"","meta":[],"product_brand":[],"product_cat":[354,2852],"product_tag":[],"class_list":{"0":"post-40453","1":"product","2":"type-product","3":"status-publish","4":"has-post-thumbnail","6":"product_cat-rings","7":"product_cat-stackable","9":"first","10":"instock","11":"taxable","12":"shipping-taxable","13":"purchasable","14":"product-type-variable"},"yoast_head":"<!-- This site is optimized with the Yoast SEO plugin v27.4 - https:\/\/yoast.com\/product\/yoast-seo-wordpress\/ -->\n<title>Golden Diamond Eternity Ring &#8211; Caroline Savoie Joaillerie<\/title>\n<meta name=\"description\" content=\"The Golden Diamond Eternity Ring, a delicate, sparkling jewel of elegance. Worn alone or stacked, this eternity ring is comfortable, timeless, and refined\" \/>\n<meta name=\"robots\" content=\"index, follow, max-snippet:-1, max-image-preview:large, max-video-preview:-1\" \/>\n<link rel=\"canonical\" href=\"https:\/\/carolinesavoiejoaillerie.com\/en\/produit\/golden-diamond-eternity-ring\/\" \/>\n<meta property=\"og:locale\" content=\"en_US\" \/>\n<meta property=\"og:type\" content=\"article\" \/>\n<meta property=\"og:title\" content=\"Golden Diamond Eternity Ring &#8211; Caroline Savoie Joaillerie\" \/>\n<meta property=\"og:description\" content=\"The Golden Diamond Eternity Ring, a delicate, sparkling jewel of elegance. Worn alone or stacked, this eternity ring is comfortable, timeless, and refined\" \/>\n<meta property=\"og:url\" content=\"https:\/\/carolinesavoiejoaillerie.com\/en\/produit\/golden-diamond-eternity-ring\/\" \/>\n<meta property=\"og:site_name\" content=\"Caroline Savoie Joaillerie\" \/>\n<meta property=\"article:publisher\" content=\"https:\/\/www.facebook.com\/carolinesavoiejoaillerie\/\" \/>\n<meta property=\"article:modified_time\" content=\"2025-11-12T23:37:58+00:00\" \/>\n<meta property=\"og:image\" content=\"https:\/\/carolinesavoiejoaillerie.com\/wp-content\/uploads\/2025\/11\/Caroline-Savoie-Joaillerie-Bague-Diamant-Or-Blanc-Or-Jaune-18k-Yellow-Diamond-Montreal-Quebec-Bijoux-3.jpg\" \/>\n\t<meta property=\"og:image:width\" content=\"1403\" \/>\n\t<meta property=\"og:image:height\" content=\"1402\" \/>\n\t<meta property=\"og:image:type\" content=\"image\/jpeg\" \/>\n<meta name=\"twitter:card\" content=\"summary_large_image\" \/>\n<meta name=\"twitter:label1\" content=\"Est. reading time\" \/>\n\t<meta name=\"twitter:data1\" content=\"1 minute\" \/>\n<script type=\"application\/ld+json\" class=\"yoast-schema-graph\">{\"@context\":\"https:\\\/\\\/schema.org\",\"@graph\":[{\"@type\":\"WebPage\",\"@id\":\"https:\\\/\\\/carolinesavoiejoaillerie.com\\\/en\\\/produit\\\/golden-diamond-eternity-ring\\\/\",\"url\":\"https:\\\/\\\/carolinesavoiejoaillerie.com\\\/en\\\/produit\\\/golden-diamond-eternity-ring\\\/\",\"name\":\"Golden Diamond Eternity Ring &#8211; Caroline Savoie Joaillerie\",\"isPartOf\":{\"@id\":\"https:\\\/\\\/carolinesavoiejoaillerie.com\\\/en\\\/#website\"},\"primaryImageOfPage\":{\"@id\":\"https:\\\/\\\/carolinesavoiejoaillerie.com\\\/en\\\/produit\\\/golden-diamond-eternity-ring\\\/#primaryimage\"},\"image\":{\"@id\":\"https:\\\/\\\/carolinesavoiejoaillerie.com\\\/en\\\/produit\\\/golden-diamond-eternity-ring\\\/#primaryimage\"},\"thumbnailUrl\":\"https:\\\/\\\/carolinesavoiejoaillerie.com\\\/wp-content\\\/uploads\\\/2025\\\/11\\\/Caroline-Savoie-Joaillerie-Bague-Diamant-Or-Blanc-Or-Jaune-18k-Yellow-Diamond-Montreal-Quebec-Bijoux-3.jpg\",\"datePublished\":\"2025-06-13T21:45:22+00:00\",\"dateModified\":\"2025-11-12T23:37:58+00:00\",\"description\":\"The Golden Diamond Eternity Ring, a delicate, sparkling jewel of elegance. Worn alone or stacked, this eternity ring is comfortable, timeless, and refined\",\"breadcrumb\":{\"@id\":\"https:\\\/\\\/carolinesavoiejoaillerie.com\\\/en\\\/produit\\\/golden-diamond-eternity-ring\\\/#breadcrumb\"},\"inLanguage\":\"en-CA\",\"potentialAction\":[{\"@type\":\"ReadAction\",\"target\":[\"https:\\\/\\\/carolinesavoiejoaillerie.com\\\/en\\\/produit\\\/golden-diamond-eternity-ring\\\/\"]}]},{\"@type\":\"ImageObject\",\"inLanguage\":\"en-CA\",\"@id\":\"https:\\\/\\\/carolinesavoiejoaillerie.com\\\/en\\\/produit\\\/golden-diamond-eternity-ring\\\/#primaryimage\",\"url\":\"https:\\\/\\\/carolinesavoiejoaillerie.com\\\/wp-content\\\/uploads\\\/2025\\\/11\\\/Caroline-Savoie-Joaillerie-Bague-Diamant-Or-Blanc-Or-Jaune-18k-Yellow-Diamond-Montreal-Quebec-Bijoux-3.jpg\",\"contentUrl\":\"https:\\\/\\\/carolinesavoiejoaillerie.com\\\/wp-content\\\/uploads\\\/2025\\\/11\\\/Caroline-Savoie-Joaillerie-Bague-Diamant-Or-Blanc-Or-Jaune-18k-Yellow-Diamond-Montreal-Quebec-Bijoux-3.jpg\",\"width\":1403,\"height\":1402,\"caption\":\"Caroline Savoie Joaillerie Bague Diamant Or Blanc Or Jaune 18k Yellow Diamond Montreal Quebec Bijoux (3)\"},{\"@type\":\"BreadcrumbList\",\"@id\":\"https:\\\/\\\/carolinesavoiejoaillerie.com\\\/en\\\/produit\\\/golden-diamond-eternity-ring\\\/#breadcrumb\",\"itemListElement\":[{\"@type\":\"ListItem\",\"position\":1,\"name\":\"Accueil\",\"item\":\"https:\\\/\\\/carolinesavoiejoaillerie.com\\\/en\\\/\"},{\"@type\":\"ListItem\",\"position\":2,\"name\":\"Shop\",\"item\":\"https:\\\/\\\/carolinesavoiejoaillerie.com\\\/en\\\/shop\\\/\"},{\"@type\":\"ListItem\",\"position\":3,\"name\":\"Golden Diamond Eternity Ring\"}]},{\"@type\":\"WebSite\",\"@id\":\"https:\\\/\\\/carolinesavoiejoaillerie.com\\\/en\\\/#website\",\"url\":\"https:\\\/\\\/carolinesavoiejoaillerie.com\\\/en\\\/\",\"name\":\"Caroline Savoie Joaillerie\",\"description\":\"Bijoux fabriqu\u00e9s \u00e0 la main, au Qu\u00e9bec\",\"publisher\":{\"@id\":\"https:\\\/\\\/carolinesavoiejoaillerie.com\\\/en\\\/#organization\"},\"potentialAction\":[{\"@type\":\"SearchAction\",\"target\":{\"@type\":\"EntryPoint\",\"urlTemplate\":\"https:\\\/\\\/carolinesavoiejoaillerie.com\\\/en\\\/?s={search_term_string}\"},\"query-input\":{\"@type\":\"PropertyValueSpecification\",\"valueRequired\":true,\"valueName\":\"search_term_string\"}}],\"inLanguage\":\"en-CA\"},{\"@type\":\"Organization\",\"@id\":\"https:\\\/\\\/carolinesavoiejoaillerie.com\\\/en\\\/#organization\",\"name\":\"Caroline Savoie\",\"url\":\"https:\\\/\\\/carolinesavoiejoaillerie.com\\\/en\\\/\",\"logo\":{\"@type\":\"ImageObject\",\"inLanguage\":\"en-CA\",\"@id\":\"https:\\\/\\\/carolinesavoiejoaillerie.com\\\/en\\\/#\\\/schema\\\/logo\\\/image\\\/\",\"url\":\"https:\\\/\\\/carolinesavoiejoaillerie.com\\\/wp-content\\\/uploads\\\/2017\\\/10\\\/CarolineSavoieLogoBlancSurNoirSquare-e1508601602913.png\",\"contentUrl\":\"https:\\\/\\\/carolinesavoiejoaillerie.com\\\/wp-content\\\/uploads\\\/2017\\\/10\\\/CarolineSavoieLogoBlancSurNoirSquare-e1508601602913.png\",\"width\":600,\"height\":599,\"caption\":\"Caroline Savoie\"},\"image\":{\"@id\":\"https:\\\/\\\/carolinesavoiejoaillerie.com\\\/en\\\/#\\\/schema\\\/logo\\\/image\\\/\"},\"sameAs\":[\"https:\\\/\\\/www.facebook.com\\\/carolinesavoiejoaillerie\\\/\",\"https:\\\/\\\/www.instagram.com\\\/caroline_savoie_joaillerie\\\/\",\"https:\\\/\\\/www.pinterest.com\\\/CSjoaillerie\\\/?eq=caroline savoie&amp;amp;amp;amp;amp;amp;etslf=NaN\"]}]}<\/script>\n<!-- \/ Yoast SEO plugin. -->","yoast_head_json":{"title":"Golden Diamond Eternity Ring &#8211; Caroline Savoie Joaillerie","description":"The Golden Diamond Eternity Ring, a delicate, sparkling jewel of elegance. Worn alone or stacked, this eternity ring is comfortable, timeless, and refined","robots":{"index":"index","follow":"follow","max-snippet":"max-snippet:-1","max-image-preview":"max-image-preview:large","max-video-preview":"max-video-preview:-1"},"canonical":"https:\/\/carolinesavoiejoaillerie.com\/en\/produit\/golden-diamond-eternity-ring\/","og_locale":"en_US","og_type":"article","og_title":"Golden Diamond Eternity Ring &#8211; Caroline Savoie Joaillerie","og_description":"The Golden Diamond Eternity Ring, a delicate, sparkling jewel of elegance. Worn alone or stacked, this eternity ring is comfortable, timeless, and refined","og_url":"https:\/\/carolinesavoiejoaillerie.com\/en\/produit\/golden-diamond-eternity-ring\/","og_site_name":"Caroline Savoie Joaillerie","article_publisher":"https:\/\/www.facebook.com\/carolinesavoiejoaillerie\/","article_modified_time":"2025-11-12T23:37:58+00:00","og_image":[{"width":1403,"height":1402,"url":"https:\/\/carolinesavoiejoaillerie.com\/wp-content\/uploads\/2025\/11\/Caroline-Savoie-Joaillerie-Bague-Diamant-Or-Blanc-Or-Jaune-18k-Yellow-Diamond-Montreal-Quebec-Bijoux-3.jpg","type":"image\/jpeg"}],"twitter_card":"summary_large_image","twitter_misc":{"Est. reading time":"1 minute"},"schema":{"@context":"https:\/\/schema.org","@graph":[{"@type":"WebPage","@id":"https:\/\/carolinesavoiejoaillerie.com\/en\/produit\/golden-diamond-eternity-ring\/","url":"https:\/\/carolinesavoiejoaillerie.com\/en\/produit\/golden-diamond-eternity-ring\/","name":"Golden Diamond Eternity Ring &#8211; Caroline Savoie Joaillerie","isPartOf":{"@id":"https:\/\/carolinesavoiejoaillerie.com\/en\/#website"},"primaryImageOfPage":{"@id":"https:\/\/carolinesavoiejoaillerie.com\/en\/produit\/golden-diamond-eternity-ring\/#primaryimage"},"image":{"@id":"https:\/\/carolinesavoiejoaillerie.com\/en\/produit\/golden-diamond-eternity-ring\/#primaryimage"},"thumbnailUrl":"https:\/\/carolinesavoiejoaillerie.com\/wp-content\/uploads\/2025\/11\/Caroline-Savoie-Joaillerie-Bague-Diamant-Or-Blanc-Or-Jaune-18k-Yellow-Diamond-Montreal-Quebec-Bijoux-3.jpg","datePublished":"2025-06-13T21:45:22+00:00","dateModified":"2025-11-12T23:37:58+00:00","description":"The Golden Diamond Eternity Ring, a delicate, sparkling jewel of elegance. Worn alone or stacked, this eternity ring is comfortable, timeless, and refined","breadcrumb":{"@id":"https:\/\/carolinesavoiejoaillerie.com\/en\/produit\/golden-diamond-eternity-ring\/#breadcrumb"},"inLanguage":"en-CA","potentialAction":[{"@type":"ReadAction","target":["https:\/\/carolinesavoiejoaillerie.com\/en\/produit\/golden-diamond-eternity-ring\/"]}]},{"@type":"ImageObject","inLanguage":"en-CA","@id":"https:\/\/carolinesavoiejoaillerie.com\/en\/produit\/golden-diamond-eternity-ring\/#primaryimage","url":"https:\/\/carolinesavoiejoaillerie.com\/wp-content\/uploads\/2025\/11\/Caroline-Savoie-Joaillerie-Bague-Diamant-Or-Blanc-Or-Jaune-18k-Yellow-Diamond-Montreal-Quebec-Bijoux-3.jpg","contentUrl":"https:\/\/carolinesavoiejoaillerie.com\/wp-content\/uploads\/2025\/11\/Caroline-Savoie-Joaillerie-Bague-Diamant-Or-Blanc-Or-Jaune-18k-Yellow-Diamond-Montreal-Quebec-Bijoux-3.jpg","width":1403,"height":1402,"caption":"Caroline Savoie Joaillerie Bague Diamant Or Blanc Or Jaune 18k Yellow Diamond Montreal Quebec Bijoux (3)"},{"@type":"BreadcrumbList","@id":"https:\/\/carolinesavoiejoaillerie.com\/en\/produit\/golden-diamond-eternity-ring\/#breadcrumb","itemListElement":[{"@type":"ListItem","position":1,"name":"Accueil","item":"https:\/\/carolinesavoiejoaillerie.com\/en\/"},{"@type":"ListItem","position":2,"name":"Shop","item":"https:\/\/carolinesavoiejoaillerie.com\/en\/shop\/"},{"@type":"ListItem","position":3,"name":"Golden Diamond Eternity Ring"}]},{"@type":"WebSite","@id":"https:\/\/carolinesavoiejoaillerie.com\/en\/#website","url":"https:\/\/carolinesavoiejoaillerie.com\/en\/","name":"Caroline Savoie Joaillerie","description":"Bijoux fabriqu\u00e9s \u00e0 la main, au Qu\u00e9bec","publisher":{"@id":"https:\/\/carolinesavoiejoaillerie.com\/en\/#organization"},"potentialAction":[{"@type":"SearchAction","target":{"@type":"EntryPoint","urlTemplate":"https:\/\/carolinesavoiejoaillerie.com\/en\/?s={search_term_string}"},"query-input":{"@type":"PropertyValueSpecification","valueRequired":true,"valueName":"search_term_string"}}],"inLanguage":"en-CA"},{"@type":"Organization","@id":"https:\/\/carolinesavoiejoaillerie.com\/en\/#organization","name":"Caroline Savoie","url":"https:\/\/carolinesavoiejoaillerie.com\/en\/","logo":{"@type":"ImageObject","inLanguage":"en-CA","@id":"https:\/\/carolinesavoiejoaillerie.com\/en\/#\/schema\/logo\/image\/","url":"https:\/\/carolinesavoiejoaillerie.com\/wp-content\/uploads\/2017\/10\/CarolineSavoieLogoBlancSurNoirSquare-e1508601602913.png","contentUrl":"https:\/\/carolinesavoiejoaillerie.com\/wp-content\/uploads\/2017\/10\/CarolineSavoieLogoBlancSurNoirSquare-e1508601602913.png","width":600,"height":599,"caption":"Caroline Savoie"},"image":{"@id":"https:\/\/carolinesavoiejoaillerie.com\/en\/#\/schema\/logo\/image\/"},"sameAs":["https:\/\/www.facebook.com\/carolinesavoiejoaillerie\/","https:\/\/www.instagram.com\/caroline_savoie_joaillerie\/","https:\/\/www.pinterest.com\/CSjoaillerie\/?eq=caroline savoie&amp;amp;amp;amp;amp;amp;etslf=NaN"]}]}},"_links":{"self":[{"href":"https:\/\/carolinesavoiejoaillerie.com\/en\/wp-json\/wp\/v2\/product\/40453","targetHints":{"allow":["GET"]}}],"collection":[{"href":"https:\/\/carolinesavoiejoaillerie.com\/en\/wp-json\/wp\/v2\/product"}],"about":[{"href":"https:\/\/carolinesavoiejoaillerie.com\/en\/wp-json\/wp\/v2\/types\/product"}],"wp:featuredmedia":[{"embeddable":true,"href":"https:\/\/carolinesavoiejoaillerie.com\/en\/wp-json\/wp\/v2\/media\/40915"}],"wp:attachment":[{"href":"https:\/\/carolinesavoiejoaillerie.com\/en\/wp-json\/wp\/v2\/media?parent=40453"}],"wp:term":[{"taxonomy":"product_brand","embeddable":true,"href":"https:\/\/carolinesavoiejoaillerie.com\/en\/wp-json\/wp\/v2\/product_brand?post=40453"},{"taxonomy":"product_cat","embeddable":true,"href":"https:\/\/carolinesavoiejoaillerie.com\/en\/wp-json\/wp\/v2\/product_cat?post=40453"},{"taxonomy":"product_tag","embeddable":true,"href":"https:\/\/carolinesavoiejoaillerie.com\/en\/wp-json\/wp\/v2\/product_tag?post=40453"}],"curies":[{"name":"wp","href":"https:\/\/api.w.org\/{rel}","templated":true}]}}