{"id":40399,"date":"2025-05-23T16:30:54","date_gmt":"2025-05-23T20:30:54","guid":{"rendered":"https:\/\/carolinesavoiejoaillerie.com\/?post_type=product&#038;p=40399"},"modified":"2025-11-18T18:16:30","modified_gmt":"2025-11-18T23:16:30","slug":"fancy-keshi-pearl-earrings","status":"publish","type":"product","link":"https:\/\/carolinesavoiejoaillerie.com\/en\/produit\/fancy-keshi-pearl-earrings\/","title":{"rendered":"Fancy Keshi Pearl Earrings"},"content":{"rendered":"<p><span class=\"JLqJ4b ChMk0b\" data-language-for-alternatives=\"en\" data-language-to-translate-into=\"fr\" data-phrase-index=\"0\">The Fancy Keshi Pearl earrings with their generous and sumptuous white luster are true classics. A timeless piece of jewelry with a stunning elegance. Comfortable and sophisticated, they are truly exquisite. They go with everything, anywhere, at anytime : pearls are always fabulous and versatile ! *Limited Edition<\/span><\/p>\n<p>Entirely handmade by a passionate Montreal based jeweller.<\/p>\n<p>Dimensions \/ Options<\/p>\n<ul>\n<li>The earrings are 26 mm long and 20 mm wide.<\/li>\n<li>Each earring weighs approximately 10 grams, for a total of 20 grams per pair.<\/li>\n<li>Each keshi pearl has its own unique shape and luster.<\/li>\n<li>I offer a wide selection of pearls. Various shapes, colors, and types of pearls are available. **Please contact me for more information and\/or to choose your pearls.**<\/li>\n<\/ul>\n","protected":false},"excerpt":{"rendered":"<p><span class=\"JLqJ4b ChMk0b\" data-language-for-alternatives=\"en\" data-language-to-translate-into=\"fr\" data-phrase-index=\"0\">The <em>Fancy Keshi Pearl<\/em> earrings<\/span> are simply pure beauty. These gorgeous pearls are of an eternal sensuality. It\u2019s like a canvas painted by nature itself. A simplicity, an eternal sensuality.<\/p>\n<p>The earrings are made of 925 sterling silver garnished with two stunning Keshi pearls AAA of 18 mm &#8211; 20 mm. * I carefully take the time to select the most beautiful pearls, in order to offer you the best quality \/ price. Colored or white pearls, in round, circled or baroque shapes, passing through the sublime Keshi, the magnificent Kasumiga or the delicious Tahitian pearls, you just need to choose the pair that you prefer.<\/p>\n","protected":false},"featured_media":40932,"template":"","meta":[],"product_brand":[],"product_cat":[361],"product_tag":[],"class_list":{"0":"post-40399","1":"product","2":"type-product","3":"status-publish","4":"has-post-thumbnail","6":"product_cat-earrings-en","8":"first","9":"instock","10":"taxable","11":"shipping-taxable","12":"purchasable","13":"product-type-simple"},"yoast_head":"<!-- This site is optimized with the Yoast SEO plugin v27.4 - https:\/\/yoast.com\/product\/yoast-seo-wordpress\/ -->\n<title>Fancy Keshi Pearl Earrings &#8211; Caroline Savoie Joaillerie<\/title>\n<meta name=\"description\" content=\"The Fancy Keshi Pearl Earrings are simply beautiful and comfortable. A refined, classic and timeless piece of jewelry of a stunning pure elegance !\" \/>\n<meta name=\"robots\" content=\"index, follow, max-snippet:-1, max-image-preview:large, max-video-preview:-1\" \/>\n<link rel=\"canonical\" href=\"https:\/\/carolinesavoiejoaillerie.com\/en\/produit\/fancy-keshi-pearl-earrings\/\" \/>\n<meta property=\"og:locale\" content=\"en_US\" \/>\n<meta property=\"og:type\" content=\"article\" \/>\n<meta property=\"og:title\" content=\"Fancy Keshi Pearl Earrings &#8211; Caroline Savoie Joaillerie\" \/>\n<meta property=\"og:description\" content=\"The Fancy Keshi Pearl Earrings are simply beautiful and comfortable. A refined, classic and timeless piece of jewelry of a stunning pure elegance !\" \/>\n<meta property=\"og:url\" content=\"https:\/\/carolinesavoiejoaillerie.com\/en\/produit\/fancy-keshi-pearl-earrings\/\" \/>\n<meta property=\"og:site_name\" content=\"Caroline Savoie Joaillerie\" \/>\n<meta property=\"article:publisher\" content=\"https:\/\/www.facebook.com\/carolinesavoiejoaillerie\/\" \/>\n<meta property=\"article:modified_time\" content=\"2025-11-18T23:16:30+00:00\" \/>\n<meta property=\"og:image\" content=\"https:\/\/carolinesavoiejoaillerie.com\/wp-content\/uploads\/2025\/11\/Caroline-Savoie-Joaillerie-Boucles-Doreilles-Tableau-Perles-Keshi-Bijoux-Montreal-Quebec-White-Pearl-Earrings-1.jpg\" \/>\n\t<meta property=\"og:image:width\" content=\"2065\" \/>\n\t<meta property=\"og:image:height\" content=\"2061\" \/>\n\t<meta property=\"og:image:type\" content=\"image\/jpeg\" \/>\n<meta name=\"twitter:card\" content=\"summary_large_image\" \/>\n<meta name=\"twitter:label1\" content=\"Est. reading time\" \/>\n\t<meta name=\"twitter:data1\" content=\"1 minute\" \/>\n<script type=\"application\/ld+json\" class=\"yoast-schema-graph\">{\"@context\":\"https:\\\/\\\/schema.org\",\"@graph\":[{\"@type\":\"WebPage\",\"@id\":\"https:\\\/\\\/carolinesavoiejoaillerie.com\\\/en\\\/produit\\\/fancy-keshi-pearl-earrings\\\/\",\"url\":\"https:\\\/\\\/carolinesavoiejoaillerie.com\\\/en\\\/produit\\\/fancy-keshi-pearl-earrings\\\/\",\"name\":\"Fancy Keshi Pearl Earrings &#8211; Caroline Savoie Joaillerie\",\"isPartOf\":{\"@id\":\"https:\\\/\\\/carolinesavoiejoaillerie.com\\\/en\\\/#website\"},\"primaryImageOfPage\":{\"@id\":\"https:\\\/\\\/carolinesavoiejoaillerie.com\\\/en\\\/produit\\\/fancy-keshi-pearl-earrings\\\/#primaryimage\"},\"image\":{\"@id\":\"https:\\\/\\\/carolinesavoiejoaillerie.com\\\/en\\\/produit\\\/fancy-keshi-pearl-earrings\\\/#primaryimage\"},\"thumbnailUrl\":\"https:\\\/\\\/carolinesavoiejoaillerie.com\\\/wp-content\\\/uploads\\\/2025\\\/11\\\/Caroline-Savoie-Joaillerie-Boucles-Doreilles-Tableau-Perles-Keshi-Bijoux-Montreal-Quebec-White-Pearl-Earrings-1.jpg\",\"datePublished\":\"2025-05-23T20:30:54+00:00\",\"dateModified\":\"2025-11-18T23:16:30+00:00\",\"description\":\"The Fancy Keshi Pearl Earrings are simply beautiful and comfortable. A refined, classic and timeless piece of jewelry of a stunning pure elegance !\",\"breadcrumb\":{\"@id\":\"https:\\\/\\\/carolinesavoiejoaillerie.com\\\/en\\\/produit\\\/fancy-keshi-pearl-earrings\\\/#breadcrumb\"},\"inLanguage\":\"en-CA\",\"potentialAction\":[{\"@type\":\"ReadAction\",\"target\":[\"https:\\\/\\\/carolinesavoiejoaillerie.com\\\/en\\\/produit\\\/fancy-keshi-pearl-earrings\\\/\"]}]},{\"@type\":\"ImageObject\",\"inLanguage\":\"en-CA\",\"@id\":\"https:\\\/\\\/carolinesavoiejoaillerie.com\\\/en\\\/produit\\\/fancy-keshi-pearl-earrings\\\/#primaryimage\",\"url\":\"https:\\\/\\\/carolinesavoiejoaillerie.com\\\/wp-content\\\/uploads\\\/2025\\\/11\\\/Caroline-Savoie-Joaillerie-Boucles-Doreilles-Tableau-Perles-Keshi-Bijoux-Montreal-Quebec-White-Pearl-Earrings-1.jpg\",\"contentUrl\":\"https:\\\/\\\/carolinesavoiejoaillerie.com\\\/wp-content\\\/uploads\\\/2025\\\/11\\\/Caroline-Savoie-Joaillerie-Boucles-Doreilles-Tableau-Perles-Keshi-Bijoux-Montreal-Quebec-White-Pearl-Earrings-1.jpg\",\"width\":2065,\"height\":2061,\"caption\":\"Caroline Savoie Joaillerie Boucles D'oreilles Tableau Perles Keshi Bijoux Montreal Quebec White Pearl Earrings (1)\"},{\"@type\":\"BreadcrumbList\",\"@id\":\"https:\\\/\\\/carolinesavoiejoaillerie.com\\\/en\\\/produit\\\/fancy-keshi-pearl-earrings\\\/#breadcrumb\",\"itemListElement\":[{\"@type\":\"ListItem\",\"position\":1,\"name\":\"Accueil\",\"item\":\"https:\\\/\\\/carolinesavoiejoaillerie.com\\\/en\\\/\"},{\"@type\":\"ListItem\",\"position\":2,\"name\":\"Shop\",\"item\":\"https:\\\/\\\/carolinesavoiejoaillerie.com\\\/en\\\/shop\\\/\"},{\"@type\":\"ListItem\",\"position\":3,\"name\":\"Fancy Keshi Pearl Earrings\"}]},{\"@type\":\"WebSite\",\"@id\":\"https:\\\/\\\/carolinesavoiejoaillerie.com\\\/en\\\/#website\",\"url\":\"https:\\\/\\\/carolinesavoiejoaillerie.com\\\/en\\\/\",\"name\":\"Caroline Savoie Joaillerie\",\"description\":\"Bijoux fabriqu\u00e9s \u00e0 la main, au Qu\u00e9bec\",\"publisher\":{\"@id\":\"https:\\\/\\\/carolinesavoiejoaillerie.com\\\/en\\\/#organization\"},\"potentialAction\":[{\"@type\":\"SearchAction\",\"target\":{\"@type\":\"EntryPoint\",\"urlTemplate\":\"https:\\\/\\\/carolinesavoiejoaillerie.com\\\/en\\\/?s={search_term_string}\"},\"query-input\":{\"@type\":\"PropertyValueSpecification\",\"valueRequired\":true,\"valueName\":\"search_term_string\"}}],\"inLanguage\":\"en-CA\"},{\"@type\":\"Organization\",\"@id\":\"https:\\\/\\\/carolinesavoiejoaillerie.com\\\/en\\\/#organization\",\"name\":\"Caroline Savoie\",\"url\":\"https:\\\/\\\/carolinesavoiejoaillerie.com\\\/en\\\/\",\"logo\":{\"@type\":\"ImageObject\",\"inLanguage\":\"en-CA\",\"@id\":\"https:\\\/\\\/carolinesavoiejoaillerie.com\\\/en\\\/#\\\/schema\\\/logo\\\/image\\\/\",\"url\":\"https:\\\/\\\/carolinesavoiejoaillerie.com\\\/wp-content\\\/uploads\\\/2017\\\/10\\\/CarolineSavoieLogoBlancSurNoirSquare-e1508601602913.png\",\"contentUrl\":\"https:\\\/\\\/carolinesavoiejoaillerie.com\\\/wp-content\\\/uploads\\\/2017\\\/10\\\/CarolineSavoieLogoBlancSurNoirSquare-e1508601602913.png\",\"width\":600,\"height\":599,\"caption\":\"Caroline Savoie\"},\"image\":{\"@id\":\"https:\\\/\\\/carolinesavoiejoaillerie.com\\\/en\\\/#\\\/schema\\\/logo\\\/image\\\/\"},\"sameAs\":[\"https:\\\/\\\/www.facebook.com\\\/carolinesavoiejoaillerie\\\/\",\"https:\\\/\\\/www.instagram.com\\\/caroline_savoie_joaillerie\\\/\",\"https:\\\/\\\/www.pinterest.com\\\/CSjoaillerie\\\/?eq=caroline savoie&amp;amp;amp;amp;amp;amp;etslf=NaN\"]}]}<\/script>\n<!-- \/ Yoast SEO plugin. -->","yoast_head_json":{"title":"Fancy Keshi Pearl Earrings &#8211; Caroline Savoie Joaillerie","description":"The Fancy Keshi Pearl Earrings are simply beautiful and comfortable. A refined, classic and timeless piece of jewelry of a stunning pure elegance !","robots":{"index":"index","follow":"follow","max-snippet":"max-snippet:-1","max-image-preview":"max-image-preview:large","max-video-preview":"max-video-preview:-1"},"canonical":"https:\/\/carolinesavoiejoaillerie.com\/en\/produit\/fancy-keshi-pearl-earrings\/","og_locale":"en_US","og_type":"article","og_title":"Fancy Keshi Pearl Earrings &#8211; Caroline Savoie Joaillerie","og_description":"The Fancy Keshi Pearl Earrings are simply beautiful and comfortable. A refined, classic and timeless piece of jewelry of a stunning pure elegance !","og_url":"https:\/\/carolinesavoiejoaillerie.com\/en\/produit\/fancy-keshi-pearl-earrings\/","og_site_name":"Caroline Savoie Joaillerie","article_publisher":"https:\/\/www.facebook.com\/carolinesavoiejoaillerie\/","article_modified_time":"2025-11-18T23:16:30+00:00","og_image":[{"width":2065,"height":2061,"url":"https:\/\/carolinesavoiejoaillerie.com\/wp-content\/uploads\/2025\/11\/Caroline-Savoie-Joaillerie-Boucles-Doreilles-Tableau-Perles-Keshi-Bijoux-Montreal-Quebec-White-Pearl-Earrings-1.jpg","type":"image\/jpeg"}],"twitter_card":"summary_large_image","twitter_misc":{"Est. reading time":"1 minute"},"schema":{"@context":"https:\/\/schema.org","@graph":[{"@type":"WebPage","@id":"https:\/\/carolinesavoiejoaillerie.com\/en\/produit\/fancy-keshi-pearl-earrings\/","url":"https:\/\/carolinesavoiejoaillerie.com\/en\/produit\/fancy-keshi-pearl-earrings\/","name":"Fancy Keshi Pearl Earrings &#8211; Caroline Savoie Joaillerie","isPartOf":{"@id":"https:\/\/carolinesavoiejoaillerie.com\/en\/#website"},"primaryImageOfPage":{"@id":"https:\/\/carolinesavoiejoaillerie.com\/en\/produit\/fancy-keshi-pearl-earrings\/#primaryimage"},"image":{"@id":"https:\/\/carolinesavoiejoaillerie.com\/en\/produit\/fancy-keshi-pearl-earrings\/#primaryimage"},"thumbnailUrl":"https:\/\/carolinesavoiejoaillerie.com\/wp-content\/uploads\/2025\/11\/Caroline-Savoie-Joaillerie-Boucles-Doreilles-Tableau-Perles-Keshi-Bijoux-Montreal-Quebec-White-Pearl-Earrings-1.jpg","datePublished":"2025-05-23T20:30:54+00:00","dateModified":"2025-11-18T23:16:30+00:00","description":"The Fancy Keshi Pearl Earrings are simply beautiful and comfortable. A refined, classic and timeless piece of jewelry of a stunning pure elegance !","breadcrumb":{"@id":"https:\/\/carolinesavoiejoaillerie.com\/en\/produit\/fancy-keshi-pearl-earrings\/#breadcrumb"},"inLanguage":"en-CA","potentialAction":[{"@type":"ReadAction","target":["https:\/\/carolinesavoiejoaillerie.com\/en\/produit\/fancy-keshi-pearl-earrings\/"]}]},{"@type":"ImageObject","inLanguage":"en-CA","@id":"https:\/\/carolinesavoiejoaillerie.com\/en\/produit\/fancy-keshi-pearl-earrings\/#primaryimage","url":"https:\/\/carolinesavoiejoaillerie.com\/wp-content\/uploads\/2025\/11\/Caroline-Savoie-Joaillerie-Boucles-Doreilles-Tableau-Perles-Keshi-Bijoux-Montreal-Quebec-White-Pearl-Earrings-1.jpg","contentUrl":"https:\/\/carolinesavoiejoaillerie.com\/wp-content\/uploads\/2025\/11\/Caroline-Savoie-Joaillerie-Boucles-Doreilles-Tableau-Perles-Keshi-Bijoux-Montreal-Quebec-White-Pearl-Earrings-1.jpg","width":2065,"height":2061,"caption":"Caroline Savoie Joaillerie Boucles D'oreilles Tableau Perles Keshi Bijoux Montreal Quebec White Pearl Earrings (1)"},{"@type":"BreadcrumbList","@id":"https:\/\/carolinesavoiejoaillerie.com\/en\/produit\/fancy-keshi-pearl-earrings\/#breadcrumb","itemListElement":[{"@type":"ListItem","position":1,"name":"Accueil","item":"https:\/\/carolinesavoiejoaillerie.com\/en\/"},{"@type":"ListItem","position":2,"name":"Shop","item":"https:\/\/carolinesavoiejoaillerie.com\/en\/shop\/"},{"@type":"ListItem","position":3,"name":"Fancy Keshi Pearl Earrings"}]},{"@type":"WebSite","@id":"https:\/\/carolinesavoiejoaillerie.com\/en\/#website","url":"https:\/\/carolinesavoiejoaillerie.com\/en\/","name":"Caroline Savoie Joaillerie","description":"Bijoux fabriqu\u00e9s \u00e0 la main, au Qu\u00e9bec","publisher":{"@id":"https:\/\/carolinesavoiejoaillerie.com\/en\/#organization"},"potentialAction":[{"@type":"SearchAction","target":{"@type":"EntryPoint","urlTemplate":"https:\/\/carolinesavoiejoaillerie.com\/en\/?s={search_term_string}"},"query-input":{"@type":"PropertyValueSpecification","valueRequired":true,"valueName":"search_term_string"}}],"inLanguage":"en-CA"},{"@type":"Organization","@id":"https:\/\/carolinesavoiejoaillerie.com\/en\/#organization","name":"Caroline Savoie","url":"https:\/\/carolinesavoiejoaillerie.com\/en\/","logo":{"@type":"ImageObject","inLanguage":"en-CA","@id":"https:\/\/carolinesavoiejoaillerie.com\/en\/#\/schema\/logo\/image\/","url":"https:\/\/carolinesavoiejoaillerie.com\/wp-content\/uploads\/2017\/10\/CarolineSavoieLogoBlancSurNoirSquare-e1508601602913.png","contentUrl":"https:\/\/carolinesavoiejoaillerie.com\/wp-content\/uploads\/2017\/10\/CarolineSavoieLogoBlancSurNoirSquare-e1508601602913.png","width":600,"height":599,"caption":"Caroline Savoie"},"image":{"@id":"https:\/\/carolinesavoiejoaillerie.com\/en\/#\/schema\/logo\/image\/"},"sameAs":["https:\/\/www.facebook.com\/carolinesavoiejoaillerie\/","https:\/\/www.instagram.com\/caroline_savoie_joaillerie\/","https:\/\/www.pinterest.com\/CSjoaillerie\/?eq=caroline savoie&amp;amp;amp;amp;amp;amp;etslf=NaN"]}]}},"_links":{"self":[{"href":"https:\/\/carolinesavoiejoaillerie.com\/en\/wp-json\/wp\/v2\/product\/40399","targetHints":{"allow":["GET"]}}],"collection":[{"href":"https:\/\/carolinesavoiejoaillerie.com\/en\/wp-json\/wp\/v2\/product"}],"about":[{"href":"https:\/\/carolinesavoiejoaillerie.com\/en\/wp-json\/wp\/v2\/types\/product"}],"wp:featuredmedia":[{"embeddable":true,"href":"https:\/\/carolinesavoiejoaillerie.com\/en\/wp-json\/wp\/v2\/media\/40932"}],"wp:attachment":[{"href":"https:\/\/carolinesavoiejoaillerie.com\/en\/wp-json\/wp\/v2\/media?parent=40399"}],"wp:term":[{"taxonomy":"product_brand","embeddable":true,"href":"https:\/\/carolinesavoiejoaillerie.com\/en\/wp-json\/wp\/v2\/product_brand?post=40399"},{"taxonomy":"product_cat","embeddable":true,"href":"https:\/\/carolinesavoiejoaillerie.com\/en\/wp-json\/wp\/v2\/product_cat?post=40399"},{"taxonomy":"product_tag","embeddable":true,"href":"https:\/\/carolinesavoiejoaillerie.com\/en\/wp-json\/wp\/v2\/product_tag?post=40399"}],"curies":[{"name":"wp","href":"https:\/\/api.w.org\/{rel}","templated":true}]}}