{"id":39665,"date":"2025-02-15T10:49:33","date_gmt":"2025-02-15T15:49:33","guid":{"rendered":"https:\/\/carolinesavoiejoaillerie.com\/?post_type=product&#038;p=39665"},"modified":"2026-01-28T12:11:47","modified_gmt":"2026-01-28T17:11:47","slug":"tahitian-pearl-necklace","status":"publish","type":"product","link":"https:\/\/carolinesavoiejoaillerie.com\/en\/produit\/tahitian-pearl-necklace\/","title":{"rendered":"Tahitian Pearl Necklace"},"content":{"rendered":"<p>The majestic Tahitian Pearl Necklace will gracefully harmonize with all your evening outfits. Paired with earrings or simply its own on the neck, this luxurious necklace is synonymous with elegance and gleesome. This exceptional jewel will captivate on all occasions. Succumb to its charm !<\/p>\n<p>Entirely hand sculpted and handmade by a passionate Montreal based jeweller.<\/p>\n<p>Dimensions<\/p>\n<ul>\n<li>The necklace is 18 inches long<\/li>\n<li>The width of the clasp is 12 mm<\/li>\n<li>It weighs about 80 grams ( including the pearls and the clasp )<\/li>\n<li>Price on request<\/li>\n<\/ul>\n","protected":false},"excerpt":{"rendered":"<p>The <em>Tahitian Pearl Necklace<\/em> is inspired by the roundness and the spectacular color of its irresistible pearls that remind you of the feathers of the flamboyant peacock. This delicious, sensual and sophisticated blue-purple green combines lovingly with the richness of the 18k yellow gold, you will certainly be seduced. Its shimmering clasp with colored pav\u00e9 offers a dazzling combination of the most refined to this exquisite unique and timeless piece of jewelry.<\/p>\n<p>The necklace is adorned with 35 sublime AAA round Tahitian pearls slightly degraded from 9.50 mm to 12 mm. The necklace has a clicket-style clasp entirely handmade in 18k yellow gold (and 18k white gold). The clasp is embellished with magnificent colored pav\u00e9s composed of 54 diamonds totaling 0.79 carat, 33 green diamonds totaling 0.54 carat and 58 purple sapphires totaling 1.23 carat. The clasp pusher is set with a 0.11 carat purple sapphire. A sumptuous custom made clasp totaling 146 sparkling stones !<\/p>\n<p>Diamond quality : VS1 &#8211; VS2 Color EF Cut Excellent. Green Diamonds : Quality SI Cut Excellent. Purple Sapphires : Quality Excellent Color-tone Medium.<\/p>\n<p>Do not hesitate to contact me for your dream jewel !<\/p>\n","protected":false},"featured_media":39668,"template":"","meta":[],"product_brand":[],"product_cat":[376,369],"product_tag":[],"class_list":{"0":"post-39665","1":"product","2":"type-product","3":"status-publish","4":"has-post-thumbnail","6":"product_cat-necklaces-pendants","7":"product_cat-private-collection","9":"first","10":"instock","11":"taxable","12":"shipping-taxable","13":"product-type-simple"},"yoast_head":"<!-- This site is optimized with the Yoast SEO plugin v27.4 - https:\/\/yoast.com\/product\/yoast-seo-wordpress\/ -->\n<title>Tahitian Pearl Necklace &#8211; Caroline Savoie Joaillerie<\/title>\n<meta name=\"description\" content=\"The Tahitian Pearl Necklace, a majestic, sophisticated and refined jewel. An exclusive and timeless piece of jewelry, an unique and colorful piece of art.\" \/>\n<meta name=\"robots\" content=\"index, follow, max-snippet:-1, max-image-preview:large, max-video-preview:-1\" \/>\n<link rel=\"canonical\" href=\"https:\/\/carolinesavoiejoaillerie.com\/en\/produit\/tahitian-pearl-necklace\/\" \/>\n<meta property=\"og:locale\" content=\"en_US\" \/>\n<meta property=\"og:type\" content=\"article\" \/>\n<meta property=\"og:title\" content=\"Tahitian Pearl Necklace &#8211; Caroline Savoie Joaillerie\" \/>\n<meta property=\"og:description\" content=\"The Tahitian Pearl Necklace, a majestic, sophisticated and refined jewel. An exclusive and timeless piece of jewelry, an unique and colorful piece of art.\" \/>\n<meta property=\"og:url\" content=\"https:\/\/carolinesavoiejoaillerie.com\/en\/produit\/tahitian-pearl-necklace\/\" \/>\n<meta property=\"og:site_name\" content=\"Caroline Savoie Joaillerie\" \/>\n<meta property=\"article:publisher\" content=\"https:\/\/www.facebook.com\/carolinesavoiejoaillerie\/\" \/>\n<meta property=\"article:modified_time\" content=\"2026-01-28T17:11:47+00:00\" \/>\n<meta property=\"og:image\" content=\"https:\/\/carolinesavoiejoaillerie.com\/wp-content\/uploads\/2025\/02\/Caroline-Savoie-Joaillerie-Collier-Perles-Tahiti-or-Jaune-18k-Diamant-Vert-Saphir-Mauve-Bijoux-Sur-Mesure-Montreal-Quebec-1.jpg\" \/>\n\t<meta property=\"og:image:width\" content=\"2304\" \/>\n\t<meta property=\"og:image:height\" content=\"2304\" \/>\n\t<meta property=\"og:image:type\" content=\"image\/jpeg\" \/>\n<meta name=\"twitter:card\" content=\"summary_large_image\" \/>\n<meta name=\"twitter:label1\" content=\"Est. reading time\" \/>\n\t<meta name=\"twitter:data1\" content=\"1 minute\" \/>\n<script type=\"application\/ld+json\" class=\"yoast-schema-graph\">{\"@context\":\"https:\\\/\\\/schema.org\",\"@graph\":[{\"@type\":\"WebPage\",\"@id\":\"https:\\\/\\\/carolinesavoiejoaillerie.com\\\/en\\\/produit\\\/tahitian-pearl-necklace\\\/\",\"url\":\"https:\\\/\\\/carolinesavoiejoaillerie.com\\\/en\\\/produit\\\/tahitian-pearl-necklace\\\/\",\"name\":\"Tahitian Pearl Necklace &#8211; Caroline Savoie Joaillerie\",\"isPartOf\":{\"@id\":\"https:\\\/\\\/carolinesavoiejoaillerie.com\\\/en\\\/#website\"},\"primaryImageOfPage\":{\"@id\":\"https:\\\/\\\/carolinesavoiejoaillerie.com\\\/en\\\/produit\\\/tahitian-pearl-necklace\\\/#primaryimage\"},\"image\":{\"@id\":\"https:\\\/\\\/carolinesavoiejoaillerie.com\\\/en\\\/produit\\\/tahitian-pearl-necklace\\\/#primaryimage\"},\"thumbnailUrl\":\"https:\\\/\\\/carolinesavoiejoaillerie.com\\\/wp-content\\\/uploads\\\/2025\\\/02\\\/Caroline-Savoie-Joaillerie-Collier-Perles-Tahiti-or-Jaune-18k-Diamant-Vert-Saphir-Mauve-Bijoux-Sur-Mesure-Montreal-Quebec-1.jpg\",\"datePublished\":\"2025-02-15T15:49:33+00:00\",\"dateModified\":\"2026-01-28T17:11:47+00:00\",\"description\":\"The Tahitian Pearl Necklace, a majestic, sophisticated and refined jewel. An exclusive and timeless piece of jewelry, an unique and colorful piece of art.\",\"breadcrumb\":{\"@id\":\"https:\\\/\\\/carolinesavoiejoaillerie.com\\\/en\\\/produit\\\/tahitian-pearl-necklace\\\/#breadcrumb\"},\"inLanguage\":\"en-CA\",\"potentialAction\":[{\"@type\":\"ReadAction\",\"target\":[\"https:\\\/\\\/carolinesavoiejoaillerie.com\\\/en\\\/produit\\\/tahitian-pearl-necklace\\\/\"]}]},{\"@type\":\"ImageObject\",\"inLanguage\":\"en-CA\",\"@id\":\"https:\\\/\\\/carolinesavoiejoaillerie.com\\\/en\\\/produit\\\/tahitian-pearl-necklace\\\/#primaryimage\",\"url\":\"https:\\\/\\\/carolinesavoiejoaillerie.com\\\/wp-content\\\/uploads\\\/2025\\\/02\\\/Caroline-Savoie-Joaillerie-Collier-Perles-Tahiti-or-Jaune-18k-Diamant-Vert-Saphir-Mauve-Bijoux-Sur-Mesure-Montreal-Quebec-1.jpg\",\"contentUrl\":\"https:\\\/\\\/carolinesavoiejoaillerie.com\\\/wp-content\\\/uploads\\\/2025\\\/02\\\/Caroline-Savoie-Joaillerie-Collier-Perles-Tahiti-or-Jaune-18k-Diamant-Vert-Saphir-Mauve-Bijoux-Sur-Mesure-Montreal-Quebec-1.jpg\",\"width\":2304,\"height\":2304,\"caption\":\"Caroline Savoie Joaillerie Collier Perles Tahiti or Jaune 18k Diamant Vert Saphir Mauve Bijoux Sur Mesure Montreal Quebec (1)\"},{\"@type\":\"BreadcrumbList\",\"@id\":\"https:\\\/\\\/carolinesavoiejoaillerie.com\\\/en\\\/produit\\\/tahitian-pearl-necklace\\\/#breadcrumb\",\"itemListElement\":[{\"@type\":\"ListItem\",\"position\":1,\"name\":\"Accueil\",\"item\":\"https:\\\/\\\/carolinesavoiejoaillerie.com\\\/en\\\/\"},{\"@type\":\"ListItem\",\"position\":2,\"name\":\"Shop\",\"item\":\"https:\\\/\\\/carolinesavoiejoaillerie.com\\\/en\\\/shop\\\/\"},{\"@type\":\"ListItem\",\"position\":3,\"name\":\"Tahitian Pearl Necklace\"}]},{\"@type\":\"WebSite\",\"@id\":\"https:\\\/\\\/carolinesavoiejoaillerie.com\\\/en\\\/#website\",\"url\":\"https:\\\/\\\/carolinesavoiejoaillerie.com\\\/en\\\/\",\"name\":\"Caroline Savoie Joaillerie\",\"description\":\"Bijoux fabriqu\u00e9s \u00e0 la main, au Qu\u00e9bec\",\"publisher\":{\"@id\":\"https:\\\/\\\/carolinesavoiejoaillerie.com\\\/en\\\/#organization\"},\"potentialAction\":[{\"@type\":\"SearchAction\",\"target\":{\"@type\":\"EntryPoint\",\"urlTemplate\":\"https:\\\/\\\/carolinesavoiejoaillerie.com\\\/en\\\/?s={search_term_string}\"},\"query-input\":{\"@type\":\"PropertyValueSpecification\",\"valueRequired\":true,\"valueName\":\"search_term_string\"}}],\"inLanguage\":\"en-CA\"},{\"@type\":\"Organization\",\"@id\":\"https:\\\/\\\/carolinesavoiejoaillerie.com\\\/en\\\/#organization\",\"name\":\"Caroline Savoie\",\"url\":\"https:\\\/\\\/carolinesavoiejoaillerie.com\\\/en\\\/\",\"logo\":{\"@type\":\"ImageObject\",\"inLanguage\":\"en-CA\",\"@id\":\"https:\\\/\\\/carolinesavoiejoaillerie.com\\\/en\\\/#\\\/schema\\\/logo\\\/image\\\/\",\"url\":\"https:\\\/\\\/carolinesavoiejoaillerie.com\\\/wp-content\\\/uploads\\\/2017\\\/10\\\/CarolineSavoieLogoBlancSurNoirSquare-e1508601602913.png\",\"contentUrl\":\"https:\\\/\\\/carolinesavoiejoaillerie.com\\\/wp-content\\\/uploads\\\/2017\\\/10\\\/CarolineSavoieLogoBlancSurNoirSquare-e1508601602913.png\",\"width\":600,\"height\":599,\"caption\":\"Caroline Savoie\"},\"image\":{\"@id\":\"https:\\\/\\\/carolinesavoiejoaillerie.com\\\/en\\\/#\\\/schema\\\/logo\\\/image\\\/\"},\"sameAs\":[\"https:\\\/\\\/www.facebook.com\\\/carolinesavoiejoaillerie\\\/\",\"https:\\\/\\\/www.instagram.com\\\/caroline_savoie_joaillerie\\\/\",\"https:\\\/\\\/www.pinterest.com\\\/CSjoaillerie\\\/?eq=caroline savoie&amp;amp;amp;amp;amp;amp;etslf=NaN\"]}]}<\/script>\n<!-- \/ Yoast SEO plugin. -->","yoast_head_json":{"title":"Tahitian Pearl Necklace &#8211; Caroline Savoie Joaillerie","description":"The Tahitian Pearl Necklace, a majestic, sophisticated and refined jewel. An exclusive and timeless piece of jewelry, an unique and colorful piece of art.","robots":{"index":"index","follow":"follow","max-snippet":"max-snippet:-1","max-image-preview":"max-image-preview:large","max-video-preview":"max-video-preview:-1"},"canonical":"https:\/\/carolinesavoiejoaillerie.com\/en\/produit\/tahitian-pearl-necklace\/","og_locale":"en_US","og_type":"article","og_title":"Tahitian Pearl Necklace &#8211; Caroline Savoie Joaillerie","og_description":"The Tahitian Pearl Necklace, a majestic, sophisticated and refined jewel. An exclusive and timeless piece of jewelry, an unique and colorful piece of art.","og_url":"https:\/\/carolinesavoiejoaillerie.com\/en\/produit\/tahitian-pearl-necklace\/","og_site_name":"Caroline Savoie Joaillerie","article_publisher":"https:\/\/www.facebook.com\/carolinesavoiejoaillerie\/","article_modified_time":"2026-01-28T17:11:47+00:00","og_image":[{"width":2304,"height":2304,"url":"https:\/\/carolinesavoiejoaillerie.com\/wp-content\/uploads\/2025\/02\/Caroline-Savoie-Joaillerie-Collier-Perles-Tahiti-or-Jaune-18k-Diamant-Vert-Saphir-Mauve-Bijoux-Sur-Mesure-Montreal-Quebec-1.jpg","type":"image\/jpeg"}],"twitter_card":"summary_large_image","twitter_misc":{"Est. reading time":"1 minute"},"schema":{"@context":"https:\/\/schema.org","@graph":[{"@type":"WebPage","@id":"https:\/\/carolinesavoiejoaillerie.com\/en\/produit\/tahitian-pearl-necklace\/","url":"https:\/\/carolinesavoiejoaillerie.com\/en\/produit\/tahitian-pearl-necklace\/","name":"Tahitian Pearl Necklace &#8211; Caroline Savoie Joaillerie","isPartOf":{"@id":"https:\/\/carolinesavoiejoaillerie.com\/en\/#website"},"primaryImageOfPage":{"@id":"https:\/\/carolinesavoiejoaillerie.com\/en\/produit\/tahitian-pearl-necklace\/#primaryimage"},"image":{"@id":"https:\/\/carolinesavoiejoaillerie.com\/en\/produit\/tahitian-pearl-necklace\/#primaryimage"},"thumbnailUrl":"https:\/\/carolinesavoiejoaillerie.com\/wp-content\/uploads\/2025\/02\/Caroline-Savoie-Joaillerie-Collier-Perles-Tahiti-or-Jaune-18k-Diamant-Vert-Saphir-Mauve-Bijoux-Sur-Mesure-Montreal-Quebec-1.jpg","datePublished":"2025-02-15T15:49:33+00:00","dateModified":"2026-01-28T17:11:47+00:00","description":"The Tahitian Pearl Necklace, a majestic, sophisticated and refined jewel. An exclusive and timeless piece of jewelry, an unique and colorful piece of art.","breadcrumb":{"@id":"https:\/\/carolinesavoiejoaillerie.com\/en\/produit\/tahitian-pearl-necklace\/#breadcrumb"},"inLanguage":"en-CA","potentialAction":[{"@type":"ReadAction","target":["https:\/\/carolinesavoiejoaillerie.com\/en\/produit\/tahitian-pearl-necklace\/"]}]},{"@type":"ImageObject","inLanguage":"en-CA","@id":"https:\/\/carolinesavoiejoaillerie.com\/en\/produit\/tahitian-pearl-necklace\/#primaryimage","url":"https:\/\/carolinesavoiejoaillerie.com\/wp-content\/uploads\/2025\/02\/Caroline-Savoie-Joaillerie-Collier-Perles-Tahiti-or-Jaune-18k-Diamant-Vert-Saphir-Mauve-Bijoux-Sur-Mesure-Montreal-Quebec-1.jpg","contentUrl":"https:\/\/carolinesavoiejoaillerie.com\/wp-content\/uploads\/2025\/02\/Caroline-Savoie-Joaillerie-Collier-Perles-Tahiti-or-Jaune-18k-Diamant-Vert-Saphir-Mauve-Bijoux-Sur-Mesure-Montreal-Quebec-1.jpg","width":2304,"height":2304,"caption":"Caroline Savoie Joaillerie Collier Perles Tahiti or Jaune 18k Diamant Vert Saphir Mauve Bijoux Sur Mesure Montreal Quebec (1)"},{"@type":"BreadcrumbList","@id":"https:\/\/carolinesavoiejoaillerie.com\/en\/produit\/tahitian-pearl-necklace\/#breadcrumb","itemListElement":[{"@type":"ListItem","position":1,"name":"Accueil","item":"https:\/\/carolinesavoiejoaillerie.com\/en\/"},{"@type":"ListItem","position":2,"name":"Shop","item":"https:\/\/carolinesavoiejoaillerie.com\/en\/shop\/"},{"@type":"ListItem","position":3,"name":"Tahitian Pearl Necklace"}]},{"@type":"WebSite","@id":"https:\/\/carolinesavoiejoaillerie.com\/en\/#website","url":"https:\/\/carolinesavoiejoaillerie.com\/en\/","name":"Caroline Savoie Joaillerie","description":"Bijoux fabriqu\u00e9s \u00e0 la main, au Qu\u00e9bec","publisher":{"@id":"https:\/\/carolinesavoiejoaillerie.com\/en\/#organization"},"potentialAction":[{"@type":"SearchAction","target":{"@type":"EntryPoint","urlTemplate":"https:\/\/carolinesavoiejoaillerie.com\/en\/?s={search_term_string}"},"query-input":{"@type":"PropertyValueSpecification","valueRequired":true,"valueName":"search_term_string"}}],"inLanguage":"en-CA"},{"@type":"Organization","@id":"https:\/\/carolinesavoiejoaillerie.com\/en\/#organization","name":"Caroline Savoie","url":"https:\/\/carolinesavoiejoaillerie.com\/en\/","logo":{"@type":"ImageObject","inLanguage":"en-CA","@id":"https:\/\/carolinesavoiejoaillerie.com\/en\/#\/schema\/logo\/image\/","url":"https:\/\/carolinesavoiejoaillerie.com\/wp-content\/uploads\/2017\/10\/CarolineSavoieLogoBlancSurNoirSquare-e1508601602913.png","contentUrl":"https:\/\/carolinesavoiejoaillerie.com\/wp-content\/uploads\/2017\/10\/CarolineSavoieLogoBlancSurNoirSquare-e1508601602913.png","width":600,"height":599,"caption":"Caroline Savoie"},"image":{"@id":"https:\/\/carolinesavoiejoaillerie.com\/en\/#\/schema\/logo\/image\/"},"sameAs":["https:\/\/www.facebook.com\/carolinesavoiejoaillerie\/","https:\/\/www.instagram.com\/caroline_savoie_joaillerie\/","https:\/\/www.pinterest.com\/CSjoaillerie\/?eq=caroline savoie&amp;amp;amp;amp;amp;amp;etslf=NaN"]}]}},"_links":{"self":[{"href":"https:\/\/carolinesavoiejoaillerie.com\/en\/wp-json\/wp\/v2\/product\/39665","targetHints":{"allow":["GET"]}}],"collection":[{"href":"https:\/\/carolinesavoiejoaillerie.com\/en\/wp-json\/wp\/v2\/product"}],"about":[{"href":"https:\/\/carolinesavoiejoaillerie.com\/en\/wp-json\/wp\/v2\/types\/product"}],"wp:featuredmedia":[{"embeddable":true,"href":"https:\/\/carolinesavoiejoaillerie.com\/en\/wp-json\/wp\/v2\/media\/39668"}],"wp:attachment":[{"href":"https:\/\/carolinesavoiejoaillerie.com\/en\/wp-json\/wp\/v2\/media?parent=39665"}],"wp:term":[{"taxonomy":"product_brand","embeddable":true,"href":"https:\/\/carolinesavoiejoaillerie.com\/en\/wp-json\/wp\/v2\/product_brand?post=39665"},{"taxonomy":"product_cat","embeddable":true,"href":"https:\/\/carolinesavoiejoaillerie.com\/en\/wp-json\/wp\/v2\/product_cat?post=39665"},{"taxonomy":"product_tag","embeddable":true,"href":"https:\/\/carolinesavoiejoaillerie.com\/en\/wp-json\/wp\/v2\/product_tag?post=39665"}],"curies":[{"name":"wp","href":"https:\/\/api.w.org\/{rel}","templated":true}]}}