{"id":39463,"date":"2024-12-03T12:36:19","date_gmt":"2024-12-03T17:36:19","guid":{"rendered":"https:\/\/carolinesavoiejoaillerie.com\/?post_type=product&#038;p=39463"},"modified":"2024-12-03T12:47:15","modified_gmt":"2024-12-03T17:47:15","slug":"green-luxury-imperial-ring","status":"publish","type":"product","link":"https:\/\/carolinesavoiejoaillerie.com\/en\/produit\/green-luxury-imperial-ring\/","title":{"rendered":"Green Luxury Imperial Ring"},"content":{"rendered":"<p>The Green Luxury Imperial ring is perfect to be worn everyday. An elegant, contemporary and refreshing ring of splendor and infinite power.<\/p>\n<p><span title=\"\">Entirely handmade by a passionate Montreal based jeweller.<\/span><\/p>\n<p><span title=\"\">Dimensions<\/span><\/p>\n<ul>\n<li>The standard width of the ring is 15 mm<\/li>\n<li>Each Imperial ring is unique<\/li>\n<li>The Imperial Candy ring can be made wider or thinner, with a single or double pav\u00e9 strip. The price will vary accordingly<\/li>\n<li>Each ring is adjusted according to the size of your finger<\/li>\n<li>It weighs about 15 grams<\/li>\n<\/ul>\n","protected":false},"excerpt":{"rendered":"<p>The <em>Green Luxury Imperial<\/em>\u00a0ring is inspired by the defined and colorful lines of rainbows. Festive and shimmering, this jewel will amaze your imagination. Of divine royalty, this modern and stylish ring is full of fantasy. With its sparkling lines, it is synonymous of abundance and prosperity.<\/p>\n<p>The ring is made 925 sterling silver set with 6 tsavorites totaling 0.60 carat. The stones are set in a row of pav\u00e9 to create a refreshing mint flavored line which will bring you luck like the four-leaf clover.<\/p>\n<p><a href=\"http:\/\/carolinesavoiejoaillerie.com\/wp-content\/uploads\/2017\/11\/E\u0301chelle-et-baguier.pdf\" target=\"blank\" rel=\"noopener noreferrer\"><u>Consult the size chart<\/u><\/a><\/p>\n","protected":false},"featured_media":39403,"template":"","meta":[],"product_brand":[],"product_cat":[2849,354],"product_tag":[],"class_list":{"0":"post-39463","1":"product","2":"type-product","3":"status-publish","4":"has-post-thumbnail","6":"product_cat-imperial","7":"product_cat-rings","9":"first","10":"instock","11":"taxable","12":"shipping-taxable","13":"purchasable","14":"product-type-variable"},"yoast_head":"<!-- This site is optimized with the Yoast SEO plugin v27.3 - https:\/\/yoast.com\/product\/yoast-seo-wordpress\/ -->\n<title>Green Luxury Imperial Ring &#8211; Caroline Savoie Joaillerie<\/title>\n<meta name=\"description\" content=\"The Green Luxury Imperial ring, a rich, colorful and elegant piece of jewelry. Both classic and contemporary. Refined with an edge\" \/>\n<meta name=\"robots\" content=\"index, follow, max-snippet:-1, max-image-preview:large, max-video-preview:-1\" \/>\n<link rel=\"canonical\" href=\"https:\/\/carolinesavoiejoaillerie.com\/en\/produit\/green-luxury-imperial-ring\/\" \/>\n<meta property=\"og:locale\" content=\"en_US\" \/>\n<meta property=\"og:type\" content=\"article\" \/>\n<meta property=\"og:title\" content=\"Green Luxury Imperial Ring &#8211; Caroline Savoie Joaillerie\" \/>\n<meta property=\"og:description\" content=\"The Green Luxury Imperial ring, a rich, colorful and elegant piece of jewelry. Both classic and contemporary. Refined with an edge\" \/>\n<meta property=\"og:url\" content=\"https:\/\/carolinesavoiejoaillerie.com\/en\/produit\/green-luxury-imperial-ring\/\" \/>\n<meta property=\"og:site_name\" content=\"Caroline Savoie Joaillerie\" \/>\n<meta property=\"article:publisher\" content=\"https:\/\/www.facebook.com\/carolinesavoiejoaillerie\/\" \/>\n<meta property=\"article:modified_time\" content=\"2024-12-03T17:47:15+00:00\" \/>\n<meta property=\"og:image\" content=\"https:\/\/carolinesavoiejoaillerie.com\/wp-content\/uploads\/2024\/12\/Caroline-Savoie-Joaillerie-Bague-Imperiale-Luxe-Verte-Tsavorite-Bijoux-Faits-Main-Montreal-Quebec-1.jpg\" \/>\n\t<meta property=\"og:image:width\" content=\"1727\" \/>\n\t<meta property=\"og:image:height\" content=\"1727\" \/>\n\t<meta property=\"og:image:type\" content=\"image\/jpeg\" \/>\n<meta name=\"twitter:card\" content=\"summary_large_image\" \/>\n<meta name=\"twitter:label1\" content=\"Est. reading time\" \/>\n\t<meta name=\"twitter:data1\" content=\"1 minute\" \/>\n<script type=\"application\/ld+json\" class=\"yoast-schema-graph\">{\"@context\":\"https:\\\/\\\/schema.org\",\"@graph\":[{\"@type\":\"WebPage\",\"@id\":\"https:\\\/\\\/carolinesavoiejoaillerie.com\\\/en\\\/produit\\\/green-luxury-imperial-ring\\\/\",\"url\":\"https:\\\/\\\/carolinesavoiejoaillerie.com\\\/en\\\/produit\\\/green-luxury-imperial-ring\\\/\",\"name\":\"Green Luxury Imperial Ring &#8211; Caroline Savoie Joaillerie\",\"isPartOf\":{\"@id\":\"https:\\\/\\\/carolinesavoiejoaillerie.com\\\/en\\\/#website\"},\"primaryImageOfPage\":{\"@id\":\"https:\\\/\\\/carolinesavoiejoaillerie.com\\\/en\\\/produit\\\/green-luxury-imperial-ring\\\/#primaryimage\"},\"image\":{\"@id\":\"https:\\\/\\\/carolinesavoiejoaillerie.com\\\/en\\\/produit\\\/green-luxury-imperial-ring\\\/#primaryimage\"},\"thumbnailUrl\":\"https:\\\/\\\/carolinesavoiejoaillerie.com\\\/wp-content\\\/uploads\\\/2024\\\/12\\\/Caroline-Savoie-Joaillerie-Bague-Imperiale-Luxe-Verte-Tsavorite-Bijoux-Faits-Main-Montreal-Quebec-1.jpg\",\"datePublished\":\"2024-12-03T17:36:19+00:00\",\"dateModified\":\"2024-12-03T17:47:15+00:00\",\"description\":\"The Green Luxury Imperial ring, a rich, colorful and elegant piece of jewelry. Both classic and contemporary. Refined with an edge\",\"breadcrumb\":{\"@id\":\"https:\\\/\\\/carolinesavoiejoaillerie.com\\\/en\\\/produit\\\/green-luxury-imperial-ring\\\/#breadcrumb\"},\"inLanguage\":\"en-CA\",\"potentialAction\":[{\"@type\":\"ReadAction\",\"target\":[\"https:\\\/\\\/carolinesavoiejoaillerie.com\\\/en\\\/produit\\\/green-luxury-imperial-ring\\\/\"]}]},{\"@type\":\"ImageObject\",\"inLanguage\":\"en-CA\",\"@id\":\"https:\\\/\\\/carolinesavoiejoaillerie.com\\\/en\\\/produit\\\/green-luxury-imperial-ring\\\/#primaryimage\",\"url\":\"https:\\\/\\\/carolinesavoiejoaillerie.com\\\/wp-content\\\/uploads\\\/2024\\\/12\\\/Caroline-Savoie-Joaillerie-Bague-Imperiale-Luxe-Verte-Tsavorite-Bijoux-Faits-Main-Montreal-Quebec-1.jpg\",\"contentUrl\":\"https:\\\/\\\/carolinesavoiejoaillerie.com\\\/wp-content\\\/uploads\\\/2024\\\/12\\\/Caroline-Savoie-Joaillerie-Bague-Imperiale-Luxe-Verte-Tsavorite-Bijoux-Faits-Main-Montreal-Quebec-1.jpg\",\"width\":1727,\"height\":1727,\"caption\":\"Caroline Savoie Joaillerie Bague Imperiale Luxe Verte Tsavorite Bijoux Faits Main Montreal Quebec (1)\"},{\"@type\":\"BreadcrumbList\",\"@id\":\"https:\\\/\\\/carolinesavoiejoaillerie.com\\\/en\\\/produit\\\/green-luxury-imperial-ring\\\/#breadcrumb\",\"itemListElement\":[{\"@type\":\"ListItem\",\"position\":1,\"name\":\"Accueil\",\"item\":\"https:\\\/\\\/carolinesavoiejoaillerie.com\\\/en\\\/\"},{\"@type\":\"ListItem\",\"position\":2,\"name\":\"Shop\",\"item\":\"https:\\\/\\\/carolinesavoiejoaillerie.com\\\/en\\\/shop\\\/\"},{\"@type\":\"ListItem\",\"position\":3,\"name\":\"Green Luxury Imperial Ring\"}]},{\"@type\":\"WebSite\",\"@id\":\"https:\\\/\\\/carolinesavoiejoaillerie.com\\\/en\\\/#website\",\"url\":\"https:\\\/\\\/carolinesavoiejoaillerie.com\\\/en\\\/\",\"name\":\"Caroline Savoie Joaillerie\",\"description\":\"Bijoux fabriqu\u00e9s \u00e0 la main, au Qu\u00e9bec\",\"publisher\":{\"@id\":\"https:\\\/\\\/carolinesavoiejoaillerie.com\\\/en\\\/#organization\"},\"potentialAction\":[{\"@type\":\"SearchAction\",\"target\":{\"@type\":\"EntryPoint\",\"urlTemplate\":\"https:\\\/\\\/carolinesavoiejoaillerie.com\\\/en\\\/?s={search_term_string}\"},\"query-input\":{\"@type\":\"PropertyValueSpecification\",\"valueRequired\":true,\"valueName\":\"search_term_string\"}}],\"inLanguage\":\"en-CA\"},{\"@type\":\"Organization\",\"@id\":\"https:\\\/\\\/carolinesavoiejoaillerie.com\\\/en\\\/#organization\",\"name\":\"Caroline Savoie\",\"url\":\"https:\\\/\\\/carolinesavoiejoaillerie.com\\\/en\\\/\",\"logo\":{\"@type\":\"ImageObject\",\"inLanguage\":\"en-CA\",\"@id\":\"https:\\\/\\\/carolinesavoiejoaillerie.com\\\/en\\\/#\\\/schema\\\/logo\\\/image\\\/\",\"url\":\"https:\\\/\\\/carolinesavoiejoaillerie.com\\\/wp-content\\\/uploads\\\/2017\\\/10\\\/CarolineSavoieLogoBlancSurNoirSquare-e1508601602913.png\",\"contentUrl\":\"https:\\\/\\\/carolinesavoiejoaillerie.com\\\/wp-content\\\/uploads\\\/2017\\\/10\\\/CarolineSavoieLogoBlancSurNoirSquare-e1508601602913.png\",\"width\":600,\"height\":599,\"caption\":\"Caroline Savoie\"},\"image\":{\"@id\":\"https:\\\/\\\/carolinesavoiejoaillerie.com\\\/en\\\/#\\\/schema\\\/logo\\\/image\\\/\"},\"sameAs\":[\"https:\\\/\\\/www.facebook.com\\\/carolinesavoiejoaillerie\\\/\",\"https:\\\/\\\/www.instagram.com\\\/caroline_savoie_joaillerie\\\/\",\"https:\\\/\\\/www.pinterest.com\\\/CSjoaillerie\\\/?eq=caroline savoie&amp;amp;amp;amp;amp;amp;etslf=NaN\"]}]}<\/script>\n<!-- \/ Yoast SEO plugin. -->","yoast_head_json":{"title":"Green Luxury Imperial Ring &#8211; Caroline Savoie Joaillerie","description":"The Green Luxury Imperial ring, a rich, colorful and elegant piece of jewelry. Both classic and contemporary. Refined with an edge","robots":{"index":"index","follow":"follow","max-snippet":"max-snippet:-1","max-image-preview":"max-image-preview:large","max-video-preview":"max-video-preview:-1"},"canonical":"https:\/\/carolinesavoiejoaillerie.com\/en\/produit\/green-luxury-imperial-ring\/","og_locale":"en_US","og_type":"article","og_title":"Green Luxury Imperial Ring &#8211; Caroline Savoie Joaillerie","og_description":"The Green Luxury Imperial ring, a rich, colorful and elegant piece of jewelry. Both classic and contemporary. Refined with an edge","og_url":"https:\/\/carolinesavoiejoaillerie.com\/en\/produit\/green-luxury-imperial-ring\/","og_site_name":"Caroline Savoie Joaillerie","article_publisher":"https:\/\/www.facebook.com\/carolinesavoiejoaillerie\/","article_modified_time":"2024-12-03T17:47:15+00:00","og_image":[{"width":1727,"height":1727,"url":"https:\/\/carolinesavoiejoaillerie.com\/wp-content\/uploads\/2024\/12\/Caroline-Savoie-Joaillerie-Bague-Imperiale-Luxe-Verte-Tsavorite-Bijoux-Faits-Main-Montreal-Quebec-1.jpg","type":"image\/jpeg"}],"twitter_card":"summary_large_image","twitter_misc":{"Est. reading time":"1 minute"},"schema":{"@context":"https:\/\/schema.org","@graph":[{"@type":"WebPage","@id":"https:\/\/carolinesavoiejoaillerie.com\/en\/produit\/green-luxury-imperial-ring\/","url":"https:\/\/carolinesavoiejoaillerie.com\/en\/produit\/green-luxury-imperial-ring\/","name":"Green Luxury Imperial Ring &#8211; Caroline Savoie Joaillerie","isPartOf":{"@id":"https:\/\/carolinesavoiejoaillerie.com\/en\/#website"},"primaryImageOfPage":{"@id":"https:\/\/carolinesavoiejoaillerie.com\/en\/produit\/green-luxury-imperial-ring\/#primaryimage"},"image":{"@id":"https:\/\/carolinesavoiejoaillerie.com\/en\/produit\/green-luxury-imperial-ring\/#primaryimage"},"thumbnailUrl":"https:\/\/carolinesavoiejoaillerie.com\/wp-content\/uploads\/2024\/12\/Caroline-Savoie-Joaillerie-Bague-Imperiale-Luxe-Verte-Tsavorite-Bijoux-Faits-Main-Montreal-Quebec-1.jpg","datePublished":"2024-12-03T17:36:19+00:00","dateModified":"2024-12-03T17:47:15+00:00","description":"The Green Luxury Imperial ring, a rich, colorful and elegant piece of jewelry. Both classic and contemporary. Refined with an edge","breadcrumb":{"@id":"https:\/\/carolinesavoiejoaillerie.com\/en\/produit\/green-luxury-imperial-ring\/#breadcrumb"},"inLanguage":"en-CA","potentialAction":[{"@type":"ReadAction","target":["https:\/\/carolinesavoiejoaillerie.com\/en\/produit\/green-luxury-imperial-ring\/"]}]},{"@type":"ImageObject","inLanguage":"en-CA","@id":"https:\/\/carolinesavoiejoaillerie.com\/en\/produit\/green-luxury-imperial-ring\/#primaryimage","url":"https:\/\/carolinesavoiejoaillerie.com\/wp-content\/uploads\/2024\/12\/Caroline-Savoie-Joaillerie-Bague-Imperiale-Luxe-Verte-Tsavorite-Bijoux-Faits-Main-Montreal-Quebec-1.jpg","contentUrl":"https:\/\/carolinesavoiejoaillerie.com\/wp-content\/uploads\/2024\/12\/Caroline-Savoie-Joaillerie-Bague-Imperiale-Luxe-Verte-Tsavorite-Bijoux-Faits-Main-Montreal-Quebec-1.jpg","width":1727,"height":1727,"caption":"Caroline Savoie Joaillerie Bague Imperiale Luxe Verte Tsavorite Bijoux Faits Main Montreal Quebec (1)"},{"@type":"BreadcrumbList","@id":"https:\/\/carolinesavoiejoaillerie.com\/en\/produit\/green-luxury-imperial-ring\/#breadcrumb","itemListElement":[{"@type":"ListItem","position":1,"name":"Accueil","item":"https:\/\/carolinesavoiejoaillerie.com\/en\/"},{"@type":"ListItem","position":2,"name":"Shop","item":"https:\/\/carolinesavoiejoaillerie.com\/en\/shop\/"},{"@type":"ListItem","position":3,"name":"Green Luxury Imperial Ring"}]},{"@type":"WebSite","@id":"https:\/\/carolinesavoiejoaillerie.com\/en\/#website","url":"https:\/\/carolinesavoiejoaillerie.com\/en\/","name":"Caroline Savoie Joaillerie","description":"Bijoux fabriqu\u00e9s \u00e0 la main, au Qu\u00e9bec","publisher":{"@id":"https:\/\/carolinesavoiejoaillerie.com\/en\/#organization"},"potentialAction":[{"@type":"SearchAction","target":{"@type":"EntryPoint","urlTemplate":"https:\/\/carolinesavoiejoaillerie.com\/en\/?s={search_term_string}"},"query-input":{"@type":"PropertyValueSpecification","valueRequired":true,"valueName":"search_term_string"}}],"inLanguage":"en-CA"},{"@type":"Organization","@id":"https:\/\/carolinesavoiejoaillerie.com\/en\/#organization","name":"Caroline Savoie","url":"https:\/\/carolinesavoiejoaillerie.com\/en\/","logo":{"@type":"ImageObject","inLanguage":"en-CA","@id":"https:\/\/carolinesavoiejoaillerie.com\/en\/#\/schema\/logo\/image\/","url":"https:\/\/carolinesavoiejoaillerie.com\/wp-content\/uploads\/2017\/10\/CarolineSavoieLogoBlancSurNoirSquare-e1508601602913.png","contentUrl":"https:\/\/carolinesavoiejoaillerie.com\/wp-content\/uploads\/2017\/10\/CarolineSavoieLogoBlancSurNoirSquare-e1508601602913.png","width":600,"height":599,"caption":"Caroline Savoie"},"image":{"@id":"https:\/\/carolinesavoiejoaillerie.com\/en\/#\/schema\/logo\/image\/"},"sameAs":["https:\/\/www.facebook.com\/carolinesavoiejoaillerie\/","https:\/\/www.instagram.com\/caroline_savoie_joaillerie\/","https:\/\/www.pinterest.com\/CSjoaillerie\/?eq=caroline savoie&amp;amp;amp;amp;amp;amp;etslf=NaN"]}]}},"_links":{"self":[{"href":"https:\/\/carolinesavoiejoaillerie.com\/en\/wp-json\/wp\/v2\/product\/39463","targetHints":{"allow":["GET"]}}],"collection":[{"href":"https:\/\/carolinesavoiejoaillerie.com\/en\/wp-json\/wp\/v2\/product"}],"about":[{"href":"https:\/\/carolinesavoiejoaillerie.com\/en\/wp-json\/wp\/v2\/types\/product"}],"wp:featuredmedia":[{"embeddable":true,"href":"https:\/\/carolinesavoiejoaillerie.com\/en\/wp-json\/wp\/v2\/media\/39403"}],"wp:attachment":[{"href":"https:\/\/carolinesavoiejoaillerie.com\/en\/wp-json\/wp\/v2\/media?parent=39463"}],"wp:term":[{"taxonomy":"product_brand","embeddable":true,"href":"https:\/\/carolinesavoiejoaillerie.com\/en\/wp-json\/wp\/v2\/product_brand?post=39463"},{"taxonomy":"product_cat","embeddable":true,"href":"https:\/\/carolinesavoiejoaillerie.com\/en\/wp-json\/wp\/v2\/product_cat?post=39463"},{"taxonomy":"product_tag","embeddable":true,"href":"https:\/\/carolinesavoiejoaillerie.com\/en\/wp-json\/wp\/v2\/product_tag?post=39463"}],"curies":[{"name":"wp","href":"https:\/\/api.w.org\/{rel}","templated":true}]}}