{"id":38642,"date":"2024-10-01T14:51:07","date_gmt":"2024-10-01T18:51:07","guid":{"rendered":"https:\/\/carolinesavoiejoaillerie.com\/?post_type=product&#038;p=38642"},"modified":"2024-11-20T18:24:27","modified_gmt":"2024-11-20T23:24:27","slug":"imperial-tahitian-pearl-pendant","status":"publish","type":"product","link":"https:\/\/carolinesavoiejoaillerie.com\/en\/produit\/imperial-tahitian-pearl-pendant\/","title":{"rendered":"Imperial Tahitian Pearl Pendant"},"content":{"rendered":"<p>The Imperial Tahitian Pearl pendant is perfect to be worn every day. An elegant and contemporary pendant, with a refined somber refreshing touch.<\/p>\n<p>Handmade by a passionate Montreal based jeweller.<\/p>\n<p>Dimensions<\/p>\n<ul>\n<li>The length of the pendant is 31 mm and the width is 19 mm<\/li>\n<li>It weighs about 14 grams<\/li>\n<\/ul>\n","protected":false},"excerpt":{"rendered":"<p>The <em>Imperial Tahitian Pearl <\/em>pendant is inspired by the possible infinity of the wire and the eternal beauty of the pearl. A combination of modern and classic. From royalty to divinity, this stylish pendant is simply graceful and offers a little dark side of the most sophisticated.<\/p>\n<p>The pendant is made in 925 sterling silver garnished with a sublime 13 mm &#8211; 14 mm pear shape tahitian pearl with on a 24 inch long wheat style chain also in 925 sterling silver. * Note that each pearl is unique and of natural color.<\/p>\n","protected":false},"featured_media":38946,"template":"","meta":[],"product_brand":[],"product_cat":[2849,376],"product_tag":[],"class_list":{"0":"post-38642","1":"product","2":"type-product","3":"status-publish","4":"has-post-thumbnail","6":"product_cat-imperial","7":"product_cat-necklaces-pendants","9":"first","10":"instock","11":"taxable","12":"shipping-taxable","13":"purchasable","14":"product-type-simple"},"yoast_head":"<!-- This site is optimized with the Yoast SEO plugin v27.4 - https:\/\/yoast.com\/product\/yoast-seo-wordpress\/ -->\n<title>Imperial Tahitian Pearl Pendant &#8211; Caroline Savoie Joaillerie<\/title>\n<meta name=\"description\" content=\"The Imperial Tahitian Pearl Pendant, both classic and contemporary. A chic, stylish and elegant necklace . Refined with an edge\" \/>\n<meta name=\"robots\" content=\"index, follow, max-snippet:-1, max-image-preview:large, max-video-preview:-1\" \/>\n<link rel=\"canonical\" href=\"https:\/\/carolinesavoiejoaillerie.com\/en\/produit\/imperial-tahitian-pearl-pendant\/\" \/>\n<meta property=\"og:locale\" content=\"en_US\" \/>\n<meta property=\"og:type\" content=\"article\" \/>\n<meta property=\"og:title\" content=\"Imperial Tahitian Pearl Pendant &#8211; Caroline Savoie Joaillerie\" \/>\n<meta property=\"og:description\" content=\"The Imperial Tahitian Pearl Pendant, both classic and contemporary. A chic, stylish and elegant necklace . Refined with an edge\" \/>\n<meta property=\"og:url\" content=\"https:\/\/carolinesavoiejoaillerie.com\/en\/produit\/imperial-tahitian-pearl-pendant\/\" \/>\n<meta property=\"og:site_name\" content=\"Caroline Savoie Joaillerie\" \/>\n<meta property=\"article:publisher\" content=\"https:\/\/www.facebook.com\/carolinesavoiejoaillerie\/\" \/>\n<meta property=\"article:modified_time\" content=\"2024-11-20T23:24:27+00:00\" \/>\n<meta property=\"og:image\" content=\"https:\/\/carolinesavoiejoaillerie.com\/wp-content\/uploads\/2024\/11\/Caroline-Savoie-Joaillerie-Pendentif-Perle-De-Tahiti-Imperiale-Bijoux-Montreal-Quebec-Collier-Noir-2.jpg\" \/>\n\t<meta property=\"og:image:width\" content=\"2089\" \/>\n\t<meta property=\"og:image:height\" content=\"2089\" \/>\n\t<meta property=\"og:image:type\" content=\"image\/jpeg\" \/>\n<meta name=\"twitter:card\" content=\"summary_large_image\" \/>\n<meta name=\"twitter:label1\" content=\"Est. reading time\" \/>\n\t<meta name=\"twitter:data1\" content=\"1 minute\" \/>\n<script type=\"application\/ld+json\" class=\"yoast-schema-graph\">{\"@context\":\"https:\\\/\\\/schema.org\",\"@graph\":[{\"@type\":\"WebPage\",\"@id\":\"https:\\\/\\\/carolinesavoiejoaillerie.com\\\/en\\\/produit\\\/imperial-tahitian-pearl-pendant\\\/\",\"url\":\"https:\\\/\\\/carolinesavoiejoaillerie.com\\\/en\\\/produit\\\/imperial-tahitian-pearl-pendant\\\/\",\"name\":\"Imperial Tahitian Pearl Pendant &#8211; Caroline Savoie Joaillerie\",\"isPartOf\":{\"@id\":\"https:\\\/\\\/carolinesavoiejoaillerie.com\\\/en\\\/#website\"},\"primaryImageOfPage\":{\"@id\":\"https:\\\/\\\/carolinesavoiejoaillerie.com\\\/en\\\/produit\\\/imperial-tahitian-pearl-pendant\\\/#primaryimage\"},\"image\":{\"@id\":\"https:\\\/\\\/carolinesavoiejoaillerie.com\\\/en\\\/produit\\\/imperial-tahitian-pearl-pendant\\\/#primaryimage\"},\"thumbnailUrl\":\"https:\\\/\\\/carolinesavoiejoaillerie.com\\\/wp-content\\\/uploads\\\/2024\\\/11\\\/Caroline-Savoie-Joaillerie-Pendentif-Perle-De-Tahiti-Imperiale-Bijoux-Montreal-Quebec-Collier-Noir-2.jpg\",\"datePublished\":\"2024-10-01T18:51:07+00:00\",\"dateModified\":\"2024-11-20T23:24:27+00:00\",\"description\":\"The Imperial Tahitian Pearl Pendant, both classic and contemporary. A chic, stylish and elegant necklace . Refined with an edge\",\"breadcrumb\":{\"@id\":\"https:\\\/\\\/carolinesavoiejoaillerie.com\\\/en\\\/produit\\\/imperial-tahitian-pearl-pendant\\\/#breadcrumb\"},\"inLanguage\":\"en-CA\",\"potentialAction\":[{\"@type\":\"ReadAction\",\"target\":[\"https:\\\/\\\/carolinesavoiejoaillerie.com\\\/en\\\/produit\\\/imperial-tahitian-pearl-pendant\\\/\"]}]},{\"@type\":\"ImageObject\",\"inLanguage\":\"en-CA\",\"@id\":\"https:\\\/\\\/carolinesavoiejoaillerie.com\\\/en\\\/produit\\\/imperial-tahitian-pearl-pendant\\\/#primaryimage\",\"url\":\"https:\\\/\\\/carolinesavoiejoaillerie.com\\\/wp-content\\\/uploads\\\/2024\\\/11\\\/Caroline-Savoie-Joaillerie-Pendentif-Perle-De-Tahiti-Imperiale-Bijoux-Montreal-Quebec-Collier-Noir-2.jpg\",\"contentUrl\":\"https:\\\/\\\/carolinesavoiejoaillerie.com\\\/wp-content\\\/uploads\\\/2024\\\/11\\\/Caroline-Savoie-Joaillerie-Pendentif-Perle-De-Tahiti-Imperiale-Bijoux-Montreal-Quebec-Collier-Noir-2.jpg\",\"width\":2089,\"height\":2089,\"caption\":\"Caroline Savoie Joaillerie Pendentif Perle De Tahiti Imperiale Bijoux Montreal Quebec Collier Noir (2)\"},{\"@type\":\"BreadcrumbList\",\"@id\":\"https:\\\/\\\/carolinesavoiejoaillerie.com\\\/en\\\/produit\\\/imperial-tahitian-pearl-pendant\\\/#breadcrumb\",\"itemListElement\":[{\"@type\":\"ListItem\",\"position\":1,\"name\":\"Accueil\",\"item\":\"https:\\\/\\\/carolinesavoiejoaillerie.com\\\/en\\\/\"},{\"@type\":\"ListItem\",\"position\":2,\"name\":\"Shop\",\"item\":\"https:\\\/\\\/carolinesavoiejoaillerie.com\\\/en\\\/shop\\\/\"},{\"@type\":\"ListItem\",\"position\":3,\"name\":\"Imperial Tahitian Pearl Pendant\"}]},{\"@type\":\"WebSite\",\"@id\":\"https:\\\/\\\/carolinesavoiejoaillerie.com\\\/en\\\/#website\",\"url\":\"https:\\\/\\\/carolinesavoiejoaillerie.com\\\/en\\\/\",\"name\":\"Caroline Savoie Joaillerie\",\"description\":\"Bijoux fabriqu\u00e9s \u00e0 la main, au Qu\u00e9bec\",\"publisher\":{\"@id\":\"https:\\\/\\\/carolinesavoiejoaillerie.com\\\/en\\\/#organization\"},\"potentialAction\":[{\"@type\":\"SearchAction\",\"target\":{\"@type\":\"EntryPoint\",\"urlTemplate\":\"https:\\\/\\\/carolinesavoiejoaillerie.com\\\/en\\\/?s={search_term_string}\"},\"query-input\":{\"@type\":\"PropertyValueSpecification\",\"valueRequired\":true,\"valueName\":\"search_term_string\"}}],\"inLanguage\":\"en-CA\"},{\"@type\":\"Organization\",\"@id\":\"https:\\\/\\\/carolinesavoiejoaillerie.com\\\/en\\\/#organization\",\"name\":\"Caroline Savoie\",\"url\":\"https:\\\/\\\/carolinesavoiejoaillerie.com\\\/en\\\/\",\"logo\":{\"@type\":\"ImageObject\",\"inLanguage\":\"en-CA\",\"@id\":\"https:\\\/\\\/carolinesavoiejoaillerie.com\\\/en\\\/#\\\/schema\\\/logo\\\/image\\\/\",\"url\":\"https:\\\/\\\/carolinesavoiejoaillerie.com\\\/wp-content\\\/uploads\\\/2017\\\/10\\\/CarolineSavoieLogoBlancSurNoirSquare-e1508601602913.png\",\"contentUrl\":\"https:\\\/\\\/carolinesavoiejoaillerie.com\\\/wp-content\\\/uploads\\\/2017\\\/10\\\/CarolineSavoieLogoBlancSurNoirSquare-e1508601602913.png\",\"width\":600,\"height\":599,\"caption\":\"Caroline Savoie\"},\"image\":{\"@id\":\"https:\\\/\\\/carolinesavoiejoaillerie.com\\\/en\\\/#\\\/schema\\\/logo\\\/image\\\/\"},\"sameAs\":[\"https:\\\/\\\/www.facebook.com\\\/carolinesavoiejoaillerie\\\/\",\"https:\\\/\\\/www.instagram.com\\\/caroline_savoie_joaillerie\\\/\",\"https:\\\/\\\/www.pinterest.com\\\/CSjoaillerie\\\/?eq=caroline savoie&amp;amp;amp;amp;amp;amp;etslf=NaN\"]}]}<\/script>\n<!-- \/ Yoast SEO plugin. -->","yoast_head_json":{"title":"Imperial Tahitian Pearl Pendant &#8211; Caroline Savoie Joaillerie","description":"The Imperial Tahitian Pearl Pendant, both classic and contemporary. A chic, stylish and elegant necklace . Refined with an edge","robots":{"index":"index","follow":"follow","max-snippet":"max-snippet:-1","max-image-preview":"max-image-preview:large","max-video-preview":"max-video-preview:-1"},"canonical":"https:\/\/carolinesavoiejoaillerie.com\/en\/produit\/imperial-tahitian-pearl-pendant\/","og_locale":"en_US","og_type":"article","og_title":"Imperial Tahitian Pearl Pendant &#8211; Caroline Savoie Joaillerie","og_description":"The Imperial Tahitian Pearl Pendant, both classic and contemporary. A chic, stylish and elegant necklace . Refined with an edge","og_url":"https:\/\/carolinesavoiejoaillerie.com\/en\/produit\/imperial-tahitian-pearl-pendant\/","og_site_name":"Caroline Savoie Joaillerie","article_publisher":"https:\/\/www.facebook.com\/carolinesavoiejoaillerie\/","article_modified_time":"2024-11-20T23:24:27+00:00","og_image":[{"width":2089,"height":2089,"url":"https:\/\/carolinesavoiejoaillerie.com\/wp-content\/uploads\/2024\/11\/Caroline-Savoie-Joaillerie-Pendentif-Perle-De-Tahiti-Imperiale-Bijoux-Montreal-Quebec-Collier-Noir-2.jpg","type":"image\/jpeg"}],"twitter_card":"summary_large_image","twitter_misc":{"Est. reading time":"1 minute"},"schema":{"@context":"https:\/\/schema.org","@graph":[{"@type":"WebPage","@id":"https:\/\/carolinesavoiejoaillerie.com\/en\/produit\/imperial-tahitian-pearl-pendant\/","url":"https:\/\/carolinesavoiejoaillerie.com\/en\/produit\/imperial-tahitian-pearl-pendant\/","name":"Imperial Tahitian Pearl Pendant &#8211; Caroline Savoie Joaillerie","isPartOf":{"@id":"https:\/\/carolinesavoiejoaillerie.com\/en\/#website"},"primaryImageOfPage":{"@id":"https:\/\/carolinesavoiejoaillerie.com\/en\/produit\/imperial-tahitian-pearl-pendant\/#primaryimage"},"image":{"@id":"https:\/\/carolinesavoiejoaillerie.com\/en\/produit\/imperial-tahitian-pearl-pendant\/#primaryimage"},"thumbnailUrl":"https:\/\/carolinesavoiejoaillerie.com\/wp-content\/uploads\/2024\/11\/Caroline-Savoie-Joaillerie-Pendentif-Perle-De-Tahiti-Imperiale-Bijoux-Montreal-Quebec-Collier-Noir-2.jpg","datePublished":"2024-10-01T18:51:07+00:00","dateModified":"2024-11-20T23:24:27+00:00","description":"The Imperial Tahitian Pearl Pendant, both classic and contemporary. A chic, stylish and elegant necklace . Refined with an edge","breadcrumb":{"@id":"https:\/\/carolinesavoiejoaillerie.com\/en\/produit\/imperial-tahitian-pearl-pendant\/#breadcrumb"},"inLanguage":"en-CA","potentialAction":[{"@type":"ReadAction","target":["https:\/\/carolinesavoiejoaillerie.com\/en\/produit\/imperial-tahitian-pearl-pendant\/"]}]},{"@type":"ImageObject","inLanguage":"en-CA","@id":"https:\/\/carolinesavoiejoaillerie.com\/en\/produit\/imperial-tahitian-pearl-pendant\/#primaryimage","url":"https:\/\/carolinesavoiejoaillerie.com\/wp-content\/uploads\/2024\/11\/Caroline-Savoie-Joaillerie-Pendentif-Perle-De-Tahiti-Imperiale-Bijoux-Montreal-Quebec-Collier-Noir-2.jpg","contentUrl":"https:\/\/carolinesavoiejoaillerie.com\/wp-content\/uploads\/2024\/11\/Caroline-Savoie-Joaillerie-Pendentif-Perle-De-Tahiti-Imperiale-Bijoux-Montreal-Quebec-Collier-Noir-2.jpg","width":2089,"height":2089,"caption":"Caroline Savoie Joaillerie Pendentif Perle De Tahiti Imperiale Bijoux Montreal Quebec Collier Noir (2)"},{"@type":"BreadcrumbList","@id":"https:\/\/carolinesavoiejoaillerie.com\/en\/produit\/imperial-tahitian-pearl-pendant\/#breadcrumb","itemListElement":[{"@type":"ListItem","position":1,"name":"Accueil","item":"https:\/\/carolinesavoiejoaillerie.com\/en\/"},{"@type":"ListItem","position":2,"name":"Shop","item":"https:\/\/carolinesavoiejoaillerie.com\/en\/shop\/"},{"@type":"ListItem","position":3,"name":"Imperial Tahitian Pearl Pendant"}]},{"@type":"WebSite","@id":"https:\/\/carolinesavoiejoaillerie.com\/en\/#website","url":"https:\/\/carolinesavoiejoaillerie.com\/en\/","name":"Caroline Savoie Joaillerie","description":"Bijoux fabriqu\u00e9s \u00e0 la main, au Qu\u00e9bec","publisher":{"@id":"https:\/\/carolinesavoiejoaillerie.com\/en\/#organization"},"potentialAction":[{"@type":"SearchAction","target":{"@type":"EntryPoint","urlTemplate":"https:\/\/carolinesavoiejoaillerie.com\/en\/?s={search_term_string}"},"query-input":{"@type":"PropertyValueSpecification","valueRequired":true,"valueName":"search_term_string"}}],"inLanguage":"en-CA"},{"@type":"Organization","@id":"https:\/\/carolinesavoiejoaillerie.com\/en\/#organization","name":"Caroline Savoie","url":"https:\/\/carolinesavoiejoaillerie.com\/en\/","logo":{"@type":"ImageObject","inLanguage":"en-CA","@id":"https:\/\/carolinesavoiejoaillerie.com\/en\/#\/schema\/logo\/image\/","url":"https:\/\/carolinesavoiejoaillerie.com\/wp-content\/uploads\/2017\/10\/CarolineSavoieLogoBlancSurNoirSquare-e1508601602913.png","contentUrl":"https:\/\/carolinesavoiejoaillerie.com\/wp-content\/uploads\/2017\/10\/CarolineSavoieLogoBlancSurNoirSquare-e1508601602913.png","width":600,"height":599,"caption":"Caroline Savoie"},"image":{"@id":"https:\/\/carolinesavoiejoaillerie.com\/en\/#\/schema\/logo\/image\/"},"sameAs":["https:\/\/www.facebook.com\/carolinesavoiejoaillerie\/","https:\/\/www.instagram.com\/caroline_savoie_joaillerie\/","https:\/\/www.pinterest.com\/CSjoaillerie\/?eq=caroline savoie&amp;amp;amp;amp;amp;amp;etslf=NaN"]}]}},"_links":{"self":[{"href":"https:\/\/carolinesavoiejoaillerie.com\/en\/wp-json\/wp\/v2\/product\/38642","targetHints":{"allow":["GET"]}}],"collection":[{"href":"https:\/\/carolinesavoiejoaillerie.com\/en\/wp-json\/wp\/v2\/product"}],"about":[{"href":"https:\/\/carolinesavoiejoaillerie.com\/en\/wp-json\/wp\/v2\/types\/product"}],"wp:featuredmedia":[{"embeddable":true,"href":"https:\/\/carolinesavoiejoaillerie.com\/en\/wp-json\/wp\/v2\/media\/38946"}],"wp:attachment":[{"href":"https:\/\/carolinesavoiejoaillerie.com\/en\/wp-json\/wp\/v2\/media?parent=38642"}],"wp:term":[{"taxonomy":"product_brand","embeddable":true,"href":"https:\/\/carolinesavoiejoaillerie.com\/en\/wp-json\/wp\/v2\/product_brand?post=38642"},{"taxonomy":"product_cat","embeddable":true,"href":"https:\/\/carolinesavoiejoaillerie.com\/en\/wp-json\/wp\/v2\/product_cat?post=38642"},{"taxonomy":"product_tag","embeddable":true,"href":"https:\/\/carolinesavoiejoaillerie.com\/en\/wp-json\/wp\/v2\/product_tag?post=38642"}],"curies":[{"name":"wp","href":"https:\/\/api.w.org\/{rel}","templated":true}]}}