{"id":36713,"date":"2022-08-01T15:48:49","date_gmt":"2022-08-01T19:48:49","guid":{"rendered":"https:\/\/carolinesavoiejoaillerie.com\/?post_type=product&#038;p=36713"},"modified":"2022-08-23T13:51:20","modified_gmt":"2022-08-23T17:51:20","slug":"pineapple-of-gold-pastils-earrings","status":"publish","type":"product","link":"https:\/\/carolinesavoiejoaillerie.com\/en\/produit\/pineapple-of-gold-pastils-earrings\/","title":{"rendered":"Pineapple of Gold Pastils Earrings"},"content":{"rendered":"<p>The Golden Pineapple Pastils Earrings are inspired by the elegance and uniqueness of the golden fruit. Adorned with this majestic diamond texture, the very one that has since become one of my signatures, this festive jewel will dazzle you like the sweet taste of the tropical fruit. With their fine curves of unparalleled beauty, they are synonymous with sensuality, softness and refinement.<\/p>\n<p>Entirely sculpted in 18k yellow gold and handcrafted by a passionate jeweler in Montreal, Quebec.<\/p>\n<p>Dimensions<\/p>\n<ul>\n<li>The earrings have a diameter of 10.50 mm<\/li>\n<li>Each earring weighs approximately 2.75 grams for a total of 5.50 grams per pair<\/li>\n<\/ul>\n","protected":false},"excerpt":{"rendered":"<p><em>Pineapple of Gold Pastils Earrings<\/em> are reminiscent of the effervescence and lightness of a beautiful and fun night on the town by elegantly enhancing the most elegant outfits or pairing effortlessly with the clothes we cherish when it&#8217;s time to have fun. Delicate, mysterious and rich with an 18k yellow gold reminding of of the color of this fruit with golden flesh and a sweet taste, they are simply perfect for all occasions. A comfortable jewel with a graceful lightness that you won&#8217;t want to do without.<\/p>\n","protected":false},"featured_media":37057,"template":"","meta":[],"product_brand":[],"product_cat":[361,2861],"product_tag":[],"class_list":{"0":"post-36713","1":"product","2":"type-product","3":"status-publish","4":"has-post-thumbnail","6":"product_cat-earrings-en","7":"product_cat-pineapple","9":"first","10":"instock","11":"taxable","12":"shipping-taxable","13":"purchasable","14":"product-type-simple"},"yoast_head":"<!-- This site is optimized with the Yoast SEO plugin v27.4 - https:\/\/yoast.com\/product\/yoast-seo-wordpress\/ -->\n<title>Pineapple of Gold Pastils Earrings &#8211; Caroline Savoie Joaillerie<\/title>\n<meta name=\"description\" content=\"The Golden Pineapple Pastils Earrings are an ode to femininity and celebration; circles sculpted in beautiful 18k yellow gold, both radiant and brilliant\" \/>\n<meta name=\"robots\" content=\"index, follow, max-snippet:-1, max-image-preview:large, max-video-preview:-1\" \/>\n<link rel=\"canonical\" href=\"https:\/\/carolinesavoiejoaillerie.com\/en\/produit\/pineapple-of-gold-pastils-earrings\/\" \/>\n<meta property=\"og:locale\" content=\"en_US\" \/>\n<meta property=\"og:type\" content=\"article\" \/>\n<meta property=\"og:title\" content=\"Pineapple of Gold Pastils Earrings &#8211; Caroline Savoie Joaillerie\" \/>\n<meta property=\"og:description\" content=\"The Golden Pineapple Pastils Earrings are an ode to femininity and celebration; circles sculpted in beautiful 18k yellow gold, both radiant and brilliant\" \/>\n<meta property=\"og:url\" content=\"https:\/\/carolinesavoiejoaillerie.com\/en\/produit\/pineapple-of-gold-pastils-earrings\/\" \/>\n<meta property=\"og:site_name\" content=\"Caroline Savoie Joaillerie\" \/>\n<meta property=\"article:publisher\" content=\"https:\/\/www.facebook.com\/carolinesavoiejoaillerie\/\" \/>\n<meta property=\"article:modified_time\" content=\"2022-08-23T17:51:20+00:00\" \/>\n<meta property=\"og:image\" content=\"https:\/\/carolinesavoiejoaillerie.com\/wp-content\/uploads\/2022\/08\/Caroline-Savoie-Joaillerie-Boucles-Doreilles-Pastilles-DAnanas-Dorees-Or-18k-Bijoux-Faits-Main-Montreal-Quebec-Gold-Earrings-3.webp\" \/>\n\t<meta property=\"og:image:width\" content=\"1715\" \/>\n\t<meta property=\"og:image:height\" content=\"1715\" \/>\n\t<meta property=\"og:image:type\" content=\"image\/webp\" \/>\n<meta name=\"twitter:card\" content=\"summary_large_image\" \/>\n<meta name=\"twitter:label1\" content=\"Est. reading time\" \/>\n\t<meta name=\"twitter:data1\" content=\"1 minute\" \/>\n<script type=\"application\/ld+json\" class=\"yoast-schema-graph\">{\"@context\":\"https:\\\/\\\/schema.org\",\"@graph\":[{\"@type\":\"WebPage\",\"@id\":\"https:\\\/\\\/carolinesavoiejoaillerie.com\\\/en\\\/produit\\\/pineapple-of-gold-pastils-earrings\\\/\",\"url\":\"https:\\\/\\\/carolinesavoiejoaillerie.com\\\/en\\\/produit\\\/pineapple-of-gold-pastils-earrings\\\/\",\"name\":\"Pineapple of Gold Pastils Earrings &#8211; Caroline Savoie Joaillerie\",\"isPartOf\":{\"@id\":\"https:\\\/\\\/carolinesavoiejoaillerie.com\\\/en\\\/#website\"},\"primaryImageOfPage\":{\"@id\":\"https:\\\/\\\/carolinesavoiejoaillerie.com\\\/en\\\/produit\\\/pineapple-of-gold-pastils-earrings\\\/#primaryimage\"},\"image\":{\"@id\":\"https:\\\/\\\/carolinesavoiejoaillerie.com\\\/en\\\/produit\\\/pineapple-of-gold-pastils-earrings\\\/#primaryimage\"},\"thumbnailUrl\":\"https:\\\/\\\/carolinesavoiejoaillerie.com\\\/wp-content\\\/uploads\\\/2022\\\/08\\\/Caroline-Savoie-Joaillerie-Boucles-Doreilles-Pastilles-DAnanas-Dorees-Or-18k-Bijoux-Faits-Main-Montreal-Quebec-Gold-Earrings-1.webp\",\"datePublished\":\"2022-08-01T19:48:49+00:00\",\"dateModified\":\"2022-08-23T17:51:20+00:00\",\"description\":\"The Golden Pineapple Pastils Earrings are an ode to femininity and celebration; circles sculpted in beautiful 18k yellow gold, both radiant and brilliant\",\"breadcrumb\":{\"@id\":\"https:\\\/\\\/carolinesavoiejoaillerie.com\\\/en\\\/produit\\\/pineapple-of-gold-pastils-earrings\\\/#breadcrumb\"},\"inLanguage\":\"en-CA\",\"potentialAction\":[{\"@type\":\"ReadAction\",\"target\":[\"https:\\\/\\\/carolinesavoiejoaillerie.com\\\/en\\\/produit\\\/pineapple-of-gold-pastils-earrings\\\/\"]}]},{\"@type\":\"ImageObject\",\"inLanguage\":\"en-CA\",\"@id\":\"https:\\\/\\\/carolinesavoiejoaillerie.com\\\/en\\\/produit\\\/pineapple-of-gold-pastils-earrings\\\/#primaryimage\",\"url\":\"https:\\\/\\\/carolinesavoiejoaillerie.com\\\/wp-content\\\/uploads\\\/2022\\\/08\\\/Caroline-Savoie-Joaillerie-Boucles-Doreilles-Pastilles-DAnanas-Dorees-Or-18k-Bijoux-Faits-Main-Montreal-Quebec-Gold-Earrings-1.webp\",\"contentUrl\":\"https:\\\/\\\/carolinesavoiejoaillerie.com\\\/wp-content\\\/uploads\\\/2022\\\/08\\\/Caroline-Savoie-Joaillerie-Boucles-Doreilles-Pastilles-DAnanas-Dorees-Or-18k-Bijoux-Faits-Main-Montreal-Quebec-Gold-Earrings-1.webp\",\"width\":1715,\"height\":1715,\"caption\":\"Caroline Savoie Joaillerie Boucles Doreilles Pastilles DAnanas Dorees Or 18k Bijoux Faits Main Montreal Quebec Gold Earrings\"},{\"@type\":\"BreadcrumbList\",\"@id\":\"https:\\\/\\\/carolinesavoiejoaillerie.com\\\/en\\\/produit\\\/pineapple-of-gold-pastils-earrings\\\/#breadcrumb\",\"itemListElement\":[{\"@type\":\"ListItem\",\"position\":1,\"name\":\"Accueil\",\"item\":\"https:\\\/\\\/carolinesavoiejoaillerie.com\\\/en\\\/\"},{\"@type\":\"ListItem\",\"position\":2,\"name\":\"Shop\",\"item\":\"https:\\\/\\\/carolinesavoiejoaillerie.com\\\/en\\\/shop\\\/\"},{\"@type\":\"ListItem\",\"position\":3,\"name\":\"Pineapple of Gold Pastils Earrings\"}]},{\"@type\":\"WebSite\",\"@id\":\"https:\\\/\\\/carolinesavoiejoaillerie.com\\\/en\\\/#website\",\"url\":\"https:\\\/\\\/carolinesavoiejoaillerie.com\\\/en\\\/\",\"name\":\"Caroline Savoie Joaillerie\",\"description\":\"Bijoux fabriqu\u00e9s \u00e0 la main, au Qu\u00e9bec\",\"publisher\":{\"@id\":\"https:\\\/\\\/carolinesavoiejoaillerie.com\\\/en\\\/#organization\"},\"potentialAction\":[{\"@type\":\"SearchAction\",\"target\":{\"@type\":\"EntryPoint\",\"urlTemplate\":\"https:\\\/\\\/carolinesavoiejoaillerie.com\\\/en\\\/?s={search_term_string}\"},\"query-input\":{\"@type\":\"PropertyValueSpecification\",\"valueRequired\":true,\"valueName\":\"search_term_string\"}}],\"inLanguage\":\"en-CA\"},{\"@type\":\"Organization\",\"@id\":\"https:\\\/\\\/carolinesavoiejoaillerie.com\\\/en\\\/#organization\",\"name\":\"Caroline Savoie\",\"url\":\"https:\\\/\\\/carolinesavoiejoaillerie.com\\\/en\\\/\",\"logo\":{\"@type\":\"ImageObject\",\"inLanguage\":\"en-CA\",\"@id\":\"https:\\\/\\\/carolinesavoiejoaillerie.com\\\/en\\\/#\\\/schema\\\/logo\\\/image\\\/\",\"url\":\"https:\\\/\\\/carolinesavoiejoaillerie.com\\\/wp-content\\\/uploads\\\/2017\\\/10\\\/CarolineSavoieLogoBlancSurNoirSquare-e1508601602913.png\",\"contentUrl\":\"https:\\\/\\\/carolinesavoiejoaillerie.com\\\/wp-content\\\/uploads\\\/2017\\\/10\\\/CarolineSavoieLogoBlancSurNoirSquare-e1508601602913.png\",\"width\":600,\"height\":599,\"caption\":\"Caroline Savoie\"},\"image\":{\"@id\":\"https:\\\/\\\/carolinesavoiejoaillerie.com\\\/en\\\/#\\\/schema\\\/logo\\\/image\\\/\"},\"sameAs\":[\"https:\\\/\\\/www.facebook.com\\\/carolinesavoiejoaillerie\\\/\",\"https:\\\/\\\/www.instagram.com\\\/caroline_savoie_joaillerie\\\/\",\"https:\\\/\\\/www.pinterest.com\\\/CSjoaillerie\\\/?eq=caroline savoie&amp;amp;amp;amp;amp;amp;etslf=NaN\"]}]}<\/script>\n<!-- \/ Yoast SEO plugin. -->","yoast_head_json":{"title":"Pineapple of Gold Pastils Earrings &#8211; Caroline Savoie Joaillerie","description":"The Golden Pineapple Pastils Earrings are an ode to femininity and celebration; circles sculpted in beautiful 18k yellow gold, both radiant and brilliant","robots":{"index":"index","follow":"follow","max-snippet":"max-snippet:-1","max-image-preview":"max-image-preview:large","max-video-preview":"max-video-preview:-1"},"canonical":"https:\/\/carolinesavoiejoaillerie.com\/en\/produit\/pineapple-of-gold-pastils-earrings\/","og_locale":"en_US","og_type":"article","og_title":"Pineapple of Gold Pastils Earrings &#8211; Caroline Savoie Joaillerie","og_description":"The Golden Pineapple Pastils Earrings are an ode to femininity and celebration; circles sculpted in beautiful 18k yellow gold, both radiant and brilliant","og_url":"https:\/\/carolinesavoiejoaillerie.com\/en\/produit\/pineapple-of-gold-pastils-earrings\/","og_site_name":"Caroline Savoie Joaillerie","article_publisher":"https:\/\/www.facebook.com\/carolinesavoiejoaillerie\/","article_modified_time":"2022-08-23T17:51:20+00:00","og_image":[{"width":1715,"height":1715,"url":"https:\/\/carolinesavoiejoaillerie.com\/wp-content\/uploads\/2022\/08\/Caroline-Savoie-Joaillerie-Boucles-Doreilles-Pastilles-DAnanas-Dorees-Or-18k-Bijoux-Faits-Main-Montreal-Quebec-Gold-Earrings-3.webp","type":"image\/webp"}],"twitter_card":"summary_large_image","twitter_misc":{"Est. reading time":"1 minute"},"schema":{"@context":"https:\/\/schema.org","@graph":[{"@type":"WebPage","@id":"https:\/\/carolinesavoiejoaillerie.com\/en\/produit\/pineapple-of-gold-pastils-earrings\/","url":"https:\/\/carolinesavoiejoaillerie.com\/en\/produit\/pineapple-of-gold-pastils-earrings\/","name":"Pineapple of Gold Pastils Earrings &#8211; Caroline Savoie Joaillerie","isPartOf":{"@id":"https:\/\/carolinesavoiejoaillerie.com\/en\/#website"},"primaryImageOfPage":{"@id":"https:\/\/carolinesavoiejoaillerie.com\/en\/produit\/pineapple-of-gold-pastils-earrings\/#primaryimage"},"image":{"@id":"https:\/\/carolinesavoiejoaillerie.com\/en\/produit\/pineapple-of-gold-pastils-earrings\/#primaryimage"},"thumbnailUrl":"https:\/\/carolinesavoiejoaillerie.com\/wp-content\/uploads\/2022\/08\/Caroline-Savoie-Joaillerie-Boucles-Doreilles-Pastilles-DAnanas-Dorees-Or-18k-Bijoux-Faits-Main-Montreal-Quebec-Gold-Earrings-1.webp","datePublished":"2022-08-01T19:48:49+00:00","dateModified":"2022-08-23T17:51:20+00:00","description":"The Golden Pineapple Pastils Earrings are an ode to femininity and celebration; circles sculpted in beautiful 18k yellow gold, both radiant and brilliant","breadcrumb":{"@id":"https:\/\/carolinesavoiejoaillerie.com\/en\/produit\/pineapple-of-gold-pastils-earrings\/#breadcrumb"},"inLanguage":"en-CA","potentialAction":[{"@type":"ReadAction","target":["https:\/\/carolinesavoiejoaillerie.com\/en\/produit\/pineapple-of-gold-pastils-earrings\/"]}]},{"@type":"ImageObject","inLanguage":"en-CA","@id":"https:\/\/carolinesavoiejoaillerie.com\/en\/produit\/pineapple-of-gold-pastils-earrings\/#primaryimage","url":"https:\/\/carolinesavoiejoaillerie.com\/wp-content\/uploads\/2022\/08\/Caroline-Savoie-Joaillerie-Boucles-Doreilles-Pastilles-DAnanas-Dorees-Or-18k-Bijoux-Faits-Main-Montreal-Quebec-Gold-Earrings-1.webp","contentUrl":"https:\/\/carolinesavoiejoaillerie.com\/wp-content\/uploads\/2022\/08\/Caroline-Savoie-Joaillerie-Boucles-Doreilles-Pastilles-DAnanas-Dorees-Or-18k-Bijoux-Faits-Main-Montreal-Quebec-Gold-Earrings-1.webp","width":1715,"height":1715,"caption":"Caroline Savoie Joaillerie Boucles Doreilles Pastilles DAnanas Dorees Or 18k Bijoux Faits Main Montreal Quebec Gold Earrings"},{"@type":"BreadcrumbList","@id":"https:\/\/carolinesavoiejoaillerie.com\/en\/produit\/pineapple-of-gold-pastils-earrings\/#breadcrumb","itemListElement":[{"@type":"ListItem","position":1,"name":"Accueil","item":"https:\/\/carolinesavoiejoaillerie.com\/en\/"},{"@type":"ListItem","position":2,"name":"Shop","item":"https:\/\/carolinesavoiejoaillerie.com\/en\/shop\/"},{"@type":"ListItem","position":3,"name":"Pineapple of Gold Pastils Earrings"}]},{"@type":"WebSite","@id":"https:\/\/carolinesavoiejoaillerie.com\/en\/#website","url":"https:\/\/carolinesavoiejoaillerie.com\/en\/","name":"Caroline Savoie Joaillerie","description":"Bijoux fabriqu\u00e9s \u00e0 la main, au Qu\u00e9bec","publisher":{"@id":"https:\/\/carolinesavoiejoaillerie.com\/en\/#organization"},"potentialAction":[{"@type":"SearchAction","target":{"@type":"EntryPoint","urlTemplate":"https:\/\/carolinesavoiejoaillerie.com\/en\/?s={search_term_string}"},"query-input":{"@type":"PropertyValueSpecification","valueRequired":true,"valueName":"search_term_string"}}],"inLanguage":"en-CA"},{"@type":"Organization","@id":"https:\/\/carolinesavoiejoaillerie.com\/en\/#organization","name":"Caroline Savoie","url":"https:\/\/carolinesavoiejoaillerie.com\/en\/","logo":{"@type":"ImageObject","inLanguage":"en-CA","@id":"https:\/\/carolinesavoiejoaillerie.com\/en\/#\/schema\/logo\/image\/","url":"https:\/\/carolinesavoiejoaillerie.com\/wp-content\/uploads\/2017\/10\/CarolineSavoieLogoBlancSurNoirSquare-e1508601602913.png","contentUrl":"https:\/\/carolinesavoiejoaillerie.com\/wp-content\/uploads\/2017\/10\/CarolineSavoieLogoBlancSurNoirSquare-e1508601602913.png","width":600,"height":599,"caption":"Caroline Savoie"},"image":{"@id":"https:\/\/carolinesavoiejoaillerie.com\/en\/#\/schema\/logo\/image\/"},"sameAs":["https:\/\/www.facebook.com\/carolinesavoiejoaillerie\/","https:\/\/www.instagram.com\/caroline_savoie_joaillerie\/","https:\/\/www.pinterest.com\/CSjoaillerie\/?eq=caroline savoie&amp;amp;amp;amp;amp;amp;etslf=NaN"]}]}},"_links":{"self":[{"href":"https:\/\/carolinesavoiejoaillerie.com\/en\/wp-json\/wp\/v2\/product\/36713","targetHints":{"allow":["GET"]}}],"collection":[{"href":"https:\/\/carolinesavoiejoaillerie.com\/en\/wp-json\/wp\/v2\/product"}],"about":[{"href":"https:\/\/carolinesavoiejoaillerie.com\/en\/wp-json\/wp\/v2\/types\/product"}],"wp:featuredmedia":[{"embeddable":true,"href":"https:\/\/carolinesavoiejoaillerie.com\/en\/wp-json\/wp\/v2\/media\/37057"}],"wp:attachment":[{"href":"https:\/\/carolinesavoiejoaillerie.com\/en\/wp-json\/wp\/v2\/media?parent=36713"}],"wp:term":[{"taxonomy":"product_brand","embeddable":true,"href":"https:\/\/carolinesavoiejoaillerie.com\/en\/wp-json\/wp\/v2\/product_brand?post=36713"},{"taxonomy":"product_cat","embeddable":true,"href":"https:\/\/carolinesavoiejoaillerie.com\/en\/wp-json\/wp\/v2\/product_cat?post=36713"},{"taxonomy":"product_tag","embeddable":true,"href":"https:\/\/carolinesavoiejoaillerie.com\/en\/wp-json\/wp\/v2\/product_tag?post=36713"}],"curies":[{"name":"wp","href":"https:\/\/api.w.org\/{rel}","templated":true}]}}