{"id":36415,"date":"2022-02-22T21:37:54","date_gmt":"2022-02-23T01:37:54","guid":{"rendered":"https:\/\/carolinesavoiejoaillerie.com\/?post_type=product&#038;p=36415"},"modified":"2026-01-28T11:30:33","modified_gmt":"2026-01-28T16:30:33","slug":"pink-dby-bracelet","status":"publish","type":"product","link":"https:\/\/carolinesavoiejoaillerie.com\/en\/produit\/pink-dby-bracelet\/","title":{"rendered":"Pink DBY bracelet"},"content":{"rendered":"<p>The DBY Rose bracelet is perfect for your everyday glamour-chic side. This &#8221;Diamond by the yard&#8221; style jewel is timeless. It will brilliantly bring out the finesse of your character.<\/p>\n<p>Handmade by a passionate jeweler in Montreal, Quebec.<\/p>\n<p>Dimensions<\/p>\n<p>The bracelet is a standard length of 7 1\/4 inches and a width of . You can contact me for custom dimensions<br \/>\nIt weighs about 8.50 grams<\/p>\n<p>&nbsp;<\/p>\n<ul>\n<li>The bracelet is a standard length of 7 1\/4 inches. You can contact me for custom dimensions<\/li>\n<li>It weighs approximately 8.50 grams<\/li>\n<li>Price on request<\/li>\n<\/ul>\n","protected":false},"excerpt":{"rendered":"<p>The DBY Rose bracelet is inspired by the graceful and simple elegance of gemstones. With its chain of refined solidity, this jewel has a classic-modern look. Its alternation of knits and pink collars offers a must-have piece of the most refined. Come on, shine every day!<\/p>\n<p>The bracelet is in 14k white gold set with 5 magnificent pink sapphires totaling 0.58 carats.<\/p>\n","protected":false},"featured_media":36425,"template":"","meta":[],"product_brand":[],"product_cat":[367],"product_tag":[],"class_list":{"0":"post-36415","1":"product","2":"type-product","3":"status-publish","4":"has-post-thumbnail","6":"product_cat-bracelets-en","8":"first","9":"instock","10":"taxable","11":"shipping-taxable","12":"product-type-simple"},"yoast_head":"<!-- This site is optimized with the Yoast SEO plugin v27.3 - https:\/\/yoast.com\/product\/yoast-seo-wordpress\/ -->\n<title>Pink DBY bracelet &#8211; Caroline Savoie Joaillerie<\/title>\n<meta name=\"description\" content=\"The DBY Rose Bracelet is an essential jewel. A timeless piece of a classic-modern. A perfect bracelet to shine on a daily basis\" \/>\n<meta name=\"robots\" content=\"index, follow, max-snippet:-1, max-image-preview:large, max-video-preview:-1\" \/>\n<link rel=\"canonical\" href=\"https:\/\/carolinesavoiejoaillerie.com\/en\/produit\/pink-dby-bracelet\/\" \/>\n<meta property=\"og:locale\" content=\"en_US\" \/>\n<meta property=\"og:type\" content=\"article\" \/>\n<meta property=\"og:title\" content=\"Pink DBY bracelet &#8211; Caroline Savoie Joaillerie\" \/>\n<meta property=\"og:description\" content=\"The DBY Rose Bracelet is an essential jewel. A timeless piece of a classic-modern. A perfect bracelet to shine on a daily basis\" \/>\n<meta property=\"og:url\" content=\"https:\/\/carolinesavoiejoaillerie.com\/en\/produit\/pink-dby-bracelet\/\" \/>\n<meta property=\"og:site_name\" content=\"Caroline Savoie Joaillerie\" \/>\n<meta property=\"article:publisher\" content=\"https:\/\/www.facebook.com\/carolinesavoiejoaillerie\/\" \/>\n<meta property=\"article:modified_time\" content=\"2026-01-28T16:30:33+00:00\" \/>\n<meta property=\"og:image\" content=\"https:\/\/carolinesavoiejoaillerie.com\/wp-content\/uploads\/2022\/02\/Caroline-Savoie-Joaillerie-Bracelet-DBY-Saphir-Rose-Or-Blanc-Bijoux-Montreal-Quebec-Fait-Main-5.jpg\" \/>\n\t<meta property=\"og:image:width\" content=\"2154\" \/>\n\t<meta property=\"og:image:height\" content=\"2154\" \/>\n\t<meta property=\"og:image:type\" content=\"image\/jpeg\" \/>\n<meta name=\"twitter:card\" content=\"summary_large_image\" \/>\n<meta name=\"twitter:label1\" content=\"Est. reading time\" \/>\n\t<meta name=\"twitter:data1\" content=\"1 minute\" \/>\n<script type=\"application\/ld+json\" class=\"yoast-schema-graph\">{\"@context\":\"https:\\\/\\\/schema.org\",\"@graph\":[{\"@type\":\"WebPage\",\"@id\":\"https:\\\/\\\/carolinesavoiejoaillerie.com\\\/en\\\/produit\\\/pink-dby-bracelet\\\/\",\"url\":\"https:\\\/\\\/carolinesavoiejoaillerie.com\\\/en\\\/produit\\\/pink-dby-bracelet\\\/\",\"name\":\"Pink DBY bracelet &#8211; Caroline Savoie Joaillerie\",\"isPartOf\":{\"@id\":\"https:\\\/\\\/carolinesavoiejoaillerie.com\\\/en\\\/#website\"},\"primaryImageOfPage\":{\"@id\":\"https:\\\/\\\/carolinesavoiejoaillerie.com\\\/en\\\/produit\\\/pink-dby-bracelet\\\/#primaryimage\"},\"image\":{\"@id\":\"https:\\\/\\\/carolinesavoiejoaillerie.com\\\/en\\\/produit\\\/pink-dby-bracelet\\\/#primaryimage\"},\"thumbnailUrl\":\"https:\\\/\\\/carolinesavoiejoaillerie.com\\\/wp-content\\\/uploads\\\/2022\\\/02\\\/Caroline-Savoie-Joaillerie-Bracelet-DBY-Saphir-Rose-Or-Blanc-Bijoux-Montreal-Quebec-Fait-Main-5.jpg\",\"datePublished\":\"2022-02-23T01:37:54+00:00\",\"dateModified\":\"2026-01-28T16:30:33+00:00\",\"description\":\"The DBY Rose Bracelet is an essential jewel. A timeless piece of a classic-modern. A perfect bracelet to shine on a daily basis\",\"breadcrumb\":{\"@id\":\"https:\\\/\\\/carolinesavoiejoaillerie.com\\\/en\\\/produit\\\/pink-dby-bracelet\\\/#breadcrumb\"},\"inLanguage\":\"en-CA\",\"potentialAction\":[{\"@type\":\"ReadAction\",\"target\":[\"https:\\\/\\\/carolinesavoiejoaillerie.com\\\/en\\\/produit\\\/pink-dby-bracelet\\\/\"]}]},{\"@type\":\"ImageObject\",\"inLanguage\":\"en-CA\",\"@id\":\"https:\\\/\\\/carolinesavoiejoaillerie.com\\\/en\\\/produit\\\/pink-dby-bracelet\\\/#primaryimage\",\"url\":\"https:\\\/\\\/carolinesavoiejoaillerie.com\\\/wp-content\\\/uploads\\\/2022\\\/02\\\/Caroline-Savoie-Joaillerie-Bracelet-DBY-Saphir-Rose-Or-Blanc-Bijoux-Montreal-Quebec-Fait-Main-5.jpg\",\"contentUrl\":\"https:\\\/\\\/carolinesavoiejoaillerie.com\\\/wp-content\\\/uploads\\\/2022\\\/02\\\/Caroline-Savoie-Joaillerie-Bracelet-DBY-Saphir-Rose-Or-Blanc-Bijoux-Montreal-Quebec-Fait-Main-5.jpg\",\"width\":2154,\"height\":2154,\"caption\":\"Caroline Savoie Joaillerie Bracelet DBY Saphir Rose Or Blanc Bijoux Montreal Quebec Fait Main\"},{\"@type\":\"BreadcrumbList\",\"@id\":\"https:\\\/\\\/carolinesavoiejoaillerie.com\\\/en\\\/produit\\\/pink-dby-bracelet\\\/#breadcrumb\",\"itemListElement\":[{\"@type\":\"ListItem\",\"position\":1,\"name\":\"Accueil\",\"item\":\"https:\\\/\\\/carolinesavoiejoaillerie.com\\\/en\\\/\"},{\"@type\":\"ListItem\",\"position\":2,\"name\":\"Shop\",\"item\":\"https:\\\/\\\/carolinesavoiejoaillerie.com\\\/en\\\/shop\\\/\"},{\"@type\":\"ListItem\",\"position\":3,\"name\":\"Pink DBY bracelet\"}]},{\"@type\":\"WebSite\",\"@id\":\"https:\\\/\\\/carolinesavoiejoaillerie.com\\\/en\\\/#website\",\"url\":\"https:\\\/\\\/carolinesavoiejoaillerie.com\\\/en\\\/\",\"name\":\"Caroline Savoie Joaillerie\",\"description\":\"Bijoux fabriqu\u00e9s \u00e0 la main, au Qu\u00e9bec\",\"publisher\":{\"@id\":\"https:\\\/\\\/carolinesavoiejoaillerie.com\\\/en\\\/#organization\"},\"potentialAction\":[{\"@type\":\"SearchAction\",\"target\":{\"@type\":\"EntryPoint\",\"urlTemplate\":\"https:\\\/\\\/carolinesavoiejoaillerie.com\\\/en\\\/?s={search_term_string}\"},\"query-input\":{\"@type\":\"PropertyValueSpecification\",\"valueRequired\":true,\"valueName\":\"search_term_string\"}}],\"inLanguage\":\"en-CA\"},{\"@type\":\"Organization\",\"@id\":\"https:\\\/\\\/carolinesavoiejoaillerie.com\\\/en\\\/#organization\",\"name\":\"Caroline Savoie\",\"url\":\"https:\\\/\\\/carolinesavoiejoaillerie.com\\\/en\\\/\",\"logo\":{\"@type\":\"ImageObject\",\"inLanguage\":\"en-CA\",\"@id\":\"https:\\\/\\\/carolinesavoiejoaillerie.com\\\/en\\\/#\\\/schema\\\/logo\\\/image\\\/\",\"url\":\"https:\\\/\\\/carolinesavoiejoaillerie.com\\\/wp-content\\\/uploads\\\/2017\\\/10\\\/CarolineSavoieLogoBlancSurNoirSquare-e1508601602913.png\",\"contentUrl\":\"https:\\\/\\\/carolinesavoiejoaillerie.com\\\/wp-content\\\/uploads\\\/2017\\\/10\\\/CarolineSavoieLogoBlancSurNoirSquare-e1508601602913.png\",\"width\":600,\"height\":599,\"caption\":\"Caroline Savoie\"},\"image\":{\"@id\":\"https:\\\/\\\/carolinesavoiejoaillerie.com\\\/en\\\/#\\\/schema\\\/logo\\\/image\\\/\"},\"sameAs\":[\"https:\\\/\\\/www.facebook.com\\\/carolinesavoiejoaillerie\\\/\",\"https:\\\/\\\/www.instagram.com\\\/caroline_savoie_joaillerie\\\/\",\"https:\\\/\\\/www.pinterest.com\\\/CSjoaillerie\\\/?eq=caroline savoie&amp;amp;amp;amp;amp;amp;etslf=NaN\"]}]}<\/script>\n<!-- \/ Yoast SEO plugin. -->","yoast_head_json":{"title":"Pink DBY bracelet &#8211; Caroline Savoie Joaillerie","description":"The DBY Rose Bracelet is an essential jewel. A timeless piece of a classic-modern. A perfect bracelet to shine on a daily basis","robots":{"index":"index","follow":"follow","max-snippet":"max-snippet:-1","max-image-preview":"max-image-preview:large","max-video-preview":"max-video-preview:-1"},"canonical":"https:\/\/carolinesavoiejoaillerie.com\/en\/produit\/pink-dby-bracelet\/","og_locale":"en_US","og_type":"article","og_title":"Pink DBY bracelet &#8211; Caroline Savoie Joaillerie","og_description":"The DBY Rose Bracelet is an essential jewel. A timeless piece of a classic-modern. A perfect bracelet to shine on a daily basis","og_url":"https:\/\/carolinesavoiejoaillerie.com\/en\/produit\/pink-dby-bracelet\/","og_site_name":"Caroline Savoie Joaillerie","article_publisher":"https:\/\/www.facebook.com\/carolinesavoiejoaillerie\/","article_modified_time":"2026-01-28T16:30:33+00:00","og_image":[{"width":2154,"height":2154,"url":"https:\/\/carolinesavoiejoaillerie.com\/wp-content\/uploads\/2022\/02\/Caroline-Savoie-Joaillerie-Bracelet-DBY-Saphir-Rose-Or-Blanc-Bijoux-Montreal-Quebec-Fait-Main-5.jpg","type":"image\/jpeg"}],"twitter_card":"summary_large_image","twitter_misc":{"Est. reading time":"1 minute"},"schema":{"@context":"https:\/\/schema.org","@graph":[{"@type":"WebPage","@id":"https:\/\/carolinesavoiejoaillerie.com\/en\/produit\/pink-dby-bracelet\/","url":"https:\/\/carolinesavoiejoaillerie.com\/en\/produit\/pink-dby-bracelet\/","name":"Pink DBY bracelet &#8211; Caroline Savoie Joaillerie","isPartOf":{"@id":"https:\/\/carolinesavoiejoaillerie.com\/en\/#website"},"primaryImageOfPage":{"@id":"https:\/\/carolinesavoiejoaillerie.com\/en\/produit\/pink-dby-bracelet\/#primaryimage"},"image":{"@id":"https:\/\/carolinesavoiejoaillerie.com\/en\/produit\/pink-dby-bracelet\/#primaryimage"},"thumbnailUrl":"https:\/\/carolinesavoiejoaillerie.com\/wp-content\/uploads\/2022\/02\/Caroline-Savoie-Joaillerie-Bracelet-DBY-Saphir-Rose-Or-Blanc-Bijoux-Montreal-Quebec-Fait-Main-5.jpg","datePublished":"2022-02-23T01:37:54+00:00","dateModified":"2026-01-28T16:30:33+00:00","description":"The DBY Rose Bracelet is an essential jewel. A timeless piece of a classic-modern. A perfect bracelet to shine on a daily basis","breadcrumb":{"@id":"https:\/\/carolinesavoiejoaillerie.com\/en\/produit\/pink-dby-bracelet\/#breadcrumb"},"inLanguage":"en-CA","potentialAction":[{"@type":"ReadAction","target":["https:\/\/carolinesavoiejoaillerie.com\/en\/produit\/pink-dby-bracelet\/"]}]},{"@type":"ImageObject","inLanguage":"en-CA","@id":"https:\/\/carolinesavoiejoaillerie.com\/en\/produit\/pink-dby-bracelet\/#primaryimage","url":"https:\/\/carolinesavoiejoaillerie.com\/wp-content\/uploads\/2022\/02\/Caroline-Savoie-Joaillerie-Bracelet-DBY-Saphir-Rose-Or-Blanc-Bijoux-Montreal-Quebec-Fait-Main-5.jpg","contentUrl":"https:\/\/carolinesavoiejoaillerie.com\/wp-content\/uploads\/2022\/02\/Caroline-Savoie-Joaillerie-Bracelet-DBY-Saphir-Rose-Or-Blanc-Bijoux-Montreal-Quebec-Fait-Main-5.jpg","width":2154,"height":2154,"caption":"Caroline Savoie Joaillerie Bracelet DBY Saphir Rose Or Blanc Bijoux Montreal Quebec Fait Main"},{"@type":"BreadcrumbList","@id":"https:\/\/carolinesavoiejoaillerie.com\/en\/produit\/pink-dby-bracelet\/#breadcrumb","itemListElement":[{"@type":"ListItem","position":1,"name":"Accueil","item":"https:\/\/carolinesavoiejoaillerie.com\/en\/"},{"@type":"ListItem","position":2,"name":"Shop","item":"https:\/\/carolinesavoiejoaillerie.com\/en\/shop\/"},{"@type":"ListItem","position":3,"name":"Pink DBY bracelet"}]},{"@type":"WebSite","@id":"https:\/\/carolinesavoiejoaillerie.com\/en\/#website","url":"https:\/\/carolinesavoiejoaillerie.com\/en\/","name":"Caroline Savoie Joaillerie","description":"Bijoux fabriqu\u00e9s \u00e0 la main, au Qu\u00e9bec","publisher":{"@id":"https:\/\/carolinesavoiejoaillerie.com\/en\/#organization"},"potentialAction":[{"@type":"SearchAction","target":{"@type":"EntryPoint","urlTemplate":"https:\/\/carolinesavoiejoaillerie.com\/en\/?s={search_term_string}"},"query-input":{"@type":"PropertyValueSpecification","valueRequired":true,"valueName":"search_term_string"}}],"inLanguage":"en-CA"},{"@type":"Organization","@id":"https:\/\/carolinesavoiejoaillerie.com\/en\/#organization","name":"Caroline Savoie","url":"https:\/\/carolinesavoiejoaillerie.com\/en\/","logo":{"@type":"ImageObject","inLanguage":"en-CA","@id":"https:\/\/carolinesavoiejoaillerie.com\/en\/#\/schema\/logo\/image\/","url":"https:\/\/carolinesavoiejoaillerie.com\/wp-content\/uploads\/2017\/10\/CarolineSavoieLogoBlancSurNoirSquare-e1508601602913.png","contentUrl":"https:\/\/carolinesavoiejoaillerie.com\/wp-content\/uploads\/2017\/10\/CarolineSavoieLogoBlancSurNoirSquare-e1508601602913.png","width":600,"height":599,"caption":"Caroline Savoie"},"image":{"@id":"https:\/\/carolinesavoiejoaillerie.com\/en\/#\/schema\/logo\/image\/"},"sameAs":["https:\/\/www.facebook.com\/carolinesavoiejoaillerie\/","https:\/\/www.instagram.com\/caroline_savoie_joaillerie\/","https:\/\/www.pinterest.com\/CSjoaillerie\/?eq=caroline savoie&amp;amp;amp;amp;amp;amp;etslf=NaN"]}]}},"_links":{"self":[{"href":"https:\/\/carolinesavoiejoaillerie.com\/en\/wp-json\/wp\/v2\/product\/36415","targetHints":{"allow":["GET"]}}],"collection":[{"href":"https:\/\/carolinesavoiejoaillerie.com\/en\/wp-json\/wp\/v2\/product"}],"about":[{"href":"https:\/\/carolinesavoiejoaillerie.com\/en\/wp-json\/wp\/v2\/types\/product"}],"wp:featuredmedia":[{"embeddable":true,"href":"https:\/\/carolinesavoiejoaillerie.com\/en\/wp-json\/wp\/v2\/media\/36425"}],"wp:attachment":[{"href":"https:\/\/carolinesavoiejoaillerie.com\/en\/wp-json\/wp\/v2\/media?parent=36415"}],"wp:term":[{"taxonomy":"product_brand","embeddable":true,"href":"https:\/\/carolinesavoiejoaillerie.com\/en\/wp-json\/wp\/v2\/product_brand?post=36415"},{"taxonomy":"product_cat","embeddable":true,"href":"https:\/\/carolinesavoiejoaillerie.com\/en\/wp-json\/wp\/v2\/product_cat?post=36415"},{"taxonomy":"product_tag","embeddable":true,"href":"https:\/\/carolinesavoiejoaillerie.com\/en\/wp-json\/wp\/v2\/product_tag?post=36415"}],"curies":[{"name":"wp","href":"https:\/\/api.w.org\/{rel}","templated":true}]}}