{"id":35433,"date":"2021-12-30T13:12:32","date_gmt":"2021-12-30T17:12:32","guid":{"rendered":"https:\/\/carolinesavoiejoaillerie.com\/?post_type=product&#038;p=35433"},"modified":"2026-01-28T12:29:22","modified_gmt":"2026-01-28T17:29:22","slug":"kasumiga-pearl-necklace","status":"publish","type":"product","link":"https:\/\/carolinesavoiejoaillerie.com\/en\/produit\/kasumiga-pearl-necklace\/","title":{"rendered":"Kasumiga Pearl Necklace"},"content":{"rendered":"<p>This majestic Kasumiga Pearl Necklace will harmonize with your entire wardrobe. Paired with earrings or simply on its own on the neck, this necklace is synonymous of elegance and gleesome. This exceptionnal jewel will captivate on all occasions.<\/p>\n<p>Handmade by a passionate Montreal based jeweller.<\/p>\n<p>Dimensions<\/p>\n<ul>\n<li>The necklace is 16 inches long<\/li>\n<li>The width of the clasp is 23 mm<\/li>\n<li>It weighs about 89 grams ( including the pearls and the clasp )<\/li>\n<li>Price on request<\/li>\n<\/ul>\n","protected":false},"excerpt":{"rendered":"<p>The <em>Kasumiga Pearl<\/em> Necklace is inspired by the roundness and spectacular color of its irresistible purple pearls. With a delicious elegant and sensual mauve-violet that combines lovingly with the richness of the 18k yellow gold, you will be seduced by it. Its colorful and sparkling pav\u00e9 clasp offers a dazzling combination of the most refined to this exquisite unique piece of jewelry.<\/p>\n<p>The necklace is garnished with 30 kasumiga pearls slightly degraded from 11 mm to 13 mm. The necklace has a rounded &#8216;toggle&#8217; style clasp handmade in 18k yellow gold. The clasp is set with a magnificent sparkling pav\u00e9 composed of 6 tsavorites, 3 rhodolite garnets, 2 blue sapphires, 2 yellow sapphires and 2 diamonds, totaling 2.01 carats.<\/p>\n","protected":false},"featured_media":36004,"template":"","meta":[],"product_brand":[],"product_cat":[2851,376,369],"product_tag":[],"class_list":{"0":"post-35433","1":"product","2":"type-product","3":"status-publish","4":"has-post-thumbnail","6":"product_cat-candy","7":"product_cat-necklaces-pendants","8":"product_cat-private-collection","10":"first","11":"instock","12":"taxable","13":"shipping-taxable","14":"product-type-simple"},"yoast_head":"<!-- This site is optimized with the Yoast SEO plugin v27.3 - https:\/\/yoast.com\/product\/yoast-seo-wordpress\/ -->\n<title>Kasumiga Pearl Necklace &#8211; Caroline Savoie Joaillerie<\/title>\n<meta name=\"description\" content=\"The Kasumiga Pearl Necklacle, a bold and elegant jewel. A one of kind and high-end piece of jewelry, an unique and colorful piece of art\" \/>\n<meta name=\"robots\" content=\"index, follow, max-snippet:-1, max-image-preview:large, max-video-preview:-1\" \/>\n<link rel=\"canonical\" href=\"https:\/\/carolinesavoiejoaillerie.com\/en\/produit\/kasumiga-pearl-necklace\/\" \/>\n<meta property=\"og:locale\" content=\"en_US\" \/>\n<meta property=\"og:type\" content=\"article\" \/>\n<meta property=\"og:title\" content=\"Kasumiga Pearl Necklace &#8211; Caroline Savoie Joaillerie\" \/>\n<meta property=\"og:description\" content=\"The Kasumiga Pearl Necklacle, a bold and elegant jewel. A one of kind and high-end piece of jewelry, an unique and colorful piece of art\" \/>\n<meta property=\"og:url\" content=\"https:\/\/carolinesavoiejoaillerie.com\/en\/produit\/kasumiga-pearl-necklace\/\" \/>\n<meta property=\"og:site_name\" content=\"Caroline Savoie Joaillerie\" \/>\n<meta property=\"article:publisher\" content=\"https:\/\/www.facebook.com\/carolinesavoiejoaillerie\/\" \/>\n<meta property=\"article:modified_time\" content=\"2026-01-28T17:29:22+00:00\" \/>\n<meta property=\"og:image\" content=\"https:\/\/carolinesavoiejoaillerie.com\/wp-content\/uploads\/2021\/12\/Caroline-Savoie-Joaillerie-Collier-Perles-Kasumiga-Or-18k-Bijoux-Faits-Main-Quebec-Joaillier-Montreal-Handmade-Jewelry-Diamants-Couleur-1-1.jpg\" \/>\n\t<meta property=\"og:image:width\" content=\"1997\" \/>\n\t<meta property=\"og:image:height\" content=\"1997\" \/>\n\t<meta property=\"og:image:type\" content=\"image\/jpeg\" \/>\n<meta name=\"twitter:card\" content=\"summary_large_image\" \/>\n<meta name=\"twitter:label1\" content=\"Est. reading time\" \/>\n\t<meta name=\"twitter:data1\" content=\"1 minute\" \/>\n<script type=\"application\/ld+json\" class=\"yoast-schema-graph\">{\"@context\":\"https:\\\/\\\/schema.org\",\"@graph\":[{\"@type\":\"WebPage\",\"@id\":\"https:\\\/\\\/carolinesavoiejoaillerie.com\\\/en\\\/produit\\\/kasumiga-pearl-necklace\\\/\",\"url\":\"https:\\\/\\\/carolinesavoiejoaillerie.com\\\/en\\\/produit\\\/kasumiga-pearl-necklace\\\/\",\"name\":\"Kasumiga Pearl Necklace &#8211; Caroline Savoie Joaillerie\",\"isPartOf\":{\"@id\":\"https:\\\/\\\/carolinesavoiejoaillerie.com\\\/en\\\/#website\"},\"primaryImageOfPage\":{\"@id\":\"https:\\\/\\\/carolinesavoiejoaillerie.com\\\/en\\\/produit\\\/kasumiga-pearl-necklace\\\/#primaryimage\"},\"image\":{\"@id\":\"https:\\\/\\\/carolinesavoiejoaillerie.com\\\/en\\\/produit\\\/kasumiga-pearl-necklace\\\/#primaryimage\"},\"thumbnailUrl\":\"https:\\\/\\\/carolinesavoiejoaillerie.com\\\/wp-content\\\/uploads\\\/2021\\\/12\\\/Caroline-Savoie-Joaillerie-Collier-Perles-Kasumiga-Or-18k-Bijoux-Faits-Main-Quebec-Joaillier-Montreal-Handmade-Jewelry-Diamants-Couleur-1-1.jpg\",\"datePublished\":\"2021-12-30T17:12:32+00:00\",\"dateModified\":\"2026-01-28T17:29:22+00:00\",\"description\":\"The Kasumiga Pearl Necklacle, a bold and elegant jewel. A one of kind and high-end piece of jewelry, an unique and colorful piece of art\",\"breadcrumb\":{\"@id\":\"https:\\\/\\\/carolinesavoiejoaillerie.com\\\/en\\\/produit\\\/kasumiga-pearl-necklace\\\/#breadcrumb\"},\"inLanguage\":\"en-CA\",\"potentialAction\":[{\"@type\":\"ReadAction\",\"target\":[\"https:\\\/\\\/carolinesavoiejoaillerie.com\\\/en\\\/produit\\\/kasumiga-pearl-necklace\\\/\"]}]},{\"@type\":\"ImageObject\",\"inLanguage\":\"en-CA\",\"@id\":\"https:\\\/\\\/carolinesavoiejoaillerie.com\\\/en\\\/produit\\\/kasumiga-pearl-necklace\\\/#primaryimage\",\"url\":\"https:\\\/\\\/carolinesavoiejoaillerie.com\\\/wp-content\\\/uploads\\\/2021\\\/12\\\/Caroline-Savoie-Joaillerie-Collier-Perles-Kasumiga-Or-18k-Bijoux-Faits-Main-Quebec-Joaillier-Montreal-Handmade-Jewelry-Diamants-Couleur-1-1.jpg\",\"contentUrl\":\"https:\\\/\\\/carolinesavoiejoaillerie.com\\\/wp-content\\\/uploads\\\/2021\\\/12\\\/Caroline-Savoie-Joaillerie-Collier-Perles-Kasumiga-Or-18k-Bijoux-Faits-Main-Quebec-Joaillier-Montreal-Handmade-Jewelry-Diamants-Couleur-1-1.jpg\",\"width\":1997,\"height\":1997,\"caption\":\"Caroline Savoie Joaillerie Collier Perles Kasumiga Or 18k Bijoux Faits Main Quebec Joaillier Montreal Handmade Jewelry Diamants Couleur (1)\"},{\"@type\":\"BreadcrumbList\",\"@id\":\"https:\\\/\\\/carolinesavoiejoaillerie.com\\\/en\\\/produit\\\/kasumiga-pearl-necklace\\\/#breadcrumb\",\"itemListElement\":[{\"@type\":\"ListItem\",\"position\":1,\"name\":\"Accueil\",\"item\":\"https:\\\/\\\/carolinesavoiejoaillerie.com\\\/en\\\/\"},{\"@type\":\"ListItem\",\"position\":2,\"name\":\"Shop\",\"item\":\"https:\\\/\\\/carolinesavoiejoaillerie.com\\\/en\\\/shop\\\/\"},{\"@type\":\"ListItem\",\"position\":3,\"name\":\"Kasumiga Pearl Necklace\"}]},{\"@type\":\"WebSite\",\"@id\":\"https:\\\/\\\/carolinesavoiejoaillerie.com\\\/en\\\/#website\",\"url\":\"https:\\\/\\\/carolinesavoiejoaillerie.com\\\/en\\\/\",\"name\":\"Caroline Savoie Joaillerie\",\"description\":\"Bijoux fabriqu\u00e9s \u00e0 la main, au Qu\u00e9bec\",\"publisher\":{\"@id\":\"https:\\\/\\\/carolinesavoiejoaillerie.com\\\/en\\\/#organization\"},\"potentialAction\":[{\"@type\":\"SearchAction\",\"target\":{\"@type\":\"EntryPoint\",\"urlTemplate\":\"https:\\\/\\\/carolinesavoiejoaillerie.com\\\/en\\\/?s={search_term_string}\"},\"query-input\":{\"@type\":\"PropertyValueSpecification\",\"valueRequired\":true,\"valueName\":\"search_term_string\"}}],\"inLanguage\":\"en-CA\"},{\"@type\":\"Organization\",\"@id\":\"https:\\\/\\\/carolinesavoiejoaillerie.com\\\/en\\\/#organization\",\"name\":\"Caroline Savoie\",\"url\":\"https:\\\/\\\/carolinesavoiejoaillerie.com\\\/en\\\/\",\"logo\":{\"@type\":\"ImageObject\",\"inLanguage\":\"en-CA\",\"@id\":\"https:\\\/\\\/carolinesavoiejoaillerie.com\\\/en\\\/#\\\/schema\\\/logo\\\/image\\\/\",\"url\":\"https:\\\/\\\/carolinesavoiejoaillerie.com\\\/wp-content\\\/uploads\\\/2017\\\/10\\\/CarolineSavoieLogoBlancSurNoirSquare-e1508601602913.png\",\"contentUrl\":\"https:\\\/\\\/carolinesavoiejoaillerie.com\\\/wp-content\\\/uploads\\\/2017\\\/10\\\/CarolineSavoieLogoBlancSurNoirSquare-e1508601602913.png\",\"width\":600,\"height\":599,\"caption\":\"Caroline Savoie\"},\"image\":{\"@id\":\"https:\\\/\\\/carolinesavoiejoaillerie.com\\\/en\\\/#\\\/schema\\\/logo\\\/image\\\/\"},\"sameAs\":[\"https:\\\/\\\/www.facebook.com\\\/carolinesavoiejoaillerie\\\/\",\"https:\\\/\\\/www.instagram.com\\\/caroline_savoie_joaillerie\\\/\",\"https:\\\/\\\/www.pinterest.com\\\/CSjoaillerie\\\/?eq=caroline savoie&amp;amp;amp;amp;amp;amp;etslf=NaN\"]}]}<\/script>\n<!-- \/ Yoast SEO plugin. -->","yoast_head_json":{"title":"Kasumiga Pearl Necklace &#8211; Caroline Savoie Joaillerie","description":"The Kasumiga Pearl Necklacle, a bold and elegant jewel. A one of kind and high-end piece of jewelry, an unique and colorful piece of art","robots":{"index":"index","follow":"follow","max-snippet":"max-snippet:-1","max-image-preview":"max-image-preview:large","max-video-preview":"max-video-preview:-1"},"canonical":"https:\/\/carolinesavoiejoaillerie.com\/en\/produit\/kasumiga-pearl-necklace\/","og_locale":"en_US","og_type":"article","og_title":"Kasumiga Pearl Necklace &#8211; Caroline Savoie Joaillerie","og_description":"The Kasumiga Pearl Necklacle, a bold and elegant jewel. A one of kind and high-end piece of jewelry, an unique and colorful piece of art","og_url":"https:\/\/carolinesavoiejoaillerie.com\/en\/produit\/kasumiga-pearl-necklace\/","og_site_name":"Caroline Savoie Joaillerie","article_publisher":"https:\/\/www.facebook.com\/carolinesavoiejoaillerie\/","article_modified_time":"2026-01-28T17:29:22+00:00","og_image":[{"width":1997,"height":1997,"url":"https:\/\/carolinesavoiejoaillerie.com\/wp-content\/uploads\/2021\/12\/Caroline-Savoie-Joaillerie-Collier-Perles-Kasumiga-Or-18k-Bijoux-Faits-Main-Quebec-Joaillier-Montreal-Handmade-Jewelry-Diamants-Couleur-1-1.jpg","type":"image\/jpeg"}],"twitter_card":"summary_large_image","twitter_misc":{"Est. reading time":"1 minute"},"schema":{"@context":"https:\/\/schema.org","@graph":[{"@type":"WebPage","@id":"https:\/\/carolinesavoiejoaillerie.com\/en\/produit\/kasumiga-pearl-necklace\/","url":"https:\/\/carolinesavoiejoaillerie.com\/en\/produit\/kasumiga-pearl-necklace\/","name":"Kasumiga Pearl Necklace &#8211; Caroline Savoie Joaillerie","isPartOf":{"@id":"https:\/\/carolinesavoiejoaillerie.com\/en\/#website"},"primaryImageOfPage":{"@id":"https:\/\/carolinesavoiejoaillerie.com\/en\/produit\/kasumiga-pearl-necklace\/#primaryimage"},"image":{"@id":"https:\/\/carolinesavoiejoaillerie.com\/en\/produit\/kasumiga-pearl-necklace\/#primaryimage"},"thumbnailUrl":"https:\/\/carolinesavoiejoaillerie.com\/wp-content\/uploads\/2021\/12\/Caroline-Savoie-Joaillerie-Collier-Perles-Kasumiga-Or-18k-Bijoux-Faits-Main-Quebec-Joaillier-Montreal-Handmade-Jewelry-Diamants-Couleur-1-1.jpg","datePublished":"2021-12-30T17:12:32+00:00","dateModified":"2026-01-28T17:29:22+00:00","description":"The Kasumiga Pearl Necklacle, a bold and elegant jewel. A one of kind and high-end piece of jewelry, an unique and colorful piece of art","breadcrumb":{"@id":"https:\/\/carolinesavoiejoaillerie.com\/en\/produit\/kasumiga-pearl-necklace\/#breadcrumb"},"inLanguage":"en-CA","potentialAction":[{"@type":"ReadAction","target":["https:\/\/carolinesavoiejoaillerie.com\/en\/produit\/kasumiga-pearl-necklace\/"]}]},{"@type":"ImageObject","inLanguage":"en-CA","@id":"https:\/\/carolinesavoiejoaillerie.com\/en\/produit\/kasumiga-pearl-necklace\/#primaryimage","url":"https:\/\/carolinesavoiejoaillerie.com\/wp-content\/uploads\/2021\/12\/Caroline-Savoie-Joaillerie-Collier-Perles-Kasumiga-Or-18k-Bijoux-Faits-Main-Quebec-Joaillier-Montreal-Handmade-Jewelry-Diamants-Couleur-1-1.jpg","contentUrl":"https:\/\/carolinesavoiejoaillerie.com\/wp-content\/uploads\/2021\/12\/Caroline-Savoie-Joaillerie-Collier-Perles-Kasumiga-Or-18k-Bijoux-Faits-Main-Quebec-Joaillier-Montreal-Handmade-Jewelry-Diamants-Couleur-1-1.jpg","width":1997,"height":1997,"caption":"Caroline Savoie Joaillerie Collier Perles Kasumiga Or 18k Bijoux Faits Main Quebec Joaillier Montreal Handmade Jewelry Diamants Couleur (1)"},{"@type":"BreadcrumbList","@id":"https:\/\/carolinesavoiejoaillerie.com\/en\/produit\/kasumiga-pearl-necklace\/#breadcrumb","itemListElement":[{"@type":"ListItem","position":1,"name":"Accueil","item":"https:\/\/carolinesavoiejoaillerie.com\/en\/"},{"@type":"ListItem","position":2,"name":"Shop","item":"https:\/\/carolinesavoiejoaillerie.com\/en\/shop\/"},{"@type":"ListItem","position":3,"name":"Kasumiga Pearl Necklace"}]},{"@type":"WebSite","@id":"https:\/\/carolinesavoiejoaillerie.com\/en\/#website","url":"https:\/\/carolinesavoiejoaillerie.com\/en\/","name":"Caroline Savoie Joaillerie","description":"Bijoux fabriqu\u00e9s \u00e0 la main, au Qu\u00e9bec","publisher":{"@id":"https:\/\/carolinesavoiejoaillerie.com\/en\/#organization"},"potentialAction":[{"@type":"SearchAction","target":{"@type":"EntryPoint","urlTemplate":"https:\/\/carolinesavoiejoaillerie.com\/en\/?s={search_term_string}"},"query-input":{"@type":"PropertyValueSpecification","valueRequired":true,"valueName":"search_term_string"}}],"inLanguage":"en-CA"},{"@type":"Organization","@id":"https:\/\/carolinesavoiejoaillerie.com\/en\/#organization","name":"Caroline Savoie","url":"https:\/\/carolinesavoiejoaillerie.com\/en\/","logo":{"@type":"ImageObject","inLanguage":"en-CA","@id":"https:\/\/carolinesavoiejoaillerie.com\/en\/#\/schema\/logo\/image\/","url":"https:\/\/carolinesavoiejoaillerie.com\/wp-content\/uploads\/2017\/10\/CarolineSavoieLogoBlancSurNoirSquare-e1508601602913.png","contentUrl":"https:\/\/carolinesavoiejoaillerie.com\/wp-content\/uploads\/2017\/10\/CarolineSavoieLogoBlancSurNoirSquare-e1508601602913.png","width":600,"height":599,"caption":"Caroline Savoie"},"image":{"@id":"https:\/\/carolinesavoiejoaillerie.com\/en\/#\/schema\/logo\/image\/"},"sameAs":["https:\/\/www.facebook.com\/carolinesavoiejoaillerie\/","https:\/\/www.instagram.com\/caroline_savoie_joaillerie\/","https:\/\/www.pinterest.com\/CSjoaillerie\/?eq=caroline savoie&amp;amp;amp;amp;amp;amp;etslf=NaN"]}]}},"_links":{"self":[{"href":"https:\/\/carolinesavoiejoaillerie.com\/en\/wp-json\/wp\/v2\/product\/35433","targetHints":{"allow":["GET"]}}],"collection":[{"href":"https:\/\/carolinesavoiejoaillerie.com\/en\/wp-json\/wp\/v2\/product"}],"about":[{"href":"https:\/\/carolinesavoiejoaillerie.com\/en\/wp-json\/wp\/v2\/types\/product"}],"wp:featuredmedia":[{"embeddable":true,"href":"https:\/\/carolinesavoiejoaillerie.com\/en\/wp-json\/wp\/v2\/media\/36004"}],"wp:attachment":[{"href":"https:\/\/carolinesavoiejoaillerie.com\/en\/wp-json\/wp\/v2\/media?parent=35433"}],"wp:term":[{"taxonomy":"product_brand","embeddable":true,"href":"https:\/\/carolinesavoiejoaillerie.com\/en\/wp-json\/wp\/v2\/product_brand?post=35433"},{"taxonomy":"product_cat","embeddable":true,"href":"https:\/\/carolinesavoiejoaillerie.com\/en\/wp-json\/wp\/v2\/product_cat?post=35433"},{"taxonomy":"product_tag","embeddable":true,"href":"https:\/\/carolinesavoiejoaillerie.com\/en\/wp-json\/wp\/v2\/product_tag?post=35433"}],"curies":[{"name":"wp","href":"https:\/\/api.w.org\/{rel}","templated":true}]}}