{"id":35291,"date":"2021-12-08T23:53:13","date_gmt":"2021-12-09T03:53:13","guid":{"rendered":"https:\/\/carolinesavoiejoaillerie.com\/?post_type=product&#038;p=35291"},"modified":"2022-01-02T17:37:32","modified_gmt":"2022-01-02T21:37:32","slug":"tahitian-pearl-earrings","status":"publish","type":"product","link":"https:\/\/carolinesavoiejoaillerie.com\/en\/produit\/tahitian-pearl-earrings\/","title":{"rendered":"Tahitian Pearl Earrings"},"content":{"rendered":"<p>The Tahitian Pearl stud earrings are true classics. Comfortable and refined, they are simply stunning. Perfect for everyday wear, they go with everything, anywhere, at anytime !<\/p>\n<p>Handmade by a passionate Montreal based jeweller.<\/p>\n<p>Dimensions \/ Options<\/p>\n<ul>\n<li>I offer a large selection of pearls. Several shapes, colors and kinds of pearls are available. ** Contact me for more information and \/ or to choose your pearls<\/li>\n<li>The pearl earrings can also be on hooks for a more modern look<\/li>\n<li>The price for a pair of pearl stud earrings starts at $ 200. The prices vary according to the sizes, the types of pearls and the model earrings chosen<\/li>\n<\/ul>\n","protected":false},"excerpt":{"rendered":"<p><span class=\"JLqJ4b ChMk0b\" data-language-for-alternatives=\"en\" data-language-to-translate-into=\"fr\" data-phrase-index=\"0\">The<em> Tahitian Pearl<\/em> earrings<\/span> are simply pure beauty. These delicious round peacock natural colored Tahitian pearls are of an eternal sensuality. A true classic and timeless jewel. Pearls are always fabulous and versatile.<\/p>\n<p>The earrings are made of 18k yellow gold garnished with two magnificent Tahitian pearls AAA of 8 mm &#8211; 8,50 mm. * I carefully take the time to select the most beautiful pearls, in order to offer you the best quality \/ price. Colored or white pearls, in round, circled or baroque shapes, passing through the sublime Keshi, the magnificent Kasumiga or the gorgeous Tahitian pearls, you just need to choose the pair that you prefer.<\/p>\n","protected":false},"featured_media":35422,"template":"","meta":[],"product_brand":[],"product_cat":[361],"product_tag":[],"class_list":{"0":"post-35291","1":"product","2":"type-product","3":"status-publish","4":"has-post-thumbnail","6":"product_cat-earrings-en","8":"first","9":"instock","10":"taxable","11":"shipping-taxable","12":"purchasable","13":"product-type-simple"},"yoast_head":"<!-- This site is optimized with the Yoast SEO plugin v27.3 - https:\/\/yoast.com\/product\/yoast-seo-wordpress\/ -->\n<title>Tahitian Pearl Earrings &#8211; Caroline Savoie Joaillerie<\/title>\n<meta name=\"description\" content=\"The Tahitian Pearl Earrings are simply beautiful and comfortable. They can be worn daily. A refined, classic and timeless piece of jewelry.\" \/>\n<meta name=\"robots\" content=\"index, follow, max-snippet:-1, max-image-preview:large, max-video-preview:-1\" \/>\n<link rel=\"canonical\" href=\"https:\/\/carolinesavoiejoaillerie.com\/en\/produit\/tahitian-pearl-earrings\/\" \/>\n<meta property=\"og:locale\" content=\"en_US\" \/>\n<meta property=\"og:type\" content=\"article\" \/>\n<meta property=\"og:title\" content=\"Tahitian Pearl Earrings &#8211; Caroline Savoie Joaillerie\" \/>\n<meta property=\"og:description\" content=\"The Tahitian Pearl Earrings are simply beautiful and comfortable. They can be worn daily. A refined, classic and timeless piece of jewelry.\" \/>\n<meta property=\"og:url\" content=\"https:\/\/carolinesavoiejoaillerie.com\/en\/produit\/tahitian-pearl-earrings\/\" \/>\n<meta property=\"og:site_name\" content=\"Caroline Savoie Joaillerie\" \/>\n<meta property=\"article:publisher\" content=\"https:\/\/www.facebook.com\/carolinesavoiejoaillerie\/\" \/>\n<meta property=\"article:modified_time\" content=\"2022-01-02T21:37:32+00:00\" \/>\n<meta property=\"og:image\" content=\"https:\/\/carolinesavoiejoaillerie.com\/wp-content\/uploads\/2021\/12\/Caroline-Savoie-Joaillerie-Boucles-Doreilles-Perles-Tahiti-Or-Jaune-18k-Bijoux-Faits-Main-Quebec-Montreal-Tahitian-Pearl-Earrings-3.jpg\" \/>\n\t<meta property=\"og:image:width\" content=\"1785\" \/>\n\t<meta property=\"og:image:height\" content=\"1784\" \/>\n\t<meta property=\"og:image:type\" content=\"image\/jpeg\" \/>\n<meta name=\"twitter:card\" content=\"summary_large_image\" \/>\n<meta name=\"twitter:label1\" content=\"Est. reading time\" \/>\n\t<meta name=\"twitter:data1\" content=\"1 minute\" \/>\n<script type=\"application\/ld+json\" class=\"yoast-schema-graph\">{\"@context\":\"https:\\\/\\\/schema.org\",\"@graph\":[{\"@type\":\"WebPage\",\"@id\":\"https:\\\/\\\/carolinesavoiejoaillerie.com\\\/en\\\/produit\\\/tahitian-pearl-earrings\\\/\",\"url\":\"https:\\\/\\\/carolinesavoiejoaillerie.com\\\/en\\\/produit\\\/tahitian-pearl-earrings\\\/\",\"name\":\"Tahitian Pearl Earrings &#8211; Caroline Savoie Joaillerie\",\"isPartOf\":{\"@id\":\"https:\\\/\\\/carolinesavoiejoaillerie.com\\\/en\\\/#website\"},\"primaryImageOfPage\":{\"@id\":\"https:\\\/\\\/carolinesavoiejoaillerie.com\\\/en\\\/produit\\\/tahitian-pearl-earrings\\\/#primaryimage\"},\"image\":{\"@id\":\"https:\\\/\\\/carolinesavoiejoaillerie.com\\\/en\\\/produit\\\/tahitian-pearl-earrings\\\/#primaryimage\"},\"thumbnailUrl\":\"https:\\\/\\\/carolinesavoiejoaillerie.com\\\/wp-content\\\/uploads\\\/2021\\\/12\\\/Caroline-Savoie-Joaillerie-Boucles-Doreilles-Perles-Tahiti-Or-Jaune-18k-Bijoux-Faits-Main-Quebec-Montreal-Tahitian-Pearl-Earrings-3.jpg\",\"datePublished\":\"2021-12-09T03:53:13+00:00\",\"dateModified\":\"2022-01-02T21:37:32+00:00\",\"description\":\"The Tahitian Pearl Earrings are simply beautiful and comfortable. They can be worn daily. A refined, classic and timeless piece of jewelry.\",\"breadcrumb\":{\"@id\":\"https:\\\/\\\/carolinesavoiejoaillerie.com\\\/en\\\/produit\\\/tahitian-pearl-earrings\\\/#breadcrumb\"},\"inLanguage\":\"en-CA\",\"potentialAction\":[{\"@type\":\"ReadAction\",\"target\":[\"https:\\\/\\\/carolinesavoiejoaillerie.com\\\/en\\\/produit\\\/tahitian-pearl-earrings\\\/\"]}]},{\"@type\":\"ImageObject\",\"inLanguage\":\"en-CA\",\"@id\":\"https:\\\/\\\/carolinesavoiejoaillerie.com\\\/en\\\/produit\\\/tahitian-pearl-earrings\\\/#primaryimage\",\"url\":\"https:\\\/\\\/carolinesavoiejoaillerie.com\\\/wp-content\\\/uploads\\\/2021\\\/12\\\/Caroline-Savoie-Joaillerie-Boucles-Doreilles-Perles-Tahiti-Or-Jaune-18k-Bijoux-Faits-Main-Quebec-Montreal-Tahitian-Pearl-Earrings-3.jpg\",\"contentUrl\":\"https:\\\/\\\/carolinesavoiejoaillerie.com\\\/wp-content\\\/uploads\\\/2021\\\/12\\\/Caroline-Savoie-Joaillerie-Boucles-Doreilles-Perles-Tahiti-Or-Jaune-18k-Bijoux-Faits-Main-Quebec-Montreal-Tahitian-Pearl-Earrings-3.jpg\",\"width\":1785,\"height\":1784,\"caption\":\"Caroline Savoie Joaillerie Boucles D'oreilles Perles Tahiti Or Jaune 18k Bijoux Faits Main Quebec Montreal Tahitian Pearl Earrings (3)\"},{\"@type\":\"BreadcrumbList\",\"@id\":\"https:\\\/\\\/carolinesavoiejoaillerie.com\\\/en\\\/produit\\\/tahitian-pearl-earrings\\\/#breadcrumb\",\"itemListElement\":[{\"@type\":\"ListItem\",\"position\":1,\"name\":\"Accueil\",\"item\":\"https:\\\/\\\/carolinesavoiejoaillerie.com\\\/en\\\/\"},{\"@type\":\"ListItem\",\"position\":2,\"name\":\"Shop\",\"item\":\"https:\\\/\\\/carolinesavoiejoaillerie.com\\\/en\\\/shop\\\/\"},{\"@type\":\"ListItem\",\"position\":3,\"name\":\"Tahitian Pearl Earrings\"}]},{\"@type\":\"WebSite\",\"@id\":\"https:\\\/\\\/carolinesavoiejoaillerie.com\\\/en\\\/#website\",\"url\":\"https:\\\/\\\/carolinesavoiejoaillerie.com\\\/en\\\/\",\"name\":\"Caroline Savoie Joaillerie\",\"description\":\"Bijoux fabriqu\u00e9s \u00e0 la main, au Qu\u00e9bec\",\"publisher\":{\"@id\":\"https:\\\/\\\/carolinesavoiejoaillerie.com\\\/en\\\/#organization\"},\"potentialAction\":[{\"@type\":\"SearchAction\",\"target\":{\"@type\":\"EntryPoint\",\"urlTemplate\":\"https:\\\/\\\/carolinesavoiejoaillerie.com\\\/en\\\/?s={search_term_string}\"},\"query-input\":{\"@type\":\"PropertyValueSpecification\",\"valueRequired\":true,\"valueName\":\"search_term_string\"}}],\"inLanguage\":\"en-CA\"},{\"@type\":\"Organization\",\"@id\":\"https:\\\/\\\/carolinesavoiejoaillerie.com\\\/en\\\/#organization\",\"name\":\"Caroline Savoie\",\"url\":\"https:\\\/\\\/carolinesavoiejoaillerie.com\\\/en\\\/\",\"logo\":{\"@type\":\"ImageObject\",\"inLanguage\":\"en-CA\",\"@id\":\"https:\\\/\\\/carolinesavoiejoaillerie.com\\\/en\\\/#\\\/schema\\\/logo\\\/image\\\/\",\"url\":\"https:\\\/\\\/carolinesavoiejoaillerie.com\\\/wp-content\\\/uploads\\\/2017\\\/10\\\/CarolineSavoieLogoBlancSurNoirSquare-e1508601602913.png\",\"contentUrl\":\"https:\\\/\\\/carolinesavoiejoaillerie.com\\\/wp-content\\\/uploads\\\/2017\\\/10\\\/CarolineSavoieLogoBlancSurNoirSquare-e1508601602913.png\",\"width\":600,\"height\":599,\"caption\":\"Caroline Savoie\"},\"image\":{\"@id\":\"https:\\\/\\\/carolinesavoiejoaillerie.com\\\/en\\\/#\\\/schema\\\/logo\\\/image\\\/\"},\"sameAs\":[\"https:\\\/\\\/www.facebook.com\\\/carolinesavoiejoaillerie\\\/\",\"https:\\\/\\\/www.instagram.com\\\/caroline_savoie_joaillerie\\\/\",\"https:\\\/\\\/www.pinterest.com\\\/CSjoaillerie\\\/?eq=caroline savoie&amp;amp;amp;amp;amp;amp;etslf=NaN\"]}]}<\/script>\n<!-- \/ Yoast SEO plugin. -->","yoast_head_json":{"title":"Tahitian Pearl Earrings &#8211; Caroline Savoie Joaillerie","description":"The Tahitian Pearl Earrings are simply beautiful and comfortable. They can be worn daily. A refined, classic and timeless piece of jewelry.","robots":{"index":"index","follow":"follow","max-snippet":"max-snippet:-1","max-image-preview":"max-image-preview:large","max-video-preview":"max-video-preview:-1"},"canonical":"https:\/\/carolinesavoiejoaillerie.com\/en\/produit\/tahitian-pearl-earrings\/","og_locale":"en_US","og_type":"article","og_title":"Tahitian Pearl Earrings &#8211; Caroline Savoie Joaillerie","og_description":"The Tahitian Pearl Earrings are simply beautiful and comfortable. They can be worn daily. A refined, classic and timeless piece of jewelry.","og_url":"https:\/\/carolinesavoiejoaillerie.com\/en\/produit\/tahitian-pearl-earrings\/","og_site_name":"Caroline Savoie Joaillerie","article_publisher":"https:\/\/www.facebook.com\/carolinesavoiejoaillerie\/","article_modified_time":"2022-01-02T21:37:32+00:00","og_image":[{"width":1785,"height":1784,"url":"https:\/\/carolinesavoiejoaillerie.com\/wp-content\/uploads\/2021\/12\/Caroline-Savoie-Joaillerie-Boucles-Doreilles-Perles-Tahiti-Or-Jaune-18k-Bijoux-Faits-Main-Quebec-Montreal-Tahitian-Pearl-Earrings-3.jpg","type":"image\/jpeg"}],"twitter_card":"summary_large_image","twitter_misc":{"Est. reading time":"1 minute"},"schema":{"@context":"https:\/\/schema.org","@graph":[{"@type":"WebPage","@id":"https:\/\/carolinesavoiejoaillerie.com\/en\/produit\/tahitian-pearl-earrings\/","url":"https:\/\/carolinesavoiejoaillerie.com\/en\/produit\/tahitian-pearl-earrings\/","name":"Tahitian Pearl Earrings &#8211; Caroline Savoie Joaillerie","isPartOf":{"@id":"https:\/\/carolinesavoiejoaillerie.com\/en\/#website"},"primaryImageOfPage":{"@id":"https:\/\/carolinesavoiejoaillerie.com\/en\/produit\/tahitian-pearl-earrings\/#primaryimage"},"image":{"@id":"https:\/\/carolinesavoiejoaillerie.com\/en\/produit\/tahitian-pearl-earrings\/#primaryimage"},"thumbnailUrl":"https:\/\/carolinesavoiejoaillerie.com\/wp-content\/uploads\/2021\/12\/Caroline-Savoie-Joaillerie-Boucles-Doreilles-Perles-Tahiti-Or-Jaune-18k-Bijoux-Faits-Main-Quebec-Montreal-Tahitian-Pearl-Earrings-3.jpg","datePublished":"2021-12-09T03:53:13+00:00","dateModified":"2022-01-02T21:37:32+00:00","description":"The Tahitian Pearl Earrings are simply beautiful and comfortable. They can be worn daily. A refined, classic and timeless piece of jewelry.","breadcrumb":{"@id":"https:\/\/carolinesavoiejoaillerie.com\/en\/produit\/tahitian-pearl-earrings\/#breadcrumb"},"inLanguage":"en-CA","potentialAction":[{"@type":"ReadAction","target":["https:\/\/carolinesavoiejoaillerie.com\/en\/produit\/tahitian-pearl-earrings\/"]}]},{"@type":"ImageObject","inLanguage":"en-CA","@id":"https:\/\/carolinesavoiejoaillerie.com\/en\/produit\/tahitian-pearl-earrings\/#primaryimage","url":"https:\/\/carolinesavoiejoaillerie.com\/wp-content\/uploads\/2021\/12\/Caroline-Savoie-Joaillerie-Boucles-Doreilles-Perles-Tahiti-Or-Jaune-18k-Bijoux-Faits-Main-Quebec-Montreal-Tahitian-Pearl-Earrings-3.jpg","contentUrl":"https:\/\/carolinesavoiejoaillerie.com\/wp-content\/uploads\/2021\/12\/Caroline-Savoie-Joaillerie-Boucles-Doreilles-Perles-Tahiti-Or-Jaune-18k-Bijoux-Faits-Main-Quebec-Montreal-Tahitian-Pearl-Earrings-3.jpg","width":1785,"height":1784,"caption":"Caroline Savoie Joaillerie Boucles D'oreilles Perles Tahiti Or Jaune 18k Bijoux Faits Main Quebec Montreal Tahitian Pearl Earrings (3)"},{"@type":"BreadcrumbList","@id":"https:\/\/carolinesavoiejoaillerie.com\/en\/produit\/tahitian-pearl-earrings\/#breadcrumb","itemListElement":[{"@type":"ListItem","position":1,"name":"Accueil","item":"https:\/\/carolinesavoiejoaillerie.com\/en\/"},{"@type":"ListItem","position":2,"name":"Shop","item":"https:\/\/carolinesavoiejoaillerie.com\/en\/shop\/"},{"@type":"ListItem","position":3,"name":"Tahitian Pearl Earrings"}]},{"@type":"WebSite","@id":"https:\/\/carolinesavoiejoaillerie.com\/en\/#website","url":"https:\/\/carolinesavoiejoaillerie.com\/en\/","name":"Caroline Savoie Joaillerie","description":"Bijoux fabriqu\u00e9s \u00e0 la main, au Qu\u00e9bec","publisher":{"@id":"https:\/\/carolinesavoiejoaillerie.com\/en\/#organization"},"potentialAction":[{"@type":"SearchAction","target":{"@type":"EntryPoint","urlTemplate":"https:\/\/carolinesavoiejoaillerie.com\/en\/?s={search_term_string}"},"query-input":{"@type":"PropertyValueSpecification","valueRequired":true,"valueName":"search_term_string"}}],"inLanguage":"en-CA"},{"@type":"Organization","@id":"https:\/\/carolinesavoiejoaillerie.com\/en\/#organization","name":"Caroline Savoie","url":"https:\/\/carolinesavoiejoaillerie.com\/en\/","logo":{"@type":"ImageObject","inLanguage":"en-CA","@id":"https:\/\/carolinesavoiejoaillerie.com\/en\/#\/schema\/logo\/image\/","url":"https:\/\/carolinesavoiejoaillerie.com\/wp-content\/uploads\/2017\/10\/CarolineSavoieLogoBlancSurNoirSquare-e1508601602913.png","contentUrl":"https:\/\/carolinesavoiejoaillerie.com\/wp-content\/uploads\/2017\/10\/CarolineSavoieLogoBlancSurNoirSquare-e1508601602913.png","width":600,"height":599,"caption":"Caroline Savoie"},"image":{"@id":"https:\/\/carolinesavoiejoaillerie.com\/en\/#\/schema\/logo\/image\/"},"sameAs":["https:\/\/www.facebook.com\/carolinesavoiejoaillerie\/","https:\/\/www.instagram.com\/caroline_savoie_joaillerie\/","https:\/\/www.pinterest.com\/CSjoaillerie\/?eq=caroline savoie&amp;amp;amp;amp;amp;amp;etslf=NaN"]}]}},"_links":{"self":[{"href":"https:\/\/carolinesavoiejoaillerie.com\/en\/wp-json\/wp\/v2\/product\/35291","targetHints":{"allow":["GET"]}}],"collection":[{"href":"https:\/\/carolinesavoiejoaillerie.com\/en\/wp-json\/wp\/v2\/product"}],"about":[{"href":"https:\/\/carolinesavoiejoaillerie.com\/en\/wp-json\/wp\/v2\/types\/product"}],"wp:featuredmedia":[{"embeddable":true,"href":"https:\/\/carolinesavoiejoaillerie.com\/en\/wp-json\/wp\/v2\/media\/35422"}],"wp:attachment":[{"href":"https:\/\/carolinesavoiejoaillerie.com\/en\/wp-json\/wp\/v2\/media?parent=35291"}],"wp:term":[{"taxonomy":"product_brand","embeddable":true,"href":"https:\/\/carolinesavoiejoaillerie.com\/en\/wp-json\/wp\/v2\/product_brand?post=35291"},{"taxonomy":"product_cat","embeddable":true,"href":"https:\/\/carolinesavoiejoaillerie.com\/en\/wp-json\/wp\/v2\/product_cat?post=35291"},{"taxonomy":"product_tag","embeddable":true,"href":"https:\/\/carolinesavoiejoaillerie.com\/en\/wp-json\/wp\/v2\/product_tag?post=35291"}],"curies":[{"name":"wp","href":"https:\/\/api.w.org\/{rel}","templated":true}]}}