{"id":33890,"date":"2021-12-08T21:25:40","date_gmt":"2021-12-09T01:25:40","guid":{"rendered":"https:\/\/carolinesavoiejoaillerie.com\/?post_type=product&#038;p=33890"},"modified":"2022-09-25T17:52:54","modified_gmt":"2022-09-25T21:52:54","slug":"golden-pineapple-perfume-ring","status":"publish","type":"product","link":"https:\/\/carolinesavoiejoaillerie.com\/en\/produit\/golden-pineapple-perfume-ring\/","title":{"rendered":"Golden Pineapple Perfume Ring"},"content":{"rendered":"<p>This fine Golden Pineapple Perfume ring is sober and undeniably elegant, night and day. A comfortable ring with a unique, wildly chic design to match all your looks, glamorous, bold or classic. * In the photo, the Pineapple Perfume ring is combined in a triology with two <a href=\"https:\/\/carolinesavoiejoaillerie.com\/en\/produit\/black-queen-ring\/\">Black\u00a0Queen Rings<\/a>. It is also combined with the <a href=\"https:\/\/carolinesavoiejoaillerie.com\/en\/produit\/golden-bistoury-ring\/\">Golden Bistoury Ring<\/a>, the <a href=\"https:\/\/carolinesavoiejoaillerie.com\/en\/produit\/green-queen-of-hearts-ring\/\">Green Queen of Hearts Ring<\/a>, the <a href=\"https:\/\/carolinesavoiejoaillerie.com\/en\/produit\/violet-queen-ring\/\">Violet Queen Ring<\/a> as well as the <a href=\"https:\/\/carolinesavoiejoaillerie.com\/en\/produit\/blue-diamond-jackofhearts-ring\/\">Blue Diamond Jack of Hearts Ring<\/a>.<\/p>\n<p>Entirely sculpted and handcrafted by a passionate jeweler in Montreal, Quebec.<\/p>\n<p>Dimensions<\/p>\n<ul>\n<li>The width of the ring is 4.50 mm<\/li>\n<li>Each ring is adjusted according to the size of your finger<\/li>\n<li>It weighs about 9 grams<\/li>\n<\/ul>\n","protected":false},"excerpt":{"rendered":"<p>The <em>Golden Pineapple Perfume<\/em> Ring draws inspiration from the unique form and nobility of this golden fruit. Hand sculpted to create this majestic texture, a texture that has become one of my signatures, this pineapple jewel is sure to win you over, like the sweet taste of this unique fruit. Subtly beautiful and golden, it evokes finesse and refinement. Worn alone or combined in a trilogy, it is unique and naturally splendid.<\/p>\n<p>The ring is made in 18k yellow gold.<\/p>\n<p>&nbsp;<\/p>\n<p><a href=\"http:\/\/carolinesavoiejoaillerie.com\/wp-content\/uploads\/2017\/11\/E\u0301chelle-et-baguier.pdf\" target=\"blank\" rel=\"noopener noreferrer\"><u>Consult the size chart<\/u><\/a><\/p>\n","protected":false},"featured_media":40916,"template":"","meta":[],"product_brand":[],"product_cat":[2861,354,2852],"product_tag":[],"class_list":{"0":"post-33890","1":"product","2":"type-product","3":"status-publish","4":"has-post-thumbnail","6":"product_cat-pineapple","7":"product_cat-rings","8":"product_cat-stackable","10":"first","11":"instock","12":"taxable","13":"shipping-taxable","14":"purchasable","15":"product-type-variable"},"yoast_head":"<!-- This site is optimized with the Yoast SEO plugin v27.3 - https:\/\/yoast.com\/product\/yoast-seo-wordpress\/ -->\n<title>Golden Pineapple Perfume Ring &#8211; Caroline Savoie Joaillerie<\/title>\n<meta name=\"description\" content=\"The Golden Pineapple Perfume Ring : an elegant and unique jewel. A designer jewelry piece. High-end and meticulous craftsmanship made in Montreal\" \/>\n<meta name=\"robots\" content=\"index, follow, max-snippet:-1, max-image-preview:large, max-video-preview:-1\" \/>\n<link rel=\"canonical\" href=\"https:\/\/carolinesavoiejoaillerie.com\/en\/produit\/golden-pineapple-perfume-ring\/\" \/>\n<meta property=\"og:locale\" content=\"en_US\" \/>\n<meta property=\"og:type\" content=\"article\" \/>\n<meta property=\"og:title\" content=\"Golden Pineapple Perfume Ring &#8211; Caroline Savoie Joaillerie\" \/>\n<meta property=\"og:description\" content=\"The Golden Pineapple Perfume Ring : an elegant and unique jewel. A designer jewelry piece. High-end and meticulous craftsmanship made in Montreal\" \/>\n<meta property=\"og:url\" content=\"https:\/\/carolinesavoiejoaillerie.com\/en\/produit\/golden-pineapple-perfume-ring\/\" \/>\n<meta property=\"og:site_name\" content=\"Caroline Savoie Joaillerie\" \/>\n<meta property=\"article:publisher\" content=\"https:\/\/www.facebook.com\/carolinesavoiejoaillerie\/\" \/>\n<meta property=\"article:modified_time\" content=\"2022-09-25T21:52:54+00:00\" \/>\n<meta property=\"og:image\" content=\"https:\/\/carolinesavoiejoaillerie.com\/wp-content\/uploads\/2022\/09\/Caroline-Savoie-Joaillerie-Bague-Parfum-Ananas-Or-18k-Bijoux-Montreal-Quebec-Handmade-Jewelry-Noir-Saphir.webp\" \/>\n\t<meta property=\"og:image:width\" content=\"1958\" \/>\n\t<meta property=\"og:image:height\" content=\"1957\" \/>\n\t<meta property=\"og:image:type\" content=\"image\/webp\" \/>\n<meta name=\"twitter:card\" content=\"summary_large_image\" \/>\n<meta name=\"twitter:label1\" content=\"Est. reading time\" \/>\n\t<meta name=\"twitter:data1\" content=\"1 minute\" \/>\n<script type=\"application\/ld+json\" class=\"yoast-schema-graph\">{\"@context\":\"https:\\\/\\\/schema.org\",\"@graph\":[{\"@type\":\"WebPage\",\"@id\":\"https:\\\/\\\/carolinesavoiejoaillerie.com\\\/en\\\/produit\\\/golden-pineapple-perfume-ring\\\/\",\"url\":\"https:\\\/\\\/carolinesavoiejoaillerie.com\\\/en\\\/produit\\\/golden-pineapple-perfume-ring\\\/\",\"name\":\"Golden Pineapple Perfume Ring &#8211; Caroline Savoie Joaillerie\",\"isPartOf\":{\"@id\":\"https:\\\/\\\/carolinesavoiejoaillerie.com\\\/en\\\/#website\"},\"primaryImageOfPage\":{\"@id\":\"https:\\\/\\\/carolinesavoiejoaillerie.com\\\/en\\\/produit\\\/golden-pineapple-perfume-ring\\\/#primaryimage\"},\"image\":{\"@id\":\"https:\\\/\\\/carolinesavoiejoaillerie.com\\\/en\\\/produit\\\/golden-pineapple-perfume-ring\\\/#primaryimage\"},\"thumbnailUrl\":\"https:\\\/\\\/carolinesavoiejoaillerie.com\\\/wp-content\\\/uploads\\\/2025\\\/11\\\/Caroline-Savoie-Joaillerie-Bague-Diamant-Or-Blanc-Or-Jaune-18k-Yellow-Diamond-Montreal-Quebec-Bijoux-2.jpg\",\"datePublished\":\"2021-12-09T01:25:40+00:00\",\"dateModified\":\"2022-09-25T21:52:54+00:00\",\"description\":\"The Golden Pineapple Perfume Ring : an elegant and unique jewel. A designer jewelry piece. High-end and meticulous craftsmanship made in Montreal\",\"breadcrumb\":{\"@id\":\"https:\\\/\\\/carolinesavoiejoaillerie.com\\\/en\\\/produit\\\/golden-pineapple-perfume-ring\\\/#breadcrumb\"},\"inLanguage\":\"en-CA\",\"potentialAction\":[{\"@type\":\"ReadAction\",\"target\":[\"https:\\\/\\\/carolinesavoiejoaillerie.com\\\/en\\\/produit\\\/golden-pineapple-perfume-ring\\\/\"]}]},{\"@type\":\"ImageObject\",\"inLanguage\":\"en-CA\",\"@id\":\"https:\\\/\\\/carolinesavoiejoaillerie.com\\\/en\\\/produit\\\/golden-pineapple-perfume-ring\\\/#primaryimage\",\"url\":\"https:\\\/\\\/carolinesavoiejoaillerie.com\\\/wp-content\\\/uploads\\\/2025\\\/11\\\/Caroline-Savoie-Joaillerie-Bague-Diamant-Or-Blanc-Or-Jaune-18k-Yellow-Diamond-Montreal-Quebec-Bijoux-2.jpg\",\"contentUrl\":\"https:\\\/\\\/carolinesavoiejoaillerie.com\\\/wp-content\\\/uploads\\\/2025\\\/11\\\/Caroline-Savoie-Joaillerie-Bague-Diamant-Or-Blanc-Or-Jaune-18k-Yellow-Diamond-Montreal-Quebec-Bijoux-2.jpg\",\"width\":1541,\"height\":1538,\"caption\":\"Caroline Savoie Joaillerie Bague Diamant Or Blanc Or Jaune 18k Yellow Diamond Montreal Quebec Bijoux (2)\"},{\"@type\":\"BreadcrumbList\",\"@id\":\"https:\\\/\\\/carolinesavoiejoaillerie.com\\\/en\\\/produit\\\/golden-pineapple-perfume-ring\\\/#breadcrumb\",\"itemListElement\":[{\"@type\":\"ListItem\",\"position\":1,\"name\":\"Accueil\",\"item\":\"https:\\\/\\\/carolinesavoiejoaillerie.com\\\/en\\\/\"},{\"@type\":\"ListItem\",\"position\":2,\"name\":\"Shop\",\"item\":\"https:\\\/\\\/carolinesavoiejoaillerie.com\\\/en\\\/shop\\\/\"},{\"@type\":\"ListItem\",\"position\":3,\"name\":\"Golden Pineapple Perfume Ring\"}]},{\"@type\":\"WebSite\",\"@id\":\"https:\\\/\\\/carolinesavoiejoaillerie.com\\\/en\\\/#website\",\"url\":\"https:\\\/\\\/carolinesavoiejoaillerie.com\\\/en\\\/\",\"name\":\"Caroline Savoie Joaillerie\",\"description\":\"Bijoux fabriqu\u00e9s \u00e0 la main, au Qu\u00e9bec\",\"publisher\":{\"@id\":\"https:\\\/\\\/carolinesavoiejoaillerie.com\\\/en\\\/#organization\"},\"potentialAction\":[{\"@type\":\"SearchAction\",\"target\":{\"@type\":\"EntryPoint\",\"urlTemplate\":\"https:\\\/\\\/carolinesavoiejoaillerie.com\\\/en\\\/?s={search_term_string}\"},\"query-input\":{\"@type\":\"PropertyValueSpecification\",\"valueRequired\":true,\"valueName\":\"search_term_string\"}}],\"inLanguage\":\"en-CA\"},{\"@type\":\"Organization\",\"@id\":\"https:\\\/\\\/carolinesavoiejoaillerie.com\\\/en\\\/#organization\",\"name\":\"Caroline Savoie\",\"url\":\"https:\\\/\\\/carolinesavoiejoaillerie.com\\\/en\\\/\",\"logo\":{\"@type\":\"ImageObject\",\"inLanguage\":\"en-CA\",\"@id\":\"https:\\\/\\\/carolinesavoiejoaillerie.com\\\/en\\\/#\\\/schema\\\/logo\\\/image\\\/\",\"url\":\"https:\\\/\\\/carolinesavoiejoaillerie.com\\\/wp-content\\\/uploads\\\/2017\\\/10\\\/CarolineSavoieLogoBlancSurNoirSquare-e1508601602913.png\",\"contentUrl\":\"https:\\\/\\\/carolinesavoiejoaillerie.com\\\/wp-content\\\/uploads\\\/2017\\\/10\\\/CarolineSavoieLogoBlancSurNoirSquare-e1508601602913.png\",\"width\":600,\"height\":599,\"caption\":\"Caroline Savoie\"},\"image\":{\"@id\":\"https:\\\/\\\/carolinesavoiejoaillerie.com\\\/en\\\/#\\\/schema\\\/logo\\\/image\\\/\"},\"sameAs\":[\"https:\\\/\\\/www.facebook.com\\\/carolinesavoiejoaillerie\\\/\",\"https:\\\/\\\/www.instagram.com\\\/caroline_savoie_joaillerie\\\/\",\"https:\\\/\\\/www.pinterest.com\\\/CSjoaillerie\\\/?eq=caroline savoie&amp;amp;amp;amp;amp;amp;etslf=NaN\"]}]}<\/script>\n<!-- \/ Yoast SEO plugin. -->","yoast_head_json":{"title":"Golden Pineapple Perfume Ring &#8211; Caroline Savoie Joaillerie","description":"The Golden Pineapple Perfume Ring : an elegant and unique jewel. A designer jewelry piece. High-end and meticulous craftsmanship made in Montreal","robots":{"index":"index","follow":"follow","max-snippet":"max-snippet:-1","max-image-preview":"max-image-preview:large","max-video-preview":"max-video-preview:-1"},"canonical":"https:\/\/carolinesavoiejoaillerie.com\/en\/produit\/golden-pineapple-perfume-ring\/","og_locale":"en_US","og_type":"article","og_title":"Golden Pineapple Perfume Ring &#8211; Caroline Savoie Joaillerie","og_description":"The Golden Pineapple Perfume Ring : an elegant and unique jewel. A designer jewelry piece. High-end and meticulous craftsmanship made in Montreal","og_url":"https:\/\/carolinesavoiejoaillerie.com\/en\/produit\/golden-pineapple-perfume-ring\/","og_site_name":"Caroline Savoie Joaillerie","article_publisher":"https:\/\/www.facebook.com\/carolinesavoiejoaillerie\/","article_modified_time":"2022-09-25T21:52:54+00:00","og_image":[{"width":1958,"height":1957,"url":"https:\/\/carolinesavoiejoaillerie.com\/wp-content\/uploads\/2022\/09\/Caroline-Savoie-Joaillerie-Bague-Parfum-Ananas-Or-18k-Bijoux-Montreal-Quebec-Handmade-Jewelry-Noir-Saphir.webp","type":"image\/webp"}],"twitter_card":"summary_large_image","twitter_misc":{"Est. reading time":"1 minute"},"schema":{"@context":"https:\/\/schema.org","@graph":[{"@type":"WebPage","@id":"https:\/\/carolinesavoiejoaillerie.com\/en\/produit\/golden-pineapple-perfume-ring\/","url":"https:\/\/carolinesavoiejoaillerie.com\/en\/produit\/golden-pineapple-perfume-ring\/","name":"Golden Pineapple Perfume Ring &#8211; Caroline Savoie Joaillerie","isPartOf":{"@id":"https:\/\/carolinesavoiejoaillerie.com\/en\/#website"},"primaryImageOfPage":{"@id":"https:\/\/carolinesavoiejoaillerie.com\/en\/produit\/golden-pineapple-perfume-ring\/#primaryimage"},"image":{"@id":"https:\/\/carolinesavoiejoaillerie.com\/en\/produit\/golden-pineapple-perfume-ring\/#primaryimage"},"thumbnailUrl":"https:\/\/carolinesavoiejoaillerie.com\/wp-content\/uploads\/2025\/11\/Caroline-Savoie-Joaillerie-Bague-Diamant-Or-Blanc-Or-Jaune-18k-Yellow-Diamond-Montreal-Quebec-Bijoux-2.jpg","datePublished":"2021-12-09T01:25:40+00:00","dateModified":"2022-09-25T21:52:54+00:00","description":"The Golden Pineapple Perfume Ring : an elegant and unique jewel. A designer jewelry piece. High-end and meticulous craftsmanship made in Montreal","breadcrumb":{"@id":"https:\/\/carolinesavoiejoaillerie.com\/en\/produit\/golden-pineapple-perfume-ring\/#breadcrumb"},"inLanguage":"en-CA","potentialAction":[{"@type":"ReadAction","target":["https:\/\/carolinesavoiejoaillerie.com\/en\/produit\/golden-pineapple-perfume-ring\/"]}]},{"@type":"ImageObject","inLanguage":"en-CA","@id":"https:\/\/carolinesavoiejoaillerie.com\/en\/produit\/golden-pineapple-perfume-ring\/#primaryimage","url":"https:\/\/carolinesavoiejoaillerie.com\/wp-content\/uploads\/2025\/11\/Caroline-Savoie-Joaillerie-Bague-Diamant-Or-Blanc-Or-Jaune-18k-Yellow-Diamond-Montreal-Quebec-Bijoux-2.jpg","contentUrl":"https:\/\/carolinesavoiejoaillerie.com\/wp-content\/uploads\/2025\/11\/Caroline-Savoie-Joaillerie-Bague-Diamant-Or-Blanc-Or-Jaune-18k-Yellow-Diamond-Montreal-Quebec-Bijoux-2.jpg","width":1541,"height":1538,"caption":"Caroline Savoie Joaillerie Bague Diamant Or Blanc Or Jaune 18k Yellow Diamond Montreal Quebec Bijoux (2)"},{"@type":"BreadcrumbList","@id":"https:\/\/carolinesavoiejoaillerie.com\/en\/produit\/golden-pineapple-perfume-ring\/#breadcrumb","itemListElement":[{"@type":"ListItem","position":1,"name":"Accueil","item":"https:\/\/carolinesavoiejoaillerie.com\/en\/"},{"@type":"ListItem","position":2,"name":"Shop","item":"https:\/\/carolinesavoiejoaillerie.com\/en\/shop\/"},{"@type":"ListItem","position":3,"name":"Golden Pineapple Perfume Ring"}]},{"@type":"WebSite","@id":"https:\/\/carolinesavoiejoaillerie.com\/en\/#website","url":"https:\/\/carolinesavoiejoaillerie.com\/en\/","name":"Caroline Savoie Joaillerie","description":"Bijoux fabriqu\u00e9s \u00e0 la main, au Qu\u00e9bec","publisher":{"@id":"https:\/\/carolinesavoiejoaillerie.com\/en\/#organization"},"potentialAction":[{"@type":"SearchAction","target":{"@type":"EntryPoint","urlTemplate":"https:\/\/carolinesavoiejoaillerie.com\/en\/?s={search_term_string}"},"query-input":{"@type":"PropertyValueSpecification","valueRequired":true,"valueName":"search_term_string"}}],"inLanguage":"en-CA"},{"@type":"Organization","@id":"https:\/\/carolinesavoiejoaillerie.com\/en\/#organization","name":"Caroline Savoie","url":"https:\/\/carolinesavoiejoaillerie.com\/en\/","logo":{"@type":"ImageObject","inLanguage":"en-CA","@id":"https:\/\/carolinesavoiejoaillerie.com\/en\/#\/schema\/logo\/image\/","url":"https:\/\/carolinesavoiejoaillerie.com\/wp-content\/uploads\/2017\/10\/CarolineSavoieLogoBlancSurNoirSquare-e1508601602913.png","contentUrl":"https:\/\/carolinesavoiejoaillerie.com\/wp-content\/uploads\/2017\/10\/CarolineSavoieLogoBlancSurNoirSquare-e1508601602913.png","width":600,"height":599,"caption":"Caroline Savoie"},"image":{"@id":"https:\/\/carolinesavoiejoaillerie.com\/en\/#\/schema\/logo\/image\/"},"sameAs":["https:\/\/www.facebook.com\/carolinesavoiejoaillerie\/","https:\/\/www.instagram.com\/caroline_savoie_joaillerie\/","https:\/\/www.pinterest.com\/CSjoaillerie\/?eq=caroline savoie&amp;amp;amp;amp;amp;amp;etslf=NaN"]}]}},"_links":{"self":[{"href":"https:\/\/carolinesavoiejoaillerie.com\/en\/wp-json\/wp\/v2\/product\/33890","targetHints":{"allow":["GET"]}}],"collection":[{"href":"https:\/\/carolinesavoiejoaillerie.com\/en\/wp-json\/wp\/v2\/product"}],"about":[{"href":"https:\/\/carolinesavoiejoaillerie.com\/en\/wp-json\/wp\/v2\/types\/product"}],"wp:featuredmedia":[{"embeddable":true,"href":"https:\/\/carolinesavoiejoaillerie.com\/en\/wp-json\/wp\/v2\/media\/40916"}],"wp:attachment":[{"href":"https:\/\/carolinesavoiejoaillerie.com\/en\/wp-json\/wp\/v2\/media?parent=33890"}],"wp:term":[{"taxonomy":"product_brand","embeddable":true,"href":"https:\/\/carolinesavoiejoaillerie.com\/en\/wp-json\/wp\/v2\/product_brand?post=33890"},{"taxonomy":"product_cat","embeddable":true,"href":"https:\/\/carolinesavoiejoaillerie.com\/en\/wp-json\/wp\/v2\/product_cat?post=33890"},{"taxonomy":"product_tag","embeddable":true,"href":"https:\/\/carolinesavoiejoaillerie.com\/en\/wp-json\/wp\/v2\/product_tag?post=33890"}],"curies":[{"name":"wp","href":"https:\/\/api.w.org\/{rel}","templated":true}]}}