{"id":33659,"date":"2021-11-21T17:51:59","date_gmt":"2021-11-21T21:51:59","guid":{"rendered":"https:\/\/carolinesavoiejoaillerie.com\/?post_type=product&#038;p=33659"},"modified":"2022-09-25T17:57:19","modified_gmt":"2022-09-25T21:57:19","slug":"pineapple-perfume-ring","status":"publish","type":"product","link":"https:\/\/carolinesavoiejoaillerie.com\/en\/produit\/pineapple-perfume-ring\/","title":{"rendered":"Pineapple Perfume Ring"},"content":{"rendered":"<p>This narrow Pineapple Perfume ring can be worn perfectly every day. A comfortable ring with a unique design, crazy chic that will match all looks, from the most glamorous to the most classic. * In the photo, the Pineapple Perfume Ring is combined in a trio with two <a href=\"https:\/\/carolinesavoiejoaillerie.com\/en\/produit\/black-queen-ring\/\">Black Queen Rings<\/a>. On a different photo, it is also in a trilogy with two\u00a0<a href=\"https:\/\/carolinesavoiejoaillerie.com\/en\/produit\/bistoury-ring\/\">Bistoury Ring<\/a>s.<\/p>\n<p><span title=\"\">Handmade by a passionate Montreal based jeweller.<\/span><\/p>\n<p><span title=\"\">Dimensions<\/span><\/p>\n<ul>\n<li><span class=\"\" title=\"\">The width of the ring is 4.50 mm<\/span><\/li>\n<li><span class=\"\" title=\"\">Each ring is adjusted according to the size of your finger<\/span><\/li>\n<li><span class=\"\" title=\"\">It weighs about 6.50 grams<\/span><\/li>\n<\/ul>\n","protected":false},"excerpt":{"rendered":"<p>The <em>Pineapple Perfume<\/em> ring is inspired by the elegance and nobility of this golden fruit. Adorned with this majestic texture, a texture that has become one of my signatures, this pineapple jewel will dazzle you as will the sweet taste of this unique fruit. With its delicate freshness, it evokes finesse and refinement. Whether worn alone or combined as a trilogy, it is simply sublime.<\/p>\n<p><span class=\"\" title=\"\">The ring is made of 925 sterling silver.<\/span><\/p>\n<p><a href=\"http:\/\/carolinesavoiejoaillerie.com\/wp-content\/uploads\/2017\/11\/E\u0301chelle-et-baguier.pdf\" target=\"blank\" rel=\"noopener noreferrer\"><u>Consult the size chart<\/u><\/a><\/p>\n","protected":false},"featured_media":33850,"template":"","meta":[],"product_brand":[],"product_cat":[2861,354,2852],"product_tag":[],"class_list":{"0":"post-33659","1":"product","2":"type-product","3":"status-publish","4":"has-post-thumbnail","6":"product_cat-pineapple","7":"product_cat-rings","8":"product_cat-stackable","10":"first","11":"instock","12":"taxable","13":"shipping-taxable","14":"purchasable","15":"product-type-variable"},"yoast_head":"<!-- This site is optimized with the Yoast SEO plugin v27.4 - https:\/\/yoast.com\/product\/yoast-seo-wordpress\/ -->\n<title>Pineapple Perfume Ring &#8211; Caroline Savoie Joaillerie<\/title>\n<meta name=\"description\" content=\"The Pineapple Perfume Ring : an elegant and unique jewel. A designer jewelry piece. High-end and meticulous craftsmanship made in Montreal\" \/>\n<meta name=\"robots\" content=\"index, follow, max-snippet:-1, max-image-preview:large, max-video-preview:-1\" \/>\n<link rel=\"canonical\" href=\"https:\/\/carolinesavoiejoaillerie.com\/en\/produit\/pineapple-perfume-ring\/\" \/>\n<meta property=\"og:locale\" content=\"en_US\" \/>\n<meta property=\"og:type\" content=\"article\" \/>\n<meta property=\"og:title\" content=\"Pineapple Perfume Ring &#8211; Caroline Savoie Joaillerie\" \/>\n<meta property=\"og:description\" content=\"The Pineapple Perfume Ring : an elegant and unique jewel. A designer jewelry piece. High-end and meticulous craftsmanship made in Montreal\" \/>\n<meta property=\"og:url\" content=\"https:\/\/carolinesavoiejoaillerie.com\/en\/produit\/pineapple-perfume-ring\/\" \/>\n<meta property=\"og:site_name\" content=\"Caroline Savoie Joaillerie\" \/>\n<meta property=\"article:publisher\" content=\"https:\/\/www.facebook.com\/carolinesavoiejoaillerie\/\" \/>\n<meta property=\"article:modified_time\" content=\"2022-09-25T21:57:19+00:00\" \/>\n<meta property=\"og:image\" content=\"https:\/\/carolinesavoiejoaillerie.com\/wp-content\/uploads\/2021\/11\/Caroline-Savoie-Joaillerie-Bague-Parfum-Ananas-Bijoux-Quebec-Fait-Main-Montreal-Handmade-Jewelry-Noir-Black-Designer-6.jpg\" \/>\n\t<meta property=\"og:image:width\" content=\"1706\" \/>\n\t<meta property=\"og:image:height\" content=\"1706\" \/>\n\t<meta property=\"og:image:type\" content=\"image\/jpeg\" \/>\n<meta name=\"twitter:card\" content=\"summary_large_image\" \/>\n<meta name=\"twitter:label1\" content=\"Est. reading time\" \/>\n\t<meta name=\"twitter:data1\" content=\"1 minute\" \/>\n<script type=\"application\/ld+json\" class=\"yoast-schema-graph\">{\"@context\":\"https:\\\/\\\/schema.org\",\"@graph\":[{\"@type\":\"WebPage\",\"@id\":\"https:\\\/\\\/carolinesavoiejoaillerie.com\\\/en\\\/produit\\\/pineapple-perfume-ring\\\/\",\"url\":\"https:\\\/\\\/carolinesavoiejoaillerie.com\\\/en\\\/produit\\\/pineapple-perfume-ring\\\/\",\"name\":\"Pineapple Perfume Ring &#8211; Caroline Savoie Joaillerie\",\"isPartOf\":{\"@id\":\"https:\\\/\\\/carolinesavoiejoaillerie.com\\\/en\\\/#website\"},\"primaryImageOfPage\":{\"@id\":\"https:\\\/\\\/carolinesavoiejoaillerie.com\\\/en\\\/produit\\\/pineapple-perfume-ring\\\/#primaryimage\"},\"image\":{\"@id\":\"https:\\\/\\\/carolinesavoiejoaillerie.com\\\/en\\\/produit\\\/pineapple-perfume-ring\\\/#primaryimage\"},\"thumbnailUrl\":\"https:\\\/\\\/carolinesavoiejoaillerie.com\\\/wp-content\\\/uploads\\\/2021\\\/11\\\/Caroline-Savoie-Joaillerie-Bague-Parfum-Ananas-Bijoux-Quebec-Fait-Main-Montreal-Handmade-Jewelry-Noir-Black-Designer-6.jpg\",\"datePublished\":\"2021-11-21T21:51:59+00:00\",\"dateModified\":\"2022-09-25T21:57:19+00:00\",\"description\":\"The Pineapple Perfume Ring : an elegant and unique jewel. A designer jewelry piece. High-end and meticulous craftsmanship made in Montreal\",\"breadcrumb\":{\"@id\":\"https:\\\/\\\/carolinesavoiejoaillerie.com\\\/en\\\/produit\\\/pineapple-perfume-ring\\\/#breadcrumb\"},\"inLanguage\":\"en-CA\",\"potentialAction\":[{\"@type\":\"ReadAction\",\"target\":[\"https:\\\/\\\/carolinesavoiejoaillerie.com\\\/en\\\/produit\\\/pineapple-perfume-ring\\\/\"]}]},{\"@type\":\"ImageObject\",\"inLanguage\":\"en-CA\",\"@id\":\"https:\\\/\\\/carolinesavoiejoaillerie.com\\\/en\\\/produit\\\/pineapple-perfume-ring\\\/#primaryimage\",\"url\":\"https:\\\/\\\/carolinesavoiejoaillerie.com\\\/wp-content\\\/uploads\\\/2021\\\/11\\\/Caroline-Savoie-Joaillerie-Bague-Parfum-Ananas-Bijoux-Quebec-Fait-Main-Montreal-Handmade-Jewelry-Noir-Black-Designer-6.jpg\",\"contentUrl\":\"https:\\\/\\\/carolinesavoiejoaillerie.com\\\/wp-content\\\/uploads\\\/2021\\\/11\\\/Caroline-Savoie-Joaillerie-Bague-Parfum-Ananas-Bijoux-Quebec-Fait-Main-Montreal-Handmade-Jewelry-Noir-Black-Designer-6.jpg\",\"width\":1706,\"height\":1706,\"caption\":\"Caroline Savoie Joaillerie Bague Parfum Ananas Bijoux Quebec Fait Main Montreal Handmade Jewelry Noir Black Designer (6)\"},{\"@type\":\"BreadcrumbList\",\"@id\":\"https:\\\/\\\/carolinesavoiejoaillerie.com\\\/en\\\/produit\\\/pineapple-perfume-ring\\\/#breadcrumb\",\"itemListElement\":[{\"@type\":\"ListItem\",\"position\":1,\"name\":\"Accueil\",\"item\":\"https:\\\/\\\/carolinesavoiejoaillerie.com\\\/en\\\/\"},{\"@type\":\"ListItem\",\"position\":2,\"name\":\"Shop\",\"item\":\"https:\\\/\\\/carolinesavoiejoaillerie.com\\\/en\\\/shop\\\/\"},{\"@type\":\"ListItem\",\"position\":3,\"name\":\"Pineapple Perfume Ring\"}]},{\"@type\":\"WebSite\",\"@id\":\"https:\\\/\\\/carolinesavoiejoaillerie.com\\\/en\\\/#website\",\"url\":\"https:\\\/\\\/carolinesavoiejoaillerie.com\\\/en\\\/\",\"name\":\"Caroline Savoie Joaillerie\",\"description\":\"Bijoux fabriqu\u00e9s \u00e0 la main, au Qu\u00e9bec\",\"publisher\":{\"@id\":\"https:\\\/\\\/carolinesavoiejoaillerie.com\\\/en\\\/#organization\"},\"potentialAction\":[{\"@type\":\"SearchAction\",\"target\":{\"@type\":\"EntryPoint\",\"urlTemplate\":\"https:\\\/\\\/carolinesavoiejoaillerie.com\\\/en\\\/?s={search_term_string}\"},\"query-input\":{\"@type\":\"PropertyValueSpecification\",\"valueRequired\":true,\"valueName\":\"search_term_string\"}}],\"inLanguage\":\"en-CA\"},{\"@type\":\"Organization\",\"@id\":\"https:\\\/\\\/carolinesavoiejoaillerie.com\\\/en\\\/#organization\",\"name\":\"Caroline Savoie\",\"url\":\"https:\\\/\\\/carolinesavoiejoaillerie.com\\\/en\\\/\",\"logo\":{\"@type\":\"ImageObject\",\"inLanguage\":\"en-CA\",\"@id\":\"https:\\\/\\\/carolinesavoiejoaillerie.com\\\/en\\\/#\\\/schema\\\/logo\\\/image\\\/\",\"url\":\"https:\\\/\\\/carolinesavoiejoaillerie.com\\\/wp-content\\\/uploads\\\/2017\\\/10\\\/CarolineSavoieLogoBlancSurNoirSquare-e1508601602913.png\",\"contentUrl\":\"https:\\\/\\\/carolinesavoiejoaillerie.com\\\/wp-content\\\/uploads\\\/2017\\\/10\\\/CarolineSavoieLogoBlancSurNoirSquare-e1508601602913.png\",\"width\":600,\"height\":599,\"caption\":\"Caroline Savoie\"},\"image\":{\"@id\":\"https:\\\/\\\/carolinesavoiejoaillerie.com\\\/en\\\/#\\\/schema\\\/logo\\\/image\\\/\"},\"sameAs\":[\"https:\\\/\\\/www.facebook.com\\\/carolinesavoiejoaillerie\\\/\",\"https:\\\/\\\/www.instagram.com\\\/caroline_savoie_joaillerie\\\/\",\"https:\\\/\\\/www.pinterest.com\\\/CSjoaillerie\\\/?eq=caroline savoie&amp;amp;amp;amp;amp;amp;etslf=NaN\"]}]}<\/script>\n<!-- \/ Yoast SEO plugin. -->","yoast_head_json":{"title":"Pineapple Perfume Ring &#8211; Caroline Savoie Joaillerie","description":"The Pineapple Perfume Ring : an elegant and unique jewel. A designer jewelry piece. High-end and meticulous craftsmanship made in Montreal","robots":{"index":"index","follow":"follow","max-snippet":"max-snippet:-1","max-image-preview":"max-image-preview:large","max-video-preview":"max-video-preview:-1"},"canonical":"https:\/\/carolinesavoiejoaillerie.com\/en\/produit\/pineapple-perfume-ring\/","og_locale":"en_US","og_type":"article","og_title":"Pineapple Perfume Ring &#8211; Caroline Savoie Joaillerie","og_description":"The Pineapple Perfume Ring : an elegant and unique jewel. A designer jewelry piece. High-end and meticulous craftsmanship made in Montreal","og_url":"https:\/\/carolinesavoiejoaillerie.com\/en\/produit\/pineapple-perfume-ring\/","og_site_name":"Caroline Savoie Joaillerie","article_publisher":"https:\/\/www.facebook.com\/carolinesavoiejoaillerie\/","article_modified_time":"2022-09-25T21:57:19+00:00","og_image":[{"width":1706,"height":1706,"url":"https:\/\/carolinesavoiejoaillerie.com\/wp-content\/uploads\/2021\/11\/Caroline-Savoie-Joaillerie-Bague-Parfum-Ananas-Bijoux-Quebec-Fait-Main-Montreal-Handmade-Jewelry-Noir-Black-Designer-6.jpg","type":"image\/jpeg"}],"twitter_card":"summary_large_image","twitter_misc":{"Est. reading time":"1 minute"},"schema":{"@context":"https:\/\/schema.org","@graph":[{"@type":"WebPage","@id":"https:\/\/carolinesavoiejoaillerie.com\/en\/produit\/pineapple-perfume-ring\/","url":"https:\/\/carolinesavoiejoaillerie.com\/en\/produit\/pineapple-perfume-ring\/","name":"Pineapple Perfume Ring &#8211; Caroline Savoie Joaillerie","isPartOf":{"@id":"https:\/\/carolinesavoiejoaillerie.com\/en\/#website"},"primaryImageOfPage":{"@id":"https:\/\/carolinesavoiejoaillerie.com\/en\/produit\/pineapple-perfume-ring\/#primaryimage"},"image":{"@id":"https:\/\/carolinesavoiejoaillerie.com\/en\/produit\/pineapple-perfume-ring\/#primaryimage"},"thumbnailUrl":"https:\/\/carolinesavoiejoaillerie.com\/wp-content\/uploads\/2021\/11\/Caroline-Savoie-Joaillerie-Bague-Parfum-Ananas-Bijoux-Quebec-Fait-Main-Montreal-Handmade-Jewelry-Noir-Black-Designer-6.jpg","datePublished":"2021-11-21T21:51:59+00:00","dateModified":"2022-09-25T21:57:19+00:00","description":"The Pineapple Perfume Ring : an elegant and unique jewel. A designer jewelry piece. High-end and meticulous craftsmanship made in Montreal","breadcrumb":{"@id":"https:\/\/carolinesavoiejoaillerie.com\/en\/produit\/pineapple-perfume-ring\/#breadcrumb"},"inLanguage":"en-CA","potentialAction":[{"@type":"ReadAction","target":["https:\/\/carolinesavoiejoaillerie.com\/en\/produit\/pineapple-perfume-ring\/"]}]},{"@type":"ImageObject","inLanguage":"en-CA","@id":"https:\/\/carolinesavoiejoaillerie.com\/en\/produit\/pineapple-perfume-ring\/#primaryimage","url":"https:\/\/carolinesavoiejoaillerie.com\/wp-content\/uploads\/2021\/11\/Caroline-Savoie-Joaillerie-Bague-Parfum-Ananas-Bijoux-Quebec-Fait-Main-Montreal-Handmade-Jewelry-Noir-Black-Designer-6.jpg","contentUrl":"https:\/\/carolinesavoiejoaillerie.com\/wp-content\/uploads\/2021\/11\/Caroline-Savoie-Joaillerie-Bague-Parfum-Ananas-Bijoux-Quebec-Fait-Main-Montreal-Handmade-Jewelry-Noir-Black-Designer-6.jpg","width":1706,"height":1706,"caption":"Caroline Savoie Joaillerie Bague Parfum Ananas Bijoux Quebec Fait Main Montreal Handmade Jewelry Noir Black Designer (6)"},{"@type":"BreadcrumbList","@id":"https:\/\/carolinesavoiejoaillerie.com\/en\/produit\/pineapple-perfume-ring\/#breadcrumb","itemListElement":[{"@type":"ListItem","position":1,"name":"Accueil","item":"https:\/\/carolinesavoiejoaillerie.com\/en\/"},{"@type":"ListItem","position":2,"name":"Shop","item":"https:\/\/carolinesavoiejoaillerie.com\/en\/shop\/"},{"@type":"ListItem","position":3,"name":"Pineapple Perfume Ring"}]},{"@type":"WebSite","@id":"https:\/\/carolinesavoiejoaillerie.com\/en\/#website","url":"https:\/\/carolinesavoiejoaillerie.com\/en\/","name":"Caroline Savoie Joaillerie","description":"Bijoux fabriqu\u00e9s \u00e0 la main, au Qu\u00e9bec","publisher":{"@id":"https:\/\/carolinesavoiejoaillerie.com\/en\/#organization"},"potentialAction":[{"@type":"SearchAction","target":{"@type":"EntryPoint","urlTemplate":"https:\/\/carolinesavoiejoaillerie.com\/en\/?s={search_term_string}"},"query-input":{"@type":"PropertyValueSpecification","valueRequired":true,"valueName":"search_term_string"}}],"inLanguage":"en-CA"},{"@type":"Organization","@id":"https:\/\/carolinesavoiejoaillerie.com\/en\/#organization","name":"Caroline Savoie","url":"https:\/\/carolinesavoiejoaillerie.com\/en\/","logo":{"@type":"ImageObject","inLanguage":"en-CA","@id":"https:\/\/carolinesavoiejoaillerie.com\/en\/#\/schema\/logo\/image\/","url":"https:\/\/carolinesavoiejoaillerie.com\/wp-content\/uploads\/2017\/10\/CarolineSavoieLogoBlancSurNoirSquare-e1508601602913.png","contentUrl":"https:\/\/carolinesavoiejoaillerie.com\/wp-content\/uploads\/2017\/10\/CarolineSavoieLogoBlancSurNoirSquare-e1508601602913.png","width":600,"height":599,"caption":"Caroline Savoie"},"image":{"@id":"https:\/\/carolinesavoiejoaillerie.com\/en\/#\/schema\/logo\/image\/"},"sameAs":["https:\/\/www.facebook.com\/carolinesavoiejoaillerie\/","https:\/\/www.instagram.com\/caroline_savoie_joaillerie\/","https:\/\/www.pinterest.com\/CSjoaillerie\/?eq=caroline savoie&amp;amp;amp;amp;amp;amp;etslf=NaN"]}]}},"_links":{"self":[{"href":"https:\/\/carolinesavoiejoaillerie.com\/en\/wp-json\/wp\/v2\/product\/33659","targetHints":{"allow":["GET"]}}],"collection":[{"href":"https:\/\/carolinesavoiejoaillerie.com\/en\/wp-json\/wp\/v2\/product"}],"about":[{"href":"https:\/\/carolinesavoiejoaillerie.com\/en\/wp-json\/wp\/v2\/types\/product"}],"wp:featuredmedia":[{"embeddable":true,"href":"https:\/\/carolinesavoiejoaillerie.com\/en\/wp-json\/wp\/v2\/media\/33850"}],"wp:attachment":[{"href":"https:\/\/carolinesavoiejoaillerie.com\/en\/wp-json\/wp\/v2\/media?parent=33659"}],"wp:term":[{"taxonomy":"product_brand","embeddable":true,"href":"https:\/\/carolinesavoiejoaillerie.com\/en\/wp-json\/wp\/v2\/product_brand?post=33659"},{"taxonomy":"product_cat","embeddable":true,"href":"https:\/\/carolinesavoiejoaillerie.com\/en\/wp-json\/wp\/v2\/product_cat?post=33659"},{"taxonomy":"product_tag","embeddable":true,"href":"https:\/\/carolinesavoiejoaillerie.com\/en\/wp-json\/wp\/v2\/product_tag?post=33659"}],"curies":[{"name":"wp","href":"https:\/\/api.w.org\/{rel}","templated":true}]}}