{"id":33070,"date":"2021-09-28T23:47:11","date_gmt":"2021-09-29T03:47:11","guid":{"rendered":"https:\/\/carolinesavoiejoaillerie.com\/?post_type=product&#038;p=33070"},"modified":"2021-09-29T00:11:06","modified_gmt":"2021-09-29T04:11:06","slug":"the-pearl-shell-ring-copie","status":"publish","type":"product","link":"https:\/\/carolinesavoiejoaillerie.com\/en\/produit\/the-pearl-shell-ring-copie\/","title":{"rendered":"The Shell Tahitian Pearl Ring"},"content":{"rendered":"<p>The Shell Tahitian Pearl ring will seduce you with its rich curves, its sensual shape and its beautiful satin texture. Comfortable and voluptuous, this beautiful ring will match with all your wardrobe.<\/p>\n<p>Handmade by a passionate Montreal based jeweller.<\/p>\n<p>Dimensions<\/p>\n<ul>\n<li>The width of the top of the ring measures 20 mm, the bottom is 12 mm<\/li>\n<li>Each ring is adjusted according to the size of your finger<\/li>\n<li>It weighs about 30 grams<\/li>\n<\/ul>\n","protected":false},"excerpt":{"rendered":"<p>The <em>Shell Tahitian Pearl<\/em> ring is inspired by the intimacy between the pearl and its oyster. This seductive carnal combination stimulates senses and imagination. Rare, natural and with an oriental eggplant colours luster this pearl ring is of a pure beauty and of a voluptuousness of the most sensual. Enter a world full of fantasies.<\/p>\n<p>The ring is made of 925 sterling silver garnish with a fabulous Tahitian AAA pearl of 12-13 mm of diameter.<\/p>\n<p><a href=\"http:\/\/carolinesavoiejoaillerie.com\/wp-content\/uploads\/2017\/11\/E\u0301chelle-et-baguier.pdf\" target=\"blank\" rel=\"noopener noreferrer\"><u>Consult the size chart<\/u><\/a><\/p>\n","protected":false},"featured_media":33022,"template":"","meta":[],"product_brand":[],"product_cat":[354],"product_tag":[],"class_list":{"0":"post-33070","1":"product","2":"type-product","3":"status-publish","4":"has-post-thumbnail","6":"product_cat-rings","8":"first","9":"instock","10":"taxable","11":"shipping-taxable","12":"purchasable","13":"product-type-variable"},"yoast_head":"<!-- This site is optimized with the Yoast SEO plugin v27.4 - https:\/\/yoast.com\/product\/yoast-seo-wordpress\/ -->\n<title>The Shell Tahitian Pearl Ring &#8211; Caroline Savoie Joaillerie<\/title>\n<meta name=\"description\" content=\"The Shell Tahitian Pearl Ring, a bold, sensual and elegant piece of jewelry. A high-end art, a meticulous craftsmanship, a wearable sculpture\" \/>\n<meta name=\"robots\" content=\"index, follow, max-snippet:-1, max-image-preview:large, max-video-preview:-1\" \/>\n<link rel=\"canonical\" href=\"https:\/\/carolinesavoiejoaillerie.com\/en\/produit\/the-pearl-shell-ring-copie\/\" \/>\n<meta property=\"og:locale\" content=\"en_US\" \/>\n<meta property=\"og:type\" content=\"article\" \/>\n<meta property=\"og:title\" content=\"The Shell Tahitian Pearl Ring &#8211; Caroline Savoie Joaillerie\" \/>\n<meta property=\"og:description\" content=\"The Shell Tahitian Pearl Ring, a bold, sensual and elegant piece of jewelry. A high-end art, a meticulous craftsmanship, a wearable sculpture\" \/>\n<meta property=\"og:url\" content=\"https:\/\/carolinesavoiejoaillerie.com\/en\/produit\/the-pearl-shell-ring-copie\/\" \/>\n<meta property=\"og:site_name\" content=\"Caroline Savoie Joaillerie\" \/>\n<meta property=\"article:publisher\" content=\"https:\/\/www.facebook.com\/carolinesavoiejoaillerie\/\" \/>\n<meta property=\"article:modified_time\" content=\"2021-09-29T04:11:06+00:00\" \/>\n<meta property=\"og:image\" content=\"https:\/\/carolinesavoiejoaillerie.com\/wp-content\/uploads\/2021\/09\/Caroline-Savoie-Joaillerie-Bague-Coquille-Perle-Tahiti-Bijoux-Faits-Main-Quebec-Montreal-Handmade-Pearl-Ring-Jewelry-1.jpg\" \/>\n\t<meta property=\"og:image:width\" content=\"1399\" \/>\n\t<meta property=\"og:image:height\" content=\"1399\" \/>\n\t<meta property=\"og:image:type\" content=\"image\/jpeg\" \/>\n<meta name=\"twitter:card\" content=\"summary_large_image\" \/>\n<meta name=\"twitter:label1\" content=\"Est. reading time\" \/>\n\t<meta name=\"twitter:data1\" content=\"1 minute\" \/>\n<script type=\"application\/ld+json\" class=\"yoast-schema-graph\">{\"@context\":\"https:\\\/\\\/schema.org\",\"@graph\":[{\"@type\":\"WebPage\",\"@id\":\"https:\\\/\\\/carolinesavoiejoaillerie.com\\\/en\\\/produit\\\/the-pearl-shell-ring-copie\\\/\",\"url\":\"https:\\\/\\\/carolinesavoiejoaillerie.com\\\/en\\\/produit\\\/the-pearl-shell-ring-copie\\\/\",\"name\":\"The Shell Tahitian Pearl Ring &#8211; Caroline Savoie Joaillerie\",\"isPartOf\":{\"@id\":\"https:\\\/\\\/carolinesavoiejoaillerie.com\\\/en\\\/#website\"},\"primaryImageOfPage\":{\"@id\":\"https:\\\/\\\/carolinesavoiejoaillerie.com\\\/en\\\/produit\\\/the-pearl-shell-ring-copie\\\/#primaryimage\"},\"image\":{\"@id\":\"https:\\\/\\\/carolinesavoiejoaillerie.com\\\/en\\\/produit\\\/the-pearl-shell-ring-copie\\\/#primaryimage\"},\"thumbnailUrl\":\"https:\\\/\\\/carolinesavoiejoaillerie.com\\\/wp-content\\\/uploads\\\/2021\\\/09\\\/Caroline-Savoie-Joaillerie-Bague-Coquille-Perle-Tahiti-Bijoux-Faits-Main-Quebec-Montreal-Handmade-Pearl-Ring-Jewelry-1.jpg\",\"datePublished\":\"2021-09-29T03:47:11+00:00\",\"dateModified\":\"2021-09-29T04:11:06+00:00\",\"description\":\"The Shell Tahitian Pearl Ring, a bold, sensual and elegant piece of jewelry. A high-end art, a meticulous craftsmanship, a wearable sculpture\",\"breadcrumb\":{\"@id\":\"https:\\\/\\\/carolinesavoiejoaillerie.com\\\/en\\\/produit\\\/the-pearl-shell-ring-copie\\\/#breadcrumb\"},\"inLanguage\":\"en-CA\",\"potentialAction\":[{\"@type\":\"ReadAction\",\"target\":[\"https:\\\/\\\/carolinesavoiejoaillerie.com\\\/en\\\/produit\\\/the-pearl-shell-ring-copie\\\/\"]}]},{\"@type\":\"ImageObject\",\"inLanguage\":\"en-CA\",\"@id\":\"https:\\\/\\\/carolinesavoiejoaillerie.com\\\/en\\\/produit\\\/the-pearl-shell-ring-copie\\\/#primaryimage\",\"url\":\"https:\\\/\\\/carolinesavoiejoaillerie.com\\\/wp-content\\\/uploads\\\/2021\\\/09\\\/Caroline-Savoie-Joaillerie-Bague-Coquille-Perle-Tahiti-Bijoux-Faits-Main-Quebec-Montreal-Handmade-Pearl-Ring-Jewelry-1.jpg\",\"contentUrl\":\"https:\\\/\\\/carolinesavoiejoaillerie.com\\\/wp-content\\\/uploads\\\/2021\\\/09\\\/Caroline-Savoie-Joaillerie-Bague-Coquille-Perle-Tahiti-Bijoux-Faits-Main-Quebec-Montreal-Handmade-Pearl-Ring-Jewelry-1.jpg\",\"width\":1399,\"height\":1399,\"caption\":\"Caroline Savoie Joaillerie Bague Coquille Perle Tahiti Bijoux Faits Main Quebec Montreal Handmade Pearl Ring Jewelry (1)\"},{\"@type\":\"BreadcrumbList\",\"@id\":\"https:\\\/\\\/carolinesavoiejoaillerie.com\\\/en\\\/produit\\\/the-pearl-shell-ring-copie\\\/#breadcrumb\",\"itemListElement\":[{\"@type\":\"ListItem\",\"position\":1,\"name\":\"Accueil\",\"item\":\"https:\\\/\\\/carolinesavoiejoaillerie.com\\\/en\\\/\"},{\"@type\":\"ListItem\",\"position\":2,\"name\":\"Shop\",\"item\":\"https:\\\/\\\/carolinesavoiejoaillerie.com\\\/en\\\/shop\\\/\"},{\"@type\":\"ListItem\",\"position\":3,\"name\":\"The Shell Tahitian Pearl Ring\"}]},{\"@type\":\"WebSite\",\"@id\":\"https:\\\/\\\/carolinesavoiejoaillerie.com\\\/en\\\/#website\",\"url\":\"https:\\\/\\\/carolinesavoiejoaillerie.com\\\/en\\\/\",\"name\":\"Caroline Savoie Joaillerie\",\"description\":\"Bijoux fabriqu\u00e9s \u00e0 la main, au Qu\u00e9bec\",\"publisher\":{\"@id\":\"https:\\\/\\\/carolinesavoiejoaillerie.com\\\/en\\\/#organization\"},\"potentialAction\":[{\"@type\":\"SearchAction\",\"target\":{\"@type\":\"EntryPoint\",\"urlTemplate\":\"https:\\\/\\\/carolinesavoiejoaillerie.com\\\/en\\\/?s={search_term_string}\"},\"query-input\":{\"@type\":\"PropertyValueSpecification\",\"valueRequired\":true,\"valueName\":\"search_term_string\"}}],\"inLanguage\":\"en-CA\"},{\"@type\":\"Organization\",\"@id\":\"https:\\\/\\\/carolinesavoiejoaillerie.com\\\/en\\\/#organization\",\"name\":\"Caroline Savoie\",\"url\":\"https:\\\/\\\/carolinesavoiejoaillerie.com\\\/en\\\/\",\"logo\":{\"@type\":\"ImageObject\",\"inLanguage\":\"en-CA\",\"@id\":\"https:\\\/\\\/carolinesavoiejoaillerie.com\\\/en\\\/#\\\/schema\\\/logo\\\/image\\\/\",\"url\":\"https:\\\/\\\/carolinesavoiejoaillerie.com\\\/wp-content\\\/uploads\\\/2017\\\/10\\\/CarolineSavoieLogoBlancSurNoirSquare-e1508601602913.png\",\"contentUrl\":\"https:\\\/\\\/carolinesavoiejoaillerie.com\\\/wp-content\\\/uploads\\\/2017\\\/10\\\/CarolineSavoieLogoBlancSurNoirSquare-e1508601602913.png\",\"width\":600,\"height\":599,\"caption\":\"Caroline Savoie\"},\"image\":{\"@id\":\"https:\\\/\\\/carolinesavoiejoaillerie.com\\\/en\\\/#\\\/schema\\\/logo\\\/image\\\/\"},\"sameAs\":[\"https:\\\/\\\/www.facebook.com\\\/carolinesavoiejoaillerie\\\/\",\"https:\\\/\\\/www.instagram.com\\\/caroline_savoie_joaillerie\\\/\",\"https:\\\/\\\/www.pinterest.com\\\/CSjoaillerie\\\/?eq=caroline savoie&amp;amp;amp;amp;amp;amp;etslf=NaN\"]}]}<\/script>\n<!-- \/ Yoast SEO plugin. -->","yoast_head_json":{"title":"The Shell Tahitian Pearl Ring &#8211; Caroline Savoie Joaillerie","description":"The Shell Tahitian Pearl Ring, a bold, sensual and elegant piece of jewelry. A high-end art, a meticulous craftsmanship, a wearable sculpture","robots":{"index":"index","follow":"follow","max-snippet":"max-snippet:-1","max-image-preview":"max-image-preview:large","max-video-preview":"max-video-preview:-1"},"canonical":"https:\/\/carolinesavoiejoaillerie.com\/en\/produit\/the-pearl-shell-ring-copie\/","og_locale":"en_US","og_type":"article","og_title":"The Shell Tahitian Pearl Ring &#8211; Caroline Savoie Joaillerie","og_description":"The Shell Tahitian Pearl Ring, a bold, sensual and elegant piece of jewelry. A high-end art, a meticulous craftsmanship, a wearable sculpture","og_url":"https:\/\/carolinesavoiejoaillerie.com\/en\/produit\/the-pearl-shell-ring-copie\/","og_site_name":"Caroline Savoie Joaillerie","article_publisher":"https:\/\/www.facebook.com\/carolinesavoiejoaillerie\/","article_modified_time":"2021-09-29T04:11:06+00:00","og_image":[{"width":1399,"height":1399,"url":"https:\/\/carolinesavoiejoaillerie.com\/wp-content\/uploads\/2021\/09\/Caroline-Savoie-Joaillerie-Bague-Coquille-Perle-Tahiti-Bijoux-Faits-Main-Quebec-Montreal-Handmade-Pearl-Ring-Jewelry-1.jpg","type":"image\/jpeg"}],"twitter_card":"summary_large_image","twitter_misc":{"Est. reading time":"1 minute"},"schema":{"@context":"https:\/\/schema.org","@graph":[{"@type":"WebPage","@id":"https:\/\/carolinesavoiejoaillerie.com\/en\/produit\/the-pearl-shell-ring-copie\/","url":"https:\/\/carolinesavoiejoaillerie.com\/en\/produit\/the-pearl-shell-ring-copie\/","name":"The Shell Tahitian Pearl Ring &#8211; Caroline Savoie Joaillerie","isPartOf":{"@id":"https:\/\/carolinesavoiejoaillerie.com\/en\/#website"},"primaryImageOfPage":{"@id":"https:\/\/carolinesavoiejoaillerie.com\/en\/produit\/the-pearl-shell-ring-copie\/#primaryimage"},"image":{"@id":"https:\/\/carolinesavoiejoaillerie.com\/en\/produit\/the-pearl-shell-ring-copie\/#primaryimage"},"thumbnailUrl":"https:\/\/carolinesavoiejoaillerie.com\/wp-content\/uploads\/2021\/09\/Caroline-Savoie-Joaillerie-Bague-Coquille-Perle-Tahiti-Bijoux-Faits-Main-Quebec-Montreal-Handmade-Pearl-Ring-Jewelry-1.jpg","datePublished":"2021-09-29T03:47:11+00:00","dateModified":"2021-09-29T04:11:06+00:00","description":"The Shell Tahitian Pearl Ring, a bold, sensual and elegant piece of jewelry. A high-end art, a meticulous craftsmanship, a wearable sculpture","breadcrumb":{"@id":"https:\/\/carolinesavoiejoaillerie.com\/en\/produit\/the-pearl-shell-ring-copie\/#breadcrumb"},"inLanguage":"en-CA","potentialAction":[{"@type":"ReadAction","target":["https:\/\/carolinesavoiejoaillerie.com\/en\/produit\/the-pearl-shell-ring-copie\/"]}]},{"@type":"ImageObject","inLanguage":"en-CA","@id":"https:\/\/carolinesavoiejoaillerie.com\/en\/produit\/the-pearl-shell-ring-copie\/#primaryimage","url":"https:\/\/carolinesavoiejoaillerie.com\/wp-content\/uploads\/2021\/09\/Caroline-Savoie-Joaillerie-Bague-Coquille-Perle-Tahiti-Bijoux-Faits-Main-Quebec-Montreal-Handmade-Pearl-Ring-Jewelry-1.jpg","contentUrl":"https:\/\/carolinesavoiejoaillerie.com\/wp-content\/uploads\/2021\/09\/Caroline-Savoie-Joaillerie-Bague-Coquille-Perle-Tahiti-Bijoux-Faits-Main-Quebec-Montreal-Handmade-Pearl-Ring-Jewelry-1.jpg","width":1399,"height":1399,"caption":"Caroline Savoie Joaillerie Bague Coquille Perle Tahiti Bijoux Faits Main Quebec Montreal Handmade Pearl Ring Jewelry (1)"},{"@type":"BreadcrumbList","@id":"https:\/\/carolinesavoiejoaillerie.com\/en\/produit\/the-pearl-shell-ring-copie\/#breadcrumb","itemListElement":[{"@type":"ListItem","position":1,"name":"Accueil","item":"https:\/\/carolinesavoiejoaillerie.com\/en\/"},{"@type":"ListItem","position":2,"name":"Shop","item":"https:\/\/carolinesavoiejoaillerie.com\/en\/shop\/"},{"@type":"ListItem","position":3,"name":"The Shell Tahitian Pearl Ring"}]},{"@type":"WebSite","@id":"https:\/\/carolinesavoiejoaillerie.com\/en\/#website","url":"https:\/\/carolinesavoiejoaillerie.com\/en\/","name":"Caroline Savoie Joaillerie","description":"Bijoux fabriqu\u00e9s \u00e0 la main, au Qu\u00e9bec","publisher":{"@id":"https:\/\/carolinesavoiejoaillerie.com\/en\/#organization"},"potentialAction":[{"@type":"SearchAction","target":{"@type":"EntryPoint","urlTemplate":"https:\/\/carolinesavoiejoaillerie.com\/en\/?s={search_term_string}"},"query-input":{"@type":"PropertyValueSpecification","valueRequired":true,"valueName":"search_term_string"}}],"inLanguage":"en-CA"},{"@type":"Organization","@id":"https:\/\/carolinesavoiejoaillerie.com\/en\/#organization","name":"Caroline Savoie","url":"https:\/\/carolinesavoiejoaillerie.com\/en\/","logo":{"@type":"ImageObject","inLanguage":"en-CA","@id":"https:\/\/carolinesavoiejoaillerie.com\/en\/#\/schema\/logo\/image\/","url":"https:\/\/carolinesavoiejoaillerie.com\/wp-content\/uploads\/2017\/10\/CarolineSavoieLogoBlancSurNoirSquare-e1508601602913.png","contentUrl":"https:\/\/carolinesavoiejoaillerie.com\/wp-content\/uploads\/2017\/10\/CarolineSavoieLogoBlancSurNoirSquare-e1508601602913.png","width":600,"height":599,"caption":"Caroline Savoie"},"image":{"@id":"https:\/\/carolinesavoiejoaillerie.com\/en\/#\/schema\/logo\/image\/"},"sameAs":["https:\/\/www.facebook.com\/carolinesavoiejoaillerie\/","https:\/\/www.instagram.com\/caroline_savoie_joaillerie\/","https:\/\/www.pinterest.com\/CSjoaillerie\/?eq=caroline savoie&amp;amp;amp;amp;amp;amp;etslf=NaN"]}]}},"_links":{"self":[{"href":"https:\/\/carolinesavoiejoaillerie.com\/en\/wp-json\/wp\/v2\/product\/33070","targetHints":{"allow":["GET"]}}],"collection":[{"href":"https:\/\/carolinesavoiejoaillerie.com\/en\/wp-json\/wp\/v2\/product"}],"about":[{"href":"https:\/\/carolinesavoiejoaillerie.com\/en\/wp-json\/wp\/v2\/types\/product"}],"wp:featuredmedia":[{"embeddable":true,"href":"https:\/\/carolinesavoiejoaillerie.com\/en\/wp-json\/wp\/v2\/media\/33022"}],"wp:attachment":[{"href":"https:\/\/carolinesavoiejoaillerie.com\/en\/wp-json\/wp\/v2\/media?parent=33070"}],"wp:term":[{"taxonomy":"product_brand","embeddable":true,"href":"https:\/\/carolinesavoiejoaillerie.com\/en\/wp-json\/wp\/v2\/product_brand?post=33070"},{"taxonomy":"product_cat","embeddable":true,"href":"https:\/\/carolinesavoiejoaillerie.com\/en\/wp-json\/wp\/v2\/product_cat?post=33070"},{"taxonomy":"product_tag","embeddable":true,"href":"https:\/\/carolinesavoiejoaillerie.com\/en\/wp-json\/wp\/v2\/product_tag?post=33070"}],"curies":[{"name":"wp","href":"https:\/\/api.w.org\/{rel}","templated":true}]}}