{"id":31928,"date":"2021-05-08T14:01:41","date_gmt":"2021-05-08T18:01:41","guid":{"rendered":"https:\/\/carolinesavoiejoaillerie.com\/?post_type=product&#038;p=31928"},"modified":"2021-09-28T19:52:02","modified_gmt":"2021-09-28T23:52:02","slug":"yellowgreen-wavy-ring","status":"publish","type":"product","link":"https:\/\/carolinesavoiejoaillerie.com\/en\/produit\/yellowgreen-wavy-ring\/","title":{"rendered":"Yellow And Green Wavy Ring"},"content":{"rendered":"<p>This Yellow and Green Wavy ring with its fresh two colours pav\u00e9 curve is perfect to be worn everyday. Fine and comfortable, it will make you shine brightly. Let yourself be seduced by its sparkling arch.<\/p>\n<p>Handmade by a passionate Montreal based jeweller.<\/p>\n<p>Dimensions<\/p>\n<ul>\n<li>The width of the ring is 2.50 mm<\/li>\n<li>Each ring is adjusted according to the size of your finger<\/li>\n<li>It weighs about 3 grams<\/li>\n<\/ul>\n","protected":false},"excerpt":{"rendered":"<p>The<em> Yellow and Green Wavy<\/em> semi-eternity ring is inspired by the simplicity of the line and its unlimited power. This refreshing jewel with its sublime alternation of yellow and green is majestically refined. Whether worn alone or combined, it is simply delicious.<\/p>\n<p>The ring is made of 925 sterling silver set with 11 tsavorite garnets and with 10 yellow sapphires totaling 0.39 carat.<\/p>\n<p><a href=\"http:\/\/carolinesavoiejoaillerie.com\/wp-content\/uploads\/2017\/11\/E\u0301chelle-et-baguier.pdf\" target=\"blank\" rel=\"noopener noreferrer\"><u>Consult the size chart<\/u><\/a><\/p>\n","protected":false},"featured_media":32989,"template":"","meta":[],"product_brand":[],"product_cat":[354,2852],"product_tag":[],"class_list":{"0":"post-31928","1":"product","2":"type-product","3":"status-publish","4":"has-post-thumbnail","6":"product_cat-rings","7":"product_cat-stackable","9":"first","10":"instock","11":"taxable","12":"shipping-taxable","13":"purchasable","14":"product-type-variable"},"yoast_head":"<!-- This site is optimized with the Yoast SEO plugin v27.3 - https:\/\/yoast.com\/product\/yoast-seo-wordpress\/ -->\n<title>Yellow And Green Wavy Ring &#8211; Caroline Savoie Joaillerie<\/title>\n<meta name=\"description\" content=\"The Yellow and Green Wavy Ring, a fine and refreshing half-eternity ring. A jewelry piece with a unique and elegant look. Refined with an edge\" \/>\n<meta name=\"robots\" content=\"index, follow, max-snippet:-1, max-image-preview:large, max-video-preview:-1\" \/>\n<link rel=\"canonical\" href=\"https:\/\/carolinesavoiejoaillerie.com\/en\/produit\/yellowgreen-wavy-ring\/\" \/>\n<meta property=\"og:locale\" content=\"en_US\" \/>\n<meta property=\"og:type\" content=\"article\" \/>\n<meta property=\"og:title\" content=\"Yellow And Green Wavy Ring &#8211; Caroline Savoie Joaillerie\" \/>\n<meta property=\"og:description\" content=\"The Yellow and Green Wavy Ring, a fine and refreshing half-eternity ring. A jewelry piece with a unique and elegant look. Refined with an edge\" \/>\n<meta property=\"og:url\" content=\"https:\/\/carolinesavoiejoaillerie.com\/en\/produit\/yellowgreen-wavy-ring\/\" \/>\n<meta property=\"og:site_name\" content=\"Caroline Savoie Joaillerie\" \/>\n<meta property=\"article:publisher\" content=\"https:\/\/www.facebook.com\/carolinesavoiejoaillerie\/\" \/>\n<meta property=\"article:modified_time\" content=\"2021-09-28T23:52:02+00:00\" \/>\n<meta property=\"og:image\" content=\"https:\/\/carolinesavoiejoaillerie.com\/wp-content\/uploads\/2021\/09\/Caroline-Savoie-Joaillerie-Bague-Vague-Jaune-et-Verte-Bijoux-Faits-Main-Quebec-Montreal-Handmade-Jewelry-Green-Yellow-Wavy-Ring-Emerald-Sapphire-1.jpg\" \/>\n\t<meta property=\"og:image:width\" content=\"1369\" \/>\n\t<meta property=\"og:image:height\" content=\"1369\" \/>\n\t<meta property=\"og:image:type\" content=\"image\/jpeg\" \/>\n<meta name=\"twitter:card\" content=\"summary_large_image\" \/>\n<meta name=\"twitter:label1\" content=\"Est. reading time\" \/>\n\t<meta name=\"twitter:data1\" content=\"1 minute\" \/>\n<script type=\"application\/ld+json\" class=\"yoast-schema-graph\">{\"@context\":\"https:\\\/\\\/schema.org\",\"@graph\":[{\"@type\":\"WebPage\",\"@id\":\"https:\\\/\\\/carolinesavoiejoaillerie.com\\\/en\\\/produit\\\/yellowgreen-wavy-ring\\\/\",\"url\":\"https:\\\/\\\/carolinesavoiejoaillerie.com\\\/en\\\/produit\\\/yellowgreen-wavy-ring\\\/\",\"name\":\"Yellow And Green Wavy Ring &#8211; Caroline Savoie Joaillerie\",\"isPartOf\":{\"@id\":\"https:\\\/\\\/carolinesavoiejoaillerie.com\\\/en\\\/#website\"},\"primaryImageOfPage\":{\"@id\":\"https:\\\/\\\/carolinesavoiejoaillerie.com\\\/en\\\/produit\\\/yellowgreen-wavy-ring\\\/#primaryimage\"},\"image\":{\"@id\":\"https:\\\/\\\/carolinesavoiejoaillerie.com\\\/en\\\/produit\\\/yellowgreen-wavy-ring\\\/#primaryimage\"},\"thumbnailUrl\":\"https:\\\/\\\/carolinesavoiejoaillerie.com\\\/wp-content\\\/uploads\\\/2021\\\/09\\\/Caroline-Savoie-Joaillerie-Bague-Vague-Jaune-et-Verte-Bijoux-Faits-Main-Quebec-Montreal-Handmade-Jewelry-Green-Yellow-Wavy-Ring-Emerald-Sapphire-1.jpg\",\"datePublished\":\"2021-05-08T18:01:41+00:00\",\"dateModified\":\"2021-09-28T23:52:02+00:00\",\"description\":\"The Yellow and Green Wavy Ring, a fine and refreshing half-eternity ring. A jewelry piece with a unique and elegant look. Refined with an edge\",\"breadcrumb\":{\"@id\":\"https:\\\/\\\/carolinesavoiejoaillerie.com\\\/en\\\/produit\\\/yellowgreen-wavy-ring\\\/#breadcrumb\"},\"inLanguage\":\"en-CA\",\"potentialAction\":[{\"@type\":\"ReadAction\",\"target\":[\"https:\\\/\\\/carolinesavoiejoaillerie.com\\\/en\\\/produit\\\/yellowgreen-wavy-ring\\\/\"]}]},{\"@type\":\"ImageObject\",\"inLanguage\":\"en-CA\",\"@id\":\"https:\\\/\\\/carolinesavoiejoaillerie.com\\\/en\\\/produit\\\/yellowgreen-wavy-ring\\\/#primaryimage\",\"url\":\"https:\\\/\\\/carolinesavoiejoaillerie.com\\\/wp-content\\\/uploads\\\/2021\\\/09\\\/Caroline-Savoie-Joaillerie-Bague-Vague-Jaune-et-Verte-Bijoux-Faits-Main-Quebec-Montreal-Handmade-Jewelry-Green-Yellow-Wavy-Ring-Emerald-Sapphire-1.jpg\",\"contentUrl\":\"https:\\\/\\\/carolinesavoiejoaillerie.com\\\/wp-content\\\/uploads\\\/2021\\\/09\\\/Caroline-Savoie-Joaillerie-Bague-Vague-Jaune-et-Verte-Bijoux-Faits-Main-Quebec-Montreal-Handmade-Jewelry-Green-Yellow-Wavy-Ring-Emerald-Sapphire-1.jpg\",\"width\":1369,\"height\":1369,\"caption\":\"Caroline Savoie Joaillerie Bague Vague Jaune et Verte Bijoux Faits Main Quebec Montreal Handmade Jewelry Green Yellow Wavy Ring Emerald Sapphire (1)\"},{\"@type\":\"BreadcrumbList\",\"@id\":\"https:\\\/\\\/carolinesavoiejoaillerie.com\\\/en\\\/produit\\\/yellowgreen-wavy-ring\\\/#breadcrumb\",\"itemListElement\":[{\"@type\":\"ListItem\",\"position\":1,\"name\":\"Accueil\",\"item\":\"https:\\\/\\\/carolinesavoiejoaillerie.com\\\/en\\\/\"},{\"@type\":\"ListItem\",\"position\":2,\"name\":\"Shop\",\"item\":\"https:\\\/\\\/carolinesavoiejoaillerie.com\\\/en\\\/shop\\\/\"},{\"@type\":\"ListItem\",\"position\":3,\"name\":\"Yellow And Green Wavy Ring\"}]},{\"@type\":\"WebSite\",\"@id\":\"https:\\\/\\\/carolinesavoiejoaillerie.com\\\/en\\\/#website\",\"url\":\"https:\\\/\\\/carolinesavoiejoaillerie.com\\\/en\\\/\",\"name\":\"Caroline Savoie Joaillerie\",\"description\":\"Bijoux fabriqu\u00e9s \u00e0 la main, au Qu\u00e9bec\",\"publisher\":{\"@id\":\"https:\\\/\\\/carolinesavoiejoaillerie.com\\\/en\\\/#organization\"},\"potentialAction\":[{\"@type\":\"SearchAction\",\"target\":{\"@type\":\"EntryPoint\",\"urlTemplate\":\"https:\\\/\\\/carolinesavoiejoaillerie.com\\\/en\\\/?s={search_term_string}\"},\"query-input\":{\"@type\":\"PropertyValueSpecification\",\"valueRequired\":true,\"valueName\":\"search_term_string\"}}],\"inLanguage\":\"en-CA\"},{\"@type\":\"Organization\",\"@id\":\"https:\\\/\\\/carolinesavoiejoaillerie.com\\\/en\\\/#organization\",\"name\":\"Caroline Savoie\",\"url\":\"https:\\\/\\\/carolinesavoiejoaillerie.com\\\/en\\\/\",\"logo\":{\"@type\":\"ImageObject\",\"inLanguage\":\"en-CA\",\"@id\":\"https:\\\/\\\/carolinesavoiejoaillerie.com\\\/en\\\/#\\\/schema\\\/logo\\\/image\\\/\",\"url\":\"https:\\\/\\\/carolinesavoiejoaillerie.com\\\/wp-content\\\/uploads\\\/2017\\\/10\\\/CarolineSavoieLogoBlancSurNoirSquare-e1508601602913.png\",\"contentUrl\":\"https:\\\/\\\/carolinesavoiejoaillerie.com\\\/wp-content\\\/uploads\\\/2017\\\/10\\\/CarolineSavoieLogoBlancSurNoirSquare-e1508601602913.png\",\"width\":600,\"height\":599,\"caption\":\"Caroline Savoie\"},\"image\":{\"@id\":\"https:\\\/\\\/carolinesavoiejoaillerie.com\\\/en\\\/#\\\/schema\\\/logo\\\/image\\\/\"},\"sameAs\":[\"https:\\\/\\\/www.facebook.com\\\/carolinesavoiejoaillerie\\\/\",\"https:\\\/\\\/www.instagram.com\\\/caroline_savoie_joaillerie\\\/\",\"https:\\\/\\\/www.pinterest.com\\\/CSjoaillerie\\\/?eq=caroline savoie&amp;amp;amp;amp;amp;amp;etslf=NaN\"]}]}<\/script>\n<!-- \/ Yoast SEO plugin. -->","yoast_head_json":{"title":"Yellow And Green Wavy Ring &#8211; Caroline Savoie Joaillerie","description":"The Yellow and Green Wavy Ring, a fine and refreshing half-eternity ring. A jewelry piece with a unique and elegant look. Refined with an edge","robots":{"index":"index","follow":"follow","max-snippet":"max-snippet:-1","max-image-preview":"max-image-preview:large","max-video-preview":"max-video-preview:-1"},"canonical":"https:\/\/carolinesavoiejoaillerie.com\/en\/produit\/yellowgreen-wavy-ring\/","og_locale":"en_US","og_type":"article","og_title":"Yellow And Green Wavy Ring &#8211; Caroline Savoie Joaillerie","og_description":"The Yellow and Green Wavy Ring, a fine and refreshing half-eternity ring. A jewelry piece with a unique and elegant look. Refined with an edge","og_url":"https:\/\/carolinesavoiejoaillerie.com\/en\/produit\/yellowgreen-wavy-ring\/","og_site_name":"Caroline Savoie Joaillerie","article_publisher":"https:\/\/www.facebook.com\/carolinesavoiejoaillerie\/","article_modified_time":"2021-09-28T23:52:02+00:00","og_image":[{"width":1369,"height":1369,"url":"https:\/\/carolinesavoiejoaillerie.com\/wp-content\/uploads\/2021\/09\/Caroline-Savoie-Joaillerie-Bague-Vague-Jaune-et-Verte-Bijoux-Faits-Main-Quebec-Montreal-Handmade-Jewelry-Green-Yellow-Wavy-Ring-Emerald-Sapphire-1.jpg","type":"image\/jpeg"}],"twitter_card":"summary_large_image","twitter_misc":{"Est. reading time":"1 minute"},"schema":{"@context":"https:\/\/schema.org","@graph":[{"@type":"WebPage","@id":"https:\/\/carolinesavoiejoaillerie.com\/en\/produit\/yellowgreen-wavy-ring\/","url":"https:\/\/carolinesavoiejoaillerie.com\/en\/produit\/yellowgreen-wavy-ring\/","name":"Yellow And Green Wavy Ring &#8211; Caroline Savoie Joaillerie","isPartOf":{"@id":"https:\/\/carolinesavoiejoaillerie.com\/en\/#website"},"primaryImageOfPage":{"@id":"https:\/\/carolinesavoiejoaillerie.com\/en\/produit\/yellowgreen-wavy-ring\/#primaryimage"},"image":{"@id":"https:\/\/carolinesavoiejoaillerie.com\/en\/produit\/yellowgreen-wavy-ring\/#primaryimage"},"thumbnailUrl":"https:\/\/carolinesavoiejoaillerie.com\/wp-content\/uploads\/2021\/09\/Caroline-Savoie-Joaillerie-Bague-Vague-Jaune-et-Verte-Bijoux-Faits-Main-Quebec-Montreal-Handmade-Jewelry-Green-Yellow-Wavy-Ring-Emerald-Sapphire-1.jpg","datePublished":"2021-05-08T18:01:41+00:00","dateModified":"2021-09-28T23:52:02+00:00","description":"The Yellow and Green Wavy Ring, a fine and refreshing half-eternity ring. A jewelry piece with a unique and elegant look. Refined with an edge","breadcrumb":{"@id":"https:\/\/carolinesavoiejoaillerie.com\/en\/produit\/yellowgreen-wavy-ring\/#breadcrumb"},"inLanguage":"en-CA","potentialAction":[{"@type":"ReadAction","target":["https:\/\/carolinesavoiejoaillerie.com\/en\/produit\/yellowgreen-wavy-ring\/"]}]},{"@type":"ImageObject","inLanguage":"en-CA","@id":"https:\/\/carolinesavoiejoaillerie.com\/en\/produit\/yellowgreen-wavy-ring\/#primaryimage","url":"https:\/\/carolinesavoiejoaillerie.com\/wp-content\/uploads\/2021\/09\/Caroline-Savoie-Joaillerie-Bague-Vague-Jaune-et-Verte-Bijoux-Faits-Main-Quebec-Montreal-Handmade-Jewelry-Green-Yellow-Wavy-Ring-Emerald-Sapphire-1.jpg","contentUrl":"https:\/\/carolinesavoiejoaillerie.com\/wp-content\/uploads\/2021\/09\/Caroline-Savoie-Joaillerie-Bague-Vague-Jaune-et-Verte-Bijoux-Faits-Main-Quebec-Montreal-Handmade-Jewelry-Green-Yellow-Wavy-Ring-Emerald-Sapphire-1.jpg","width":1369,"height":1369,"caption":"Caroline Savoie Joaillerie Bague Vague Jaune et Verte Bijoux Faits Main Quebec Montreal Handmade Jewelry Green Yellow Wavy Ring Emerald Sapphire (1)"},{"@type":"BreadcrumbList","@id":"https:\/\/carolinesavoiejoaillerie.com\/en\/produit\/yellowgreen-wavy-ring\/#breadcrumb","itemListElement":[{"@type":"ListItem","position":1,"name":"Accueil","item":"https:\/\/carolinesavoiejoaillerie.com\/en\/"},{"@type":"ListItem","position":2,"name":"Shop","item":"https:\/\/carolinesavoiejoaillerie.com\/en\/shop\/"},{"@type":"ListItem","position":3,"name":"Yellow And Green Wavy Ring"}]},{"@type":"WebSite","@id":"https:\/\/carolinesavoiejoaillerie.com\/en\/#website","url":"https:\/\/carolinesavoiejoaillerie.com\/en\/","name":"Caroline Savoie Joaillerie","description":"Bijoux fabriqu\u00e9s \u00e0 la main, au Qu\u00e9bec","publisher":{"@id":"https:\/\/carolinesavoiejoaillerie.com\/en\/#organization"},"potentialAction":[{"@type":"SearchAction","target":{"@type":"EntryPoint","urlTemplate":"https:\/\/carolinesavoiejoaillerie.com\/en\/?s={search_term_string}"},"query-input":{"@type":"PropertyValueSpecification","valueRequired":true,"valueName":"search_term_string"}}],"inLanguage":"en-CA"},{"@type":"Organization","@id":"https:\/\/carolinesavoiejoaillerie.com\/en\/#organization","name":"Caroline Savoie","url":"https:\/\/carolinesavoiejoaillerie.com\/en\/","logo":{"@type":"ImageObject","inLanguage":"en-CA","@id":"https:\/\/carolinesavoiejoaillerie.com\/en\/#\/schema\/logo\/image\/","url":"https:\/\/carolinesavoiejoaillerie.com\/wp-content\/uploads\/2017\/10\/CarolineSavoieLogoBlancSurNoirSquare-e1508601602913.png","contentUrl":"https:\/\/carolinesavoiejoaillerie.com\/wp-content\/uploads\/2017\/10\/CarolineSavoieLogoBlancSurNoirSquare-e1508601602913.png","width":600,"height":599,"caption":"Caroline Savoie"},"image":{"@id":"https:\/\/carolinesavoiejoaillerie.com\/en\/#\/schema\/logo\/image\/"},"sameAs":["https:\/\/www.facebook.com\/carolinesavoiejoaillerie\/","https:\/\/www.instagram.com\/caroline_savoie_joaillerie\/","https:\/\/www.pinterest.com\/CSjoaillerie\/?eq=caroline savoie&amp;amp;amp;amp;amp;amp;etslf=NaN"]}]}},"_links":{"self":[{"href":"https:\/\/carolinesavoiejoaillerie.com\/en\/wp-json\/wp\/v2\/product\/31928","targetHints":{"allow":["GET"]}}],"collection":[{"href":"https:\/\/carolinesavoiejoaillerie.com\/en\/wp-json\/wp\/v2\/product"}],"about":[{"href":"https:\/\/carolinesavoiejoaillerie.com\/en\/wp-json\/wp\/v2\/types\/product"}],"wp:featuredmedia":[{"embeddable":true,"href":"https:\/\/carolinesavoiejoaillerie.com\/en\/wp-json\/wp\/v2\/media\/32989"}],"wp:attachment":[{"href":"https:\/\/carolinesavoiejoaillerie.com\/en\/wp-json\/wp\/v2\/media?parent=31928"}],"wp:term":[{"taxonomy":"product_brand","embeddable":true,"href":"https:\/\/carolinesavoiejoaillerie.com\/en\/wp-json\/wp\/v2\/product_brand?post=31928"},{"taxonomy":"product_cat","embeddable":true,"href":"https:\/\/carolinesavoiejoaillerie.com\/en\/wp-json\/wp\/v2\/product_cat?post=31928"},{"taxonomy":"product_tag","embeddable":true,"href":"https:\/\/carolinesavoiejoaillerie.com\/en\/wp-json\/wp\/v2\/product_tag?post=31928"}],"curies":[{"name":"wp","href":"https:\/\/api.w.org\/{rel}","templated":true}]}}