{"id":31447,"date":"2021-03-31T22:16:07","date_gmt":"2021-04-01T02:16:07","guid":{"rendered":"https:\/\/carolinesavoiejoaillerie.com\/?post_type=product&#038;p=31447"},"modified":"2026-01-28T12:37:02","modified_gmt":"2026-01-28T17:37:02","slug":"x-chain","status":"publish","type":"product","link":"https:\/\/carolinesavoiejoaillerie.com\/en\/produit\/x-chain\/","title":{"rendered":"X Chain"},"content":{"rendered":"<p>The Cross X Chain for men and women is perfect for everyday wear. Matched or simply alone on the neck, this necklace will dress you up for all occasions. This beautiful chain will fit your entire wardrobe!<\/p>\n<p>Entirely handmade by a passionate Montreal based jeweller.<\/p>\n<p>Dimensions<\/p>\n<ul>\n<li>The chain has a length of 23 inches and a width of 8.50 mm<\/li>\n<li>It weighs about 105 grams<\/li>\n<li>Price on request<\/li>\n<\/ul>\n","protected":false},"excerpt":{"rendered":"<p>The unisex <em>Cross X<\/em> chain is inspired by the steel chains and cables. It is the more stylish version and undoubtedly the more refined version. Its magnificent two tones of gold, its twisted effect and its unique side will make jealous. Chic and robust, it will attest your look. This chain is limitless!<\/p>\n<p>The chain is made of 14k white and yellow gold.<\/p>\n","protected":false},"featured_media":31449,"template":"","meta":[],"product_brand":[],"product_cat":[376,369],"product_tag":[],"class_list":{"0":"post-31447","1":"product","2":"type-product","3":"status-publish","4":"has-post-thumbnail","6":"product_cat-necklaces-pendants","7":"product_cat-private-collection","9":"first","10":"instock","11":"taxable","12":"shipping-taxable","13":"product-type-simple"},"yoast_head":"<!-- This site is optimized with the Yoast SEO plugin v27.3 - https:\/\/yoast.com\/product\/yoast-seo-wordpress\/ -->\n<title>X Chain &#8211; Caroline Savoie Joaillerie<\/title>\n<meta name=\"description\" content=\"The X Chain, a refined unisex necklace. Elegant and robust, Caroline Savoie signed chains will complete your look daily.\" \/>\n<meta name=\"robots\" content=\"index, follow, max-snippet:-1, max-image-preview:large, max-video-preview:-1\" \/>\n<link rel=\"canonical\" href=\"https:\/\/carolinesavoiejoaillerie.com\/en\/produit\/x-chain\/\" \/>\n<meta property=\"og:locale\" content=\"en_US\" \/>\n<meta property=\"og:type\" content=\"article\" \/>\n<meta property=\"og:title\" content=\"X Chain &#8211; Caroline Savoie Joaillerie\" \/>\n<meta property=\"og:description\" content=\"The X Chain, a refined unisex necklace. Elegant and robust, Caroline Savoie signed chains will complete your look daily.\" \/>\n<meta property=\"og:url\" content=\"https:\/\/carolinesavoiejoaillerie.com\/en\/produit\/x-chain\/\" \/>\n<meta property=\"og:site_name\" content=\"Caroline Savoie Joaillerie\" \/>\n<meta property=\"article:publisher\" content=\"https:\/\/www.facebook.com\/carolinesavoiejoaillerie\/\" \/>\n<meta property=\"article:modified_time\" content=\"2026-01-28T17:37:02+00:00\" \/>\n<meta property=\"og:image\" content=\"https:\/\/carolinesavoiejoaillerie.com\/wp-content\/uploads\/2021\/03\/Caroline-Savoie-Joaillerie-Chaine-Homme-Fait-Main-Fait-Sur-Mesure-Or-Jaune-Or-Blanc-Bijoux-Quebec-Montreal-Handmade-Jewelry-Custom-Made-Gold-Chain-Yellow-and-White-Gold-1.jpg\" \/>\n\t<meta property=\"og:image:width\" content=\"2306\" \/>\n\t<meta property=\"og:image:height\" content=\"2304\" \/>\n\t<meta property=\"og:image:type\" content=\"image\/jpeg\" \/>\n<meta name=\"twitter:card\" content=\"summary_large_image\" \/>\n<meta name=\"twitter:label1\" content=\"Est. reading time\" \/>\n\t<meta name=\"twitter:data1\" content=\"1 minute\" \/>\n<script type=\"application\/ld+json\" class=\"yoast-schema-graph\">{\"@context\":\"https:\\\/\\\/schema.org\",\"@graph\":[{\"@type\":\"WebPage\",\"@id\":\"https:\\\/\\\/carolinesavoiejoaillerie.com\\\/en\\\/produit\\\/x-chain\\\/\",\"url\":\"https:\\\/\\\/carolinesavoiejoaillerie.com\\\/en\\\/produit\\\/x-chain\\\/\",\"name\":\"X Chain &#8211; Caroline Savoie Joaillerie\",\"isPartOf\":{\"@id\":\"https:\\\/\\\/carolinesavoiejoaillerie.com\\\/en\\\/#website\"},\"primaryImageOfPage\":{\"@id\":\"https:\\\/\\\/carolinesavoiejoaillerie.com\\\/en\\\/produit\\\/x-chain\\\/#primaryimage\"},\"image\":{\"@id\":\"https:\\\/\\\/carolinesavoiejoaillerie.com\\\/en\\\/produit\\\/x-chain\\\/#primaryimage\"},\"thumbnailUrl\":\"https:\\\/\\\/carolinesavoiejoaillerie.com\\\/wp-content\\\/uploads\\\/2021\\\/03\\\/Caroline-Savoie-Joaillerie-Chaine-Homme-Fait-Main-Fait-Sur-Mesure-Or-Jaune-Or-Blanc-Bijoux-Quebec-Montreal-Handmade-Jewelry-Custom-Made-Gold-Chain-Yellow-and-White-Gold-1.jpg\",\"datePublished\":\"2021-04-01T02:16:07+00:00\",\"dateModified\":\"2026-01-28T17:37:02+00:00\",\"description\":\"The X Chain, a refined unisex necklace. Elegant and robust, Caroline Savoie signed chains will complete your look daily.\",\"breadcrumb\":{\"@id\":\"https:\\\/\\\/carolinesavoiejoaillerie.com\\\/en\\\/produit\\\/x-chain\\\/#breadcrumb\"},\"inLanguage\":\"en-CA\",\"potentialAction\":[{\"@type\":\"ReadAction\",\"target\":[\"https:\\\/\\\/carolinesavoiejoaillerie.com\\\/en\\\/produit\\\/x-chain\\\/\"]}]},{\"@type\":\"ImageObject\",\"inLanguage\":\"en-CA\",\"@id\":\"https:\\\/\\\/carolinesavoiejoaillerie.com\\\/en\\\/produit\\\/x-chain\\\/#primaryimage\",\"url\":\"https:\\\/\\\/carolinesavoiejoaillerie.com\\\/wp-content\\\/uploads\\\/2021\\\/03\\\/Caroline-Savoie-Joaillerie-Chaine-Homme-Fait-Main-Fait-Sur-Mesure-Or-Jaune-Or-Blanc-Bijoux-Quebec-Montreal-Handmade-Jewelry-Custom-Made-Gold-Chain-Yellow-and-White-Gold-1.jpg\",\"contentUrl\":\"https:\\\/\\\/carolinesavoiejoaillerie.com\\\/wp-content\\\/uploads\\\/2021\\\/03\\\/Caroline-Savoie-Joaillerie-Chaine-Homme-Fait-Main-Fait-Sur-Mesure-Or-Jaune-Or-Blanc-Bijoux-Quebec-Montreal-Handmade-Jewelry-Custom-Made-Gold-Chain-Yellow-and-White-Gold-1.jpg\",\"width\":2306,\"height\":2304,\"caption\":\"Caroline Savoie Joaillerie Chaine Homme Fait Main Fait Sur Mesure Or Jaune Or Blanc Bijoux Quebec Montreal Handmade Jewelry Custom Made Gold Chain Yellow and White Gold (1)\"},{\"@type\":\"BreadcrumbList\",\"@id\":\"https:\\\/\\\/carolinesavoiejoaillerie.com\\\/en\\\/produit\\\/x-chain\\\/#breadcrumb\",\"itemListElement\":[{\"@type\":\"ListItem\",\"position\":1,\"name\":\"Accueil\",\"item\":\"https:\\\/\\\/carolinesavoiejoaillerie.com\\\/en\\\/\"},{\"@type\":\"ListItem\",\"position\":2,\"name\":\"Shop\",\"item\":\"https:\\\/\\\/carolinesavoiejoaillerie.com\\\/en\\\/shop\\\/\"},{\"@type\":\"ListItem\",\"position\":3,\"name\":\"X Chain\"}]},{\"@type\":\"WebSite\",\"@id\":\"https:\\\/\\\/carolinesavoiejoaillerie.com\\\/en\\\/#website\",\"url\":\"https:\\\/\\\/carolinesavoiejoaillerie.com\\\/en\\\/\",\"name\":\"Caroline Savoie Joaillerie\",\"description\":\"Bijoux fabriqu\u00e9s \u00e0 la main, au Qu\u00e9bec\",\"publisher\":{\"@id\":\"https:\\\/\\\/carolinesavoiejoaillerie.com\\\/en\\\/#organization\"},\"potentialAction\":[{\"@type\":\"SearchAction\",\"target\":{\"@type\":\"EntryPoint\",\"urlTemplate\":\"https:\\\/\\\/carolinesavoiejoaillerie.com\\\/en\\\/?s={search_term_string}\"},\"query-input\":{\"@type\":\"PropertyValueSpecification\",\"valueRequired\":true,\"valueName\":\"search_term_string\"}}],\"inLanguage\":\"en-CA\"},{\"@type\":\"Organization\",\"@id\":\"https:\\\/\\\/carolinesavoiejoaillerie.com\\\/en\\\/#organization\",\"name\":\"Caroline Savoie\",\"url\":\"https:\\\/\\\/carolinesavoiejoaillerie.com\\\/en\\\/\",\"logo\":{\"@type\":\"ImageObject\",\"inLanguage\":\"en-CA\",\"@id\":\"https:\\\/\\\/carolinesavoiejoaillerie.com\\\/en\\\/#\\\/schema\\\/logo\\\/image\\\/\",\"url\":\"https:\\\/\\\/carolinesavoiejoaillerie.com\\\/wp-content\\\/uploads\\\/2017\\\/10\\\/CarolineSavoieLogoBlancSurNoirSquare-e1508601602913.png\",\"contentUrl\":\"https:\\\/\\\/carolinesavoiejoaillerie.com\\\/wp-content\\\/uploads\\\/2017\\\/10\\\/CarolineSavoieLogoBlancSurNoirSquare-e1508601602913.png\",\"width\":600,\"height\":599,\"caption\":\"Caroline Savoie\"},\"image\":{\"@id\":\"https:\\\/\\\/carolinesavoiejoaillerie.com\\\/en\\\/#\\\/schema\\\/logo\\\/image\\\/\"},\"sameAs\":[\"https:\\\/\\\/www.facebook.com\\\/carolinesavoiejoaillerie\\\/\",\"https:\\\/\\\/www.instagram.com\\\/caroline_savoie_joaillerie\\\/\",\"https:\\\/\\\/www.pinterest.com\\\/CSjoaillerie\\\/?eq=caroline savoie&amp;amp;amp;amp;amp;amp;etslf=NaN\"]}]}<\/script>\n<!-- \/ Yoast SEO plugin. -->","yoast_head_json":{"title":"X Chain &#8211; Caroline Savoie Joaillerie","description":"The X Chain, a refined unisex necklace. Elegant and robust, Caroline Savoie signed chains will complete your look daily.","robots":{"index":"index","follow":"follow","max-snippet":"max-snippet:-1","max-image-preview":"max-image-preview:large","max-video-preview":"max-video-preview:-1"},"canonical":"https:\/\/carolinesavoiejoaillerie.com\/en\/produit\/x-chain\/","og_locale":"en_US","og_type":"article","og_title":"X Chain &#8211; Caroline Savoie Joaillerie","og_description":"The X Chain, a refined unisex necklace. Elegant and robust, Caroline Savoie signed chains will complete your look daily.","og_url":"https:\/\/carolinesavoiejoaillerie.com\/en\/produit\/x-chain\/","og_site_name":"Caroline Savoie Joaillerie","article_publisher":"https:\/\/www.facebook.com\/carolinesavoiejoaillerie\/","article_modified_time":"2026-01-28T17:37:02+00:00","og_image":[{"width":2306,"height":2304,"url":"https:\/\/carolinesavoiejoaillerie.com\/wp-content\/uploads\/2021\/03\/Caroline-Savoie-Joaillerie-Chaine-Homme-Fait-Main-Fait-Sur-Mesure-Or-Jaune-Or-Blanc-Bijoux-Quebec-Montreal-Handmade-Jewelry-Custom-Made-Gold-Chain-Yellow-and-White-Gold-1.jpg","type":"image\/jpeg"}],"twitter_card":"summary_large_image","twitter_misc":{"Est. reading time":"1 minute"},"schema":{"@context":"https:\/\/schema.org","@graph":[{"@type":"WebPage","@id":"https:\/\/carolinesavoiejoaillerie.com\/en\/produit\/x-chain\/","url":"https:\/\/carolinesavoiejoaillerie.com\/en\/produit\/x-chain\/","name":"X Chain &#8211; Caroline Savoie Joaillerie","isPartOf":{"@id":"https:\/\/carolinesavoiejoaillerie.com\/en\/#website"},"primaryImageOfPage":{"@id":"https:\/\/carolinesavoiejoaillerie.com\/en\/produit\/x-chain\/#primaryimage"},"image":{"@id":"https:\/\/carolinesavoiejoaillerie.com\/en\/produit\/x-chain\/#primaryimage"},"thumbnailUrl":"https:\/\/carolinesavoiejoaillerie.com\/wp-content\/uploads\/2021\/03\/Caroline-Savoie-Joaillerie-Chaine-Homme-Fait-Main-Fait-Sur-Mesure-Or-Jaune-Or-Blanc-Bijoux-Quebec-Montreal-Handmade-Jewelry-Custom-Made-Gold-Chain-Yellow-and-White-Gold-1.jpg","datePublished":"2021-04-01T02:16:07+00:00","dateModified":"2026-01-28T17:37:02+00:00","description":"The X Chain, a refined unisex necklace. Elegant and robust, Caroline Savoie signed chains will complete your look daily.","breadcrumb":{"@id":"https:\/\/carolinesavoiejoaillerie.com\/en\/produit\/x-chain\/#breadcrumb"},"inLanguage":"en-CA","potentialAction":[{"@type":"ReadAction","target":["https:\/\/carolinesavoiejoaillerie.com\/en\/produit\/x-chain\/"]}]},{"@type":"ImageObject","inLanguage":"en-CA","@id":"https:\/\/carolinesavoiejoaillerie.com\/en\/produit\/x-chain\/#primaryimage","url":"https:\/\/carolinesavoiejoaillerie.com\/wp-content\/uploads\/2021\/03\/Caroline-Savoie-Joaillerie-Chaine-Homme-Fait-Main-Fait-Sur-Mesure-Or-Jaune-Or-Blanc-Bijoux-Quebec-Montreal-Handmade-Jewelry-Custom-Made-Gold-Chain-Yellow-and-White-Gold-1.jpg","contentUrl":"https:\/\/carolinesavoiejoaillerie.com\/wp-content\/uploads\/2021\/03\/Caroline-Savoie-Joaillerie-Chaine-Homme-Fait-Main-Fait-Sur-Mesure-Or-Jaune-Or-Blanc-Bijoux-Quebec-Montreal-Handmade-Jewelry-Custom-Made-Gold-Chain-Yellow-and-White-Gold-1.jpg","width":2306,"height":2304,"caption":"Caroline Savoie Joaillerie Chaine Homme Fait Main Fait Sur Mesure Or Jaune Or Blanc Bijoux Quebec Montreal Handmade Jewelry Custom Made Gold Chain Yellow and White Gold (1)"},{"@type":"BreadcrumbList","@id":"https:\/\/carolinesavoiejoaillerie.com\/en\/produit\/x-chain\/#breadcrumb","itemListElement":[{"@type":"ListItem","position":1,"name":"Accueil","item":"https:\/\/carolinesavoiejoaillerie.com\/en\/"},{"@type":"ListItem","position":2,"name":"Shop","item":"https:\/\/carolinesavoiejoaillerie.com\/en\/shop\/"},{"@type":"ListItem","position":3,"name":"X Chain"}]},{"@type":"WebSite","@id":"https:\/\/carolinesavoiejoaillerie.com\/en\/#website","url":"https:\/\/carolinesavoiejoaillerie.com\/en\/","name":"Caroline Savoie Joaillerie","description":"Bijoux fabriqu\u00e9s \u00e0 la main, au Qu\u00e9bec","publisher":{"@id":"https:\/\/carolinesavoiejoaillerie.com\/en\/#organization"},"potentialAction":[{"@type":"SearchAction","target":{"@type":"EntryPoint","urlTemplate":"https:\/\/carolinesavoiejoaillerie.com\/en\/?s={search_term_string}"},"query-input":{"@type":"PropertyValueSpecification","valueRequired":true,"valueName":"search_term_string"}}],"inLanguage":"en-CA"},{"@type":"Organization","@id":"https:\/\/carolinesavoiejoaillerie.com\/en\/#organization","name":"Caroline Savoie","url":"https:\/\/carolinesavoiejoaillerie.com\/en\/","logo":{"@type":"ImageObject","inLanguage":"en-CA","@id":"https:\/\/carolinesavoiejoaillerie.com\/en\/#\/schema\/logo\/image\/","url":"https:\/\/carolinesavoiejoaillerie.com\/wp-content\/uploads\/2017\/10\/CarolineSavoieLogoBlancSurNoirSquare-e1508601602913.png","contentUrl":"https:\/\/carolinesavoiejoaillerie.com\/wp-content\/uploads\/2017\/10\/CarolineSavoieLogoBlancSurNoirSquare-e1508601602913.png","width":600,"height":599,"caption":"Caroline Savoie"},"image":{"@id":"https:\/\/carolinesavoiejoaillerie.com\/en\/#\/schema\/logo\/image\/"},"sameAs":["https:\/\/www.facebook.com\/carolinesavoiejoaillerie\/","https:\/\/www.instagram.com\/caroline_savoie_joaillerie\/","https:\/\/www.pinterest.com\/CSjoaillerie\/?eq=caroline savoie&amp;amp;amp;amp;amp;amp;etslf=NaN"]}]}},"_links":{"self":[{"href":"https:\/\/carolinesavoiejoaillerie.com\/en\/wp-json\/wp\/v2\/product\/31447","targetHints":{"allow":["GET"]}}],"collection":[{"href":"https:\/\/carolinesavoiejoaillerie.com\/en\/wp-json\/wp\/v2\/product"}],"about":[{"href":"https:\/\/carolinesavoiejoaillerie.com\/en\/wp-json\/wp\/v2\/types\/product"}],"wp:featuredmedia":[{"embeddable":true,"href":"https:\/\/carolinesavoiejoaillerie.com\/en\/wp-json\/wp\/v2\/media\/31449"}],"wp:attachment":[{"href":"https:\/\/carolinesavoiejoaillerie.com\/en\/wp-json\/wp\/v2\/media?parent=31447"}],"wp:term":[{"taxonomy":"product_brand","embeddable":true,"href":"https:\/\/carolinesavoiejoaillerie.com\/en\/wp-json\/wp\/v2\/product_brand?post=31447"},{"taxonomy":"product_cat","embeddable":true,"href":"https:\/\/carolinesavoiejoaillerie.com\/en\/wp-json\/wp\/v2\/product_cat?post=31447"},{"taxonomy":"product_tag","embeddable":true,"href":"https:\/\/carolinesavoiejoaillerie.com\/en\/wp-json\/wp\/v2\/product_tag?post=31447"}],"curies":[{"name":"wp","href":"https:\/\/api.w.org\/{rel}","templated":true}]}}