{"id":29090,"date":"2020-10-25T14:47:54","date_gmt":"2020-10-25T18:47:54","guid":{"rendered":"https:\/\/carolinesavoiejoaillerie.com\/?post_type=product&#038;p=29090"},"modified":"2022-11-01T19:18:22","modified_gmt":"2022-11-01T23:18:22","slug":"gold-kheops-earrings","status":"publish","type":"product","link":"https:\/\/carolinesavoiejoaillerie.com\/en\/produit\/gold-kheops-earrings\/","title":{"rendered":"Golden Kheops Earrings"},"content":{"rendered":"<p>The Golden Kheops earrings match well with jeans as much as with the dressier attire and are the most comfortable. Discreet, sexy and mysterious, these square pyramids are just perfect to be worn everyday !<\/p>\n<p>Handmade by a passionate Montreal based jeweller.<\/p>\n<p>Dimensions<\/p>\n<ul>\n<li>The earrings are 8 mm square and a height of 5.50 mm<\/li>\n<li>Each earring weighs approximately 2 grams for a total of 4 grams per pair<\/li>\n<\/ul>\n","protected":false},"excerpt":{"rendered":"<p>The <em>Golden Kheops<\/em>\u00a0earrings are inspired by this landmark monument of Ancient Egypt : the Kheops Pyramid. This pyramid is the oldest of the Seven Wonders of the World and the only one to survive to this day. The exploits achieved during its construction continue to question humanity. For millennia it was the tallest, largest and most massive human construction. An elegant geometric beauty that will stand the test of time !<\/p>\n<p>The earrings are made of 18k yellow gold. The earrings posts are made of stainless steel.<\/p>\n","protected":false},"featured_media":29624,"template":"","meta":[],"product_brand":[],"product_cat":[361],"product_tag":[],"class_list":{"0":"post-29090","1":"product","2":"type-product","3":"status-publish","4":"has-post-thumbnail","6":"product_cat-earrings-en","8":"first","9":"instock","10":"taxable","11":"shipping-taxable","12":"purchasable","13":"product-type-simple"},"yoast_head":"<!-- This site is optimized with the Yoast SEO plugin v27.4 - https:\/\/yoast.com\/product\/yoast-seo-wordpress\/ -->\n<title>Golden Kheops Earrings &#8211; Caroline Savoie Joaillerie<\/title>\n<meta name=\"description\" content=\"The Golden Kheops Earrings, a magnificent comfortable and feminine piece of jewelry. A geometric beauty synonymous of elegance.\" \/>\n<meta name=\"robots\" content=\"index, follow, max-snippet:-1, max-image-preview:large, max-video-preview:-1\" \/>\n<link rel=\"canonical\" href=\"https:\/\/carolinesavoiejoaillerie.com\/en\/produit\/gold-kheops-earrings\/\" \/>\n<meta property=\"og:locale\" content=\"en_US\" \/>\n<meta property=\"og:type\" content=\"article\" \/>\n<meta property=\"og:title\" content=\"Golden Kheops Earrings &#8211; Caroline Savoie Joaillerie\" \/>\n<meta property=\"og:description\" content=\"The Golden Kheops Earrings, a magnificent comfortable and feminine piece of jewelry. A geometric beauty synonymous of elegance.\" \/>\n<meta property=\"og:url\" content=\"https:\/\/carolinesavoiejoaillerie.com\/en\/produit\/gold-kheops-earrings\/\" \/>\n<meta property=\"og:site_name\" content=\"Caroline Savoie Joaillerie\" \/>\n<meta property=\"article:publisher\" content=\"https:\/\/www.facebook.com\/carolinesavoiejoaillerie\/\" \/>\n<meta property=\"article:modified_time\" content=\"2022-11-01T23:18:22+00:00\" \/>\n<meta property=\"og:image\" content=\"https:\/\/carolinesavoiejoaillerie.com\/wp-content\/uploads\/2020\/11\/Caroline-Savoie-Joaillerie-Boucles-Doreilles-Pyramides-Or-Jaune-18k-Bijoux-Fait-Main-Quebec-Montreal-Handmade-Jewellery-Gold-Earrings-Studs-1.jpg\" \/>\n\t<meta property=\"og:image:width\" content=\"1922\" \/>\n\t<meta property=\"og:image:height\" content=\"1922\" \/>\n\t<meta property=\"og:image:type\" content=\"image\/jpeg\" \/>\n<meta name=\"twitter:card\" content=\"summary_large_image\" \/>\n<meta name=\"twitter:label1\" content=\"Est. reading time\" \/>\n\t<meta name=\"twitter:data1\" content=\"1 minute\" \/>\n<script type=\"application\/ld+json\" class=\"yoast-schema-graph\">{\"@context\":\"https:\\\/\\\/schema.org\",\"@graph\":[{\"@type\":\"WebPage\",\"@id\":\"https:\\\/\\\/carolinesavoiejoaillerie.com\\\/en\\\/produit\\\/gold-kheops-earrings\\\/\",\"url\":\"https:\\\/\\\/carolinesavoiejoaillerie.com\\\/en\\\/produit\\\/gold-kheops-earrings\\\/\",\"name\":\"Golden Kheops Earrings &#8211; Caroline Savoie Joaillerie\",\"isPartOf\":{\"@id\":\"https:\\\/\\\/carolinesavoiejoaillerie.com\\\/en\\\/#website\"},\"primaryImageOfPage\":{\"@id\":\"https:\\\/\\\/carolinesavoiejoaillerie.com\\\/en\\\/produit\\\/gold-kheops-earrings\\\/#primaryimage\"},\"image\":{\"@id\":\"https:\\\/\\\/carolinesavoiejoaillerie.com\\\/en\\\/produit\\\/gold-kheops-earrings\\\/#primaryimage\"},\"thumbnailUrl\":\"https:\\\/\\\/carolinesavoiejoaillerie.com\\\/wp-content\\\/uploads\\\/2020\\\/11\\\/Caroline-Savoie-Joaillerie-Boucles-Doreilles-Pyramides-Or-Jaune-18k-Bijoux-Fait-Main-Quebec-Montreal-Handmade-Jewellery-Gold-Earrings-Studs-1.jpg\",\"datePublished\":\"2020-10-25T18:47:54+00:00\",\"dateModified\":\"2022-11-01T23:18:22+00:00\",\"description\":\"The Golden Kheops Earrings, a magnificent comfortable and feminine piece of jewelry. A geometric beauty synonymous of elegance.\",\"breadcrumb\":{\"@id\":\"https:\\\/\\\/carolinesavoiejoaillerie.com\\\/en\\\/produit\\\/gold-kheops-earrings\\\/#breadcrumb\"},\"inLanguage\":\"en-CA\",\"potentialAction\":[{\"@type\":\"ReadAction\",\"target\":[\"https:\\\/\\\/carolinesavoiejoaillerie.com\\\/en\\\/produit\\\/gold-kheops-earrings\\\/\"]}]},{\"@type\":\"ImageObject\",\"inLanguage\":\"en-CA\",\"@id\":\"https:\\\/\\\/carolinesavoiejoaillerie.com\\\/en\\\/produit\\\/gold-kheops-earrings\\\/#primaryimage\",\"url\":\"https:\\\/\\\/carolinesavoiejoaillerie.com\\\/wp-content\\\/uploads\\\/2020\\\/11\\\/Caroline-Savoie-Joaillerie-Boucles-Doreilles-Pyramides-Or-Jaune-18k-Bijoux-Fait-Main-Quebec-Montreal-Handmade-Jewellery-Gold-Earrings-Studs-1.jpg\",\"contentUrl\":\"https:\\\/\\\/carolinesavoiejoaillerie.com\\\/wp-content\\\/uploads\\\/2020\\\/11\\\/Caroline-Savoie-Joaillerie-Boucles-Doreilles-Pyramides-Or-Jaune-18k-Bijoux-Fait-Main-Quebec-Montreal-Handmade-Jewellery-Gold-Earrings-Studs-1.jpg\",\"width\":1922,\"height\":1922,\"caption\":\"Caroline Savoie Joaillerie Boucles D'oreilles Pyramides Or Jaune 18k Bijoux Fait Main Quebec Montreal Handmade Jewellery Gold Earrings Studs (1)\"},{\"@type\":\"BreadcrumbList\",\"@id\":\"https:\\\/\\\/carolinesavoiejoaillerie.com\\\/en\\\/produit\\\/gold-kheops-earrings\\\/#breadcrumb\",\"itemListElement\":[{\"@type\":\"ListItem\",\"position\":1,\"name\":\"Accueil\",\"item\":\"https:\\\/\\\/carolinesavoiejoaillerie.com\\\/en\\\/\"},{\"@type\":\"ListItem\",\"position\":2,\"name\":\"Shop\",\"item\":\"https:\\\/\\\/carolinesavoiejoaillerie.com\\\/en\\\/shop\\\/\"},{\"@type\":\"ListItem\",\"position\":3,\"name\":\"Golden Kheops Earrings\"}]},{\"@type\":\"WebSite\",\"@id\":\"https:\\\/\\\/carolinesavoiejoaillerie.com\\\/en\\\/#website\",\"url\":\"https:\\\/\\\/carolinesavoiejoaillerie.com\\\/en\\\/\",\"name\":\"Caroline Savoie Joaillerie\",\"description\":\"Bijoux fabriqu\u00e9s \u00e0 la main, au Qu\u00e9bec\",\"publisher\":{\"@id\":\"https:\\\/\\\/carolinesavoiejoaillerie.com\\\/en\\\/#organization\"},\"potentialAction\":[{\"@type\":\"SearchAction\",\"target\":{\"@type\":\"EntryPoint\",\"urlTemplate\":\"https:\\\/\\\/carolinesavoiejoaillerie.com\\\/en\\\/?s={search_term_string}\"},\"query-input\":{\"@type\":\"PropertyValueSpecification\",\"valueRequired\":true,\"valueName\":\"search_term_string\"}}],\"inLanguage\":\"en-CA\"},{\"@type\":\"Organization\",\"@id\":\"https:\\\/\\\/carolinesavoiejoaillerie.com\\\/en\\\/#organization\",\"name\":\"Caroline Savoie\",\"url\":\"https:\\\/\\\/carolinesavoiejoaillerie.com\\\/en\\\/\",\"logo\":{\"@type\":\"ImageObject\",\"inLanguage\":\"en-CA\",\"@id\":\"https:\\\/\\\/carolinesavoiejoaillerie.com\\\/en\\\/#\\\/schema\\\/logo\\\/image\\\/\",\"url\":\"https:\\\/\\\/carolinesavoiejoaillerie.com\\\/wp-content\\\/uploads\\\/2017\\\/10\\\/CarolineSavoieLogoBlancSurNoirSquare-e1508601602913.png\",\"contentUrl\":\"https:\\\/\\\/carolinesavoiejoaillerie.com\\\/wp-content\\\/uploads\\\/2017\\\/10\\\/CarolineSavoieLogoBlancSurNoirSquare-e1508601602913.png\",\"width\":600,\"height\":599,\"caption\":\"Caroline Savoie\"},\"image\":{\"@id\":\"https:\\\/\\\/carolinesavoiejoaillerie.com\\\/en\\\/#\\\/schema\\\/logo\\\/image\\\/\"},\"sameAs\":[\"https:\\\/\\\/www.facebook.com\\\/carolinesavoiejoaillerie\\\/\",\"https:\\\/\\\/www.instagram.com\\\/caroline_savoie_joaillerie\\\/\",\"https:\\\/\\\/www.pinterest.com\\\/CSjoaillerie\\\/?eq=caroline savoie&amp;amp;amp;amp;amp;amp;etslf=NaN\"]}]}<\/script>\n<!-- \/ Yoast SEO plugin. -->","yoast_head_json":{"title":"Golden Kheops Earrings &#8211; Caroline Savoie Joaillerie","description":"The Golden Kheops Earrings, a magnificent comfortable and feminine piece of jewelry. A geometric beauty synonymous of elegance.","robots":{"index":"index","follow":"follow","max-snippet":"max-snippet:-1","max-image-preview":"max-image-preview:large","max-video-preview":"max-video-preview:-1"},"canonical":"https:\/\/carolinesavoiejoaillerie.com\/en\/produit\/gold-kheops-earrings\/","og_locale":"en_US","og_type":"article","og_title":"Golden Kheops Earrings &#8211; Caroline Savoie Joaillerie","og_description":"The Golden Kheops Earrings, a magnificent comfortable and feminine piece of jewelry. A geometric beauty synonymous of elegance.","og_url":"https:\/\/carolinesavoiejoaillerie.com\/en\/produit\/gold-kheops-earrings\/","og_site_name":"Caroline Savoie Joaillerie","article_publisher":"https:\/\/www.facebook.com\/carolinesavoiejoaillerie\/","article_modified_time":"2022-11-01T23:18:22+00:00","og_image":[{"width":1922,"height":1922,"url":"https:\/\/carolinesavoiejoaillerie.com\/wp-content\/uploads\/2020\/11\/Caroline-Savoie-Joaillerie-Boucles-Doreilles-Pyramides-Or-Jaune-18k-Bijoux-Fait-Main-Quebec-Montreal-Handmade-Jewellery-Gold-Earrings-Studs-1.jpg","type":"image\/jpeg"}],"twitter_card":"summary_large_image","twitter_misc":{"Est. reading time":"1 minute"},"schema":{"@context":"https:\/\/schema.org","@graph":[{"@type":"WebPage","@id":"https:\/\/carolinesavoiejoaillerie.com\/en\/produit\/gold-kheops-earrings\/","url":"https:\/\/carolinesavoiejoaillerie.com\/en\/produit\/gold-kheops-earrings\/","name":"Golden Kheops Earrings &#8211; Caroline Savoie Joaillerie","isPartOf":{"@id":"https:\/\/carolinesavoiejoaillerie.com\/en\/#website"},"primaryImageOfPage":{"@id":"https:\/\/carolinesavoiejoaillerie.com\/en\/produit\/gold-kheops-earrings\/#primaryimage"},"image":{"@id":"https:\/\/carolinesavoiejoaillerie.com\/en\/produit\/gold-kheops-earrings\/#primaryimage"},"thumbnailUrl":"https:\/\/carolinesavoiejoaillerie.com\/wp-content\/uploads\/2020\/11\/Caroline-Savoie-Joaillerie-Boucles-Doreilles-Pyramides-Or-Jaune-18k-Bijoux-Fait-Main-Quebec-Montreal-Handmade-Jewellery-Gold-Earrings-Studs-1.jpg","datePublished":"2020-10-25T18:47:54+00:00","dateModified":"2022-11-01T23:18:22+00:00","description":"The Golden Kheops Earrings, a magnificent comfortable and feminine piece of jewelry. A geometric beauty synonymous of elegance.","breadcrumb":{"@id":"https:\/\/carolinesavoiejoaillerie.com\/en\/produit\/gold-kheops-earrings\/#breadcrumb"},"inLanguage":"en-CA","potentialAction":[{"@type":"ReadAction","target":["https:\/\/carolinesavoiejoaillerie.com\/en\/produit\/gold-kheops-earrings\/"]}]},{"@type":"ImageObject","inLanguage":"en-CA","@id":"https:\/\/carolinesavoiejoaillerie.com\/en\/produit\/gold-kheops-earrings\/#primaryimage","url":"https:\/\/carolinesavoiejoaillerie.com\/wp-content\/uploads\/2020\/11\/Caroline-Savoie-Joaillerie-Boucles-Doreilles-Pyramides-Or-Jaune-18k-Bijoux-Fait-Main-Quebec-Montreal-Handmade-Jewellery-Gold-Earrings-Studs-1.jpg","contentUrl":"https:\/\/carolinesavoiejoaillerie.com\/wp-content\/uploads\/2020\/11\/Caroline-Savoie-Joaillerie-Boucles-Doreilles-Pyramides-Or-Jaune-18k-Bijoux-Fait-Main-Quebec-Montreal-Handmade-Jewellery-Gold-Earrings-Studs-1.jpg","width":1922,"height":1922,"caption":"Caroline Savoie Joaillerie Boucles D'oreilles Pyramides Or Jaune 18k Bijoux Fait Main Quebec Montreal Handmade Jewellery Gold Earrings Studs (1)"},{"@type":"BreadcrumbList","@id":"https:\/\/carolinesavoiejoaillerie.com\/en\/produit\/gold-kheops-earrings\/#breadcrumb","itemListElement":[{"@type":"ListItem","position":1,"name":"Accueil","item":"https:\/\/carolinesavoiejoaillerie.com\/en\/"},{"@type":"ListItem","position":2,"name":"Shop","item":"https:\/\/carolinesavoiejoaillerie.com\/en\/shop\/"},{"@type":"ListItem","position":3,"name":"Golden Kheops Earrings"}]},{"@type":"WebSite","@id":"https:\/\/carolinesavoiejoaillerie.com\/en\/#website","url":"https:\/\/carolinesavoiejoaillerie.com\/en\/","name":"Caroline Savoie Joaillerie","description":"Bijoux fabriqu\u00e9s \u00e0 la main, au Qu\u00e9bec","publisher":{"@id":"https:\/\/carolinesavoiejoaillerie.com\/en\/#organization"},"potentialAction":[{"@type":"SearchAction","target":{"@type":"EntryPoint","urlTemplate":"https:\/\/carolinesavoiejoaillerie.com\/en\/?s={search_term_string}"},"query-input":{"@type":"PropertyValueSpecification","valueRequired":true,"valueName":"search_term_string"}}],"inLanguage":"en-CA"},{"@type":"Organization","@id":"https:\/\/carolinesavoiejoaillerie.com\/en\/#organization","name":"Caroline Savoie","url":"https:\/\/carolinesavoiejoaillerie.com\/en\/","logo":{"@type":"ImageObject","inLanguage":"en-CA","@id":"https:\/\/carolinesavoiejoaillerie.com\/en\/#\/schema\/logo\/image\/","url":"https:\/\/carolinesavoiejoaillerie.com\/wp-content\/uploads\/2017\/10\/CarolineSavoieLogoBlancSurNoirSquare-e1508601602913.png","contentUrl":"https:\/\/carolinesavoiejoaillerie.com\/wp-content\/uploads\/2017\/10\/CarolineSavoieLogoBlancSurNoirSquare-e1508601602913.png","width":600,"height":599,"caption":"Caroline Savoie"},"image":{"@id":"https:\/\/carolinesavoiejoaillerie.com\/en\/#\/schema\/logo\/image\/"},"sameAs":["https:\/\/www.facebook.com\/carolinesavoiejoaillerie\/","https:\/\/www.instagram.com\/caroline_savoie_joaillerie\/","https:\/\/www.pinterest.com\/CSjoaillerie\/?eq=caroline savoie&amp;amp;amp;amp;amp;amp;etslf=NaN"]}]}},"_links":{"self":[{"href":"https:\/\/carolinesavoiejoaillerie.com\/en\/wp-json\/wp\/v2\/product\/29090","targetHints":{"allow":["GET"]}}],"collection":[{"href":"https:\/\/carolinesavoiejoaillerie.com\/en\/wp-json\/wp\/v2\/product"}],"about":[{"href":"https:\/\/carolinesavoiejoaillerie.com\/en\/wp-json\/wp\/v2\/types\/product"}],"wp:featuredmedia":[{"embeddable":true,"href":"https:\/\/carolinesavoiejoaillerie.com\/en\/wp-json\/wp\/v2\/media\/29624"}],"wp:attachment":[{"href":"https:\/\/carolinesavoiejoaillerie.com\/en\/wp-json\/wp\/v2\/media?parent=29090"}],"wp:term":[{"taxonomy":"product_brand","embeddable":true,"href":"https:\/\/carolinesavoiejoaillerie.com\/en\/wp-json\/wp\/v2\/product_brand?post=29090"},{"taxonomy":"product_cat","embeddable":true,"href":"https:\/\/carolinesavoiejoaillerie.com\/en\/wp-json\/wp\/v2\/product_cat?post=29090"},{"taxonomy":"product_tag","embeddable":true,"href":"https:\/\/carolinesavoiejoaillerie.com\/en\/wp-json\/wp\/v2\/product_tag?post=29090"}],"curies":[{"name":"wp","href":"https:\/\/api.w.org\/{rel}","templated":true}]}}