{"id":27796,"date":"2020-05-25T20:47:11","date_gmt":"2020-05-26T00:47:11","guid":{"rendered":"https:\/\/carolinesavoiejoaillerie.com\/?post_type=product&#038;p=27796"},"modified":"2020-05-27T14:04:12","modified_gmt":"2020-05-27T18:04:12","slug":"mini-pendant","status":"publish","type":"product","link":"https:\/\/carolinesavoiejoaillerie.com\/en\/produit\/mini-pendant\/","title":{"rendered":"Mini Pendant"},"content":{"rendered":"<p>The Mini pendant will harmonize with your entire wardrobe. Filled with colors, it is perfect for making you sparkle everyday and to make you shine on special occasions. It is matched with an 18-inch fine curb chain ( with a 16-inch ring to allow two lengths of chain in one ).<\/p>\n<p>Handmade by a passionate Montreal based jeweller.<\/p>\n<p>Dimensions<\/p>\n<ul>\n<li>The pendant measures 12 mm in diameter and has a thickness of 2 mm<\/li>\n<li>It weighs about 2 grams<\/li>\n<\/ul>\n","protected":false},"excerpt":{"rendered":"<p>The <em>Mini<\/em> pendant is inspired by the shades of the rainbow. With its small round shape and its multicolored side, it invites us into a world of unique and refreshing expression.<\/p>\n<p>The pendant is made of 925 sterling silver set with a colored pav\u00e9 of 5 rhodolites, 3 tsavorites, 2 citrines and 2 black sapphires totaling 0.32 carat. The chain is also made of sterling silver.<\/p>\n","protected":false},"featured_media":27827,"template":"","meta":[],"product_brand":[],"product_cat":[2851,376],"product_tag":[],"class_list":{"0":"post-27796","1":"product","2":"type-product","3":"status-publish","4":"has-post-thumbnail","6":"product_cat-candy","7":"product_cat-necklaces-pendants","9":"first","10":"instock","11":"taxable","12":"shipping-taxable","13":"purchasable","14":"product-type-simple"},"yoast_head":"<!-- This site is optimized with the Yoast SEO plugin v27.4 - https:\/\/yoast.com\/product\/yoast-seo-wordpress\/ -->\n<title>Mini Pendant &#8211; Caroline Savoie Joaillerie<\/title>\n<meta name=\"description\" content=\"Caroline Savoie creates elegant unisex pendants. Textured, chic or glittery they will complete your look. For special occasions or to wear daily.\" \/>\n<meta name=\"robots\" content=\"index, follow, max-snippet:-1, max-image-preview:large, max-video-preview:-1\" \/>\n<link rel=\"canonical\" href=\"https:\/\/carolinesavoiejoaillerie.com\/en\/produit\/mini-pendant\/\" \/>\n<meta property=\"og:locale\" content=\"en_US\" \/>\n<meta property=\"og:type\" content=\"article\" \/>\n<meta property=\"og:title\" content=\"Mini Pendant &#8211; Caroline Savoie Joaillerie\" \/>\n<meta property=\"og:description\" content=\"Caroline Savoie creates elegant unisex pendants. Textured, chic or glittery they will complete your look. For special occasions or to wear daily.\" \/>\n<meta property=\"og:url\" content=\"https:\/\/carolinesavoiejoaillerie.com\/en\/produit\/mini-pendant\/\" \/>\n<meta property=\"og:site_name\" content=\"Caroline Savoie Joaillerie\" \/>\n<meta property=\"article:publisher\" content=\"https:\/\/www.facebook.com\/carolinesavoiejoaillerie\/\" \/>\n<meta property=\"article:modified_time\" content=\"2020-05-27T18:04:12+00:00\" \/>\n<meta property=\"og:image\" content=\"https:\/\/carolinesavoiejoaillerie.com\/wp-content\/uploads\/2020\/05\/Caroline-Savoie-Joaillerie-Pendentif-Mini-Bijoux-Quebec-Fait-Main-Handmade-Jewellery-Small-Silver-Pendant-4.jpg\" \/>\n\t<meta property=\"og:image:width\" content=\"1597\" \/>\n\t<meta property=\"og:image:height\" content=\"1597\" \/>\n\t<meta property=\"og:image:type\" content=\"image\/jpeg\" \/>\n<meta name=\"twitter:card\" content=\"summary_large_image\" \/>\n<script type=\"application\/ld+json\" class=\"yoast-schema-graph\">{\"@context\":\"https:\\\/\\\/schema.org\",\"@graph\":[{\"@type\":\"WebPage\",\"@id\":\"https:\\\/\\\/carolinesavoiejoaillerie.com\\\/en\\\/produit\\\/mini-pendant\\\/\",\"url\":\"https:\\\/\\\/carolinesavoiejoaillerie.com\\\/en\\\/produit\\\/mini-pendant\\\/\",\"name\":\"Mini Pendant &#8211; Caroline Savoie Joaillerie\",\"isPartOf\":{\"@id\":\"https:\\\/\\\/carolinesavoiejoaillerie.com\\\/en\\\/#website\"},\"primaryImageOfPage\":{\"@id\":\"https:\\\/\\\/carolinesavoiejoaillerie.com\\\/en\\\/produit\\\/mini-pendant\\\/#primaryimage\"},\"image\":{\"@id\":\"https:\\\/\\\/carolinesavoiejoaillerie.com\\\/en\\\/produit\\\/mini-pendant\\\/#primaryimage\"},\"thumbnailUrl\":\"https:\\\/\\\/carolinesavoiejoaillerie.com\\\/wp-content\\\/uploads\\\/2020\\\/05\\\/Caroline-Savoie-Joaillerie-Pendentif-Mini-Bijoux-Quebec-Fait-Main-Handmade-Jewellery-Small-Silver-Pendant-4.jpg\",\"datePublished\":\"2020-05-26T00:47:11+00:00\",\"dateModified\":\"2020-05-27T18:04:12+00:00\",\"description\":\"Caroline Savoie creates elegant unisex pendants. Textured, chic or glittery they will complete your look. For special occasions or to wear daily.\",\"breadcrumb\":{\"@id\":\"https:\\\/\\\/carolinesavoiejoaillerie.com\\\/en\\\/produit\\\/mini-pendant\\\/#breadcrumb\"},\"inLanguage\":\"en-CA\",\"potentialAction\":[{\"@type\":\"ReadAction\",\"target\":[\"https:\\\/\\\/carolinesavoiejoaillerie.com\\\/en\\\/produit\\\/mini-pendant\\\/\"]}]},{\"@type\":\"ImageObject\",\"inLanguage\":\"en-CA\",\"@id\":\"https:\\\/\\\/carolinesavoiejoaillerie.com\\\/en\\\/produit\\\/mini-pendant\\\/#primaryimage\",\"url\":\"https:\\\/\\\/carolinesavoiejoaillerie.com\\\/wp-content\\\/uploads\\\/2020\\\/05\\\/Caroline-Savoie-Joaillerie-Pendentif-Mini-Bijoux-Quebec-Fait-Main-Handmade-Jewellery-Small-Silver-Pendant-4.jpg\",\"contentUrl\":\"https:\\\/\\\/carolinesavoiejoaillerie.com\\\/wp-content\\\/uploads\\\/2020\\\/05\\\/Caroline-Savoie-Joaillerie-Pendentif-Mini-Bijoux-Quebec-Fait-Main-Handmade-Jewellery-Small-Silver-Pendant-4.jpg\",\"width\":1597,\"height\":1597,\"caption\":\"Caroline Savoie Joaillerie Pendentif Mini Bijoux Quebec Fait Main Handmade Jewellery Small Silver Pendant\"},{\"@type\":\"BreadcrumbList\",\"@id\":\"https:\\\/\\\/carolinesavoiejoaillerie.com\\\/en\\\/produit\\\/mini-pendant\\\/#breadcrumb\",\"itemListElement\":[{\"@type\":\"ListItem\",\"position\":1,\"name\":\"Accueil\",\"item\":\"https:\\\/\\\/carolinesavoiejoaillerie.com\\\/en\\\/\"},{\"@type\":\"ListItem\",\"position\":2,\"name\":\"Shop\",\"item\":\"https:\\\/\\\/carolinesavoiejoaillerie.com\\\/en\\\/shop\\\/\"},{\"@type\":\"ListItem\",\"position\":3,\"name\":\"Mini Pendant\"}]},{\"@type\":\"WebSite\",\"@id\":\"https:\\\/\\\/carolinesavoiejoaillerie.com\\\/en\\\/#website\",\"url\":\"https:\\\/\\\/carolinesavoiejoaillerie.com\\\/en\\\/\",\"name\":\"Caroline Savoie Joaillerie\",\"description\":\"Bijoux fabriqu\u00e9s \u00e0 la main, au Qu\u00e9bec\",\"publisher\":{\"@id\":\"https:\\\/\\\/carolinesavoiejoaillerie.com\\\/en\\\/#organization\"},\"potentialAction\":[{\"@type\":\"SearchAction\",\"target\":{\"@type\":\"EntryPoint\",\"urlTemplate\":\"https:\\\/\\\/carolinesavoiejoaillerie.com\\\/en\\\/?s={search_term_string}\"},\"query-input\":{\"@type\":\"PropertyValueSpecification\",\"valueRequired\":true,\"valueName\":\"search_term_string\"}}],\"inLanguage\":\"en-CA\"},{\"@type\":\"Organization\",\"@id\":\"https:\\\/\\\/carolinesavoiejoaillerie.com\\\/en\\\/#organization\",\"name\":\"Caroline Savoie\",\"url\":\"https:\\\/\\\/carolinesavoiejoaillerie.com\\\/en\\\/\",\"logo\":{\"@type\":\"ImageObject\",\"inLanguage\":\"en-CA\",\"@id\":\"https:\\\/\\\/carolinesavoiejoaillerie.com\\\/en\\\/#\\\/schema\\\/logo\\\/image\\\/\",\"url\":\"https:\\\/\\\/carolinesavoiejoaillerie.com\\\/wp-content\\\/uploads\\\/2017\\\/10\\\/CarolineSavoieLogoBlancSurNoirSquare-e1508601602913.png\",\"contentUrl\":\"https:\\\/\\\/carolinesavoiejoaillerie.com\\\/wp-content\\\/uploads\\\/2017\\\/10\\\/CarolineSavoieLogoBlancSurNoirSquare-e1508601602913.png\",\"width\":600,\"height\":599,\"caption\":\"Caroline Savoie\"},\"image\":{\"@id\":\"https:\\\/\\\/carolinesavoiejoaillerie.com\\\/en\\\/#\\\/schema\\\/logo\\\/image\\\/\"},\"sameAs\":[\"https:\\\/\\\/www.facebook.com\\\/carolinesavoiejoaillerie\\\/\",\"https:\\\/\\\/www.instagram.com\\\/caroline_savoie_joaillerie\\\/\",\"https:\\\/\\\/www.pinterest.com\\\/CSjoaillerie\\\/?eq=caroline savoie&amp;amp;amp;amp;amp;amp;etslf=NaN\"]}]}<\/script>\n<!-- \/ Yoast SEO plugin. -->","yoast_head_json":{"title":"Mini Pendant &#8211; Caroline Savoie Joaillerie","description":"Caroline Savoie creates elegant unisex pendants. Textured, chic or glittery they will complete your look. For special occasions or to wear daily.","robots":{"index":"index","follow":"follow","max-snippet":"max-snippet:-1","max-image-preview":"max-image-preview:large","max-video-preview":"max-video-preview:-1"},"canonical":"https:\/\/carolinesavoiejoaillerie.com\/en\/produit\/mini-pendant\/","og_locale":"en_US","og_type":"article","og_title":"Mini Pendant &#8211; Caroline Savoie Joaillerie","og_description":"Caroline Savoie creates elegant unisex pendants. Textured, chic or glittery they will complete your look. For special occasions or to wear daily.","og_url":"https:\/\/carolinesavoiejoaillerie.com\/en\/produit\/mini-pendant\/","og_site_name":"Caroline Savoie Joaillerie","article_publisher":"https:\/\/www.facebook.com\/carolinesavoiejoaillerie\/","article_modified_time":"2020-05-27T18:04:12+00:00","og_image":[{"width":1597,"height":1597,"url":"https:\/\/carolinesavoiejoaillerie.com\/wp-content\/uploads\/2020\/05\/Caroline-Savoie-Joaillerie-Pendentif-Mini-Bijoux-Quebec-Fait-Main-Handmade-Jewellery-Small-Silver-Pendant-4.jpg","type":"image\/jpeg"}],"twitter_card":"summary_large_image","schema":{"@context":"https:\/\/schema.org","@graph":[{"@type":"WebPage","@id":"https:\/\/carolinesavoiejoaillerie.com\/en\/produit\/mini-pendant\/","url":"https:\/\/carolinesavoiejoaillerie.com\/en\/produit\/mini-pendant\/","name":"Mini Pendant &#8211; Caroline Savoie Joaillerie","isPartOf":{"@id":"https:\/\/carolinesavoiejoaillerie.com\/en\/#website"},"primaryImageOfPage":{"@id":"https:\/\/carolinesavoiejoaillerie.com\/en\/produit\/mini-pendant\/#primaryimage"},"image":{"@id":"https:\/\/carolinesavoiejoaillerie.com\/en\/produit\/mini-pendant\/#primaryimage"},"thumbnailUrl":"https:\/\/carolinesavoiejoaillerie.com\/wp-content\/uploads\/2020\/05\/Caroline-Savoie-Joaillerie-Pendentif-Mini-Bijoux-Quebec-Fait-Main-Handmade-Jewellery-Small-Silver-Pendant-4.jpg","datePublished":"2020-05-26T00:47:11+00:00","dateModified":"2020-05-27T18:04:12+00:00","description":"Caroline Savoie creates elegant unisex pendants. Textured, chic or glittery they will complete your look. For special occasions or to wear daily.","breadcrumb":{"@id":"https:\/\/carolinesavoiejoaillerie.com\/en\/produit\/mini-pendant\/#breadcrumb"},"inLanguage":"en-CA","potentialAction":[{"@type":"ReadAction","target":["https:\/\/carolinesavoiejoaillerie.com\/en\/produit\/mini-pendant\/"]}]},{"@type":"ImageObject","inLanguage":"en-CA","@id":"https:\/\/carolinesavoiejoaillerie.com\/en\/produit\/mini-pendant\/#primaryimage","url":"https:\/\/carolinesavoiejoaillerie.com\/wp-content\/uploads\/2020\/05\/Caroline-Savoie-Joaillerie-Pendentif-Mini-Bijoux-Quebec-Fait-Main-Handmade-Jewellery-Small-Silver-Pendant-4.jpg","contentUrl":"https:\/\/carolinesavoiejoaillerie.com\/wp-content\/uploads\/2020\/05\/Caroline-Savoie-Joaillerie-Pendentif-Mini-Bijoux-Quebec-Fait-Main-Handmade-Jewellery-Small-Silver-Pendant-4.jpg","width":1597,"height":1597,"caption":"Caroline Savoie Joaillerie Pendentif Mini Bijoux Quebec Fait Main Handmade Jewellery Small Silver Pendant"},{"@type":"BreadcrumbList","@id":"https:\/\/carolinesavoiejoaillerie.com\/en\/produit\/mini-pendant\/#breadcrumb","itemListElement":[{"@type":"ListItem","position":1,"name":"Accueil","item":"https:\/\/carolinesavoiejoaillerie.com\/en\/"},{"@type":"ListItem","position":2,"name":"Shop","item":"https:\/\/carolinesavoiejoaillerie.com\/en\/shop\/"},{"@type":"ListItem","position":3,"name":"Mini Pendant"}]},{"@type":"WebSite","@id":"https:\/\/carolinesavoiejoaillerie.com\/en\/#website","url":"https:\/\/carolinesavoiejoaillerie.com\/en\/","name":"Caroline Savoie Joaillerie","description":"Bijoux fabriqu\u00e9s \u00e0 la main, au Qu\u00e9bec","publisher":{"@id":"https:\/\/carolinesavoiejoaillerie.com\/en\/#organization"},"potentialAction":[{"@type":"SearchAction","target":{"@type":"EntryPoint","urlTemplate":"https:\/\/carolinesavoiejoaillerie.com\/en\/?s={search_term_string}"},"query-input":{"@type":"PropertyValueSpecification","valueRequired":true,"valueName":"search_term_string"}}],"inLanguage":"en-CA"},{"@type":"Organization","@id":"https:\/\/carolinesavoiejoaillerie.com\/en\/#organization","name":"Caroline Savoie","url":"https:\/\/carolinesavoiejoaillerie.com\/en\/","logo":{"@type":"ImageObject","inLanguage":"en-CA","@id":"https:\/\/carolinesavoiejoaillerie.com\/en\/#\/schema\/logo\/image\/","url":"https:\/\/carolinesavoiejoaillerie.com\/wp-content\/uploads\/2017\/10\/CarolineSavoieLogoBlancSurNoirSquare-e1508601602913.png","contentUrl":"https:\/\/carolinesavoiejoaillerie.com\/wp-content\/uploads\/2017\/10\/CarolineSavoieLogoBlancSurNoirSquare-e1508601602913.png","width":600,"height":599,"caption":"Caroline Savoie"},"image":{"@id":"https:\/\/carolinesavoiejoaillerie.com\/en\/#\/schema\/logo\/image\/"},"sameAs":["https:\/\/www.facebook.com\/carolinesavoiejoaillerie\/","https:\/\/www.instagram.com\/caroline_savoie_joaillerie\/","https:\/\/www.pinterest.com\/CSjoaillerie\/?eq=caroline savoie&amp;amp;amp;amp;amp;amp;etslf=NaN"]}]}},"_links":{"self":[{"href":"https:\/\/carolinesavoiejoaillerie.com\/en\/wp-json\/wp\/v2\/product\/27796","targetHints":{"allow":["GET"]}}],"collection":[{"href":"https:\/\/carolinesavoiejoaillerie.com\/en\/wp-json\/wp\/v2\/product"}],"about":[{"href":"https:\/\/carolinesavoiejoaillerie.com\/en\/wp-json\/wp\/v2\/types\/product"}],"wp:featuredmedia":[{"embeddable":true,"href":"https:\/\/carolinesavoiejoaillerie.com\/en\/wp-json\/wp\/v2\/media\/27827"}],"wp:attachment":[{"href":"https:\/\/carolinesavoiejoaillerie.com\/en\/wp-json\/wp\/v2\/media?parent=27796"}],"wp:term":[{"taxonomy":"product_brand","embeddable":true,"href":"https:\/\/carolinesavoiejoaillerie.com\/en\/wp-json\/wp\/v2\/product_brand?post=27796"},{"taxonomy":"product_cat","embeddable":true,"href":"https:\/\/carolinesavoiejoaillerie.com\/en\/wp-json\/wp\/v2\/product_cat?post=27796"},{"taxonomy":"product_tag","embeddable":true,"href":"https:\/\/carolinesavoiejoaillerie.com\/en\/wp-json\/wp\/v2\/product_tag?post=27796"}],"curies":[{"name":"wp","href":"https:\/\/api.w.org\/{rel}","templated":true}]}}