{"id":17477,"date":"2020-04-01T23:48:48","date_gmt":"2020-04-02T03:48:48","guid":{"rendered":"http:\/\/carolinesavoiejoaillerie.com\/?post_type=product&#038;p=17477"},"modified":"2020-05-25T21:42:28","modified_gmt":"2020-05-26T01:42:28","slug":"black-trigonal-earrings","status":"publish","type":"product","link":"https:\/\/carolinesavoiejoaillerie.com\/en\/produit\/black-trigonal-earrings\/","title":{"rendered":"Black Trigonal Earrings"},"content":{"rendered":"<p>The Trigonal earrings match well with jeans as much as with the dressiest outfit and are the most comfortable. Discreet, sexy and geometric, these right triangular shapes are perfect for office days and chic evenings.<\/p>\n<p>Handmade by a passionate Montreal based jeweller.<\/p>\n<p>Dimensions<\/p>\n<ul>\n<li>The earrings are 4 mm long, 14 mm wide and 3.50 mm high.<\/li>\n<li>Each earring weighs approximately 2.25 grams for a total of 4.50 grams per pair<\/li>\n<\/ul>\n","protected":false},"excerpt":{"rendered":"<p>The <em>Trigonal<\/em> earrings are inspired by the pure and sensual angles of the right-angled triangle. The triangle is the symbol of stability. It is at the base of traditional buildings like huts, tipis and cathedral spiers. With their unique black textures, they will add a little bit of edge to your look.<\/p>\n<p>The earrings are made of 925 sterling silver. The earrings posts are made of stainless steel.<\/p>\n","protected":false},"featured_media":24436,"template":"","meta":[],"product_brand":[],"product_cat":[361],"product_tag":[],"class_list":{"0":"post-17477","1":"product","2":"type-product","3":"status-publish","4":"has-post-thumbnail","6":"product_cat-earrings-en","8":"first","9":"instock","10":"taxable","11":"shipping-taxable","12":"purchasable","13":"product-type-simple"},"yoast_head":"<!-- This site is optimized with the Yoast SEO plugin v27.3 - https:\/\/yoast.com\/product\/yoast-seo-wordpress\/ -->\n<title>Black Trigonal Earrings &#8211; Caroline Savoie Joaillerie<\/title>\n<meta name=\"description\" content=\"Caroline Savoie creates exquisite handmade feminine earrings that can be worn daily. They will bring out the beauty and elegance in you.\" \/>\n<meta name=\"robots\" content=\"index, follow, max-snippet:-1, max-image-preview:large, max-video-preview:-1\" \/>\n<link rel=\"canonical\" href=\"https:\/\/carolinesavoiejoaillerie.com\/en\/produit\/black-trigonal-earrings\/\" \/>\n<meta property=\"og:locale\" content=\"en_US\" \/>\n<meta property=\"og:type\" content=\"article\" \/>\n<meta property=\"og:title\" content=\"Black Trigonal Earrings &#8211; Caroline Savoie Joaillerie\" \/>\n<meta property=\"og:description\" content=\"Caroline Savoie creates exquisite handmade feminine earrings that can be worn daily. They will bring out the beauty and elegance in you.\" \/>\n<meta property=\"og:url\" content=\"https:\/\/carolinesavoiejoaillerie.com\/en\/produit\/black-trigonal-earrings\/\" \/>\n<meta property=\"og:site_name\" content=\"Caroline Savoie Joaillerie\" \/>\n<meta property=\"article:publisher\" content=\"https:\/\/www.facebook.com\/carolinesavoiejoaillerie\/\" \/>\n<meta property=\"article:modified_time\" content=\"2020-05-26T01:42:28+00:00\" \/>\n<meta property=\"og:image\" content=\"https:\/\/carolinesavoiejoaillerie.com\/wp-content\/uploads\/2020\/04\/Caroline-Savoie-Joaillerie-Boucles-Doreilles-Trigones-Noires-Bijoux-Faits-Main-Montreal-Handmade-Jewellery-Earrings-1.jpg\" \/>\n\t<meta property=\"og:image:width\" content=\"1615\" \/>\n\t<meta property=\"og:image:height\" content=\"1615\" \/>\n\t<meta property=\"og:image:type\" content=\"image\/jpeg\" \/>\n<meta name=\"twitter:card\" content=\"summary_large_image\" \/>\n<script type=\"application\/ld+json\" class=\"yoast-schema-graph\">{\"@context\":\"https:\\\/\\\/schema.org\",\"@graph\":[{\"@type\":\"WebPage\",\"@id\":\"https:\\\/\\\/carolinesavoiejoaillerie.com\\\/en\\\/produit\\\/black-trigonal-earrings\\\/\",\"url\":\"https:\\\/\\\/carolinesavoiejoaillerie.com\\\/en\\\/produit\\\/black-trigonal-earrings\\\/\",\"name\":\"Black Trigonal Earrings &#8211; Caroline Savoie Joaillerie\",\"isPartOf\":{\"@id\":\"https:\\\/\\\/carolinesavoiejoaillerie.com\\\/en\\\/#website\"},\"primaryImageOfPage\":{\"@id\":\"https:\\\/\\\/carolinesavoiejoaillerie.com\\\/en\\\/produit\\\/black-trigonal-earrings\\\/#primaryimage\"},\"image\":{\"@id\":\"https:\\\/\\\/carolinesavoiejoaillerie.com\\\/en\\\/produit\\\/black-trigonal-earrings\\\/#primaryimage\"},\"thumbnailUrl\":\"https:\\\/\\\/carolinesavoiejoaillerie.com\\\/wp-content\\\/uploads\\\/2020\\\/04\\\/Caroline-Savoie-Joaillerie-Boucles-Doreilles-Trigones-Noires-Bijoux-Faits-Main-Montreal-Handmade-Jewellery-Earrings-1.jpg\",\"datePublished\":\"2020-04-02T03:48:48+00:00\",\"dateModified\":\"2020-05-26T01:42:28+00:00\",\"description\":\"Caroline Savoie creates exquisite handmade feminine earrings that can be worn daily. They will bring out the beauty and elegance in you.\",\"breadcrumb\":{\"@id\":\"https:\\\/\\\/carolinesavoiejoaillerie.com\\\/en\\\/produit\\\/black-trigonal-earrings\\\/#breadcrumb\"},\"inLanguage\":\"en-CA\",\"potentialAction\":[{\"@type\":\"ReadAction\",\"target\":[\"https:\\\/\\\/carolinesavoiejoaillerie.com\\\/en\\\/produit\\\/black-trigonal-earrings\\\/\"]}]},{\"@type\":\"ImageObject\",\"inLanguage\":\"en-CA\",\"@id\":\"https:\\\/\\\/carolinesavoiejoaillerie.com\\\/en\\\/produit\\\/black-trigonal-earrings\\\/#primaryimage\",\"url\":\"https:\\\/\\\/carolinesavoiejoaillerie.com\\\/wp-content\\\/uploads\\\/2020\\\/04\\\/Caroline-Savoie-Joaillerie-Boucles-Doreilles-Trigones-Noires-Bijoux-Faits-Main-Montreal-Handmade-Jewellery-Earrings-1.jpg\",\"contentUrl\":\"https:\\\/\\\/carolinesavoiejoaillerie.com\\\/wp-content\\\/uploads\\\/2020\\\/04\\\/Caroline-Savoie-Joaillerie-Boucles-Doreilles-Trigones-Noires-Bijoux-Faits-Main-Montreal-Handmade-Jewellery-Earrings-1.jpg\",\"width\":1615,\"height\":1615,\"caption\":\"Caroline Savoie Joaillerie Boucles D'oreilles Trigones Noires Bijoux Faits Main Montreal Handmade Jewellery Earrings\"},{\"@type\":\"BreadcrumbList\",\"@id\":\"https:\\\/\\\/carolinesavoiejoaillerie.com\\\/en\\\/produit\\\/black-trigonal-earrings\\\/#breadcrumb\",\"itemListElement\":[{\"@type\":\"ListItem\",\"position\":1,\"name\":\"Accueil\",\"item\":\"https:\\\/\\\/carolinesavoiejoaillerie.com\\\/en\\\/\"},{\"@type\":\"ListItem\",\"position\":2,\"name\":\"Shop\",\"item\":\"https:\\\/\\\/carolinesavoiejoaillerie.com\\\/en\\\/shop\\\/\"},{\"@type\":\"ListItem\",\"position\":3,\"name\":\"Black Trigonal Earrings\"}]},{\"@type\":\"WebSite\",\"@id\":\"https:\\\/\\\/carolinesavoiejoaillerie.com\\\/en\\\/#website\",\"url\":\"https:\\\/\\\/carolinesavoiejoaillerie.com\\\/en\\\/\",\"name\":\"Caroline Savoie Joaillerie\",\"description\":\"Bijoux fabriqu\u00e9s \u00e0 la main, au Qu\u00e9bec\",\"publisher\":{\"@id\":\"https:\\\/\\\/carolinesavoiejoaillerie.com\\\/en\\\/#organization\"},\"potentialAction\":[{\"@type\":\"SearchAction\",\"target\":{\"@type\":\"EntryPoint\",\"urlTemplate\":\"https:\\\/\\\/carolinesavoiejoaillerie.com\\\/en\\\/?s={search_term_string}\"},\"query-input\":{\"@type\":\"PropertyValueSpecification\",\"valueRequired\":true,\"valueName\":\"search_term_string\"}}],\"inLanguage\":\"en-CA\"},{\"@type\":\"Organization\",\"@id\":\"https:\\\/\\\/carolinesavoiejoaillerie.com\\\/en\\\/#organization\",\"name\":\"Caroline Savoie\",\"url\":\"https:\\\/\\\/carolinesavoiejoaillerie.com\\\/en\\\/\",\"logo\":{\"@type\":\"ImageObject\",\"inLanguage\":\"en-CA\",\"@id\":\"https:\\\/\\\/carolinesavoiejoaillerie.com\\\/en\\\/#\\\/schema\\\/logo\\\/image\\\/\",\"url\":\"https:\\\/\\\/carolinesavoiejoaillerie.com\\\/wp-content\\\/uploads\\\/2017\\\/10\\\/CarolineSavoieLogoBlancSurNoirSquare-e1508601602913.png\",\"contentUrl\":\"https:\\\/\\\/carolinesavoiejoaillerie.com\\\/wp-content\\\/uploads\\\/2017\\\/10\\\/CarolineSavoieLogoBlancSurNoirSquare-e1508601602913.png\",\"width\":600,\"height\":599,\"caption\":\"Caroline Savoie\"},\"image\":{\"@id\":\"https:\\\/\\\/carolinesavoiejoaillerie.com\\\/en\\\/#\\\/schema\\\/logo\\\/image\\\/\"},\"sameAs\":[\"https:\\\/\\\/www.facebook.com\\\/carolinesavoiejoaillerie\\\/\",\"https:\\\/\\\/www.instagram.com\\\/caroline_savoie_joaillerie\\\/\",\"https:\\\/\\\/www.pinterest.com\\\/CSjoaillerie\\\/?eq=caroline savoie&amp;amp;amp;amp;amp;amp;etslf=NaN\"]}]}<\/script>\n<!-- \/ Yoast SEO plugin. -->","yoast_head_json":{"title":"Black Trigonal Earrings &#8211; Caroline Savoie Joaillerie","description":"Caroline Savoie creates exquisite handmade feminine earrings that can be worn daily. They will bring out the beauty and elegance in you.","robots":{"index":"index","follow":"follow","max-snippet":"max-snippet:-1","max-image-preview":"max-image-preview:large","max-video-preview":"max-video-preview:-1"},"canonical":"https:\/\/carolinesavoiejoaillerie.com\/en\/produit\/black-trigonal-earrings\/","og_locale":"en_US","og_type":"article","og_title":"Black Trigonal Earrings &#8211; Caroline Savoie Joaillerie","og_description":"Caroline Savoie creates exquisite handmade feminine earrings that can be worn daily. They will bring out the beauty and elegance in you.","og_url":"https:\/\/carolinesavoiejoaillerie.com\/en\/produit\/black-trigonal-earrings\/","og_site_name":"Caroline Savoie Joaillerie","article_publisher":"https:\/\/www.facebook.com\/carolinesavoiejoaillerie\/","article_modified_time":"2020-05-26T01:42:28+00:00","og_image":[{"width":1615,"height":1615,"url":"https:\/\/carolinesavoiejoaillerie.com\/wp-content\/uploads\/2020\/04\/Caroline-Savoie-Joaillerie-Boucles-Doreilles-Trigones-Noires-Bijoux-Faits-Main-Montreal-Handmade-Jewellery-Earrings-1.jpg","type":"image\/jpeg"}],"twitter_card":"summary_large_image","schema":{"@context":"https:\/\/schema.org","@graph":[{"@type":"WebPage","@id":"https:\/\/carolinesavoiejoaillerie.com\/en\/produit\/black-trigonal-earrings\/","url":"https:\/\/carolinesavoiejoaillerie.com\/en\/produit\/black-trigonal-earrings\/","name":"Black Trigonal Earrings &#8211; Caroline Savoie Joaillerie","isPartOf":{"@id":"https:\/\/carolinesavoiejoaillerie.com\/en\/#website"},"primaryImageOfPage":{"@id":"https:\/\/carolinesavoiejoaillerie.com\/en\/produit\/black-trigonal-earrings\/#primaryimage"},"image":{"@id":"https:\/\/carolinesavoiejoaillerie.com\/en\/produit\/black-trigonal-earrings\/#primaryimage"},"thumbnailUrl":"https:\/\/carolinesavoiejoaillerie.com\/wp-content\/uploads\/2020\/04\/Caroline-Savoie-Joaillerie-Boucles-Doreilles-Trigones-Noires-Bijoux-Faits-Main-Montreal-Handmade-Jewellery-Earrings-1.jpg","datePublished":"2020-04-02T03:48:48+00:00","dateModified":"2020-05-26T01:42:28+00:00","description":"Caroline Savoie creates exquisite handmade feminine earrings that can be worn daily. They will bring out the beauty and elegance in you.","breadcrumb":{"@id":"https:\/\/carolinesavoiejoaillerie.com\/en\/produit\/black-trigonal-earrings\/#breadcrumb"},"inLanguage":"en-CA","potentialAction":[{"@type":"ReadAction","target":["https:\/\/carolinesavoiejoaillerie.com\/en\/produit\/black-trigonal-earrings\/"]}]},{"@type":"ImageObject","inLanguage":"en-CA","@id":"https:\/\/carolinesavoiejoaillerie.com\/en\/produit\/black-trigonal-earrings\/#primaryimage","url":"https:\/\/carolinesavoiejoaillerie.com\/wp-content\/uploads\/2020\/04\/Caroline-Savoie-Joaillerie-Boucles-Doreilles-Trigones-Noires-Bijoux-Faits-Main-Montreal-Handmade-Jewellery-Earrings-1.jpg","contentUrl":"https:\/\/carolinesavoiejoaillerie.com\/wp-content\/uploads\/2020\/04\/Caroline-Savoie-Joaillerie-Boucles-Doreilles-Trigones-Noires-Bijoux-Faits-Main-Montreal-Handmade-Jewellery-Earrings-1.jpg","width":1615,"height":1615,"caption":"Caroline Savoie Joaillerie Boucles D'oreilles Trigones Noires Bijoux Faits Main Montreal Handmade Jewellery Earrings"},{"@type":"BreadcrumbList","@id":"https:\/\/carolinesavoiejoaillerie.com\/en\/produit\/black-trigonal-earrings\/#breadcrumb","itemListElement":[{"@type":"ListItem","position":1,"name":"Accueil","item":"https:\/\/carolinesavoiejoaillerie.com\/en\/"},{"@type":"ListItem","position":2,"name":"Shop","item":"https:\/\/carolinesavoiejoaillerie.com\/en\/shop\/"},{"@type":"ListItem","position":3,"name":"Black Trigonal Earrings"}]},{"@type":"WebSite","@id":"https:\/\/carolinesavoiejoaillerie.com\/en\/#website","url":"https:\/\/carolinesavoiejoaillerie.com\/en\/","name":"Caroline Savoie Joaillerie","description":"Bijoux fabriqu\u00e9s \u00e0 la main, au Qu\u00e9bec","publisher":{"@id":"https:\/\/carolinesavoiejoaillerie.com\/en\/#organization"},"potentialAction":[{"@type":"SearchAction","target":{"@type":"EntryPoint","urlTemplate":"https:\/\/carolinesavoiejoaillerie.com\/en\/?s={search_term_string}"},"query-input":{"@type":"PropertyValueSpecification","valueRequired":true,"valueName":"search_term_string"}}],"inLanguage":"en-CA"},{"@type":"Organization","@id":"https:\/\/carolinesavoiejoaillerie.com\/en\/#organization","name":"Caroline Savoie","url":"https:\/\/carolinesavoiejoaillerie.com\/en\/","logo":{"@type":"ImageObject","inLanguage":"en-CA","@id":"https:\/\/carolinesavoiejoaillerie.com\/en\/#\/schema\/logo\/image\/","url":"https:\/\/carolinesavoiejoaillerie.com\/wp-content\/uploads\/2017\/10\/CarolineSavoieLogoBlancSurNoirSquare-e1508601602913.png","contentUrl":"https:\/\/carolinesavoiejoaillerie.com\/wp-content\/uploads\/2017\/10\/CarolineSavoieLogoBlancSurNoirSquare-e1508601602913.png","width":600,"height":599,"caption":"Caroline Savoie"},"image":{"@id":"https:\/\/carolinesavoiejoaillerie.com\/en\/#\/schema\/logo\/image\/"},"sameAs":["https:\/\/www.facebook.com\/carolinesavoiejoaillerie\/","https:\/\/www.instagram.com\/caroline_savoie_joaillerie\/","https:\/\/www.pinterest.com\/CSjoaillerie\/?eq=caroline savoie&amp;amp;amp;amp;amp;amp;etslf=NaN"]}]}},"_links":{"self":[{"href":"https:\/\/carolinesavoiejoaillerie.com\/en\/wp-json\/wp\/v2\/product\/17477","targetHints":{"allow":["GET"]}}],"collection":[{"href":"https:\/\/carolinesavoiejoaillerie.com\/en\/wp-json\/wp\/v2\/product"}],"about":[{"href":"https:\/\/carolinesavoiejoaillerie.com\/en\/wp-json\/wp\/v2\/types\/product"}],"wp:featuredmedia":[{"embeddable":true,"href":"https:\/\/carolinesavoiejoaillerie.com\/en\/wp-json\/wp\/v2\/media\/24436"}],"wp:attachment":[{"href":"https:\/\/carolinesavoiejoaillerie.com\/en\/wp-json\/wp\/v2\/media?parent=17477"}],"wp:term":[{"taxonomy":"product_brand","embeddable":true,"href":"https:\/\/carolinesavoiejoaillerie.com\/en\/wp-json\/wp\/v2\/product_brand?post=17477"},{"taxonomy":"product_cat","embeddable":true,"href":"https:\/\/carolinesavoiejoaillerie.com\/en\/wp-json\/wp\/v2\/product_cat?post=17477"},{"taxonomy":"product_tag","embeddable":true,"href":"https:\/\/carolinesavoiejoaillerie.com\/en\/wp-json\/wp\/v2\/product_tag?post=17477"}],"curies":[{"name":"wp","href":"https:\/\/api.w.org\/{rel}","templated":true}]}}