{"id":14487,"date":"2018-04-15T19:13:08","date_gmt":"2018-04-15T23:13:08","guid":{"rendered":"http:\/\/carolinesavoiejoaillerie.com\/?post_type=product&#038;p=14487"},"modified":"2020-05-25T22:46:21","modified_gmt":"2020-05-26T02:46:21","slug":"black-lace-pendant","status":"publish","type":"product","link":"https:\/\/carolinesavoiejoaillerie.com\/en\/produit\/black-lace-pendant\/","title":{"rendered":"Black Lace Pendant"},"content":{"rendered":"<p><span class=\"\" title=\"\">The Black Lace pendant matches with an 18 inch gourmet chain ( with a loop at 16 inch to allow two chain lengths ).<\/span> <span class=\"\" title=\"\">Its elegant oval shape and its luxurious black sapphires harmonized to pay homage to this delicate and original Venise haute couture.<\/span> <span title=\"\">It&#8217;s perfect to be worn everyday as well as for more special occasions.<\/span><\/p>\n<p><span title=\"\">Handmade by a passionate Montreal based jeweller.<\/span><\/p>\n<p><span title=\"\">Dimensions<\/span><\/p>\n<ul>\n<li><span title=\"\">The pendant measures 17.50 mm in width and has a length of 25 mm<\/span><\/li>\n<li><span title=\"\">It weighs about 16 grams<\/span><\/li>\n<li>The pendant is sold with the chain<\/li>\n<\/ul>\n","protected":false},"excerpt":{"rendered":"<p><span class=\"\" title=\"\">The <em>Black Lace<\/em> pendant is inspired by the graceful femininity of the silk thread.<\/span> <span title=\"\">Unmatched finesse and refined designs, these delicate creations give off a lightness, a sumptuous freedom.<\/span><\/p>\n<p><span title=\"\">The pendant is made of 925 sterling silver set with 4 black sapphires totalling 0.73 carat.<\/span> <span title=\"\">The chain is also made of sterling silver.<\/span><\/p>\n","protected":false},"featured_media":24334,"template":"","meta":[],"product_brand":[],"product_cat":[376],"product_tag":[],"class_list":{"0":"post-14487","1":"product","2":"type-product","3":"status-publish","4":"has-post-thumbnail","6":"product_cat-necklaces-pendants","8":"first","9":"instock","10":"taxable","11":"shipping-taxable","12":"purchasable","13":"product-type-simple"},"yoast_head":"<!-- This site is optimized with the Yoast SEO plugin v27.3 - https:\/\/yoast.com\/product\/yoast-seo-wordpress\/ -->\n<title>Black Lace Pendant &#8211; Caroline Savoie Joaillerie<\/title>\n<meta name=\"description\" content=\"Caroline Savoie creates elegant unisex pendants. Textured, chic or glittery they will complete your look. For special occasions or to wear daily.\" \/>\n<meta name=\"robots\" content=\"index, follow, max-snippet:-1, max-image-preview:large, max-video-preview:-1\" \/>\n<link rel=\"canonical\" href=\"https:\/\/carolinesavoiejoaillerie.com\/en\/produit\/black-lace-pendant\/\" \/>\n<meta property=\"og:locale\" content=\"en_US\" \/>\n<meta property=\"og:type\" content=\"article\" \/>\n<meta property=\"og:title\" content=\"Black Lace Pendant &#8211; Caroline Savoie Joaillerie\" \/>\n<meta property=\"og:description\" content=\"Caroline Savoie creates elegant unisex pendants. Textured, chic or glittery they will complete your look. For special occasions or to wear daily.\" \/>\n<meta property=\"og:url\" content=\"https:\/\/carolinesavoiejoaillerie.com\/en\/produit\/black-lace-pendant\/\" \/>\n<meta property=\"og:site_name\" content=\"Caroline Savoie Joaillerie\" \/>\n<meta property=\"article:publisher\" content=\"https:\/\/www.facebook.com\/carolinesavoiejoaillerie\/\" \/>\n<meta property=\"article:modified_time\" content=\"2020-05-26T02:46:21+00:00\" \/>\n<meta property=\"og:image\" content=\"https:\/\/carolinesavoiejoaillerie.com\/wp-content\/uploads\/2018\/09\/Caroline-Savoie-Joaillerie-Pendentif-Dentelle-Noire-Saphirs-Noirs-Argent.jpg\" \/>\n\t<meta property=\"og:image:width\" content=\"2276\" \/>\n\t<meta property=\"og:image:height\" content=\"2276\" \/>\n\t<meta property=\"og:image:type\" content=\"image\/jpeg\" \/>\n<meta name=\"twitter:card\" content=\"summary_large_image\" \/>\n<script type=\"application\/ld+json\" class=\"yoast-schema-graph\">{\"@context\":\"https:\\\/\\\/schema.org\",\"@graph\":[{\"@type\":\"WebPage\",\"@id\":\"https:\\\/\\\/carolinesavoiejoaillerie.com\\\/en\\\/produit\\\/black-lace-pendant\\\/\",\"url\":\"https:\\\/\\\/carolinesavoiejoaillerie.com\\\/en\\\/produit\\\/black-lace-pendant\\\/\",\"name\":\"Black Lace Pendant &#8211; Caroline Savoie Joaillerie\",\"isPartOf\":{\"@id\":\"https:\\\/\\\/carolinesavoiejoaillerie.com\\\/en\\\/#website\"},\"primaryImageOfPage\":{\"@id\":\"https:\\\/\\\/carolinesavoiejoaillerie.com\\\/en\\\/produit\\\/black-lace-pendant\\\/#primaryimage\"},\"image\":{\"@id\":\"https:\\\/\\\/carolinesavoiejoaillerie.com\\\/en\\\/produit\\\/black-lace-pendant\\\/#primaryimage\"},\"thumbnailUrl\":\"https:\\\/\\\/carolinesavoiejoaillerie.com\\\/wp-content\\\/uploads\\\/2018\\\/09\\\/Caroline-Savoie-Joaillerie-Pendentif-Dentelle-Noire-Saphirs-Noirs-Argent.jpg\",\"datePublished\":\"2018-04-15T23:13:08+00:00\",\"dateModified\":\"2020-05-26T02:46:21+00:00\",\"description\":\"Caroline Savoie creates elegant unisex pendants. Textured, chic or glittery they will complete your look. For special occasions or to wear daily.\",\"breadcrumb\":{\"@id\":\"https:\\\/\\\/carolinesavoiejoaillerie.com\\\/en\\\/produit\\\/black-lace-pendant\\\/#breadcrumb\"},\"inLanguage\":\"en-CA\",\"potentialAction\":[{\"@type\":\"ReadAction\",\"target\":[\"https:\\\/\\\/carolinesavoiejoaillerie.com\\\/en\\\/produit\\\/black-lace-pendant\\\/\"]}]},{\"@type\":\"ImageObject\",\"inLanguage\":\"en-CA\",\"@id\":\"https:\\\/\\\/carolinesavoiejoaillerie.com\\\/en\\\/produit\\\/black-lace-pendant\\\/#primaryimage\",\"url\":\"https:\\\/\\\/carolinesavoiejoaillerie.com\\\/wp-content\\\/uploads\\\/2018\\\/09\\\/Caroline-Savoie-Joaillerie-Pendentif-Dentelle-Noire-Saphirs-Noirs-Argent.jpg\",\"contentUrl\":\"https:\\\/\\\/carolinesavoiejoaillerie.com\\\/wp-content\\\/uploads\\\/2018\\\/09\\\/Caroline-Savoie-Joaillerie-Pendentif-Dentelle-Noire-Saphirs-Noirs-Argent.jpg\",\"width\":2276,\"height\":2276,\"caption\":\"Caroline Savoie Joaillerie Pendentif Dentelle Noire Saphirs Noirs Argent\"},{\"@type\":\"BreadcrumbList\",\"@id\":\"https:\\\/\\\/carolinesavoiejoaillerie.com\\\/en\\\/produit\\\/black-lace-pendant\\\/#breadcrumb\",\"itemListElement\":[{\"@type\":\"ListItem\",\"position\":1,\"name\":\"Accueil\",\"item\":\"https:\\\/\\\/carolinesavoiejoaillerie.com\\\/en\\\/\"},{\"@type\":\"ListItem\",\"position\":2,\"name\":\"Shop\",\"item\":\"https:\\\/\\\/carolinesavoiejoaillerie.com\\\/en\\\/shop\\\/\"},{\"@type\":\"ListItem\",\"position\":3,\"name\":\"Black Lace Pendant\"}]},{\"@type\":\"WebSite\",\"@id\":\"https:\\\/\\\/carolinesavoiejoaillerie.com\\\/en\\\/#website\",\"url\":\"https:\\\/\\\/carolinesavoiejoaillerie.com\\\/en\\\/\",\"name\":\"Caroline Savoie Joaillerie\",\"description\":\"Bijoux fabriqu\u00e9s \u00e0 la main, au Qu\u00e9bec\",\"publisher\":{\"@id\":\"https:\\\/\\\/carolinesavoiejoaillerie.com\\\/en\\\/#organization\"},\"potentialAction\":[{\"@type\":\"SearchAction\",\"target\":{\"@type\":\"EntryPoint\",\"urlTemplate\":\"https:\\\/\\\/carolinesavoiejoaillerie.com\\\/en\\\/?s={search_term_string}\"},\"query-input\":{\"@type\":\"PropertyValueSpecification\",\"valueRequired\":true,\"valueName\":\"search_term_string\"}}],\"inLanguage\":\"en-CA\"},{\"@type\":\"Organization\",\"@id\":\"https:\\\/\\\/carolinesavoiejoaillerie.com\\\/en\\\/#organization\",\"name\":\"Caroline Savoie\",\"url\":\"https:\\\/\\\/carolinesavoiejoaillerie.com\\\/en\\\/\",\"logo\":{\"@type\":\"ImageObject\",\"inLanguage\":\"en-CA\",\"@id\":\"https:\\\/\\\/carolinesavoiejoaillerie.com\\\/en\\\/#\\\/schema\\\/logo\\\/image\\\/\",\"url\":\"https:\\\/\\\/carolinesavoiejoaillerie.com\\\/wp-content\\\/uploads\\\/2017\\\/10\\\/CarolineSavoieLogoBlancSurNoirSquare-e1508601602913.png\",\"contentUrl\":\"https:\\\/\\\/carolinesavoiejoaillerie.com\\\/wp-content\\\/uploads\\\/2017\\\/10\\\/CarolineSavoieLogoBlancSurNoirSquare-e1508601602913.png\",\"width\":600,\"height\":599,\"caption\":\"Caroline Savoie\"},\"image\":{\"@id\":\"https:\\\/\\\/carolinesavoiejoaillerie.com\\\/en\\\/#\\\/schema\\\/logo\\\/image\\\/\"},\"sameAs\":[\"https:\\\/\\\/www.facebook.com\\\/carolinesavoiejoaillerie\\\/\",\"https:\\\/\\\/www.instagram.com\\\/caroline_savoie_joaillerie\\\/\",\"https:\\\/\\\/www.pinterest.com\\\/CSjoaillerie\\\/?eq=caroline savoie&amp;amp;amp;amp;amp;amp;etslf=NaN\"]}]}<\/script>\n<!-- \/ Yoast SEO plugin. -->","yoast_head_json":{"title":"Black Lace Pendant &#8211; Caroline Savoie Joaillerie","description":"Caroline Savoie creates elegant unisex pendants. Textured, chic or glittery they will complete your look. For special occasions or to wear daily.","robots":{"index":"index","follow":"follow","max-snippet":"max-snippet:-1","max-image-preview":"max-image-preview:large","max-video-preview":"max-video-preview:-1"},"canonical":"https:\/\/carolinesavoiejoaillerie.com\/en\/produit\/black-lace-pendant\/","og_locale":"en_US","og_type":"article","og_title":"Black Lace Pendant &#8211; Caroline Savoie Joaillerie","og_description":"Caroline Savoie creates elegant unisex pendants. Textured, chic or glittery they will complete your look. For special occasions or to wear daily.","og_url":"https:\/\/carolinesavoiejoaillerie.com\/en\/produit\/black-lace-pendant\/","og_site_name":"Caroline Savoie Joaillerie","article_publisher":"https:\/\/www.facebook.com\/carolinesavoiejoaillerie\/","article_modified_time":"2020-05-26T02:46:21+00:00","og_image":[{"width":2276,"height":2276,"url":"https:\/\/carolinesavoiejoaillerie.com\/wp-content\/uploads\/2018\/09\/Caroline-Savoie-Joaillerie-Pendentif-Dentelle-Noire-Saphirs-Noirs-Argent.jpg","type":"image\/jpeg"}],"twitter_card":"summary_large_image","schema":{"@context":"https:\/\/schema.org","@graph":[{"@type":"WebPage","@id":"https:\/\/carolinesavoiejoaillerie.com\/en\/produit\/black-lace-pendant\/","url":"https:\/\/carolinesavoiejoaillerie.com\/en\/produit\/black-lace-pendant\/","name":"Black Lace Pendant &#8211; Caroline Savoie Joaillerie","isPartOf":{"@id":"https:\/\/carolinesavoiejoaillerie.com\/en\/#website"},"primaryImageOfPage":{"@id":"https:\/\/carolinesavoiejoaillerie.com\/en\/produit\/black-lace-pendant\/#primaryimage"},"image":{"@id":"https:\/\/carolinesavoiejoaillerie.com\/en\/produit\/black-lace-pendant\/#primaryimage"},"thumbnailUrl":"https:\/\/carolinesavoiejoaillerie.com\/wp-content\/uploads\/2018\/09\/Caroline-Savoie-Joaillerie-Pendentif-Dentelle-Noire-Saphirs-Noirs-Argent.jpg","datePublished":"2018-04-15T23:13:08+00:00","dateModified":"2020-05-26T02:46:21+00:00","description":"Caroline Savoie creates elegant unisex pendants. Textured, chic or glittery they will complete your look. For special occasions or to wear daily.","breadcrumb":{"@id":"https:\/\/carolinesavoiejoaillerie.com\/en\/produit\/black-lace-pendant\/#breadcrumb"},"inLanguage":"en-CA","potentialAction":[{"@type":"ReadAction","target":["https:\/\/carolinesavoiejoaillerie.com\/en\/produit\/black-lace-pendant\/"]}]},{"@type":"ImageObject","inLanguage":"en-CA","@id":"https:\/\/carolinesavoiejoaillerie.com\/en\/produit\/black-lace-pendant\/#primaryimage","url":"https:\/\/carolinesavoiejoaillerie.com\/wp-content\/uploads\/2018\/09\/Caroline-Savoie-Joaillerie-Pendentif-Dentelle-Noire-Saphirs-Noirs-Argent.jpg","contentUrl":"https:\/\/carolinesavoiejoaillerie.com\/wp-content\/uploads\/2018\/09\/Caroline-Savoie-Joaillerie-Pendentif-Dentelle-Noire-Saphirs-Noirs-Argent.jpg","width":2276,"height":2276,"caption":"Caroline Savoie Joaillerie Pendentif Dentelle Noire Saphirs Noirs Argent"},{"@type":"BreadcrumbList","@id":"https:\/\/carolinesavoiejoaillerie.com\/en\/produit\/black-lace-pendant\/#breadcrumb","itemListElement":[{"@type":"ListItem","position":1,"name":"Accueil","item":"https:\/\/carolinesavoiejoaillerie.com\/en\/"},{"@type":"ListItem","position":2,"name":"Shop","item":"https:\/\/carolinesavoiejoaillerie.com\/en\/shop\/"},{"@type":"ListItem","position":3,"name":"Black Lace Pendant"}]},{"@type":"WebSite","@id":"https:\/\/carolinesavoiejoaillerie.com\/en\/#website","url":"https:\/\/carolinesavoiejoaillerie.com\/en\/","name":"Caroline Savoie Joaillerie","description":"Bijoux fabriqu\u00e9s \u00e0 la main, au Qu\u00e9bec","publisher":{"@id":"https:\/\/carolinesavoiejoaillerie.com\/en\/#organization"},"potentialAction":[{"@type":"SearchAction","target":{"@type":"EntryPoint","urlTemplate":"https:\/\/carolinesavoiejoaillerie.com\/en\/?s={search_term_string}"},"query-input":{"@type":"PropertyValueSpecification","valueRequired":true,"valueName":"search_term_string"}}],"inLanguage":"en-CA"},{"@type":"Organization","@id":"https:\/\/carolinesavoiejoaillerie.com\/en\/#organization","name":"Caroline Savoie","url":"https:\/\/carolinesavoiejoaillerie.com\/en\/","logo":{"@type":"ImageObject","inLanguage":"en-CA","@id":"https:\/\/carolinesavoiejoaillerie.com\/en\/#\/schema\/logo\/image\/","url":"https:\/\/carolinesavoiejoaillerie.com\/wp-content\/uploads\/2017\/10\/CarolineSavoieLogoBlancSurNoirSquare-e1508601602913.png","contentUrl":"https:\/\/carolinesavoiejoaillerie.com\/wp-content\/uploads\/2017\/10\/CarolineSavoieLogoBlancSurNoirSquare-e1508601602913.png","width":600,"height":599,"caption":"Caroline Savoie"},"image":{"@id":"https:\/\/carolinesavoiejoaillerie.com\/en\/#\/schema\/logo\/image\/"},"sameAs":["https:\/\/www.facebook.com\/carolinesavoiejoaillerie\/","https:\/\/www.instagram.com\/caroline_savoie_joaillerie\/","https:\/\/www.pinterest.com\/CSjoaillerie\/?eq=caroline savoie&amp;amp;amp;amp;amp;amp;etslf=NaN"]}]}},"_links":{"self":[{"href":"https:\/\/carolinesavoiejoaillerie.com\/en\/wp-json\/wp\/v2\/product\/14487","targetHints":{"allow":["GET"]}}],"collection":[{"href":"https:\/\/carolinesavoiejoaillerie.com\/en\/wp-json\/wp\/v2\/product"}],"about":[{"href":"https:\/\/carolinesavoiejoaillerie.com\/en\/wp-json\/wp\/v2\/types\/product"}],"wp:featuredmedia":[{"embeddable":true,"href":"https:\/\/carolinesavoiejoaillerie.com\/en\/wp-json\/wp\/v2\/media\/24334"}],"wp:attachment":[{"href":"https:\/\/carolinesavoiejoaillerie.com\/en\/wp-json\/wp\/v2\/media?parent=14487"}],"wp:term":[{"taxonomy":"product_brand","embeddable":true,"href":"https:\/\/carolinesavoiejoaillerie.com\/en\/wp-json\/wp\/v2\/product_brand?post=14487"},{"taxonomy":"product_cat","embeddable":true,"href":"https:\/\/carolinesavoiejoaillerie.com\/en\/wp-json\/wp\/v2\/product_cat?post=14487"},{"taxonomy":"product_tag","embeddable":true,"href":"https:\/\/carolinesavoiejoaillerie.com\/en\/wp-json\/wp\/v2\/product_tag?post=14487"}],"curies":[{"name":"wp","href":"https:\/\/api.w.org\/{rel}","templated":true}]}}