{"id":12887,"date":"2017-12-03T19:04:28","date_gmt":"2017-12-03T23:04:28","guid":{"rendered":"http:\/\/carolinesavoiejoaillerie.com\/?post_type=product&#038;p=12887"},"modified":"2020-05-30T13:21:12","modified_gmt":"2020-05-30T17:21:12","slug":"crocodile-ring","status":"publish","type":"product","link":"https:\/\/carolinesavoiejoaillerie.com\/en\/produit\/crocodile-ring\/","title":{"rendered":"Crocodile Ring"},"content":{"rendered":"<p>The Crocodile ring for men and women is perfect to be worn everyday. A stylish, comfortable and chic ring with a graceful and elegant texture that goes off the beaten path.<\/p>\n<p>Handmade by a passionate Montreal based jeweller.<\/p>\n<p>Dimensions<\/p>\n<ul>\n<li>The width of the ring is 13 mm and the thickness is 3 mm<\/li>\n<li>Each ring is adjusted according to the size of your finger<\/li>\n<li>It weighs about 18 grams<\/li>\n<\/ul>\n","protected":false},"excerpt":{"rendered":"<p>The unisex<em> Crocodile<\/em> ring is inspired by the scales of the skin of its thorny wall lizards. They are the gods of water. They are symbols of lust and refinement. These fearsome hunters who haunt in calm and dark waters are the largest of the reptiles.<\/p>\n<p>The ring is made of 925 sterling silver.<\/p>\n<p><a href=\"http:\/\/carolinesavoiejoaillerie.com\/wp-content\/uploads\/2017\/11\/E\u0301chelle-et-baguier.pdf\" target=\"blank\" rel=\"noopener noreferrer\"><u>Consult the size chart<\/u><\/a><\/p>\n","protected":false},"featured_media":24125,"template":"","meta":[],"product_brand":[],"product_cat":[354],"product_tag":[],"class_list":{"0":"post-12887","1":"product","2":"type-product","3":"status-publish","4":"has-post-thumbnail","6":"product_cat-rings","8":"first","9":"instock","10":"taxable","11":"shipping-taxable","12":"purchasable","13":"product-type-variable"},"yoast_head":"<!-- This site is optimized with the Yoast SEO plugin v27.3 - https:\/\/yoast.com\/product\/yoast-seo-wordpress\/ -->\n<title>Crocodile Ring &#8211; Caroline Savoie Joaillerie<\/title>\n<meta name=\"description\" content=\"Caroline Savoie creates exclusive and comfortable rings, both classic and contemporary. Unisex rings with unique and elegant textures. Raffined with an edge\" \/>\n<meta name=\"robots\" content=\"index, follow, max-snippet:-1, max-image-preview:large, max-video-preview:-1\" \/>\n<link rel=\"canonical\" href=\"https:\/\/carolinesavoiejoaillerie.com\/en\/produit\/crocodile-ring\/\" \/>\n<meta property=\"og:locale\" content=\"en_US\" \/>\n<meta property=\"og:type\" content=\"article\" \/>\n<meta property=\"og:title\" content=\"Crocodile Ring &#8211; Caroline Savoie Joaillerie\" \/>\n<meta property=\"og:description\" content=\"Caroline Savoie creates exclusive and comfortable rings, both classic and contemporary. Unisex rings with unique and elegant textures. Raffined with an edge\" \/>\n<meta property=\"og:url\" content=\"https:\/\/carolinesavoiejoaillerie.com\/en\/produit\/crocodile-ring\/\" \/>\n<meta property=\"og:site_name\" content=\"Caroline Savoie Joaillerie\" \/>\n<meta property=\"article:publisher\" content=\"https:\/\/www.facebook.com\/carolinesavoiejoaillerie\/\" \/>\n<meta property=\"article:modified_time\" content=\"2020-05-30T17:21:12+00:00\" \/>\n<meta property=\"og:image\" content=\"https:\/\/carolinesavoiejoaillerie.com\/wp-content\/uploads\/2018\/01\/Caroline-Savoie-Joaillerie-Bague-Unisexe-Crocodile-Argent-Texture-1.jpg\" \/>\n\t<meta property=\"og:image:width\" content=\"2346\" \/>\n\t<meta property=\"og:image:height\" content=\"2347\" \/>\n\t<meta property=\"og:image:type\" content=\"image\/jpeg\" \/>\n<meta name=\"twitter:card\" content=\"summary_large_image\" \/>\n<script type=\"application\/ld+json\" class=\"yoast-schema-graph\">{\"@context\":\"https:\\\/\\\/schema.org\",\"@graph\":[{\"@type\":\"WebPage\",\"@id\":\"https:\\\/\\\/carolinesavoiejoaillerie.com\\\/en\\\/produit\\\/crocodile-ring\\\/\",\"url\":\"https:\\\/\\\/carolinesavoiejoaillerie.com\\\/en\\\/produit\\\/crocodile-ring\\\/\",\"name\":\"Crocodile Ring &#8211; Caroline Savoie Joaillerie\",\"isPartOf\":{\"@id\":\"https:\\\/\\\/carolinesavoiejoaillerie.com\\\/en\\\/#website\"},\"primaryImageOfPage\":{\"@id\":\"https:\\\/\\\/carolinesavoiejoaillerie.com\\\/en\\\/produit\\\/crocodile-ring\\\/#primaryimage\"},\"image\":{\"@id\":\"https:\\\/\\\/carolinesavoiejoaillerie.com\\\/en\\\/produit\\\/crocodile-ring\\\/#primaryimage\"},\"thumbnailUrl\":\"https:\\\/\\\/carolinesavoiejoaillerie.com\\\/wp-content\\\/uploads\\\/2018\\\/01\\\/Caroline-Savoie-Joaillerie-Bague-Unisexe-Crocodile-Argent-Texture-1.jpg\",\"datePublished\":\"2017-12-03T23:04:28+00:00\",\"dateModified\":\"2020-05-30T17:21:12+00:00\",\"description\":\"Caroline Savoie creates exclusive and comfortable rings, both classic and contemporary. Unisex rings with unique and elegant textures. Raffined with an edge\",\"breadcrumb\":{\"@id\":\"https:\\\/\\\/carolinesavoiejoaillerie.com\\\/en\\\/produit\\\/crocodile-ring\\\/#breadcrumb\"},\"inLanguage\":\"en-CA\",\"potentialAction\":[{\"@type\":\"ReadAction\",\"target\":[\"https:\\\/\\\/carolinesavoiejoaillerie.com\\\/en\\\/produit\\\/crocodile-ring\\\/\"]}]},{\"@type\":\"ImageObject\",\"inLanguage\":\"en-CA\",\"@id\":\"https:\\\/\\\/carolinesavoiejoaillerie.com\\\/en\\\/produit\\\/crocodile-ring\\\/#primaryimage\",\"url\":\"https:\\\/\\\/carolinesavoiejoaillerie.com\\\/wp-content\\\/uploads\\\/2018\\\/01\\\/Caroline-Savoie-Joaillerie-Bague-Unisexe-Crocodile-Argent-Texture-1.jpg\",\"contentUrl\":\"https:\\\/\\\/carolinesavoiejoaillerie.com\\\/wp-content\\\/uploads\\\/2018\\\/01\\\/Caroline-Savoie-Joaillerie-Bague-Unisexe-Crocodile-Argent-Texture-1.jpg\",\"width\":2346,\"height\":2347,\"caption\":\"Caroline Savoie Joaillerie Bague Unisexe Crocodile Argent Texture\"},{\"@type\":\"BreadcrumbList\",\"@id\":\"https:\\\/\\\/carolinesavoiejoaillerie.com\\\/en\\\/produit\\\/crocodile-ring\\\/#breadcrumb\",\"itemListElement\":[{\"@type\":\"ListItem\",\"position\":1,\"name\":\"Accueil\",\"item\":\"https:\\\/\\\/carolinesavoiejoaillerie.com\\\/en\\\/\"},{\"@type\":\"ListItem\",\"position\":2,\"name\":\"Shop\",\"item\":\"https:\\\/\\\/carolinesavoiejoaillerie.com\\\/en\\\/shop\\\/\"},{\"@type\":\"ListItem\",\"position\":3,\"name\":\"Crocodile Ring\"}]},{\"@type\":\"WebSite\",\"@id\":\"https:\\\/\\\/carolinesavoiejoaillerie.com\\\/en\\\/#website\",\"url\":\"https:\\\/\\\/carolinesavoiejoaillerie.com\\\/en\\\/\",\"name\":\"Caroline Savoie Joaillerie\",\"description\":\"Bijoux fabriqu\u00e9s \u00e0 la main, au Qu\u00e9bec\",\"publisher\":{\"@id\":\"https:\\\/\\\/carolinesavoiejoaillerie.com\\\/en\\\/#organization\"},\"potentialAction\":[{\"@type\":\"SearchAction\",\"target\":{\"@type\":\"EntryPoint\",\"urlTemplate\":\"https:\\\/\\\/carolinesavoiejoaillerie.com\\\/en\\\/?s={search_term_string}\"},\"query-input\":{\"@type\":\"PropertyValueSpecification\",\"valueRequired\":true,\"valueName\":\"search_term_string\"}}],\"inLanguage\":\"en-CA\"},{\"@type\":\"Organization\",\"@id\":\"https:\\\/\\\/carolinesavoiejoaillerie.com\\\/en\\\/#organization\",\"name\":\"Caroline Savoie\",\"url\":\"https:\\\/\\\/carolinesavoiejoaillerie.com\\\/en\\\/\",\"logo\":{\"@type\":\"ImageObject\",\"inLanguage\":\"en-CA\",\"@id\":\"https:\\\/\\\/carolinesavoiejoaillerie.com\\\/en\\\/#\\\/schema\\\/logo\\\/image\\\/\",\"url\":\"https:\\\/\\\/carolinesavoiejoaillerie.com\\\/wp-content\\\/uploads\\\/2017\\\/10\\\/CarolineSavoieLogoBlancSurNoirSquare-e1508601602913.png\",\"contentUrl\":\"https:\\\/\\\/carolinesavoiejoaillerie.com\\\/wp-content\\\/uploads\\\/2017\\\/10\\\/CarolineSavoieLogoBlancSurNoirSquare-e1508601602913.png\",\"width\":600,\"height\":599,\"caption\":\"Caroline Savoie\"},\"image\":{\"@id\":\"https:\\\/\\\/carolinesavoiejoaillerie.com\\\/en\\\/#\\\/schema\\\/logo\\\/image\\\/\"},\"sameAs\":[\"https:\\\/\\\/www.facebook.com\\\/carolinesavoiejoaillerie\\\/\",\"https:\\\/\\\/www.instagram.com\\\/caroline_savoie_joaillerie\\\/\",\"https:\\\/\\\/www.pinterest.com\\\/CSjoaillerie\\\/?eq=caroline savoie&amp;amp;amp;amp;amp;amp;etslf=NaN\"]}]}<\/script>\n<!-- \/ Yoast SEO plugin. -->","yoast_head_json":{"title":"Crocodile Ring &#8211; Caroline Savoie Joaillerie","description":"Caroline Savoie creates exclusive and comfortable rings, both classic and contemporary. Unisex rings with unique and elegant textures. Raffined with an edge","robots":{"index":"index","follow":"follow","max-snippet":"max-snippet:-1","max-image-preview":"max-image-preview:large","max-video-preview":"max-video-preview:-1"},"canonical":"https:\/\/carolinesavoiejoaillerie.com\/en\/produit\/crocodile-ring\/","og_locale":"en_US","og_type":"article","og_title":"Crocodile Ring &#8211; Caroline Savoie Joaillerie","og_description":"Caroline Savoie creates exclusive and comfortable rings, both classic and contemporary. Unisex rings with unique and elegant textures. Raffined with an edge","og_url":"https:\/\/carolinesavoiejoaillerie.com\/en\/produit\/crocodile-ring\/","og_site_name":"Caroline Savoie Joaillerie","article_publisher":"https:\/\/www.facebook.com\/carolinesavoiejoaillerie\/","article_modified_time":"2020-05-30T17:21:12+00:00","og_image":[{"width":2346,"height":2347,"url":"https:\/\/carolinesavoiejoaillerie.com\/wp-content\/uploads\/2018\/01\/Caroline-Savoie-Joaillerie-Bague-Unisexe-Crocodile-Argent-Texture-1.jpg","type":"image\/jpeg"}],"twitter_card":"summary_large_image","schema":{"@context":"https:\/\/schema.org","@graph":[{"@type":"WebPage","@id":"https:\/\/carolinesavoiejoaillerie.com\/en\/produit\/crocodile-ring\/","url":"https:\/\/carolinesavoiejoaillerie.com\/en\/produit\/crocodile-ring\/","name":"Crocodile Ring &#8211; Caroline Savoie Joaillerie","isPartOf":{"@id":"https:\/\/carolinesavoiejoaillerie.com\/en\/#website"},"primaryImageOfPage":{"@id":"https:\/\/carolinesavoiejoaillerie.com\/en\/produit\/crocodile-ring\/#primaryimage"},"image":{"@id":"https:\/\/carolinesavoiejoaillerie.com\/en\/produit\/crocodile-ring\/#primaryimage"},"thumbnailUrl":"https:\/\/carolinesavoiejoaillerie.com\/wp-content\/uploads\/2018\/01\/Caroline-Savoie-Joaillerie-Bague-Unisexe-Crocodile-Argent-Texture-1.jpg","datePublished":"2017-12-03T23:04:28+00:00","dateModified":"2020-05-30T17:21:12+00:00","description":"Caroline Savoie creates exclusive and comfortable rings, both classic and contemporary. Unisex rings with unique and elegant textures. Raffined with an edge","breadcrumb":{"@id":"https:\/\/carolinesavoiejoaillerie.com\/en\/produit\/crocodile-ring\/#breadcrumb"},"inLanguage":"en-CA","potentialAction":[{"@type":"ReadAction","target":["https:\/\/carolinesavoiejoaillerie.com\/en\/produit\/crocodile-ring\/"]}]},{"@type":"ImageObject","inLanguage":"en-CA","@id":"https:\/\/carolinesavoiejoaillerie.com\/en\/produit\/crocodile-ring\/#primaryimage","url":"https:\/\/carolinesavoiejoaillerie.com\/wp-content\/uploads\/2018\/01\/Caroline-Savoie-Joaillerie-Bague-Unisexe-Crocodile-Argent-Texture-1.jpg","contentUrl":"https:\/\/carolinesavoiejoaillerie.com\/wp-content\/uploads\/2018\/01\/Caroline-Savoie-Joaillerie-Bague-Unisexe-Crocodile-Argent-Texture-1.jpg","width":2346,"height":2347,"caption":"Caroline Savoie Joaillerie Bague Unisexe Crocodile Argent Texture"},{"@type":"BreadcrumbList","@id":"https:\/\/carolinesavoiejoaillerie.com\/en\/produit\/crocodile-ring\/#breadcrumb","itemListElement":[{"@type":"ListItem","position":1,"name":"Accueil","item":"https:\/\/carolinesavoiejoaillerie.com\/en\/"},{"@type":"ListItem","position":2,"name":"Shop","item":"https:\/\/carolinesavoiejoaillerie.com\/en\/shop\/"},{"@type":"ListItem","position":3,"name":"Crocodile Ring"}]},{"@type":"WebSite","@id":"https:\/\/carolinesavoiejoaillerie.com\/en\/#website","url":"https:\/\/carolinesavoiejoaillerie.com\/en\/","name":"Caroline Savoie Joaillerie","description":"Bijoux fabriqu\u00e9s \u00e0 la main, au Qu\u00e9bec","publisher":{"@id":"https:\/\/carolinesavoiejoaillerie.com\/en\/#organization"},"potentialAction":[{"@type":"SearchAction","target":{"@type":"EntryPoint","urlTemplate":"https:\/\/carolinesavoiejoaillerie.com\/en\/?s={search_term_string}"},"query-input":{"@type":"PropertyValueSpecification","valueRequired":true,"valueName":"search_term_string"}}],"inLanguage":"en-CA"},{"@type":"Organization","@id":"https:\/\/carolinesavoiejoaillerie.com\/en\/#organization","name":"Caroline Savoie","url":"https:\/\/carolinesavoiejoaillerie.com\/en\/","logo":{"@type":"ImageObject","inLanguage":"en-CA","@id":"https:\/\/carolinesavoiejoaillerie.com\/en\/#\/schema\/logo\/image\/","url":"https:\/\/carolinesavoiejoaillerie.com\/wp-content\/uploads\/2017\/10\/CarolineSavoieLogoBlancSurNoirSquare-e1508601602913.png","contentUrl":"https:\/\/carolinesavoiejoaillerie.com\/wp-content\/uploads\/2017\/10\/CarolineSavoieLogoBlancSurNoirSquare-e1508601602913.png","width":600,"height":599,"caption":"Caroline Savoie"},"image":{"@id":"https:\/\/carolinesavoiejoaillerie.com\/en\/#\/schema\/logo\/image\/"},"sameAs":["https:\/\/www.facebook.com\/carolinesavoiejoaillerie\/","https:\/\/www.instagram.com\/caroline_savoie_joaillerie\/","https:\/\/www.pinterest.com\/CSjoaillerie\/?eq=caroline savoie&amp;amp;amp;amp;amp;amp;etslf=NaN"]}]}},"_links":{"self":[{"href":"https:\/\/carolinesavoiejoaillerie.com\/en\/wp-json\/wp\/v2\/product\/12887","targetHints":{"allow":["GET"]}}],"collection":[{"href":"https:\/\/carolinesavoiejoaillerie.com\/en\/wp-json\/wp\/v2\/product"}],"about":[{"href":"https:\/\/carolinesavoiejoaillerie.com\/en\/wp-json\/wp\/v2\/types\/product"}],"wp:featuredmedia":[{"embeddable":true,"href":"https:\/\/carolinesavoiejoaillerie.com\/en\/wp-json\/wp\/v2\/media\/24125"}],"wp:attachment":[{"href":"https:\/\/carolinesavoiejoaillerie.com\/en\/wp-json\/wp\/v2\/media?parent=12887"}],"wp:term":[{"taxonomy":"product_brand","embeddable":true,"href":"https:\/\/carolinesavoiejoaillerie.com\/en\/wp-json\/wp\/v2\/product_brand?post=12887"},{"taxonomy":"product_cat","embeddable":true,"href":"https:\/\/carolinesavoiejoaillerie.com\/en\/wp-json\/wp\/v2\/product_cat?post=12887"},{"taxonomy":"product_tag","embeddable":true,"href":"https:\/\/carolinesavoiejoaillerie.com\/en\/wp-json\/wp\/v2\/product_tag?post=12887"}],"curies":[{"name":"wp","href":"https:\/\/api.w.org\/{rel}","templated":true}]}}