{"id":26392,"date":"2020-04-23T16:35:02","date_gmt":"2020-04-23T20:35:02","guid":{"rendered":"https:\/\/carolinesavoiejoaillerie.com\/press-2\/"},"modified":"2020-04-23T16:36:57","modified_gmt":"2020-04-23T20:36:57","slug":"press","status":"publish","type":"page","link":"https:\/\/carolinesavoiejoaillerie.com\/en\/press\/","title":{"rendered":"Press"},"content":{"rendered":"<div class=\"wpb-content-wrapper\"><p>[vc_row][vc_column]<div class=\"nm-portfolio-wrap\">\r\n\r\n<div class=\"nm-portfolio layout-standard no-categories\">\r\n    \r\n    <ul class=\"nm-portfolio-grid small-block-grid-1 medium-block-grid-2 large-block-grid-3\">\r\n<li>\r\n    <a href=\"https:\/\/carolinesavoiejoaillerie.com\/en\/presse\/celine-bonnier-gala\/\">\r\n        <div class=\"nm-portfolio-item-image\">\r\n            <img decoding=\"async\" src=\"https:\/\/carolinesavoiejoaillerie.com\/wp-content\/uploads\/2018\/11\/Caroline-Savoie-Joaillerie-Celine-Bonnier-Prix-Gemeaux-Bague-Perle-Coquille-2.jpeg\" alt=\"Caroline Savoie Joaillerie Celine Bonnier Prix Gemeaux Bague Perle Coquille (2)\" \/><div class=\"nm-image-overlay\"><\/div>        <\/div>\r\n\r\n        <div class=\"nm-portfolio-item-details text-color-gray\">\r\n            <h2>Celine Bonnier &#8211; Gala<\/h2>            <p><\/p>\r\n        <\/div>\r\n    <\/a>\r\n<\/li>\r\n\r\n<li>\r\n    <a href=\"https:\/\/carolinesavoiejoaillerie.com\/en\/presse\/dress-to-kill-magazine\/\">\r\n        <div class=\"nm-portfolio-item-image\">\r\n            <img decoding=\"async\" src=\"https:\/\/carolinesavoiejoaillerie.com\/wp-content\/uploads\/2020\/05\/Caroline-Savoie-Joaillerie-Magazine-Mode-Dress-To-Kill-Cover-Bijoux-Faits-Main-Quebec-Handmade-Jewelry-Fashion-2.jpg\" alt=\"Caroline Savoie Joaillerie Magazine Mode Dress To Kill Cover Bijoux Faits Main Quebec Handmade Jewelry Fashion (2)\" \/><div class=\"nm-image-overlay\"><\/div>        <\/div>\r\n\r\n        <div class=\"nm-portfolio-item-details text-color-gray\">\r\n            <h2>Dress To Kill Magazine<\/h2>            <p><\/p>\r\n        <\/div>\r\n    <\/a>\r\n<\/li>\r\n\r\n<li>\r\n    <a href=\"https:\/\/carolinesavoiejoaillerie.com\/en\/presse\/top-canadian-jewellers-dress-to-kill-magazine\/\">\r\n        <div class=\"nm-portfolio-item-image\">\r\n            <img decoding=\"async\" src=\"https:\/\/carolinesavoiejoaillerie.com\/wp-content\/uploads\/2020\/04\/caroline_savoie_medias.jpg\" alt=\"Caroline Savoie Joaillerie M\u00e9dias\" \/><div class=\"nm-image-overlay\"><\/div>        <\/div>\r\n\r\n        <div class=\"nm-portfolio-item-details text-color-gray\">\r\n            <h2>Top Canadian Jewellers &#8211; Dress To Kill Magazine<\/h2>            <p><\/p>\r\n        <\/div>\r\n    <\/a>\r\n<\/li>\r\n\r\n<li>\r\n    <a href=\"https:\/\/carolinesavoiejoaillerie.com\/en\/presse\/elle-canada-magazine\/\">\r\n        <div class=\"nm-portfolio-item-image\">\r\n            <img decoding=\"async\" src=\"https:\/\/carolinesavoiejoaillerie.com\/wp-content\/uploads\/2018\/01\/Caroline-Savoie-Joaillerie-Bijoux-Elle-Canada-Elle-Quebec-Cover-Fevrier-2018-3-scaled.jpg\" alt=\"Caroline Savoie Joaillerie Bijoux Elle Canada Magazine Elle Quebec Cover (3)\" \/><div class=\"nm-image-overlay\"><\/div>        <\/div>\r\n\r\n        <div class=\"nm-portfolio-item-details text-color-gray\">\r\n            <h2>Elle Canada Magazine<\/h2>            <p><\/p>\r\n        <\/div>\r\n    <\/a>\r\n<\/li>\r\n\r\n<li>\r\n    <a href=\"https:\/\/carolinesavoiejoaillerie.com\/en\/presse\/dtk-men\/\">\r\n        <div class=\"nm-portfolio-item-image\">\r\n            <img decoding=\"async\" src=\"https:\/\/carolinesavoiejoaillerie.com\/wp-content\/uploads\/2014\/12\/Caroline-Savoie-Joaillerie-Bague-Unisex-Argent-Bijoux-Montr\u00e9al-Fait-\u00e0-la-main-Joailli\u00e8re.png\" alt=\"Caroline Savoie Joaillerie Bague Unisex Argent Bijoux Montreal Fait Main DTK Magazine\" \/><div class=\"nm-image-overlay\"><\/div>        <\/div>\r\n\r\n        <div class=\"nm-portfolio-item-details text-color-gray\">\r\n            <h2>DTK Men<\/h2>            <p><\/p>\r\n        <\/div>\r\n    <\/a>\r\n<\/li>\r\n\r\n<li>\r\n    <a href=\"https:\/\/carolinesavoiejoaillerie.com\/en\/presse\/bianca-gervais-pure-magazine\/\">\r\n        <div class=\"nm-portfolio-item-image\">\r\n            <img decoding=\"async\" src=\"https:\/\/carolinesavoiejoaillerie.com\/wp-content\/uploads\/2014\/12\/Caroline-Savoie-Joaillerie-Bijoux-Argent-Fait-\u00e0-la-main-\u00e0-Montr\u00e9al-Original-Design-Joailli\u00e8re-Bague-Bianca-Gervais-2.jpg\" alt=\"Caroline Savoie Joaillerie Bijoux Bague Diamant Leopard Fait main Montreal Bianca Gervais (2)\" \/><div class=\"nm-image-overlay\"><\/div>        <\/div>\r\n\r\n        <div class=\"nm-portfolio-item-details text-color-gray\">\r\n            <h2>Bianca Gervais &#8211; Pure Magazine<\/h2>            <p><\/p>\r\n        <\/div>\r\n    <\/a>\r\n<\/li>\r\n\r\n<li>\r\n    <a href=\"https:\/\/carolinesavoiejoaillerie.com\/en\/presse\/la-presse\/\">\r\n        <div class=\"nm-portfolio-item-image\">\r\n            <img decoding=\"async\" src=\"https:\/\/carolinesavoiejoaillerie.com\/wp-content\/uploads\/2018\/11\/Caroline-Savoie-Joaillerie-La-Presse-Plus-Bague-Bonbon-1.jpeg\" alt=\"Caroline Savoie Joaillerie La Presse Plus Bague Bonbon Bijoux Faits a la main au Quebec (1)\" \/><div class=\"nm-image-overlay\"><\/div>        <\/div>\r\n\r\n        <div class=\"nm-portfolio-item-details text-color-gray\">\r\n            <h2>La Presse<\/h2>            <p><\/p>\r\n        <\/div>\r\n    <\/a>\r\n<\/li>\r\n    <\/ul>\r\n\r\n    <nav class=\"nm-portfolio-pagination\">\r\n        <\/nav>\r\n    \r\n<\/div>\r\n\r\n<\/div>[\/vc_column][\/vc_row]<\/p>\n<\/div>","protected":false},"excerpt":{"rendered":"<p>[vc_row][vc_column][\/vc_column][\/vc_row]<\/p>\n","protected":false},"author":1,"featured_media":0,"parent":0,"menu_order":0,"comment_status":"closed","ping_status":"closed","template":"","meta":{"footnotes":""},"class_list":["post-26392","page","type-page","status-publish","hentry"],"yoast_head":"<!-- This site is optimized with the Yoast SEO plugin v27.3 - https:\/\/yoast.com\/product\/yoast-seo-wordpress\/ -->\n<title>Press &#8211; Caroline Savoie Joaillerie<\/title>\n<meta name=\"robots\" content=\"index, follow, max-snippet:-1, max-image-preview:large, max-video-preview:-1\" \/>\n<link rel=\"canonical\" href=\"https:\/\/carolinesavoiejoaillerie.com\/en\/press\/\" \/>\n<meta property=\"og:locale\" content=\"en_US\" \/>\n<meta property=\"og:type\" content=\"article\" \/>\n<meta property=\"og:title\" content=\"Press &#8211; Caroline Savoie Joaillerie\" \/>\n<meta property=\"og:description\" content=\"[vc_row][vc_column][\/vc_column][\/vc_row]\" \/>\n<meta property=\"og:url\" content=\"https:\/\/carolinesavoiejoaillerie.com\/en\/press\/\" \/>\n<meta property=\"og:site_name\" content=\"Caroline Savoie Joaillerie\" \/>\n<meta property=\"article:publisher\" content=\"https:\/\/www.facebook.com\/carolinesavoiejoaillerie\/\" \/>\n<meta property=\"article:modified_time\" content=\"2020-04-23T20:36:57+00:00\" \/>\n<meta property=\"og:image\" content=\"https:\/\/carolinesavoiejoaillerie.com\/wp-content\/uploads\/2017\/10\/CarolineSavoieLogoBlancSurNoirSquare-e1508601602913.png\" \/>\n\t<meta property=\"og:image:width\" content=\"600\" \/>\n\t<meta property=\"og:image:height\" content=\"599\" \/>\n\t<meta property=\"og:image:type\" content=\"image\/png\" \/>\n<meta name=\"twitter:card\" content=\"summary_large_image\" \/>\n<script type=\"application\/ld+json\" class=\"yoast-schema-graph\">{\"@context\":\"https:\\\/\\\/schema.org\",\"@graph\":[{\"@type\":\"WebPage\",\"@id\":\"https:\\\/\\\/carolinesavoiejoaillerie.com\\\/en\\\/press\\\/\",\"url\":\"https:\\\/\\\/carolinesavoiejoaillerie.com\\\/en\\\/press\\\/\",\"name\":\"Press &#8211; Caroline Savoie Joaillerie\",\"isPartOf\":{\"@id\":\"https:\\\/\\\/carolinesavoiejoaillerie.com\\\/en\\\/#website\"},\"datePublished\":\"2020-04-23T20:35:02+00:00\",\"dateModified\":\"2020-04-23T20:36:57+00:00\",\"breadcrumb\":{\"@id\":\"https:\\\/\\\/carolinesavoiejoaillerie.com\\\/en\\\/press\\\/#breadcrumb\"},\"inLanguage\":\"en-CA\",\"potentialAction\":[{\"@type\":\"ReadAction\",\"target\":[\"https:\\\/\\\/carolinesavoiejoaillerie.com\\\/en\\\/press\\\/\"]}]},{\"@type\":\"BreadcrumbList\",\"@id\":\"https:\\\/\\\/carolinesavoiejoaillerie.com\\\/en\\\/press\\\/#breadcrumb\",\"itemListElement\":[{\"@type\":\"ListItem\",\"position\":1,\"name\":\"Accueil\",\"item\":\"https:\\\/\\\/carolinesavoiejoaillerie.com\\\/en\\\/\"},{\"@type\":\"ListItem\",\"position\":2,\"name\":\"Press\"}]},{\"@type\":\"WebSite\",\"@id\":\"https:\\\/\\\/carolinesavoiejoaillerie.com\\\/en\\\/#website\",\"url\":\"https:\\\/\\\/carolinesavoiejoaillerie.com\\\/en\\\/\",\"name\":\"Caroline Savoie Joaillerie\",\"description\":\"Bijoux fabriqu\u00e9s \u00e0 la main, au Qu\u00e9bec\",\"publisher\":{\"@id\":\"https:\\\/\\\/carolinesavoiejoaillerie.com\\\/en\\\/#organization\"},\"potentialAction\":[{\"@type\":\"SearchAction\",\"target\":{\"@type\":\"EntryPoint\",\"urlTemplate\":\"https:\\\/\\\/carolinesavoiejoaillerie.com\\\/en\\\/?s={search_term_string}\"},\"query-input\":{\"@type\":\"PropertyValueSpecification\",\"valueRequired\":true,\"valueName\":\"search_term_string\"}}],\"inLanguage\":\"en-CA\"},{\"@type\":\"Organization\",\"@id\":\"https:\\\/\\\/carolinesavoiejoaillerie.com\\\/en\\\/#organization\",\"name\":\"Caroline Savoie\",\"url\":\"https:\\\/\\\/carolinesavoiejoaillerie.com\\\/en\\\/\",\"logo\":{\"@type\":\"ImageObject\",\"inLanguage\":\"en-CA\",\"@id\":\"https:\\\/\\\/carolinesavoiejoaillerie.com\\\/en\\\/#\\\/schema\\\/logo\\\/image\\\/\",\"url\":\"https:\\\/\\\/carolinesavoiejoaillerie.com\\\/wp-content\\\/uploads\\\/2017\\\/10\\\/CarolineSavoieLogoBlancSurNoirSquare-e1508601602913.png\",\"contentUrl\":\"https:\\\/\\\/carolinesavoiejoaillerie.com\\\/wp-content\\\/uploads\\\/2017\\\/10\\\/CarolineSavoieLogoBlancSurNoirSquare-e1508601602913.png\",\"width\":600,\"height\":599,\"caption\":\"Caroline Savoie\"},\"image\":{\"@id\":\"https:\\\/\\\/carolinesavoiejoaillerie.com\\\/en\\\/#\\\/schema\\\/logo\\\/image\\\/\"},\"sameAs\":[\"https:\\\/\\\/www.facebook.com\\\/carolinesavoiejoaillerie\\\/\",\"https:\\\/\\\/www.instagram.com\\\/caroline_savoie_joaillerie\\\/\",\"https:\\\/\\\/www.pinterest.com\\\/CSjoaillerie\\\/?eq=caroline savoie&amp;amp;amp;amp;amp;amp;etslf=NaN\"]}]}<\/script>\n<!-- \/ Yoast SEO plugin. -->","yoast_head_json":{"title":"Press &#8211; Caroline Savoie Joaillerie","robots":{"index":"index","follow":"follow","max-snippet":"max-snippet:-1","max-image-preview":"max-image-preview:large","max-video-preview":"max-video-preview:-1"},"canonical":"https:\/\/carolinesavoiejoaillerie.com\/en\/press\/","og_locale":"en_US","og_type":"article","og_title":"Press &#8211; Caroline Savoie Joaillerie","og_description":"[vc_row][vc_column][\/vc_column][\/vc_row]","og_url":"https:\/\/carolinesavoiejoaillerie.com\/en\/press\/","og_site_name":"Caroline Savoie Joaillerie","article_publisher":"https:\/\/www.facebook.com\/carolinesavoiejoaillerie\/","article_modified_time":"2020-04-23T20:36:57+00:00","og_image":[{"width":600,"height":599,"url":"https:\/\/carolinesavoiejoaillerie.com\/wp-content\/uploads\/2017\/10\/CarolineSavoieLogoBlancSurNoirSquare-e1508601602913.png","type":"image\/png"}],"twitter_card":"summary_large_image","schema":{"@context":"https:\/\/schema.org","@graph":[{"@type":"WebPage","@id":"https:\/\/carolinesavoiejoaillerie.com\/en\/press\/","url":"https:\/\/carolinesavoiejoaillerie.com\/en\/press\/","name":"Press &#8211; Caroline Savoie Joaillerie","isPartOf":{"@id":"https:\/\/carolinesavoiejoaillerie.com\/en\/#website"},"datePublished":"2020-04-23T20:35:02+00:00","dateModified":"2020-04-23T20:36:57+00:00","breadcrumb":{"@id":"https:\/\/carolinesavoiejoaillerie.com\/en\/press\/#breadcrumb"},"inLanguage":"en-CA","potentialAction":[{"@type":"ReadAction","target":["https:\/\/carolinesavoiejoaillerie.com\/en\/press\/"]}]},{"@type":"BreadcrumbList","@id":"https:\/\/carolinesavoiejoaillerie.com\/en\/press\/#breadcrumb","itemListElement":[{"@type":"ListItem","position":1,"name":"Accueil","item":"https:\/\/carolinesavoiejoaillerie.com\/en\/"},{"@type":"ListItem","position":2,"name":"Press"}]},{"@type":"WebSite","@id":"https:\/\/carolinesavoiejoaillerie.com\/en\/#website","url":"https:\/\/carolinesavoiejoaillerie.com\/en\/","name":"Caroline Savoie Joaillerie","description":"Bijoux fabriqu\u00e9s \u00e0 la main, au Qu\u00e9bec","publisher":{"@id":"https:\/\/carolinesavoiejoaillerie.com\/en\/#organization"},"potentialAction":[{"@type":"SearchAction","target":{"@type":"EntryPoint","urlTemplate":"https:\/\/carolinesavoiejoaillerie.com\/en\/?s={search_term_string}"},"query-input":{"@type":"PropertyValueSpecification","valueRequired":true,"valueName":"search_term_string"}}],"inLanguage":"en-CA"},{"@type":"Organization","@id":"https:\/\/carolinesavoiejoaillerie.com\/en\/#organization","name":"Caroline Savoie","url":"https:\/\/carolinesavoiejoaillerie.com\/en\/","logo":{"@type":"ImageObject","inLanguage":"en-CA","@id":"https:\/\/carolinesavoiejoaillerie.com\/en\/#\/schema\/logo\/image\/","url":"https:\/\/carolinesavoiejoaillerie.com\/wp-content\/uploads\/2017\/10\/CarolineSavoieLogoBlancSurNoirSquare-e1508601602913.png","contentUrl":"https:\/\/carolinesavoiejoaillerie.com\/wp-content\/uploads\/2017\/10\/CarolineSavoieLogoBlancSurNoirSquare-e1508601602913.png","width":600,"height":599,"caption":"Caroline Savoie"},"image":{"@id":"https:\/\/carolinesavoiejoaillerie.com\/en\/#\/schema\/logo\/image\/"},"sameAs":["https:\/\/www.facebook.com\/carolinesavoiejoaillerie\/","https:\/\/www.instagram.com\/caroline_savoie_joaillerie\/","https:\/\/www.pinterest.com\/CSjoaillerie\/?eq=caroline savoie&amp;amp;amp;amp;amp;amp;etslf=NaN"]}]}},"_links":{"self":[{"href":"https:\/\/carolinesavoiejoaillerie.com\/en\/wp-json\/wp\/v2\/pages\/26392","targetHints":{"allow":["GET"]}}],"collection":[{"href":"https:\/\/carolinesavoiejoaillerie.com\/en\/wp-json\/wp\/v2\/pages"}],"about":[{"href":"https:\/\/carolinesavoiejoaillerie.com\/en\/wp-json\/wp\/v2\/types\/page"}],"author":[{"embeddable":true,"href":"https:\/\/carolinesavoiejoaillerie.com\/en\/wp-json\/wp\/v2\/users\/1"}],"replies":[{"embeddable":true,"href":"https:\/\/carolinesavoiejoaillerie.com\/en\/wp-json\/wp\/v2\/comments?post=26392"}],"version-history":[{"count":1,"href":"https:\/\/carolinesavoiejoaillerie.com\/en\/wp-json\/wp\/v2\/pages\/26392\/revisions"}],"predecessor-version":[{"id":26393,"href":"https:\/\/carolinesavoiejoaillerie.com\/en\/wp-json\/wp\/v2\/pages\/26392\/revisions\/26393"}],"wp:attachment":[{"href":"https:\/\/carolinesavoiejoaillerie.com\/en\/wp-json\/wp\/v2\/media?parent=26392"}],"curies":[{"name":"wp","href":"https:\/\/api.w.org\/{rel}","templated":true}]}}