{"id":12281,"date":"2018-03-27T19:31:14","date_gmt":"2018-03-27T23:31:14","guid":{"rendered":"http:\/\/carolinesavoiejoaillerie.com\/?page_id=12281"},"modified":"2025-10-16T15:01:56","modified_gmt":"2025-10-16T19:01:56","slug":"policies-and-conditions","status":"publish","type":"page","link":"https:\/\/carolinesavoiejoaillerie.com\/en\/policies-and-conditions\/","title":{"rendered":"Policies and conditions"},"content":{"rendered":"<div class=\"wpb-content-wrapper\"><p>[vc_row][vc_column width=&#8221;1\/3&#8243;][vc_empty_space height=&#8221;100px&#8221;][vc_separator align=&#8221;align_left&#8221;][\/vc_column][vc_column width=&#8221;1\/3&#8243;][vc_empty_space height=&#8221;80px&#8221;][vc_column_text]<\/p>\n<h1 style=\"text-align: center;\">POLICIES AND CONDITIONS<\/h1>\n<p>[\/vc_column_text][\/vc_column][vc_column width=&#8221;1\/3&#8243;][vc_empty_space height=&#8221;100px&#8221;][vc_separator align=&#8221;align_right&#8221;][\/vc_column][\/vc_row][vc_row][vc_column width=&#8221;1\/6&#8243;][\/vc_column][vc_column width=&#8221;2\/3&#8243;][vc_column_text]<\/p>\n<p style=\"text-align: center;\">SATISFACTION GUARANTEE<\/p>\n<p>Caroline Savoie, jeweller is committed to offer the highest jewelry quality possible.Your complete satisfaction is our priority at all times. If there is a problem with your order, please contact us as soon as possible.<\/p>\n<p>You will no doubt understand that certain circumstances can not unfortunately be covered by our guarantee of satisfaction, especially if you make a mistake in ordering the ring size that you want.<\/p>\n<p>To avoid mistakes with finger sizes, please refer to the chart at your disposal to help you measure your finger size. <em>(\u00a0<a href=\"http:\/\/carolinesavoiejoaillerie.com\/wp-content\/uploads\/2017\/11\/E\u0301chelle-et-baguier.pdf\" target=\"blank\" rel=\"noopener noreferrer\"><u>Lien vers la charte<\/u><\/a>\u00a0)<\/em><\/p>\n<p>Do not hesitate to contact us for more information at : info@carolinesavoiejoaillerie.com<\/p>\n<p>The legal warranties of normal use and durability of the property, provided by the Civil Code of Quebec and the Consumer Protection Act, apply in addition to this satisfaction guarantee.[\/vc_column_text][vc_empty_space height=&#8221;50px&#8221;][vc_column_text css=&#8221;&#8221;]<\/p>\n<p style=\"text-align: center;\">SHIPPING POLICY<\/p>\n<p>We will deliver your jewellery order ( orders ) within 6 weeks of the date of purchase, when delivered to Canada.<\/p>\n<p>This delivery time may vary if it is a special order, in which case we will notify you of the delay.<\/p>\n<p>A 15$ fixed shipping fee will be applied on all deliveries made in Canada. ** Certain conditions apply.<\/p>\n<p>Please note that a 45$ fixed shipping fee will be applied on all international expeditions. ** Certain conditions apply.<\/p>\n<p>For orders delivered outside Canada, the delivery will be made in a reasonable time subject to the availability of carriers used.[\/vc_column_text][vc_empty_space height=&#8221;50px&#8221;][vc_column_text]<\/p>\n<p style=\"text-align: center;\">RETURN POLICY<\/p>\n<p>Compliant and error-free order cancellations are not permitted, subject to the provisions of the Consumer Protection Act.<\/p>\n<p>In the case of exchange authorized by Caroline Savoie, jeweller, you must ship the jewellery at your expense to obtain the credit *.<\/p>\n<p>The article must be in its original packaging and must not have been worn or modified in any way.<\/p>\n<p>You will obtain the credit only once we have received the return of the jewel and after verification that it has not been worn, modified or damaged by the transport of the return.<\/p>\n<p>* No refund, credit only.[\/vc_column_text][vc_empty_space height=&#8221;50px&#8221;][vc_column_text]<\/p>\n<p style=\"text-align: center;\">PERSONAL INFORMATIONS<\/p>\n<p>Your e-mail address and personal information will not be shared.<\/p>\n<p>For payment privacy policies, please refer to Paypal Terms of Use <em>(\u00a0<a href=\"https:\/\/www.paypal.com\/ca\/webapps\/mpp\/ua\/useragreement-full?locale.x=fr_CA\" target=\"_blank\" rel=\"noopener noreferrer\"><u>conditions d&#8217;utilisations de Paypal\u00a0<\/u><\/a>)<\/em><\/p>\n<h3 class=\"fusion-responsive-typography-calculated\" style=\"text-align: center;\" data-fontsize=\"20\" data-lineheight=\"24px\"><span style=\"font-size: 10pt;\">COOKIES<\/span><\/h3>\n<p>Cookies are pieces of information that are transferred to your computer from a web server.<\/p>\n<p>We use cookies to store visitor preferences, record session information, record user-specific information on what pages users access or visit, record past activity at a site in order to provide better service when visitors return to our site.<\/p>\n<p>Most browsers are set up to accept cookies, but you can change your settings to have your browser notify you when you receive a new cookie. You can also change your settings to refuse to accept cookies.[\/vc_column_text][vc_empty_space height=&#8221;50px&#8221;][vc_column_text]<\/p>\n<p style=\"text-align: center;\">COPYRIGHT<\/p>\n<p>Copyright and information published on this site are protected by intellectual property laws.<\/p>\n<p>[\/vc_column_text][vc_empty_space height=&#8221;50px&#8221;][vc_column_text css=&#8221;&#8221;]<\/p>\n<p style=\"text-align: center;\">ACCURACY OF INFORMATION<\/p>\n<p>The products offered on this site, the prices and their availability may be subject to revision and changes without notice.<\/p>\n<p>**Prices can fluctuate quickly, especially for gold jewelry. This depends on the market value of gold.[\/vc_column_text][vc_empty_space height=&#8221;50px&#8221;][vc_column_text]<\/p>\n<p style=\"text-align: center;\">LIMITATION OF LIABILITY<\/p>\n<p>Caroline Savoie, jeweller, its related companies, its directors, employees, representatives or agents can in no way be held responsible for any damage directly or indirectly related to the use of jewelry made by Caroline Savoie Jewellery.[\/vc_column_text][vc_empty_space height=&#8221;50px&#8221;][\/vc_column][vc_column width=&#8221;1\/6&#8243;][\/vc_column][\/vc_row]<\/p>\n<\/div>","protected":false},"excerpt":{"rendered":"<p>[vc_row][vc_column width=&#8221;1\/3&#8243;][vc_empty_space height=&#8221;100px&#8221;][vc_separator align=&#8221;align_left&#8221;][\/vc_column][vc_column width=&#8221;1\/3&#8243;][vc_empty_space height=&#8221;80px&#8221;][vc_column_text] POLICIES AND CONDITIONS [\/vc_column_text][\/vc_column][vc_column width=&#8221;1\/3&#8243;][vc_empty_space height=&#8221;100px&#8221;][vc_separator align=&#8221;align_right&#8221;][\/vc_column][\/vc_row][vc_row][vc_column width=&#8221;1\/6&#8243;][\/vc_column][vc_column width=&#8221;2\/3&#8243;][vc_column_text] SATISFACTION GUARANTEE Caroline Savoie, jeweller is committed to offer the highest jewelry quality possible.Your complete satisfaction is our priority at all times. If there is a problem with your order, please contact us as soon as possible. You will no &hellip;<\/p>\n","protected":false},"author":1,"featured_media":0,"parent":0,"menu_order":0,"comment_status":"closed","ping_status":"closed","template":"","meta":{"footnotes":""},"class_list":["post-12281","page","type-page","status-publish","hentry"],"yoast_head":"<!-- This site is optimized with the Yoast SEO plugin v27.4 - https:\/\/yoast.com\/product\/yoast-seo-wordpress\/ -->\n<title>Policies and conditions &#8211; Caroline Savoie Joaillerie<\/title>\n<meta name=\"description\" content=\"Caroline Savoie, jeweler, is committed to offer the highest jewelry quality. Your complete satisfaction is our priority at all times.\" \/>\n<meta name=\"robots\" content=\"index, follow, max-snippet:-1, max-image-preview:large, max-video-preview:-1\" \/>\n<link rel=\"canonical\" href=\"https:\/\/carolinesavoiejoaillerie.com\/en\/policies-and-conditions\/\" \/>\n<meta property=\"og:locale\" content=\"en_US\" \/>\n<meta property=\"og:type\" content=\"article\" \/>\n<meta property=\"og:title\" content=\"Policies and conditions &#8211; Caroline Savoie Joaillerie\" \/>\n<meta property=\"og:description\" content=\"Caroline Savoie, jeweler, is committed to offer the highest jewelry quality. Your complete satisfaction is our priority at all times.\" \/>\n<meta property=\"og:url\" content=\"https:\/\/carolinesavoiejoaillerie.com\/en\/policies-and-conditions\/\" \/>\n<meta property=\"og:site_name\" content=\"Caroline Savoie Joaillerie\" \/>\n<meta property=\"article:publisher\" content=\"https:\/\/www.facebook.com\/carolinesavoiejoaillerie\/\" \/>\n<meta property=\"article:modified_time\" content=\"2025-10-16T19:01:56+00:00\" \/>\n<meta property=\"og:image\" content=\"https:\/\/carolinesavoiejoaillerie.com\/wp-content\/uploads\/2017\/10\/CarolineSavoieLogoBlancSurNoirSquare-e1508601602913.png\" \/>\n\t<meta property=\"og:image:width\" content=\"600\" \/>\n\t<meta property=\"og:image:height\" content=\"599\" \/>\n\t<meta property=\"og:image:type\" content=\"image\/png\" \/>\n<meta name=\"twitter:card\" content=\"summary_large_image\" \/>\n<meta name=\"twitter:label1\" content=\"Est. reading time\" \/>\n\t<meta name=\"twitter:data1\" content=\"3 minutes\" \/>\n<script type=\"application\/ld+json\" class=\"yoast-schema-graph\">{\"@context\":\"https:\\\/\\\/schema.org\",\"@graph\":[{\"@type\":\"WebPage\",\"@id\":\"https:\\\/\\\/carolinesavoiejoaillerie.com\\\/en\\\/policies-and-conditions\\\/\",\"url\":\"https:\\\/\\\/carolinesavoiejoaillerie.com\\\/en\\\/policies-and-conditions\\\/\",\"name\":\"Policies and conditions &#8211; Caroline Savoie Joaillerie\",\"isPartOf\":{\"@id\":\"https:\\\/\\\/carolinesavoiejoaillerie.com\\\/en\\\/#website\"},\"datePublished\":\"2018-03-27T23:31:14+00:00\",\"dateModified\":\"2025-10-16T19:01:56+00:00\",\"description\":\"Caroline Savoie, jeweler, is committed to offer the highest jewelry quality. Your complete satisfaction is our priority at all times.\",\"breadcrumb\":{\"@id\":\"https:\\\/\\\/carolinesavoiejoaillerie.com\\\/en\\\/policies-and-conditions\\\/#breadcrumb\"},\"inLanguage\":\"en-CA\",\"potentialAction\":[{\"@type\":\"ReadAction\",\"target\":[\"https:\\\/\\\/carolinesavoiejoaillerie.com\\\/en\\\/policies-and-conditions\\\/\"]}]},{\"@type\":\"BreadcrumbList\",\"@id\":\"https:\\\/\\\/carolinesavoiejoaillerie.com\\\/en\\\/policies-and-conditions\\\/#breadcrumb\",\"itemListElement\":[{\"@type\":\"ListItem\",\"position\":1,\"name\":\"Accueil\",\"item\":\"https:\\\/\\\/carolinesavoiejoaillerie.com\\\/en\\\/\"},{\"@type\":\"ListItem\",\"position\":2,\"name\":\"Policies and conditions\"}]},{\"@type\":\"WebSite\",\"@id\":\"https:\\\/\\\/carolinesavoiejoaillerie.com\\\/en\\\/#website\",\"url\":\"https:\\\/\\\/carolinesavoiejoaillerie.com\\\/en\\\/\",\"name\":\"Caroline Savoie Joaillerie\",\"description\":\"Bijoux fabriqu\u00e9s \u00e0 la main, au Qu\u00e9bec\",\"publisher\":{\"@id\":\"https:\\\/\\\/carolinesavoiejoaillerie.com\\\/en\\\/#organization\"},\"potentialAction\":[{\"@type\":\"SearchAction\",\"target\":{\"@type\":\"EntryPoint\",\"urlTemplate\":\"https:\\\/\\\/carolinesavoiejoaillerie.com\\\/en\\\/?s={search_term_string}\"},\"query-input\":{\"@type\":\"PropertyValueSpecification\",\"valueRequired\":true,\"valueName\":\"search_term_string\"}}],\"inLanguage\":\"en-CA\"},{\"@type\":\"Organization\",\"@id\":\"https:\\\/\\\/carolinesavoiejoaillerie.com\\\/en\\\/#organization\",\"name\":\"Caroline Savoie\",\"url\":\"https:\\\/\\\/carolinesavoiejoaillerie.com\\\/en\\\/\",\"logo\":{\"@type\":\"ImageObject\",\"inLanguage\":\"en-CA\",\"@id\":\"https:\\\/\\\/carolinesavoiejoaillerie.com\\\/en\\\/#\\\/schema\\\/logo\\\/image\\\/\",\"url\":\"https:\\\/\\\/carolinesavoiejoaillerie.com\\\/wp-content\\\/uploads\\\/2017\\\/10\\\/CarolineSavoieLogoBlancSurNoirSquare-e1508601602913.png\",\"contentUrl\":\"https:\\\/\\\/carolinesavoiejoaillerie.com\\\/wp-content\\\/uploads\\\/2017\\\/10\\\/CarolineSavoieLogoBlancSurNoirSquare-e1508601602913.png\",\"width\":600,\"height\":599,\"caption\":\"Caroline Savoie\"},\"image\":{\"@id\":\"https:\\\/\\\/carolinesavoiejoaillerie.com\\\/en\\\/#\\\/schema\\\/logo\\\/image\\\/\"},\"sameAs\":[\"https:\\\/\\\/www.facebook.com\\\/carolinesavoiejoaillerie\\\/\",\"https:\\\/\\\/www.instagram.com\\\/caroline_savoie_joaillerie\\\/\",\"https:\\\/\\\/www.pinterest.com\\\/CSjoaillerie\\\/?eq=caroline savoie&amp;amp;amp;amp;amp;amp;etslf=NaN\"]}]}<\/script>\n<!-- \/ Yoast SEO plugin. -->","yoast_head_json":{"title":"Policies and conditions &#8211; Caroline Savoie Joaillerie","description":"Caroline Savoie, jeweler, is committed to offer the highest jewelry quality. Your complete satisfaction is our priority at all times.","robots":{"index":"index","follow":"follow","max-snippet":"max-snippet:-1","max-image-preview":"max-image-preview:large","max-video-preview":"max-video-preview:-1"},"canonical":"https:\/\/carolinesavoiejoaillerie.com\/en\/policies-and-conditions\/","og_locale":"en_US","og_type":"article","og_title":"Policies and conditions &#8211; Caroline Savoie Joaillerie","og_description":"Caroline Savoie, jeweler, is committed to offer the highest jewelry quality. Your complete satisfaction is our priority at all times.","og_url":"https:\/\/carolinesavoiejoaillerie.com\/en\/policies-and-conditions\/","og_site_name":"Caroline Savoie Joaillerie","article_publisher":"https:\/\/www.facebook.com\/carolinesavoiejoaillerie\/","article_modified_time":"2025-10-16T19:01:56+00:00","og_image":[{"width":600,"height":599,"url":"https:\/\/carolinesavoiejoaillerie.com\/wp-content\/uploads\/2017\/10\/CarolineSavoieLogoBlancSurNoirSquare-e1508601602913.png","type":"image\/png"}],"twitter_card":"summary_large_image","twitter_misc":{"Est. reading time":"3 minutes"},"schema":{"@context":"https:\/\/schema.org","@graph":[{"@type":"WebPage","@id":"https:\/\/carolinesavoiejoaillerie.com\/en\/policies-and-conditions\/","url":"https:\/\/carolinesavoiejoaillerie.com\/en\/policies-and-conditions\/","name":"Policies and conditions &#8211; Caroline Savoie Joaillerie","isPartOf":{"@id":"https:\/\/carolinesavoiejoaillerie.com\/en\/#website"},"datePublished":"2018-03-27T23:31:14+00:00","dateModified":"2025-10-16T19:01:56+00:00","description":"Caroline Savoie, jeweler, is committed to offer the highest jewelry quality. Your complete satisfaction is our priority at all times.","breadcrumb":{"@id":"https:\/\/carolinesavoiejoaillerie.com\/en\/policies-and-conditions\/#breadcrumb"},"inLanguage":"en-CA","potentialAction":[{"@type":"ReadAction","target":["https:\/\/carolinesavoiejoaillerie.com\/en\/policies-and-conditions\/"]}]},{"@type":"BreadcrumbList","@id":"https:\/\/carolinesavoiejoaillerie.com\/en\/policies-and-conditions\/#breadcrumb","itemListElement":[{"@type":"ListItem","position":1,"name":"Accueil","item":"https:\/\/carolinesavoiejoaillerie.com\/en\/"},{"@type":"ListItem","position":2,"name":"Policies and conditions"}]},{"@type":"WebSite","@id":"https:\/\/carolinesavoiejoaillerie.com\/en\/#website","url":"https:\/\/carolinesavoiejoaillerie.com\/en\/","name":"Caroline Savoie Joaillerie","description":"Bijoux fabriqu\u00e9s \u00e0 la main, au Qu\u00e9bec","publisher":{"@id":"https:\/\/carolinesavoiejoaillerie.com\/en\/#organization"},"potentialAction":[{"@type":"SearchAction","target":{"@type":"EntryPoint","urlTemplate":"https:\/\/carolinesavoiejoaillerie.com\/en\/?s={search_term_string}"},"query-input":{"@type":"PropertyValueSpecification","valueRequired":true,"valueName":"search_term_string"}}],"inLanguage":"en-CA"},{"@type":"Organization","@id":"https:\/\/carolinesavoiejoaillerie.com\/en\/#organization","name":"Caroline Savoie","url":"https:\/\/carolinesavoiejoaillerie.com\/en\/","logo":{"@type":"ImageObject","inLanguage":"en-CA","@id":"https:\/\/carolinesavoiejoaillerie.com\/en\/#\/schema\/logo\/image\/","url":"https:\/\/carolinesavoiejoaillerie.com\/wp-content\/uploads\/2017\/10\/CarolineSavoieLogoBlancSurNoirSquare-e1508601602913.png","contentUrl":"https:\/\/carolinesavoiejoaillerie.com\/wp-content\/uploads\/2017\/10\/CarolineSavoieLogoBlancSurNoirSquare-e1508601602913.png","width":600,"height":599,"caption":"Caroline Savoie"},"image":{"@id":"https:\/\/carolinesavoiejoaillerie.com\/en\/#\/schema\/logo\/image\/"},"sameAs":["https:\/\/www.facebook.com\/carolinesavoiejoaillerie\/","https:\/\/www.instagram.com\/caroline_savoie_joaillerie\/","https:\/\/www.pinterest.com\/CSjoaillerie\/?eq=caroline savoie&amp;amp;amp;amp;amp;amp;etslf=NaN"]}]}},"_links":{"self":[{"href":"https:\/\/carolinesavoiejoaillerie.com\/en\/wp-json\/wp\/v2\/pages\/12281","targetHints":{"allow":["GET"]}}],"collection":[{"href":"https:\/\/carolinesavoiejoaillerie.com\/en\/wp-json\/wp\/v2\/pages"}],"about":[{"href":"https:\/\/carolinesavoiejoaillerie.com\/en\/wp-json\/wp\/v2\/types\/page"}],"author":[{"embeddable":true,"href":"https:\/\/carolinesavoiejoaillerie.com\/en\/wp-json\/wp\/v2\/users\/1"}],"replies":[{"embeddable":true,"href":"https:\/\/carolinesavoiejoaillerie.com\/en\/wp-json\/wp\/v2\/comments?post=12281"}],"version-history":[{"count":11,"href":"https:\/\/carolinesavoiejoaillerie.com\/en\/wp-json\/wp\/v2\/pages\/12281\/revisions"}],"predecessor-version":[{"id":40854,"href":"https:\/\/carolinesavoiejoaillerie.com\/en\/wp-json\/wp\/v2\/pages\/12281\/revisions\/40854"}],"wp:attachment":[{"href":"https:\/\/carolinesavoiejoaillerie.com\/en\/wp-json\/wp\/v2\/media?parent=12281"}],"curies":[{"name":"wp","href":"https:\/\/api.w.org\/{rel}","templated":true}]}}